{"id":200,"date":"2021-03-14T13:11:10","date_gmt":"2021-03-14T11:11:10","guid":{"rendered":"http:\/\/www.cs.ubbcluj.ro\/~vniculescu\/?page_id=200"},"modified":"2026-03-16T23:17:41","modified_gmt":"2026-03-16T21:17:41","slug":"visits","status":"publish","type":"page","link":"https:\/\/www.cs.ubbcluj.ro\/~vniculescu\/visits\/","title":{"rendered":"Visits"},"content":{"rendered":"<p><strong>Research and Didactic Grants:<\/strong><\/p>\n<ul>\n<li>July<em> 2025 \u2013 <\/em>Erasmus Mobility Grant &#8211; Orleans LIFO, Franta<\/li>\n<li>April\u00a0<em> 2025 \u2013 <\/em>Erasmus Mobility Grant &#8211; Warsaw Technical University, Poland<\/li>\n<li>July<em> 2024 \u2013 <\/em>Erasmus Mobility Grant &#8211; Istanbul Kultur University, Turkey<\/li>\n<li>March 2019 &#8211; CERN &#8211; Switzerland<\/li>\n<li>July 2018 &#8211; CERN School of Computing, TelAviv University, Israel<\/li>\n<li>June<em> 2015 \u2013\u00a0<\/em>Erasmus Mobility Grant &#8211; Orleans LIFO, France<\/li>\n<li>May <em>2014 \u2013 \u00a0<\/em>Erasmus Mobility Grant &#8211; Orleans LIFO, France<\/li>\n<li>June<em> 2013 \u2013\u00a0<\/em>Erasmus Mobility Grant &#8211; Orleans LIFO, France<\/li>\n<li>June 2003 \u2013 CEEPUS Mobility Grant H-81 &#8211; \u201cJohanes Kepler\u201d University of Linz, Austria.<\/li>\n<li>June 2002 \u2013 CEEPUS Mobility Grant H-81 &#8211; University of Kosice, Slovacia.<\/li>\n<li>June 2001 \u2013\u00a0CEEPUS Mobility Grant H-81 &#8211; \u201cE\u00f6tv\u00f6s Lor\u00e1nd\u201d University of Budapesta, Hungaria.<\/li>\n<li>April 2000 \u2013\u00a0CEEPUS Mobility Grant H-81 &#8211; \u201cJohannes Kepler\u201d Universitat of Linz, Austria.<\/li>\n<li>Nov. 1999 \u2013 Grant TEMPUS\u00a0 S+JEP+12518+97\/1999 <em>Advanced Educational Technologies Center<\/em>\u00a0&#8211; National University of Ireland, Galway<\/li>\n<\/ul>\n<ul>\n<li>Participation and Travel Grant &#8211; <em>\u00a0Summer School on Language Frameworks.<\/em>\u00a0Sinaia, Romania, July 23-31, 2012 (FMSE\u20192012) (Organizers<strong>: <\/strong>Formal Methods in Software Engineering (FMSE) of A.I. Cuza University of Iasi (UAIC); Formal Systems Laboratory (FSL) of University of Illinois at Urbana-Champaign (UIUC)))<\/li>\n<li>Participation and Travel Grant &#8211; <em>APPSEM\u20192000, International Summer School on Applied Semantics<\/em>, Carminha, Minho, Portugal, 9-15 September 2000.<\/li>\n<\/ul>\n","protected":false},"excerpt":{"rendered":"<p>Research and Didactic Grants: July 2025 \u2013 Erasmus Mobility Grant &#8211; Orleans LIFO, Franta April\u00a0 2025 \u2013 Erasmus Mobility Grant &#8211; Warsaw Technical University, Poland July 2024 \u2013 Erasmus Mobility Grant &#8211; Istanbul Kultur University, Turkey March 2019 &#8211; CERN &#8211; Switzerland July 2018 &#8211; CERN School of Computing, TelAviv University, Israel June 2015 \u2013\u00a0Erasmus\u2026 <span class=\"read-more\"><a href=\"https:\/\/www.cs.ubbcluj.ro\/~vniculescu\/visits\/\">Read More &raquo;<\/a><\/span><\/p>\n","protected":false},"author":2,"featured_media":0,"parent":0,"menu_order":0,"comment_status":"closed","ping_status":"closed","template":"","meta":{"_links_to":"","_links_to_target":""},"_links":{"self":[{"href":"https:\/\/www.cs.ubbcluj.ro\/~vniculescu\/wp-json\/wp\/v2\/pages\/200"}],"collection":[{"href":"https:\/\/www.cs.ubbcluj.ro\/~vniculescu\/wp-json\/wp\/v2\/pages"}],"about":[{"href":"https:\/\/www.cs.ubbcluj.ro\/~vniculescu\/wp-json\/wp\/v2\/types\/page"}],"author":[{"embeddable":true,"href":"https:\/\/www.cs.ubbcluj.ro\/~vniculescu\/wp-json\/wp\/v2\/users\/2"}],"replies":[{"embeddable":true,"href":"https:\/\/www.cs.ubbcluj.ro\/~vniculescu\/wp-json\/wp\/v2\/comments?post=200"}],"version-history":[{"count":11,"href":"https:\/\/www.cs.ubbcluj.ro\/~vniculescu\/wp-json\/wp\/v2\/pages\/200\/revisions"}],"predecessor-version":[{"id":364,"href":"https:\/\/www.cs.ubbcluj.ro\/~vniculescu\/wp-json\/wp\/v2\/pages\/200\/revisions\/364"}],"wp:attachment":[{"href":"https:\/\/www.cs.ubbcluj.ro\/~vniculescu\/wp-json\/wp\/v2\/media?parent=200"}],"curies":[{"name":"wp","href":"https:\/\/api.w.org\/{rel}","templated":true}]}}