{"id":191,"date":"2021-03-14T12:31:50","date_gmt":"2021-03-14T10:31:50","guid":{"rendered":"http:\/\/www.cs.ubbcluj.ro\/~vniculescu\/?page_id=191"},"modified":"2024-12-02T16:27:42","modified_gmt":"2024-12-02T14:27:42","slug":"projects","status":"publish","type":"page","link":"https:\/\/www.cs.ubbcluj.ro\/~vniculescu\/projects\/","title":{"rendered":"Projects"},"content":{"rendered":"<h2>Granted\u00a0Research Projects<\/h2>\n<p><span style=\"text-decoration: underline;\">Coordination role:<\/span><\/p>\n<ul>\n<li>European Grant<strong> &#8211; <\/strong><em>SmartCloudDSS- Development of Cloud Infrastructure of Babe\u015f-Bolyai University for the Development of an Integrated Academic and Decision Support System Based on Big&amp;Smart Data<\/em><strong>\u201c<\/strong>&#8211; POC\/398\/1\/1\/124155 &#8211; Project co-financed by &#8220;Fondul European de Dezvoltare Regional\u0103 prin Programul Opera\u021bional Competitivitate&#8221; 2014-2020 (director: vice-rector dr. Dan Lazar)(2021-2022)<\/li>\n<\/ul>\n<p><span style=\"text-decoration: underline;\">Management team member &#8211; Software expert<\/span><\/p>\n<ul>\n<li>European Grant- <em>MADECIP<\/em> \u2013 <i>Research Infrastructure Development based on High Performance Computing for\u00a0Disaster\u00a0Managemen<\/i>t -Programul Opera\u0163ional Sectorial \u201cCre\u015fterea Competitivit\u0103\u0163ii Economice\u201d \u2013 AXA PRIORITARA 2 \u2013 Project co-financed by &#8220;Fondul European de Dezvoltare Regional\u0103 \u2013&lt;Investi\u0163ii pentru viitorul dumneavoastr\u0103&gt;&#8221; POSCEE COD SMIS CSNR 48806\/1862 (2014-2015) (director:\u00a0 dr. Ozunu Alexandru)<\/li>\n<\/ul>\n<p><span style=\"text-decoration: underline;\">Fellowship<\/span><\/p>\n<ul>\n<li>Grant UBB tip Research Fellowship research \u2013 2020, <em>Development of efficient parallel programs based\u00a0on set-distributions using GPGPU technologies<\/em> (InterCUDA) (2months).<\/li>\n<li>Grant UBB tip Didactical Fellowship \u2013 2019, <em>Contest-based Learning of Parallel and Distributed Computing<\/em> (CoLearnPDC) (2months)<\/li>\n<\/ul>\n<p><span style=\"text-decoration: underline;\">Membership:<\/span><\/p>\n<ul>\n<li>Grant de tip Proiecte de cercetare exploratorie: <em>Transfer phenomena in special porous media (SpePoM)<\/em> Project code: PN-III-P4-PCE-2021-0993 Contract: PCE 69\/2022 (director dr. Teodor Grosan)(2023-2024)<\/li>\n<li>Grant EU &#8211; <em>Integrated system for automating business processes using artificial intelligence<\/em>, POC\/163\/1\/3\/121075 &#8211;\u00a0 Project co-financed by the European Regional Development Fund (ERDF) through the Competitiveness Operational Programme. (2022-2024)<\/li>\n<li>Grant IDEI de tip Proiecte de cercetare exploratorie, Cod proiect: ID 2286 (2008-2011) <em>Research in the direction of adaptive optimisation of informatics systems using machine-learning and multi-agents techniques &#8211;<\/em>\u00a0(director: dr. Gabriela Czibula)<\/li>\n<li>Grant UBB Tip TP_T\/ 2006, <em>Contribution to multi-agents systems using cognitive psychology methods, interface agents and aspect oriented programming &#8211;<\/em>\u00a0(director &#8211; dr. Gabriela \u015eerban).<\/li>\n<li>Grant CNCSIS Tip A 31400\/7053\/2001, S<em>ystem software modelling using component based programming<\/em>\u00a031400\/7053\/2001 \u00a0&#8211; \u00a0(director &#8211; dr. B. Parv).<\/li>\n<li>Grant CNCSIS Tip A 275\/2000,\u00a0<em>Modeling and implementation of a multidisciplinary algorithms base for a high performance computing centre \u00a0<\/em>(director &#8211; dr. M. Frentiu).<\/li>\n<li>Grant CNCSIS Tip A 32.575\/1999, \u00a0<em>Modeling and implementation of a multidisciplinary algorithms base for a high performance computing centre \u00a0<\/em>(director &#8211; dr. M. Frentiu).<\/li>\n<li>Grant CNCSIS (World Bank) TipD cod:87\/2000-2002;\u00a0<em>Teoria aproxim\u0103rii \u015fi analiz\u0103 numeric\u0103<\/em> (director dr. Gh. Coman).<\/li>\n<li>Grant CNCSIS (World Bank) Tip D cod:87\/1998-1999; Numerical methods for functions approximations and differential equations solving\u00a0(director dr. Gh. Coman).<\/li>\n<\/ul>\n<h2>Research projects<\/h2>\n<p>&nbsp;<\/p>\n<p style=\"text-align: center;\"><a href=\"http:\/\/www.cs.ubbcluj.ro\/~vniculescu\/deco-a-flexible-and-scalable-framework-for-collections\/\">DECO<\/a><\/p>\n<p style=\"text-align: center;\"><a href=\"http:\/\/www.cs.ubbcluj.ro\/~vniculescu\/mixdecorator-an-enhaced-version-of-the-decorator-pattern\/\">MixDecorator<\/a><\/p>\n<p style=\"text-align: center;\"><a href=\"http:\/\/www.cs.ubbcluj.ro\/~vniculescu\/pares-a-model-for-parallel-recursive-programs\/\">PARES<\/a><\/p>\n<p style=\"text-align: center;\"><a href=\"http:\/\/www.cs.ubbcluj.ro\/~vniculescu\/construction-of-parallel-programs-based-on-set-distributions\/\">Set-Distributions<\/a><\/p>\n<p style=\"text-align: center;\"><a href=\"http:\/\/www.cs.ubbcluj.ro\/~vniculescu\/oolaca-object-oriented-library-for-abstract-and-computational-algebra\/\">OOLACA<\/a><\/p>\n<p>&nbsp;<\/p>\n","protected":false},"excerpt":{"rendered":"<p>Granted\u00a0Research Projects Coordination role: European Grant &#8211; SmartCloudDSS- Development of Cloud Infrastructure of Babe\u015f-Bolyai University for the Development of an Integrated Academic and Decision Support System Based on Big&amp;Smart Data\u201c&#8211; POC\/398\/1\/1\/124155 &#8211; Project co-financed by &#8220;Fondul European de Dezvoltare Regional\u0103 prin Programul Opera\u021bional Competitivitate&#8221; 2014-2020 (director: vice-rector dr. Dan Lazar)(2021-2022) Management team member &#8211; Software\u2026 <span class=\"read-more\"><a href=\"https:\/\/www.cs.ubbcluj.ro\/~vniculescu\/projects\/\">Read More &raquo;<\/a><\/span><\/p>\n","protected":false},"author":2,"featured_media":0,"parent":0,"menu_order":0,"comment_status":"closed","ping_status":"closed","template":"","meta":{"_links_to":"","_links_to_target":""},"_links":{"self":[{"href":"https:\/\/www.cs.ubbcluj.ro\/~vniculescu\/wp-json\/wp\/v2\/pages\/191"}],"collection":[{"href":"https:\/\/www.cs.ubbcluj.ro\/~vniculescu\/wp-json\/wp\/v2\/pages"}],"about":[{"href":"https:\/\/www.cs.ubbcluj.ro\/~vniculescu\/wp-json\/wp\/v2\/types\/page"}],"author":[{"embeddable":true,"href":"https:\/\/www.cs.ubbcluj.ro\/~vniculescu\/wp-json\/wp\/v2\/users\/2"}],"replies":[{"embeddable":true,"href":"https:\/\/www.cs.ubbcluj.ro\/~vniculescu\/wp-json\/wp\/v2\/comments?post=191"}],"version-history":[{"count":13,"href":"https:\/\/www.cs.ubbcluj.ro\/~vniculescu\/wp-json\/wp\/v2\/pages\/191\/revisions"}],"predecessor-version":[{"id":331,"href":"https:\/\/www.cs.ubbcluj.ro\/~vniculescu\/wp-json\/wp\/v2\/pages\/191\/revisions\/331"}],"wp:attachment":[{"href":"https:\/\/www.cs.ubbcluj.ro\/~vniculescu\/wp-json\/wp\/v2\/media?parent=191"}],"curies":[{"name":"wp","href":"https:\/\/api.w.org\/{rel}","templated":true}]}}