{"id":111,"date":"2021-03-12T02:32:07","date_gmt":"2021-03-12T00:32:07","guid":{"rendered":"http:\/\/www.cs.ubbcluj.ro\/~vniculescu\/?page_id=111"},"modified":"2026-03-16T23:15:09","modified_gmt":"2026-03-16T21:15:09","slug":"conferences","status":"publish","type":"page","link":"https:\/\/www.cs.ubbcluj.ro\/~vniculescu\/conferences\/","title":{"rendered":"Conferences"},"content":{"rendered":"<h3>International Conferences\/Events &#8211; Organisation<\/h3>\n<ul>\n<li style=\"list-style-type: none;\">\n<ul>\n<li><a href=\"https:\/\/indico.cern.ch\/event\/769356\/\">CS 2019 \u00a0<\/a> &#8211; CERN\u00a0&#8211; School of Computing 2019 &#8211; Local Chair<\/li>\n<li><a href=\"https:\/\/www.cs.ubbcluj.ro\/hlpp2021\">HLPP 2021<\/a>\u00a0 &#8211; The 14th International Symposium on High-Level Parallel Programming and Applications &#8211; General chair<\/li>\n<li><a href=\"https:\/\/www.cs.ubbcluj.ro\/hlpp2023\/\">HLPP 2023 <\/a> &#8211; &#8211; The 16th International Symposium on High-Level Parallel Programming and Applications &#8211; General chair<\/li>\n<li><a href=\"https:\/\/www.pdp2026.org\/\">PDP 2026 <\/a> &#8211; The 34th Euromicro International Conference on Parallel, Distributed, and Network-Based Processing &#8211; General chair<\/li>\n<\/ul>\n<\/li>\n<\/ul>\n<h3>International Conferences &#8211; member of Programme Committee<\/h3>\n<ul>\n<li>PDP 2025, 2026\u00a0 \u00a0Euromicro International <em>Conference<\/em>\u00a0on Parallel, Distributed, and Network-Based Processing<\/li>\n<li>ISPDC (2021, 2022,2023, 2024) IEEE International Symposium on Parallel and Distributed Computing<\/li>\n<li style=\"list-style-type: none;\"><\/li>\n<li>EduHPC (2021, 2022,2023, 2024), The Workshop on Education for High-Performance Computing,\u00a0 in conjunction with SC21: The International Conference for High Performance Computing, Networking, Storage and Analysis.<\/li>\n<li>HLPP (2021,2022, 2023, 2024, 2025, 2026) &#8211; The International Symposium on High-Level Parallel Programming<\/li>\n<li>EduPar- (2018,2019, 2020) Workshop on Parallel and Distributed Computing Education in conjunction with IPDPS &#8211; IEEE International Parallel &amp;\u00a0Distributed Processing Symposium<\/li>\n<li>ScalCom (<em> 2017, 2018, 2019, 2020, 2021 ) &#8211;<\/em>IEEE International Conference on Scalable Computing and Communications<\/li>\n<li>4PAD (2016, 2019) International Symposium on Formal Approaches to Parallel and Distributed Systems<\/li>\n<li>Euro-Edupar (2019) Workshop on Parallel and Distributed Computing Education for Undergraduate Students in conjunction with EuroPar 2019<\/li>\n<li>IE (2016) (The 15th International Conference on Informatics in Economy)<\/li>\n<li>ELSEDIMA (2014, 2016, 2018) Environmental Legislation, Safety Engineering and Disaster Management<\/li>\n<li>GECON (2015), Economics of Grids, Clouds, Systems, and Services, Cluj-Napoca, 15-17 sept 2015.<\/li>\n<li>KEPT (2007<strong>,<\/strong> 2009, 2011<strong>,<\/strong> 2013) Knowledge Engineering: Principles and Techniques Conference, Babes-Bolyai University<\/li>\n<\/ul>\n<ul>\n<li style=\"list-style-type: none;\"><\/li>\n<\/ul>\n<h3>International Conferences &#8211; participation<\/h3>\n<ul>\n<li><a href=\"https:\/\/www.hipeac.net\/2024\/munich\/#\/\">HiPEAC 2024<\/a> High Performance, Edge And Cloud computing<\/li>\n<li><a href=\"https:\/\/icsoft.scitevents.org\/?y=2024\">ICSOFT 2024<\/a> &#8211; the 19th International Conference on Software Technologies<\/li>\n<li><a href=\"https:\/\/womencourage.acm.org\/2023\/\">womENcourage 2023<\/a> ACM Celebration of Women in Computing<\/li>\n<li><a href=\"https:\/\/webist.scitevents.org\/?y=2023\"><em>WEBIST<\/em> 2023<\/a>. Web Information Systems and Technologies.<\/li>\n<li><strong>ENASE<\/strong> 2020, 2021, 2022, 2023, 2024, 2025\u00a0 International Conference on Evaluation of Novel Approaches to Software Engineering.<\/li>\n<li><a href=\"https:\/\/easeai.github.io\/easeai2021\/\">EASEAI 2021<\/a> &#8211; International Workshop on Education through Advanced Software Engineering and Artificial Intelligence. co-located with ESE\/FSE.<\/li>\n<li><a href=\"https:\/\/sites.google.com\/view\/romedinf-2021\">RoMedInf 2021 <\/a>&#8211; 36<sup>th<\/sup> RoMedINF Conference, (Romanian Society of Medical Informatics), Sept. 2021.<\/li>\n<li><a href=\"https:\/\/easeai.github.io\/easeai2020\/\">EASEAI 2020<\/a> &#8211; International Workshop on Education through Advanced Software Engineering and Artificial Intelligence. co-located with ESE\/FSE, Nov 09, 2020.<\/li>\n<li><a href=\"https:\/\/www.cs.ubbcluj.ro\/from2020\/\">FROM 2020<\/a> &#8211; The 4th Working Formal Methods Symposium. Sept. 4-6, 2020, Cluj-Napoca.<\/li>\n<li>HiPS 2020 &#8211; The 25th International Workshop on High-Level Parallel Programming Models and Supportive Environments. co-located with 35th IEEE International Parallel &amp; Distributed Processing Symposium IPDPS 2020. May 18th New Orleans.<\/li>\n<li>PDP 2019 &#8211; The 27th Euromicro International Conference on Parallel, Distributed and Network-Based Processing. February 13-15, 2019, Pavia, Italy.<\/li>\n<li>HLPP 2018 &#8211; The 11th High Level Parallel Programming and Applications.\u00a0 July 12-13, 2018 Orleans, France.<\/li>\n<li>EuroPar 2017 &#8211; The 23th International Euro-Par Conference on Parallel Processing,\u00a0 Santiano de Compostela, Spain, August 2017.<\/li>\n<li>EuroPLoP 2015 &#8211; The 20th European Conference on Pattern Languages of Programs,\u00a0 Kloster Irsee, Germany 8-12 July 2015<\/li>\n<li>GECON 2015, Economics of Grids, Clouds, Systems, and Services, Cluj-Napoca, 15-17 sept 2015.<\/li>\n<li>SYNASC 2014 &#8211; The 16th International Symposium on Symbolic and Numeric Algorithms for Scientific Computing, Timisoara, Romania,\u00a0 22-25 Sept. 2014<\/li>\n<li>ELSEDIMA 2014 &#8211; Environmental Legislation,Safety Engineering and Disaster Management<\/li>\n<li>HLPP 2013 &#8211; International Symposium on High-level Parallel Programming and Applications. Paris, 1-2 July 2013<\/li>\n<li>KEPT 2013 &#8211; Knowledge Engineering: Principles and Techniques, Cluj-Napoca, Romania, June 4-6, 2013.<\/li>\n<li>FraDeCoP-(2) 2012 &#8212; Second Workshop on Frameworks for the Development of Correct (parallel) Programs, LIFO, Univ. of Orleans, November 26, 2012: &#8220;On Granularity in Data-Parallel Programs Development&#8221;<\/li>\n<li>ISPDC 2011 &#8211; The 10th International Symposium on Parallel and Distributed Computing, 6-8 July 2011, Cluj-Napoca<\/li>\n<li>KEPT 2011 &#8211; Knowledge Engineering: Principles and Techniques, Cluj-Napoca, Romania, June 2-4, 2011.<\/li>\n<li>KEPT 2009 &#8211; Knowledge Engineering: Principles and Techniques, Cluj-Napoca, Romania, June 2-4, 2009.<\/li>\n<li>SYNASC 2009 &#8211; International Symposium on Symbolic and Numeric Algorithms for Scientific Computing , Timisoara, Romania, Sept. 2009.<\/li>\n<li>ICTAC 2007 &#8211; The 4th International Colloquium, Macau, China, September 26-28, 2007.<\/li>\n<li>KEPT 2007 &#8211; Knowledge Engineering: Principles and Techniques, Cluj-Napoca, Romania, June 6-8, 2007.<\/li>\n<li>NAAT 2006 &#8211; International conference\u00a0 of Numerical Analysis and Approximation Theory, Cluj-Napoca, Romania, July 5-8, 2006.<\/li>\n<li>SYNASC 2005 &#8211; International Symposium on Symbolic and Numeric Algorithms for Scientific Computing , Timisoara,\u00a0 Romania, Sept. 2005.<\/li>\n<li>SYNASC 2004 &#8211; International Symposium on Symbolic and Numeric Algorithms for Scientific Computing , Timisoara, Romania, Sept. 2004.<\/li>\n<li>SYNASC 2002 &#8211; International Symposium on Symbolic and Numeric Algorithms for Scientific Computing , Timisoara,\u00a0 Romania, Sept. 2002.<\/li>\n<li>OOPSLA 2004 &#8211; The 19th annual ACM SIGPLAN conference on Object-oriented programming systems, languages, and applications, Vancouver, BC, CANADA, 2004.<\/li>\n<li>ECOOP 2003 &#8211; The 17th European Conference on Object-Oriented Programming, Darmstadt, Germany, July 21-25, 2003.<\/li>\n<li>Euro-Par 2002, 8th International Euro-Par Conference on Parallel Processing,\u00a0 Paderborn, Germany, August 2002.<\/li>\n<li>PDPTA 2001 &#8211; International Conference on Parallel and Distributed Processing Techniques and Applications, Las Vegas, Nevada, USA, June 25-28, 2001<\/li>\n<li>ECOOP 2001 &#8211; The 15th European Conference on Object-Oriented Programming Budapest, Hungary,\u00a0 June 18-22,\u00a0 2001.<\/li>\n<li>Fifth Joint Conference on Mathematics and Computer Science, organized by \u201cBabe\u015f-Bolyai\u201d\u00a0 University\u00a0 Cluj-Napoca,\u00a0 and \u201cE\u00f6tv\u00f6s Lor\u00e1nd\u201d\u00a0 University,Debrecen, Hungary, June, 2004,<\/li>\n<li>Fourth Joint Conference on Mathematics and Computer Science, Felix, Oradea, Rom\u00e2nia, organized by\u00a0 \u201cBabe\u015f-Bolyai\u201d University\u00a0 Cluj-Napoca,\u00a0 and \u201cE\u00f6tv\u00f6s Lor\u00e1nd\u201d\u00a0 University, Budapest, June 5-10, 2001.<\/li>\n<li>Third Joint Conference on Mathematics and Computer Science, Visegrad, Hungary, organized by\u00a0 \u201cBabe\u015f-Bolyai\u201d\u00a0 University Cluj-Napoca,\u00a0 and \u201cE\u00f6tv\u00f6s Lor\u00e1nd\u201d\u00a0 University\u00a0 Budapest, June 6-12, 1999.<\/li>\n<\/ul>\n<h3>Romanian Conferences &#8211; participation<\/h3>\n<ul>\n<li>RoMedINF &#8211; 35<sup>th<\/sup> RoMedINF Conference, Cluj-Napoca, Sept. 2019.<\/li>\n<li>Zilele Academice Clujene, Universitatea Babes-Bolyai, Cluj-Napoca, June, 2018.<\/li>\n<li>KEPT 2015, Knowledge Engineering: Principles and Techniques, Cluj-Napoca, Romania, June 6-8, 2015.<\/li>\n<li>Zilele Academice Clujene, Universitatea Babes-Bolyai, Cluj-Napoca, June, 2014.<\/li>\n<li>Zilele Academice Clujene, Universitatea Babes-Bolyai, Cluj-Napoca, June, 2012.<\/li>\n<li>Zilele Academice Clujene, Universitatea Babes-Bolyai, Cluj-Napoca, June, 2008.<\/li>\n<li>Conferin\u0163\u0103 Na\u0163ional\u0103 Didactica Matematicii, Cluj-Napoca, May, 2008, &#8220;Behavioral, Creational and Structural Design Patterns Used in Data Structures Implementation&#8221; <a href=\"http:\/\/www.cs.ubbcluj.ro\/~vniculescu\/didactic\/SD_DID\/\">http:\/\/www.cs.ubbcluj.ro\/~vniculescu\/didactic\/SD_DID\/<\/a><\/li>\n<li>Zilele Academice Clujene, Universitatea Babes-Bolyai, Cluj-Napoca, June, 2006.<\/li>\n<li>Zilele Academice Clujene, Universitatea Babes-Bolyai, Cluj-Napoca, June, 2004.<\/li>\n<li>Colocviul Academic Clujean de Informatica, Universitatea Babes-Bolyai, Cluj-Napoca, June, 2003.<\/li>\n<li>Sesiunea de comunic\u0103ri \u015ftiin\u0163ifice a Facult\u0103\u0163ii de\u00a0 Matematic\u0103 \u015fi Informatic\u0103, UBB, Oct. , 2001.<\/li>\n<li>Sesiunea de comunic\u0103ri \u015ftiin\u0163ifice a Facult\u0103\u0163ii de\u00a0 Matematic\u0103 \u015fi Informatic\u0103, UBB, April, 2000.<\/li>\n<li>Colocviul Na\u0163ional Studen\u0163esc de Informatic\u0103 \u201cGrigore Moisil\u201d, Ia\u015fi April 1994.An Interactive Environment for Solving Geometrical Problems<\/li>\n<li>Workshop of e-infrastructure services for society, organizat in cadrul HOST Project, Universitatea de Vest Timisoara, 29.07.2014<\/li>\n<\/ul>\n<h3>Local\/Industry \u00a0Conferences &#8211; organisation<\/h3>\n<ul>\n<li>IBM workshops \u00a0\u2013\n<ul>\n<li>2014 \u2013 Big Data Fundamentals and InfoSphere BigInsights Essentials<\/li>\n<li>2018 &#8211; Watson Assistant<\/li>\n<li>2019 &#8211; Cloud technologies<\/li>\n<\/ul>\n<\/li>\n<li>KEPT &#8211; Knowledge Engineering: Principles and Techniques Conference, UBB 2015<\/li>\n<li>Students Communication Session (UBB&amp;UTCN)- \u00a02012<\/li>\n<li>\n<h3>Local\/Industry \u00a0Conferences &#8211; participation<\/h3>\n<ul>\n<li>It Today for a Cloud-Ready Tomorrow, Cluj-Napoca:17-18 oct. 2012, Brinel Conference<\/li>\n<li>What is High Performance Computing, Cluj-Napoca:30-31 mai. 2012, Brinel Conference<\/li>\n<li>High Performance Computing, Cluj-Napoca:30-31 mai. 2013, IBM Workshop<\/li>\n<\/ul>\n<\/li>\n<\/ul>\n","protected":false},"excerpt":{"rendered":"<p>International Conferences\/Events &#8211; Organisation CS 2019 \u00a0 &#8211; CERN\u00a0&#8211; School of Computing 2019 &#8211; Local Chair HLPP 2021\u00a0 &#8211; The 14th International Symposium on High-Level Parallel Programming and Applications &#8211; General chair HLPP 2023 &#8211; &#8211; The 16th International Symposium on High-Level Parallel Programming and Applications &#8211; General chair PDP 2026 &#8211; The 34th Euromicro\u2026 <span class=\"read-more\"><a href=\"https:\/\/www.cs.ubbcluj.ro\/~vniculescu\/conferences\/\">Read More &raquo;<\/a><\/span><\/p>\n","protected":false},"author":1,"featured_media":0,"parent":0,"menu_order":0,"comment_status":"closed","ping_status":"closed","template":"","meta":{"_links_to":"","_links_to_target":""},"_links":{"self":[{"href":"https:\/\/www.cs.ubbcluj.ro\/~vniculescu\/wp-json\/wp\/v2\/pages\/111"}],"collection":[{"href":"https:\/\/www.cs.ubbcluj.ro\/~vniculescu\/wp-json\/wp\/v2\/pages"}],"about":[{"href":"https:\/\/www.cs.ubbcluj.ro\/~vniculescu\/wp-json\/wp\/v2\/types\/page"}],"author":[{"embeddable":true,"href":"https:\/\/www.cs.ubbcluj.ro\/~vniculescu\/wp-json\/wp\/v2\/users\/1"}],"replies":[{"embeddable":true,"href":"https:\/\/www.cs.ubbcluj.ro\/~vniculescu\/wp-json\/wp\/v2\/comments?post=111"}],"version-history":[{"count":18,"href":"https:\/\/www.cs.ubbcluj.ro\/~vniculescu\/wp-json\/wp\/v2\/pages\/111\/revisions"}],"predecessor-version":[{"id":363,"href":"https:\/\/www.cs.ubbcluj.ro\/~vniculescu\/wp-json\/wp\/v2\/pages\/111\/revisions\/363"}],"wp:attachment":[{"href":"https:\/\/www.cs.ubbcluj.ro\/~vniculescu\/wp-json\/wp\/v2\/media?parent=111"}],"curies":[{"name":"wp","href":"https:\/\/api.w.org\/{rel}","templated":true}]}}