{"id":104,"date":"2021-03-12T02:26:14","date_gmt":"2021-03-12T00:26:14","guid":{"rendered":"http:\/\/www.cs.ubbcluj.ro\/~vniculescu\/?page_id=104"},"modified":"2021-03-13T17:40:13","modified_gmt":"2021-03-13T15:40:13","slug":"books","status":"publish","type":"page","link":"https:\/\/www.cs.ubbcluj.ro\/~vniculescu\/books\/","title":{"rendered":"Books"},"content":{"rendered":"<ul>\n<li>V. Niculescu, G. Czibula.<span style=\"font-style: italic;\">Fundamental Data Structures and Algorithms. An Object-Oriented Perspective<\/span>. Casa C\u0103r\u0163ii de Stiin\u0163\u0103, 2011(230 pg.)(in Romanian).<\/li>\n<li>V. Niculescu.\u00a0<span style=\"font-style: italic;\">Parallel Computation. Design and Formal Development of Parallel Programs.\u00a0 C<\/span>luj-Napoca University Press, 2005 (301 pg.) ISBN 973-610-393-5 (in Romanian) <a href=\"http:\/\/www.cs.ubbcluj.ro\/~vniculescu\/Books\/carte.pdf\" target=\"_blank\" rel=\"noopener\">draft<\/a>.<\/li>\n<li>I. Laz\u0103r, M. Fren\u0163iu, V. Niculescu. <span style=\"font-style: italic;\">Object Oriented Programming in Java, <\/span>Univ.\u00a0 \u201cPetru-Maior\u201d T\u00e2rgu-Mure\u015f Press, 1999 (283 pg.), ISBN 973-99054-8-X (in Romanian).<\/li>\n<li>V. Niculescu [and many other authors]. <span style=\"font-style: italic;\">Algorithmic Problems<\/span>,\u00a0 Computer Libris AGORA, 1998 (216 pg.), ISBN 973-97515-2-0 (in Romanian).<\/li>\n<\/ul>\n<h2>Translations<\/h2>\n<ul>\n<li>Introduction to Algorithms, T.H. Cormen, C.E. Leiserson, R.R Rivest [many other authors], <span style=\"font-style: italic;\">Introducere \u00een algoritmi<\/span>, Computer Libris AGORA, 2000 (880 pg.), ISBN 973-97534-3-4.<\/li>\n<\/ul>\n","protected":false},"excerpt":{"rendered":"<p>V. Niculescu, G. Czibula.Fundamental Data Structures and Algorithms. An Object-Oriented Perspective. Casa C\u0103r\u0163ii de Stiin\u0163\u0103, 2011(230 pg.)(in Romanian). V. Niculescu.\u00a0Parallel Computation. Design and Formal Development of Parallel Programs.\u00a0 Cluj-Napoca University Press, 2005 (301 pg.) ISBN 973-610-393-5 (in Romanian) draft. I. Laz\u0103r, M. Fren\u0163iu, V. Niculescu. Object Oriented Programming in Java, Univ.\u00a0 \u201cPetru-Maior\u201d T\u00e2rgu-Mure\u015f Press, 1999\u2026 <span class=\"read-more\"><a href=\"https:\/\/www.cs.ubbcluj.ro\/~vniculescu\/books\/\">Read More &raquo;<\/a><\/span><\/p>\n","protected":false},"author":1,"featured_media":0,"parent":0,"menu_order":0,"comment_status":"closed","ping_status":"closed","template":"","meta":{"_links_to":"","_links_to_target":""},"_links":{"self":[{"href":"https:\/\/www.cs.ubbcluj.ro\/~vniculescu\/wp-json\/wp\/v2\/pages\/104"}],"collection":[{"href":"https:\/\/www.cs.ubbcluj.ro\/~vniculescu\/wp-json\/wp\/v2\/pages"}],"about":[{"href":"https:\/\/www.cs.ubbcluj.ro\/~vniculescu\/wp-json\/wp\/v2\/types\/page"}],"author":[{"embeddable":true,"href":"https:\/\/www.cs.ubbcluj.ro\/~vniculescu\/wp-json\/wp\/v2\/users\/1"}],"replies":[{"embeddable":true,"href":"https:\/\/www.cs.ubbcluj.ro\/~vniculescu\/wp-json\/wp\/v2\/comments?post=104"}],"version-history":[{"count":5,"href":"https:\/\/www.cs.ubbcluj.ro\/~vniculescu\/wp-json\/wp\/v2\/pages\/104\/revisions"}],"predecessor-version":[{"id":178,"href":"https:\/\/www.cs.ubbcluj.ro\/~vniculescu\/wp-json\/wp\/v2\/pages\/104\/revisions\/178"}],"wp:attachment":[{"href":"https:\/\/www.cs.ubbcluj.ro\/~vniculescu\/wp-json\/wp\/v2\/media?parent=104"}],"curies":[{"name":"wp","href":"https:\/\/api.w.org\/{rel}","templated":true}]}}