{"id":19,"date":"2022-12-16T07:32:56","date_gmt":"2022-12-16T07:32:56","guid":{"rendered":"https:\/\/www.cs.ubbcluj.ro\/~ria\/?page_id=19"},"modified":"2023-01-30T15:07:13","modified_gmt":"2023-01-30T15:07:13","slug":"research-institute-contact","status":"publish","type":"page","link":"https:\/\/www.cs.ubbcluj.ro\/~ria\/index.php\/research-institute-contact\/","title":{"rendered":"Contact"},"content":{"rendered":"\n<p class=\"has-text-align-center\"><strong><em>R<\/em>esearch\u00a0<em>I<\/em>nstitute on\u00a0<em>A<\/em>rtificial Intelligence, Virtual Reality and Robotics<\/strong><\/p>\n\n\n\n<p class=\"has-text-align-center\">Institutul de Cercetare \u00een Inteligen\u021b\u0103 Artificial\u0103, Realitate Virtual\u0103 \u0219i Robotic\u0103<br>Department of Computer Science<br><a href=\"https:\/\/www.cs.ubbcluj.ro\/\">Faculty of Mathematics and Computer Science<\/a><br><a href=\"https:\/\/www.ubbcluj.ro\/\">Babe\u0219-Bolyai University<\/a><\/p>\n\n\n\n<p class=\"has-text-align-center\">1, Mihail Kog\u0103lniceanu St.<br>400084 Cluj-Napoca<br>Romania<\/p>\n\n\n\n<p class=\"has-text-align-center\">Email:&nbsp;<br>Web:&nbsp;<a href=\"https:\/\/www.cs.ubbcluj.ro\/~ica\">https:\/\/www.cs.ubbcluj.ro\/~ria<\/a><\/p>\n\n\n\n<div class=\"is-layout-flow wp-block-group\"><div class=\"wp-block-group__inner-container\"><\/div><\/div>\n","protected":false},"excerpt":{"rendered":"<p>Research\u00a0Institute on\u00a0Artificial Intelligence, Virtual Reality and Robotics Institutul de Cercetare \u00een Inteligen\u021b\u0103 Artificial\u0103, Realitate Virtual\u0103 \u0219i Robotic\u0103Department of Computer ScienceFaculty of Mathematics and Computer ScienceBabe\u0219-Bolyai University 1, Mihail Kog\u0103lniceanu St.400084 Cluj-NapocaRomania Email:&nbsp;Web:&nbsp;https:\/\/www.cs.ubbcluj.ro\/~ria<\/p>\n","protected":false},"author":1,"featured_media":0,"parent":0,"menu_order":6,"comment_status":"closed","ping_status":"closed","template":"","meta":[],"_links":{"self":[{"href":"https:\/\/www.cs.ubbcluj.ro\/~ria\/index.php\/wp-json\/wp\/v2\/pages\/19"}],"collection":[{"href":"https:\/\/www.cs.ubbcluj.ro\/~ria\/index.php\/wp-json\/wp\/v2\/pages"}],"about":[{"href":"https:\/\/www.cs.ubbcluj.ro\/~ria\/index.php\/wp-json\/wp\/v2\/types\/page"}],"author":[{"embeddable":true,"href":"https:\/\/www.cs.ubbcluj.ro\/~ria\/index.php\/wp-json\/wp\/v2\/users\/1"}],"replies":[{"embeddable":true,"href":"https:\/\/www.cs.ubbcluj.ro\/~ria\/index.php\/wp-json\/wp\/v2\/comments?post=19"}],"version-history":[{"count":4,"href":"https:\/\/www.cs.ubbcluj.ro\/~ria\/index.php\/wp-json\/wp\/v2\/pages\/19\/revisions"}],"predecessor-version":[{"id":505,"href":"https:\/\/www.cs.ubbcluj.ro\/~ria\/index.php\/wp-json\/wp\/v2\/pages\/19\/revisions\/505"}],"wp:attachment":[{"href":"https:\/\/www.cs.ubbcluj.ro\/~ria\/index.php\/wp-json\/wp\/v2\/media?parent=19"}],"curies":[{"name":"wp","href":"https:\/\/api.w.org\/{rel}","templated":true}]}}