{"id":105,"date":"2022-12-19T15:39:15","date_gmt":"2022-12-19T15:39:15","guid":{"rendered":"https:\/\/www.cs.ubbcluj.ro\/~ria\/?page_id=105"},"modified":"2026-01-15T16:29:34","modified_gmt":"2026-01-15T16:29:34","slug":"members","status":"publish","type":"page","link":"https:\/\/www.cs.ubbcluj.ro\/~ria\/index.php\/about\/members\/","title":{"rendered":"Members"},"content":{"rendered":"<div class=\"style-465 style-local-105-c1 position-relative\" data-colibri-id=\"105-c1\">\n<div id=\"initial-content\" class=\"h-section h-section-global-spacing d-flex align-items-lg-center align-items-md-center align-items-center style-466 style-local-105-c2 position-relative\" data-colibri-component=\"section\" data-colibri-id=\"105-c2\">\n<div class=\"h-section-grid-container h-section-boxed-container\">\n<div class=\"h-row-container gutters-row-lg-2 gutters-row-md-2 gutters-row-0 gutters-row-v-lg-2 gutters-row-v-md-2 gutters-row-v-2 style-481 style-local-105-c3 position-relative\" data-colibri-id=\"105-c3\">\n<div class=\"h-row justify-content-lg-center justify-content-md-center justify-content-center align-items-lg-stretch align-items-md-stretch align-items-stretch gutters-col-lg-2 gutters-col-md-2 gutters-col-0 gutters-col-v-lg-2 gutters-col-v-md-2 gutters-col-v-2\">\n<div class=\"h-column h-column-container d-flex h-col-lg-auto h-col-md-auto h-col-auto style-482-outer style-local-105-c4-outer\">\n<div class=\"d-flex h-flex-basis h-column__inner h-ui-empty-state-container h-px-lg-2 h-px-md-2 h-px-2 v-inner-lg-2 v-inner-md-2 v-inner-2 style-482 style-local-105-c4 position-relative\" data-colibri-id=\"105-c4\">\n<div class=\"w-100 h-y-container h-column__content h-column__v-align flex-basis-100\"><\/div>\n<\/div>\n<\/div>\n<\/div>\n<\/div>\n<div class=\"h-row-container gutters-row-lg-2 gutters-row-md-2 gutters-row-0 gutters-row-v-lg-2 gutters-row-v-md-2 gutters-row-v-2 style-485 style-local-105-c5 position-relative\" data-colibri-id=\"105-c5\">\n<div class=\"h-row justify-content-lg-center justify-content-md-center justify-content-center align-items-lg-stretch align-items-md-stretch align-items-stretch gutters-col-lg-2 gutters-col-md-2 gutters-col-0 gutters-col-v-lg-2 gutters-col-v-md-2 gutters-col-v-2\">\n<div class=\"h-column h-column-container d-flex h-col-lg-auto h-col-md-auto h-col-auto style-486-outer style-local-105-c6-outer\">\n<div class=\"d-flex h-flex-basis h-column__inner h-ui-empty-state-container h-px-lg-2 h-px-md-2 h-px-2 v-inner-lg-2 v-inner-md-2 v-inner-2 style-486 style-local-105-c6 position-relative\" data-colibri-id=\"105-c6\">\n<div class=\"w-100 h-y-container h-column__content h-column__v-align flex-basis-100\"><\/div>\n<\/div>\n<\/div>\n<\/div>\n<\/div>\n<div class=\"h-row-container gutters-row-lg-2 gutters-row-md-2 gutters-row-0 gutters-row-v-lg-2 gutters-row-v-md-2 gutters-row-v-2 style-487 style-local-105-c7 position-relative\" data-colibri-id=\"105-c7\">\n<div class=\"h-row justify-content-lg-center justify-content-md-center justify-content-center align-items-lg-stretch align-items-md-stretch align-items-stretch gutters-col-lg-2 gutters-col-md-2 gutters-col-0 gutters-col-v-lg-2 gutters-col-v-md-2 gutters-col-v-2\">\n<div class=\"h-column h-column-container d-flex h-col-lg-auto h-col-md-auto h-col-auto style-488-outer style-local-105-c8-outer\">\n<div class=\"d-flex h-flex-basis h-column__inner h-ui-empty-state-container h-px-lg-2 h-px-md-2 h-px-2 v-inner-lg-2 v-inner-md-2 v-inner-2 style-488 style-local-105-c8 position-relative\" data-colibri-id=\"105-c8\">\n<div class=\"w-100 h-y-container h-column__content h-column__v-align flex-basis-100\"><\/div>\n<\/div>\n<\/div>\n<\/div>\n<\/div>\n<div class=\"h-row-container gutters-row-lg-2 gutters-row-md-2 gutters-row-0 gutters-row-v-lg-2 gutters-row-v-md-2 gutters-row-v-2 style-467 style-local-105-c9 position-relative\" data-colibri-id=\"105-c9\">\n<div class=\"h-row justify-content-lg-center justify-content-md-center justify-content-center align-items-lg-stretch align-items-md-stretch align-items-stretch gutters-col-lg-2 gutters-col-md-2 gutters-col-0 gutters-col-v-lg-2 gutters-col-v-md-2 gutters-col-v-2\">\n<div class=\"h-column h-column-container d-flex h-col-lg-auto h-col-md-auto h-col-auto style-468-outer style-local-105-c10-outer\">\n<div class=\"d-flex h-flex-basis h-column__inner h-px-lg-2 h-px-md-2 h-px-2 v-inner-lg-2 v-inner-md-2 v-inner-2 style-468 style-local-105-c10 position-relative\" data-colibri-id=\"105-c10\">\n<div class=\"w-100 h-y-container h-column__content h-column__v-align flex-basis-100 align-self-lg-start align-self-md-start align-self-start\">\n<div class=\"h-text h-text-component style-472 style-local-105-c11 position-relative h-element\" data-colibri-id=\"105-c11\">\n<div class=\"\">\n<h2>Computational Intelligence<\/h2>\n<ol>\n \t<li><strong>Director of RIA:<\/strong>\u00a0<strong>prof.univ.dr. Horia F. Pop<\/strong>,\n<a class=\"customize-unpreviewable\" style=\"font-family: 'Open Sans'; font-weight: 400; font-size: 1em; color: #03a9f4;\" href=\"https:\/\/scholar.google.com\/citations?user=PmrtLngAAAAJ&amp;hl=en\">Google Scholar<\/a><\/li>\n \t<li>lect.univ.dr. Adriana Coroiu,\n<a class=\"customize-unpreviewable\" style=\"font-family: 'Open Sans'; font-weight: 400; font-size: 1em; color: #03a9f4;\" href=\"https:\/\/scholar.google.com\/citations?user=2-OjUlIAAAAJ\">Google Scholar<\/a><\/li>\n \t<li>lect.univ.dr. Dana Lup\u015fa,\n<a class=\"customize-unpreviewable\" style=\"font-family: 'Open Sans'; font-weight: 400; font-size: 1em; color: #03a9f4;\" href=\"https:\/\/scholar.google.com\/citations?user=KyZdmwEAAAAJ\">Google Scholar<\/a><\/li>\n \t<li>lect.univ.dr. Horea Mure\u0219an,\n<a class=\"customize-unpreviewable\" style=\"font-family: 'Open Sans'; font-weight: 400; font-size: 1em; color: #03a9f4;\" href=\"https:\/\/scholar.google.com\/citations?user=qcPggVAAAAAJ\">Google Scholar<\/a><\/li>\n \t<li>dr. Arnold Szederjesi,\n<a class=\"customize-unpreviewable\" style=\"color: #03a9f4; font-size: 1em; font-weight: 400; font-family: 'Open Sans';\" href=\"https:\/\/scholar.google.com\/citations?user=Q6ewhygAAAAJ\">Google Scholar<\/a><\/li>\n \t<li>drd. Sara Boanc\u0103, <a href=\"https:\/\/scholar.google.com\/citations?user=m0dWPv4AAAAJ\">Google Scholar<\/a><\/li>\n \t<li>drd. Matei C\u0103p\u00eelna\u0219, <a href=\"https:\/\/scholar.google.com\/citations?user=BDNdR-EAAAAJ\">Google Scholar<\/a><\/li>\n \t<li>drd. Anastasia-Daria Marc, <a href=\"https:\/\/scholar.google.com\/citations?user=d0-8CNcAAAAJ\">Google Scholar<\/a><\/li>\n \t<li>drd. Ioan Daniel Pop, <a href=\"https:\/\/scholar.google.com\/citations?user=8KHRRCQAAAAJ\">Google Scholar<\/a><\/li>\n \t<li>drd. Daniela Popi\u021b\u0103, <a href=\"https:\/\/scholar.google.com\/citations?user=WTSdmOAAAAAJ\">Google Scholar<\/a><\/li>\n \t<li>drd. Melisa Sark\u00f6zi, <a href=\"https:\/\/scholar.google.com\/citations?user=GBjiZ38AAAAJ\">Google Scholar<\/a><\/li>\n \t<li>drd. Andrei V\u0103ran, <a href=\"https:\/\/scholar.google.com\/citations?user=lwsz8jMAAAAJ\">Google Scholar<\/a><\/li>\n<\/ol>\n<h2><a class=\"customize-unpreviewable\" style=\"font-family: 'Open Sans'; font-weight: 400; font-size: 1em; color: #03a9f4;\" href=\"https:\/\/www.cs.ubbcluj.ro\/~meco\">Metaheuristics for Complex Systems<\/a><\/h2>\n<ol>\n \t<li><strong>prof.univ.dr. Anca Andreica<\/strong>,\n<a class=\"customize-unpreviewable\" style=\"font-family: 'Open Sans'; font-weight: 400; font-size: 1em; color: #03a9f4;\" href=\"https:\/\/scholar.google.com\/citations?user=PL52GMgAAAAJ\">Google Scholar<\/a><\/li>\n \t<li>prof.univ.dr. Laura Dio\u0219an,\n<a class=\"customize-unpreviewable\" style=\"font-family: 'Open Sans'; font-weight: 400; font-size: 1em; color: #03a9f4;\" href=\"https:\/\/scholar.google.com\/citations?user=vkTFEd4AAAAJ\">Google Scholar<\/a><\/li>\n \t<li>conf.univ.dr. Camelia Chira,\n<a class=\"customize-unpreviewable\" style=\"font-family: 'Open Sans'; font-weight: 400; font-size: 1em; color: #03a9f4;\" href=\"https:\/\/scholar.google.com\/citations?user=Mu3V6yAAAAAJ\">Google Scholar<\/a><\/li>\n \t<li>lect.univ.dr. Mihai Suciu,\n<a class=\"customize-unpreviewable\" style=\"font-family: 'Open Sans'; font-weight: 400; font-size: 1em; color: #03a9f4;\" href=\"https:\/\/scholar.google.com\/citations?user=-bjNkk4AAAAJ\">Google Scholar<\/a><\/li>\n \t<li>lect.univ.dr. Horea Grebl\u0103,\n<a class=\"customize-unpreviewable\" style=\"font-family: 'Open Sans'; font-weight: 400; font-size: 1em; color: #03a9f4;\" href=\"https:\/\/scholar.google.com\/citations?user=_zS5xXkAAAAJ\">Google Scholar<\/a><\/li>\n \t<li>drd. Drago\u0219 Dobrean,\n<a class=\"customize-unpreviewable\" style=\"font-family: 'Open Sans'; font-weight: 400; font-size: 1em; color: #03a9f4;\" href=\"https:\/\/scholar.google.com\/citations?user=tQv0hywAAAAJ\">Google Scholar<\/a><\/li>\n \t<li>drd. Alina Enescu,\n<a class=\"customize-unpreviewable\" style=\"font-family: 'Open Sans'; font-weight: 400; font-size: 1em; color: #03a9f4;\" href=\"https:\/\/scholar.google.com\/citations?user=W2g0VycAAAAJ\">Google Scholar<\/a><\/li>\n \t<li>drd. Sergiu Limboi,\n<a class=\"customize-unpreviewable\" style=\"font-family: 'Open Sans'; font-weight: 400; font-size: 1em; color: #03a9f4;\" href=\"https:\/\/scholar.google.com\/citations?user=gMSj9sgAAAAJ\">Google Scholar<\/a><\/li>\n \t<li>drd. Roxana (Mocan) Andrie\u0219,\n<a class=\"customize-unpreviewable\" style=\"font-family: 'Open Sans'; font-weight: 400; font-size: 1em; color: #03a9f4;\" href=\"https:\/\/scholar.google.com\/citations?user=Rnqi-VYAAAAJ\">Google Scholar<\/a><\/li>\n \t<li>drd. Bogdan Mursa,\n<a class=\"customize-unpreviewable\" style=\"font-family: 'Open Sans'; font-weight: 400; font-size: 1em; color: #03a9f4;\" href=\"https:\/\/scholar.google.com\/citations?user=csmSVJMAAAAJ\">Google Scholar<\/a><\/li>\n \t<li>drd. Mara Petru\u0219el,\n<a class=\"customize-unpreviewable\" style=\"font-family: 'Open Sans'; font-weight: 400; font-size: 1em; color: #03a9f4;\" href=\"https:\/\/scholar.google.com\/citations?user=vb73xTIAAAAJ\">Google Scholar<\/a><\/li>\n \t<li>drd. Adel Bajci,\u00a0\u00a0Google Scholar<\/li>\n \t<li>drd. Daniel Bota,\u00a0\u00a0Google Scholar<\/li>\n \t<li>drd. Alexandru Marinescu,\u00a0\u00a0Google Scholar<\/li>\n \t<li>drd. Attila Me\u0219ter,\u00a0\u00a0Google Scholar<\/li>\n \t<li>drd. Cristiana Moroz-Dubenco,\u00a0\u00a0Google Scholar<\/li>\n<\/ol>\n<a class=\"customize-unpreviewable\" style=\"font-family: 'Open Sans'; font-weight: 400; font-size: 1em; color: #03a9f4;\" href=\"https:\/\/www.cs.ubbcluj.ro\/~smcv\">Modelling and Simulation<\/a>\n<ol>\n \t<li><strong>conf.univ.dr. Andras Libal<\/strong>,\n<a class=\"customize-unpreviewable\" style=\"font-family: 'Open Sans'; font-weight: 400; font-size: 1em; color: #03a9f4;\" href=\"https:\/\/scholar.google.com\/citations?user=wcasic4AAAAJ\">Google Scholar<\/a><\/li>\n \t<li>conf.univ.dr. Ferenc Szenkovits,\n<a class=\"customize-unpreviewable\" style=\"font-family: 'Open Sans'; font-weight: 400; font-size: 1em; color: #03a9f4;\" href=\"https:\/\/scholar.google.com\/citations?user=DVkOG8QAAAAJ\">Google Scholar<\/a><\/li>\n \t<li>lect.univ.dr. Levente Varga,\n<a class=\"customize-unpreviewable\" style=\"font-family: 'Open Sans'; font-weight: 400; font-size: 1em; color: #03a9f4;\" href=\"https:\/\/scholar.google.com\/citations?user=Rks4OEsAAAAJ\">Google Scholar<\/a><\/li>\n \t<li>stud. Peter Forgacs<\/li>\n<\/ol>\n<h2><\/h2>\n<\/div>\n<\/div>\n<\/div>\n<\/div>\n<\/div>\n<div class=\"h-column h-column-container d-flex h-col-lg-auto h-col-md-auto h-col-auto style-470-outer style-local-105-c12-outer\">\n<div class=\"d-flex h-flex-basis h-column__inner h-px-lg-2 h-px-md-2 h-px-2 v-inner-lg-2 v-inner-md-2 v-inner-2 style-470 style-local-105-c12 position-relative\" data-colibri-id=\"105-c12\">\n<div class=\"w-100 h-y-container h-column__content h-column__v-align flex-basis-100 align-self-lg-start align-self-md-start align-self-start\">\n<div class=\"h-text h-text-component style-471 style-local-105-c13 position-relative h-element\" data-colibri-id=\"105-c13\">\n<div class=\"\">\n<h2><a class=\"customize-unpreviewable\" style=\"color: #03a9f4; font-size: 1em; font-weight: 400; font-family: 'Open Sans';\" href=\"https:\/\/www.cs.ubbcluj.ro\/ml\">Machine Learning<\/a><\/h2>\n<ol>\n \t<li><strong>prof.univ.dr. Gabriela Czibula<\/strong>,\n<a class=\"customize-unpreviewable\" style=\"color: #03a9f4; font-size: 1em; font-weight: 400; font-family: 'Open Sans';\" href=\"https:\/\/scholar.google.com\/citations?user=0_ybi_oAAAAJ\">Google Scholar<\/a><\/li>\n \t<li>prof.univ.dr. Istvan Gergely Czibula,\n<a class=\"customize-unpreviewable\" style=\"color: #03a9f4; font-size: 1em; font-weight: 400; font-family: 'Open Sans';\" href=\"https:\/\/scholar.google.com\/citations?user=eSWofb8AAAAJ\">Google Scholar<\/a><\/li>\n \t<li>conf.univ.dr. Maria-Iuliana Bocicor,\n<a class=\"customize-unpreviewable\" style=\"color: #03a9f4; font-size: 1em; font-weight: 400; font-family: 'Open Sans';\" href=\"https:\/\/scholar.google.com\/citations?user=WZnRL3YAAAAJ\">Google Scholar<\/a><\/li>\n \t<li>lect.univ.dr. Mihaiela Lupea,\n<a class=\"customize-unpreviewable\" style=\"color: #03a9f4; font-size: 1em; font-weight: 400; font-family: 'Open Sans';\" href=\"https:\/\/scholar.google.com\/citations?user=_jxh8acAAAAJ\">Google Scholar<\/a><\/li>\n \t<li>lect.univ.dr. Zsuzsanna One\u021b-Marian,\n<a class=\"customize-unpreviewable\" style=\"color: #03a9f4; font-size: 1em; font-weight: 400; font-family: 'Open Sans';\" href=\"https:\/\/scholar.google.com\/citations?user=U_dLunYAAAAJ\">Google Scholar<\/a><\/li>\n \t<li>lect.univ.dr. Ioan-Gabriel Mircea,\n<a class=\"customize-unpreviewable\" style=\"color: #03a9f4; font-size: 1em; font-weight: 400; font-family: 'Open Sans';\" href=\"https:\/\/scholar.google.com\/citations?user=P09Bqs8AAAAJ\">Google Scholar<\/a><\/li>\n \t<li>asist.univ.dr. Diana-Lucia Ho\u021bea,\n<a class=\"customize-unpreviewable\" style=\"color: #03a9f4; font-size: 1em; font-weight: 400; font-family: 'Open Sans';\" href=\"https:\/\/scholar.google.com\/citations?user=N8WkF18AAAAJ\">Google Scholar<\/a><\/li>\n \t<li>asist.cerc.dr. Alexandra Albu,\n<a class=\"customize-unpreviewable\" style=\"color: #03a9f4; font-size: 1em; font-weight: 400; font-family: 'Open Sans';\" href=\"https:\/\/scholar.google.com\/citations?user=ULzTj-UAAAAJ\">Google Scholar<\/a><\/li>\n \t<li>asist.cerc.dr. Anamaria Briciu,\n<a class=\"customize-unpreviewable\" style=\"color: #03a9f4; font-size: 1em; font-weight: 400; font-family: 'Open Sans';\" href=\"https:\/\/scholar.google.com\/citations?user=b_F_AA0AAAAJ\">Google Scholar<\/a><\/li>\n \t<li>\u00a0lect.univ.dr. Mariana Maier,\n<a class=\"customize-unpreviewable\" style=\"color: #03a9f4; font-size: 1em; font-weight: 400; font-family: 'Open Sans';\" href=\"https:\/\/scholar.google.com\/citations?user=1MQDkl4AAAAJ\">Google Scholar<\/a><\/li>\n \t<li>\u00a0lect.univ.dr. Andrei Mihai,\n<a class=\"customize-unpreviewable\" style=\"color: #03a9f4; font-size: 1em; font-weight: 400; font-family: 'Open Sans';\" href=\"https:\/\/scholar.google.com\/citations?user=1krQvyoAAAAJ\">Google Scholar<\/a><\/li>\n \t<li>\u00a0drd. Ioana Chelaru, Google Scholar<\/li>\n \t<li>\u00a0drd. Imre Gergely Maier, Google Scholar<\/li>\n \t<li>\u00a0drd. Alexandru Gabriel S\u00eerbu, Google Scholar<\/li>\n \t<li>\u00a0drd. Teodora Toader, Google Scholar<\/li>\n<\/ol>\n<h2><a class=\"customize-unpreviewable\" style=\"font-family: 'Open Sans'; font-weight: 400; font-size: 1em; color: #03a9f4;\" href=\"http:\/\/datam1n.github.io\">Data Mining<\/a><\/h2>\n<ol>\n \t<li><strong>prof.univ.dr. Lehel Csato<\/strong>,\n<a class=\"customize-unpreviewable\" style=\"font-family: 'Open Sans'; font-weight: 400; font-size: 1em; color: #03a9f4;\" href=\"https:\/\/scholar.google.com\/citations?user=ilqynywAAAAJ\">Google Scholar<\/a><\/li>\n \t<li>conf.univ.dr. Zalan Bodo,\n<a class=\"customize-unpreviewable\" style=\"font-family: 'Open Sans'; font-weight: 400; font-size: 1em; color: #03a9f4;\" href=\"https:\/\/scholar.google.com\/citations?user=di9KjJ8AAAAJ\">Google Scholar<\/a><\/li>\n \t<li>conf.univ.dr. Zsolt Darvay,\n<a class=\"customize-unpreviewable\" style=\"font-family: 'Open Sans'; font-weight: 400; font-size: 1em; color: #03a9f4;\" href=\"https:\/\/scholar.google.com\/citations?user=X6G610cAAAAJ\">Google Scholar<\/a><\/li>\n \t<li>conf.univ.dr. Bal\u00e1zs Vass,\n<a class=\"customize-unpreviewable\" style=\"color: #1f618d;\" href=\"https:\/\/scholar.google.com\/citations?hl=en&amp;user=YeoziL8AAAAJ\" target=\"_blank\" rel=\"noopener noreferrer\">Google Scholar<\/a><\/li>\n \t<li>lect.univ.dr. Sandor Kolumban,\n<a class=\"customize-unpreviewable\" style=\"font-family: 'Open Sans'; font-weight: 400; font-size: 1em; color: #03a9f4;\" href=\"https:\/\/scholar.google.com\/citations?user=_JgiA0oAAAAJ\">Google Scholar<\/a><\/li>\n \t<li>asist.univ.dr. Csaba Sulyok,\n<a class=\"customize-unpreviewable\" style=\"font-family: 'Open Sans'; font-weight: 400; font-size: 1em; color: #03a9f4;\" href=\"https:\/\/scholar.google.com\/citations?user=NCWQw7UAAAAJ\">Google Scholar<\/a><\/li>\n \t<li>stud. Attila Dobai-Pataky<\/li>\n<\/ol>\n<h2>Virtual Reality<\/h2>\n<h2><\/h2>\n<ol>\n \t<li><strong>conf.univ.dr. Rares Boian<\/strong>,\n<a class=\"customize-unpreviewable\" style=\"font-family: 'Open Sans'; font-weight: 400; font-size: 1em; color: #03a9f4;\" href=\"https:\/\/scholar.google.com\/citations?user=Si8EhXoAAAAJ\">Google Scholar<\/a><\/li>\n \t<li>asist.univ.dr. Alina Calin,\n<a class=\"customize-unpreviewable\" style=\"font-family: 'Open Sans'; font-weight: 400; font-size: 1em; color: #03a9f4;\" href=\"https:\/\/scholar.google.com\/citations?user=_Hjs2r4AAAAJ\">Google Scholar<\/a><\/li>\n<\/ol>\n<h2>Collaborative Researchers<\/h2>\n<h2><\/h2>\n<ul>\n \t<li>Assoc. Prof. Mihai Surdeanu, Department of Computer Science, University of Arizona, Google Scholar<\/li>\n<\/ul>\n<\/div>\n<\/div>\n<\/div>\n<\/div>\n<\/div>\n<\/div>\n<\/div>\n<div class=\"h-row-container gutters-row-lg-2 gutters-row-md-2 gutters-row-0 gutters-row-v-lg-2 gutters-row-v-md-2 gutters-row-v-2 style-473 style-local-105-c14 position-relative\" data-colibri-id=\"105-c14\">\n<div class=\"h-row justify-content-lg-center justify-content-md-center justify-content-center align-items-lg-stretch align-items-md-stretch align-items-stretch gutters-col-lg-2 gutters-col-md-2 gutters-col-0 gutters-col-v-lg-2 gutters-col-v-md-2 gutters-col-v-2\">\n<div class=\"h-column h-column-container d-flex h-col-lg-auto h-col-md-auto h-col-auto style-474-outer style-local-105-c15-outer\">\n<div class=\"d-flex h-flex-basis h-column__inner h-ui-empty-state-container h-px-lg-2 h-px-md-2 h-px-2 v-inner-lg-2 v-inner-md-2 v-inner-2 style-474 style-local-105-c15 position-relative\" data-colibri-id=\"105-c15\">\n<div class=\"w-100 h-y-container h-column__content h-column__v-align flex-basis-100\"><\/div>\n<\/div>\n<\/div>\n<div class=\"h-column h-column-container d-flex h-col-lg-auto h-col-md-auto h-col-auto style-475-outer style-local-105-c16-outer\">\n<div class=\"d-flex h-flex-basis h-column__inner h-ui-empty-state-container h-px-lg-2 h-px-md-2 h-px-2 v-inner-lg-2 v-inner-md-2 v-inner-2 style-475 style-local-105-c16 position-relative\" data-colibri-id=\"105-c16\">\n<div class=\"w-100 h-y-container h-column__content h-column__v-align flex-basis-100\"><\/div>\n<\/div>\n<\/div>\n<\/div>\n<\/div>\n<div class=\"h-row-container gutters-row-lg-2 gutters-row-md-2 gutters-row-0 gutters-row-v-lg-2 gutters-row-v-md-2 gutters-row-v-2 style-477 style-local-105-c17 position-relative\" data-colibri-id=\"105-c17\">\n<div class=\"h-row justify-content-lg-center justify-content-md-center justify-content-center align-items-lg-stretch align-items-md-stretch align-items-stretch gutters-col-lg-2 gutters-col-md-2 gutters-col-0 gutters-col-v-lg-2 gutters-col-v-md-2 gutters-col-v-2\">\n<div class=\"h-column h-column-container d-flex h-col-lg-auto h-col-md-auto h-col-auto style-478-outer style-local-105-c18-outer\">\n<div class=\"d-flex h-flex-basis h-column__inner h-ui-empty-state-container h-px-lg-2 h-px-md-2 h-px-2 v-inner-lg-2 v-inner-md-2 v-inner-2 style-478 style-local-105-c18 position-relative\" data-colibri-id=\"105-c18\">\n<div class=\"w-100 h-y-container h-column__content h-column__v-align flex-basis-100\"><\/div>\n<\/div>\n<\/div>\n<div class=\"h-column h-column-container d-flex h-col-lg-auto h-col-md-auto h-col-auto style-479-outer style-local-105-c19-outer\">\n<div class=\"d-flex h-flex-basis h-column__inner h-ui-empty-state-container h-px-lg-2 h-px-md-2 h-px-2 v-inner-lg-2 v-inner-md-2 v-inner-2 style-479 style-local-105-c19 position-relative\" data-colibri-id=\"105-c19\">\n<div class=\"w-100 h-y-container h-column__content h-column__v-align flex-basis-100\"><\/div>\n<\/div>\n<\/div>\n<\/div>\n<\/div>\n<\/div>\n<\/div>\n<\/div>","protected":false},"excerpt":{"rendered":"<p>Computational Intelligence Director of RIA:\u00a0prof.univ.dr. Horia F. Pop, Google Scholar lect.univ.dr. Adriana Coroiu, Google Scholar lect.univ.dr. Dana Lup\u015fa, Google Scholar lect.univ.dr. Horea Mure\u0219an, Google Scholar dr. Arnold Szederjesi, Google Scholar drd. Sara Boanc\u0103, Google Scholar drd. Matei C\u0103p\u00eelna\u0219, Google Scholar drd. Anastasia-Daria Marc, Google Scholar drd. Ioan Daniel Pop, Google Scholar drd. Daniela Popi\u021b\u0103, Google [&hellip;]<\/p>\n","protected":false},"author":1,"featured_media":0,"parent":2,"menu_order":0,"comment_status":"closed","ping_status":"closed","template":"page-templates\/full-width-page.php","meta":[],"_links":{"self":[{"href":"https:\/\/www.cs.ubbcluj.ro\/~ria\/index.php\/wp-json\/wp\/v2\/pages\/105"}],"collection":[{"href":"https:\/\/www.cs.ubbcluj.ro\/~ria\/index.php\/wp-json\/wp\/v2\/pages"}],"about":[{"href":"https:\/\/www.cs.ubbcluj.ro\/~ria\/index.php\/wp-json\/wp\/v2\/types\/page"}],"author":[{"embeddable":true,"href":"https:\/\/www.cs.ubbcluj.ro\/~ria\/index.php\/wp-json\/wp\/v2\/users\/1"}],"replies":[{"embeddable":true,"href":"https:\/\/www.cs.ubbcluj.ro\/~ria\/index.php\/wp-json\/wp\/v2\/comments?post=105"}],"version-history":[{"count":20,"href":"https:\/\/www.cs.ubbcluj.ro\/~ria\/index.php\/wp-json\/wp\/v2\/pages\/105\/revisions"}],"predecessor-version":[{"id":677,"href":"https:\/\/www.cs.ubbcluj.ro\/~ria\/index.php\/wp-json\/wp\/v2\/pages\/105\/revisions\/677"}],"up":[{"embeddable":true,"href":"https:\/\/www.cs.ubbcluj.ro\/~ria\/index.php\/wp-json\/wp\/v2\/pages\/2"}],"wp:attachment":[{"href":"https:\/\/www.cs.ubbcluj.ro\/~ria\/index.php\/wp-json\/wp\/v2\/media?parent=105"}],"curies":[{"name":"wp","href":"https:\/\/api.w.org\/{rel}","templated":true}]}}