{"id":437,"date":"2025-05-23T17:51:18","date_gmt":"2025-05-23T17:51:18","guid":{"rendered":"http:\/\/www.cs.ubbcluj.ro\/~meco\/?page_id=437"},"modified":"2026-02-27T10:19:51","modified_gmt":"2026-02-27T10:19:51","slug":"tabara-de-inteligenta-artificiala-ubb","status":"publish","type":"page","link":"https:\/\/www.cs.ubbcluj.ro\/~meco\/tabara-de-inteligenta-artificiala-ubb\/","title":{"rendered":"Mate-Info UBB AI Bootcamp &#8211; AI Wizards"},"content":{"rendered":"\n<p><\/p>\n\n\n\n<figure class=\"wp-block-image size-large is-resized\"><img decoding=\"async\" loading=\"lazy\" src=\"https:\/\/www.cs.ubbcluj.ro\/~meco\/wp-content\/uploads\/wizards-of-AI-2.png\" alt=\"\" class=\"wp-image-447\" width=\"430\" height=\"430\" srcset=\"https:\/\/www.cs.ubbcluj.ro\/~meco\/wp-content\/uploads\/wizards-of-AI-2.png 500w, https:\/\/www.cs.ubbcluj.ro\/~meco\/wp-content\/uploads\/wizards-of-AI-2-300x300.png 300w, https:\/\/www.cs.ubbcluj.ro\/~meco\/wp-content\/uploads\/wizards-of-AI-2-150x150.png 150w\" sizes=\"(max-width: 430px) 100vw, 430px\" \/><\/figure>\n\n\n\n<h2 class=\"wp-block-heading\">Edi\u021bia II &#8211; februarie 2026<\/h2>\n\n\n\n<p>Mate-Info <strong>UBB anun\u021b\u0103 o nou\u0103 edi\u021bie a taberei de Inteligen\u021b\u0103 Artificial\u0103<\/strong>, care va avea loc \u00een perioada <strong>27 februarie \u2013 1 martie<\/strong>, la Facultatea de Matematic\u0103 \u0219i Informatic\u0103 din Cluj. Evenimentul se adreseaz\u0103 elevilor de liceu pasiona\u021bi de tehnologie, <strong>at\u00e2t celor cu experien\u021b\u0103 \u00een programare \u0219i AI, c\u00e2t \u0219i celor curio\u0219i s\u0103 descopere acest domeniu<\/strong>. Dac\u0103 e\u0219ti dornic s\u0103 \u00ee\u021bi aprofundezi cuno\u0219tin\u021bele sau s\u0103 faci primii pa\u0219i \u00een AI, te \u00eencuraj\u0103m s\u0103 te \u00eenscrii \u0219i s\u0103 ni te al\u0103turi.<\/p>\n\n\n\n<p>Pentru a aplica, v\u0103 rug\u0103m s\u0103 completa\u021bi formularul de \u00eenscriere disponibil la urm\u0103torul link, p\u00e2n\u0103 <strong>s\u00e2mb\u0103t\u0103 15 februarie<\/strong>: <a href=\"https:\/\/docs.google.com\/forms\/d\/e\/1FAIpQLSe52KGv5qniNF11WdWke_Sbg77TZgQ3QTCLRvnERYrOGWJUlg\/viewform?usp=sharing&amp;ouid=112415740426240786272\">https:\/\/docs.google.com\/forms\/d\/e\/1FAIpQLSe52KGv5qniNF11WdWke_Sbg77TZgQ3QTCLRvnERYrOGWJUlg\/viewform?usp=sharing&amp;ouid=112415740426240786272<\/a><\/p>\n\n\n\n<p>Participarea la eveniment este gratuit\u0103, dar aranjamentele privind c\u0103l\u0103toria \u0219i cazarea sunt responsabilitatea participantului. <\/p>\n\n\n\n<p>Pentru a accesa materialele v\u0103 invit\u0103m s\u0103 intra\u021bi pe server-ul de Discord: <br><a href=\"https:\/\/discord.gg\/aHFw9Zg5pv\" data-type=\"URL\" data-id=\"https:\/\/discord.gg\/aHFw9Zg5pv\">https:\/\/discord.gg\/aHFw9Zg5pv<\/a><\/p>\n\n\n\n<p>Agenda temporar\u0103 este urm\u0103toarea \u0219i poate suferi modific\u0103ri:<\/p>\n\n\n\n<figure class=\"wp-block-image size-large\"><img decoding=\"async\" loading=\"lazy\" width=\"1024\" height=\"771\" src=\"https:\/\/www.cs.ubbcluj.ro\/~meco\/wp-content\/uploads\/agenda-10-1-1024x771.png\" alt=\"\" class=\"wp-image-1632\" srcset=\"https:\/\/www.cs.ubbcluj.ro\/~meco\/wp-content\/uploads\/agenda-10-1-1024x771.png 1024w, https:\/\/www.cs.ubbcluj.ro\/~meco\/wp-content\/uploads\/agenda-10-1-300x226.png 300w, https:\/\/www.cs.ubbcluj.ro\/~meco\/wp-content\/uploads\/agenda-10-1-768x578.png 768w, https:\/\/www.cs.ubbcluj.ro\/~meco\/wp-content\/uploads\/agenda-10-1.png 1212w\" sizes=\"(max-width: 1024px) 100vw, 1024px\" \/><\/figure>\n\n\n\n<p>Pentru orice \u00eentrebare, v\u0103 rug\u0103m s\u0103 ne scrie\u021bi la adresa: <em>alexandru.manole@ubbcluj.ro<\/em><\/p>\n\n\n\n<h2 class=\"wp-block-heading\">Edi\u021bia I &#8211; octombrie 2025<\/h2>\n\n\n\n<p>Mate-Info <strong>UBB organizeaz\u0103 o tab\u0103r\u0103 de Inteligen\u021b\u0103 Artificial\u0103 pentru elevii de liceu, cu prec\u0103dere din clasele a XI-a \u0219i a XII-a. Evenimentul se va desf\u0103\u0219ura \u00een perioada 10\u201312 octombrie 2025<\/strong>, la Facultatea de Matematic\u0103 \u0219i Informatic\u0103 din Cluj.<\/p>\n\n\n\n<p>Participan\u021bii vor avea oportunitatea s\u0103 ia parte la workshopuri interactive \u0219i discu\u021bii al\u0103turi de studen\u021bi, cadre didactice \u0219i profesioni\u0219ti din domeniul tehnologiei. Structura activit\u0103\u021bilor poate fi consultat\u0103 \u00een tabelul de mai jos. Pe m\u0103sur\u0103 ce ne apropiem de data de \u00eencepere a evenimentului, programul va fi detaliat \u0219i actualizat.<\/p>\n\n\n\n<p>Pentru a accesa materialele v\u0103 invit\u0103m s\u0103 intra\u021bi pe server-ul de Discord: <a rel=\"noreferrer noopener\" href=\"https:\/\/discord.gg\/88xRHs4K\" target=\"_blank\">https:\/\/discord.gg\/88xRHs4K<\/a><\/p>\n\n\n\n<figure class=\"wp-block-image size-large\"><img decoding=\"async\" loading=\"lazy\" width=\"1024\" height=\"742\" src=\"https:\/\/www.cs.ubbcluj.ro\/~meco\/wp-content\/uploads\/program_v2-1024x742.png\" alt=\"\" class=\"wp-image-458\" srcset=\"https:\/\/www.cs.ubbcluj.ro\/~meco\/wp-content\/uploads\/program_v2-1024x742.png 1024w, https:\/\/www.cs.ubbcluj.ro\/~meco\/wp-content\/uploads\/program_v2-300x217.png 300w, https:\/\/www.cs.ubbcluj.ro\/~meco\/wp-content\/uploads\/program_v2-768x556.png 768w, https:\/\/www.cs.ubbcluj.ro\/~meco\/wp-content\/uploads\/program_v2.png 1180w\" sizes=\"(max-width: 1024px) 100vw, 1024px\" \/><\/figure>\n","protected":false},"excerpt":{"rendered":"<p>Edi\u021bia II &#8211; februarie 2026 Mate-Info UBB anun\u021b\u0103 o nou\u0103 edi\u021bie a taberei de Inteligen\u021b\u0103 Artificial\u0103, care va avea loc \u00een perioada 27 februarie \u2013 1 martie, la Facultatea de Matematic\u0103 \u0219i Informatic\u0103 din Cluj. Evenimentul se adreseaz\u0103 elevilor de liceu pasiona\u021bi de tehnologie, at\u00e2t celor cu experien\u021b\u0103 \u00een programare \u0219i AI, c\u00e2t \u0219i celor&hellip;<\/p>\n","protected":false},"author":5,"featured_media":0,"parent":0,"menu_order":0,"comment_status":"closed","ping_status":"closed","template":"","meta":[],"_links":{"self":[{"href":"https:\/\/www.cs.ubbcluj.ro\/~meco\/wp-json\/wp\/v2\/pages\/437"}],"collection":[{"href":"https:\/\/www.cs.ubbcluj.ro\/~meco\/wp-json\/wp\/v2\/pages"}],"about":[{"href":"https:\/\/www.cs.ubbcluj.ro\/~meco\/wp-json\/wp\/v2\/types\/page"}],"author":[{"embeddable":true,"href":"https:\/\/www.cs.ubbcluj.ro\/~meco\/wp-json\/wp\/v2\/users\/5"}],"replies":[{"embeddable":true,"href":"https:\/\/www.cs.ubbcluj.ro\/~meco\/wp-json\/wp\/v2\/comments?post=437"}],"version-history":[{"count":26,"href":"https:\/\/www.cs.ubbcluj.ro\/~meco\/wp-json\/wp\/v2\/pages\/437\/revisions"}],"predecessor-version":[{"id":1633,"href":"https:\/\/www.cs.ubbcluj.ro\/~meco\/wp-json\/wp\/v2\/pages\/437\/revisions\/1633"}],"wp:attachment":[{"href":"https:\/\/www.cs.ubbcluj.ro\/~meco\/wp-json\/wp\/v2\/media?parent=437"}],"curies":[{"name":"wp","href":"https:\/\/api.w.org\/{rel}","templated":true}]}}