{"id":29,"date":"2019-10-14T20:30:09","date_gmt":"2019-10-14T20:30:09","guid":{"rendered":"http:\/\/www.cs.ubbcluj.ro\/~meco\/?page_id=29"},"modified":"2026-02-02T15:33:41","modified_gmt":"2026-02-02T15:33:41","slug":"team","status":"publish","type":"page","link":"https:\/\/www.cs.ubbcluj.ro\/~meco\/team\/","title":{"rendered":"Team"},"content":{"rendered":"\n<figure class=\"wp-block-gallery has-nested-images columns-6 is-cropped has-white-background-color has-background wp-block-gallery-1 is-layout-flex\">\n<figure class=\"wp-block-image size-full is-style-default\"><img decoding=\"async\" loading=\"lazy\" width=\"377\" height=\"422\" data-id=\"1585\"  src=\"https:\/\/www.cs.ubbcluj.ro\/~meco\/wp-content\/uploads\/AncaAndreica_2026-1.png\" alt=\"\" class=\"wp-image-1585\" srcset=\"https:\/\/www.cs.ubbcluj.ro\/~meco\/wp-content\/uploads\/AncaAndreica_2026-1.png 377w, https:\/\/www.cs.ubbcluj.ro\/~meco\/wp-content\/uploads\/AncaAndreica_2026-1-268x300.png 268w\" sizes=\"(max-width: 377px) 100vw, 377px\" \/><figcaption class=\"wp-element-caption\">prof.dr. Anca Andreica<br><a href=\"http:\/\/www.cs.ubbcluj.ro\/~anca\">http:\/\/www.cs.ubbcluj.ro\/~anca<\/a><\/figcaption><\/figure>\n\n\n\n<figure class=\"wp-block-image size-full\"><img decoding=\"async\" loading=\"lazy\" width=\"323\" height=\"387\" data-id=\"1589\"  src=\"https:\/\/www.cs.ubbcluj.ro\/~meco\/wp-content\/uploads\/LauraDiosan_2026-1.png\" alt=\"\" class=\"wp-image-1589\" srcset=\"https:\/\/www.cs.ubbcluj.ro\/~meco\/wp-content\/uploads\/LauraDiosan_2026-1.png 323w, https:\/\/www.cs.ubbcluj.ro\/~meco\/wp-content\/uploads\/LauraDiosan_2026-1-250x300.png 250w\" sizes=\"(max-width: 323px) 100vw, 323px\" \/><figcaption class=\"wp-element-caption\">prof.dr. Laura Dio\u0219an<br><a href=\"http:\/\/www.cs.ubbcluj.ro\/~lauras\">http:\/\/www.cs.ubbcluj.ro\/~lauras<\/a><\/figcaption><\/figure>\n\n\n\n<figure class=\"wp-block-image size-full\"><img decoding=\"async\" loading=\"lazy\" width=\"300\" height=\"400\" data-id=\"33\"  src=\"https:\/\/www.cs.ubbcluj.ro\/~meco\/wp-content\/uploads\/Chira-Camelia.jpg\" alt=\"\" class=\"wp-image-33\" srcset=\"https:\/\/www.cs.ubbcluj.ro\/~meco\/wp-content\/uploads\/Chira-Camelia.jpg 300w, https:\/\/www.cs.ubbcluj.ro\/~meco\/wp-content\/uploads\/Chira-Camelia-225x300.jpg 225w\" sizes=\"(max-width: 300px) 100vw, 300px\" \/><figcaption class=\"wp-element-caption\">prof.dr. Camelia Chira<br><a href=\"http:\/\/www.cs.ubbcluj.ro\/~cchira\">http:\/\/www.cs.ubbcluj.ro\/~cchira<\/a><\/figcaption><\/figure>\n\n\n\n<figure class=\"wp-block-image size-full\"><img decoding=\"async\" loading=\"lazy\" width=\"100\" height=\"133\" data-id=\"41\"  src=\"https:\/\/www.cs.ubbcluj.ro\/~meco\/wp-content\/uploads\/Suciu-Mihai.jpg\" alt=\"\" class=\"wp-image-41\"\/><figcaption class=\"wp-element-caption\">conf.dr. Mihai Suciu<\/figcaption><\/figure>\n\n\n\n<figure class=\"wp-block-image size-full\"><img decoding=\"async\" loading=\"lazy\" width=\"100\" height=\"133\" data-id=\"36\"  src=\"https:\/\/www.cs.ubbcluj.ro\/~meco\/wp-content\/uploads\/Grebla-Horea.jpg\" alt=\"\" class=\"wp-image-36\"\/><figcaption class=\"wp-element-caption\">lect.dr. Horea Grebl\u0103<\/figcaption><\/figure>\n\n\n\n<figure class=\"wp-block-image size-full\"><img decoding=\"async\" loading=\"lazy\" width=\"480\" height=\"640\" data-id=\"38\"  src=\"https:\/\/www.cs.ubbcluj.ro\/~meco\/wp-content\/uploads\/Mursa-Bogdan.jpg\" alt=\"\" class=\"wp-image-38\" srcset=\"https:\/\/www.cs.ubbcluj.ro\/~meco\/wp-content\/uploads\/Mursa-Bogdan.jpg 480w, https:\/\/www.cs.ubbcluj.ro\/~meco\/wp-content\/uploads\/Mursa-Bogdan-225x300.jpg 225w\" sizes=\"(max-width: 480px) 100vw, 480px\" \/><figcaption class=\"wp-element-caption\">lect.dr. Bogdan Mursa<\/figcaption><\/figure>\n\n\n\n<figure class=\"wp-block-image size-full\"><img decoding=\"async\" loading=\"lazy\" width=\"675\" height=\"900\" data-id=\"278\"  src=\"https:\/\/www.cs.ubbcluj.ro\/~meco\/wp-content\/uploads\/cristiana-moroz.png\" alt=\"\" class=\"wp-image-278\" srcset=\"https:\/\/www.cs.ubbcluj.ro\/~meco\/wp-content\/uploads\/cristiana-moroz.png 675w, https:\/\/www.cs.ubbcluj.ro\/~meco\/wp-content\/uploads\/cristiana-moroz-225x300.png 225w\" sizes=\"(max-width: 675px) 100vw, 675px\" \/><figcaption class=\"wp-element-caption\">dr. Cristiana Moroz-Dubenco<\/figcaption><\/figure>\n\n\n\n<figure class=\"wp-block-image size-full\"><img decoding=\"async\" loading=\"lazy\" width=\"600\" height=\"800\" data-id=\"37\"  src=\"https:\/\/www.cs.ubbcluj.ro\/~meco\/wp-content\/uploads\/Limboi-Sergiu.jpg\" alt=\"\" class=\"wp-image-37\" srcset=\"https:\/\/www.cs.ubbcluj.ro\/~meco\/wp-content\/uploads\/Limboi-Sergiu.jpg 600w, https:\/\/www.cs.ubbcluj.ro\/~meco\/wp-content\/uploads\/Limboi-Sergiu-225x300.jpg 225w\" sizes=\"(max-width: 600px) 100vw, 600px\" \/><figcaption class=\"wp-element-caption\">dr. Sergiu Limboi<\/figcaption><\/figure>\n\n\n\n<figure class=\"wp-block-image size-full\"><img decoding=\"async\" loading=\"lazy\" width=\"600\" height=\"600\" data-id=\"1308\"  src=\"https:\/\/www.cs.ubbcluj.ro\/~meco\/wp-content\/uploads\/25.jpg\" alt=\"\" class=\"wp-image-1308\" srcset=\"https:\/\/www.cs.ubbcluj.ro\/~meco\/wp-content\/uploads\/25.jpg 600w, https:\/\/www.cs.ubbcluj.ro\/~meco\/wp-content\/uploads\/25-300x300.jpg 300w, https:\/\/www.cs.ubbcluj.ro\/~meco\/wp-content\/uploads\/25-150x150.jpg 150w\" sizes=\"(max-width: 600px) 100vw, 600px\" \/><figcaption class=\"wp-element-caption\">drd. Laura Cern\u0103u<\/figcaption><\/figure>\n\n\n\n<figure class=\"wp-block-image size-full\"><img decoding=\"async\" loading=\"lazy\" width=\"300\" height=\"300\" data-id=\"1362\"  src=\"http:\/\/www.cs.ubbcluj.ro\/~meco\/wp-content\/uploads\/ClaudiaIoanaCoste_2026.jpg\" alt=\"\" class=\"wp-image-1362\" srcset=\"https:\/\/www.cs.ubbcluj.ro\/~meco\/wp-content\/uploads\/ClaudiaIoanaCoste_2026.jpg 300w, https:\/\/www.cs.ubbcluj.ro\/~meco\/wp-content\/uploads\/ClaudiaIoanaCoste_2026-150x150.jpg 150w\" sizes=\"(max-width: 300px) 100vw, 300px\" \/><figcaption class=\"wp-element-caption\">drd. Claudia Coste<\/figcaption><\/figure>\n\n\n\n<figure class=\"wp-block-image size-full\"><img decoding=\"async\" loading=\"lazy\" width=\"600\" height=\"600\" data-id=\"1305\"  src=\"https:\/\/www.cs.ubbcluj.ro\/~meco\/wp-content\/uploads\/22.jpg\" alt=\"\" class=\"wp-image-1305\" srcset=\"https:\/\/www.cs.ubbcluj.ro\/~meco\/wp-content\/uploads\/22.jpg 600w, https:\/\/www.cs.ubbcluj.ro\/~meco\/wp-content\/uploads\/22-300x300.jpg 300w, https:\/\/www.cs.ubbcluj.ro\/~meco\/wp-content\/uploads\/22-150x150.jpg 150w\" sizes=\"(max-width: 600px) 100vw, 600px\" \/><figcaption class=\"wp-element-caption\">drd. M\u0103d\u0103lina Dicu<\/figcaption><\/figure>\n\n\n\n<figure class=\"wp-block-image size-full\"><img decoding=\"async\" loading=\"lazy\" width=\"432\" height=\"485\" data-id=\"1391\"  src=\"http:\/\/www.cs.ubbcluj.ro\/~meco\/wp-content\/uploads\/Aniko-Kopacz_2026-1.png\" alt=\"\" class=\"wp-image-1391\" srcset=\"https:\/\/www.cs.ubbcluj.ro\/~meco\/wp-content\/uploads\/Aniko-Kopacz_2026-1.png 432w, https:\/\/www.cs.ubbcluj.ro\/~meco\/wp-content\/uploads\/Aniko-Kopacz_2026-1-267x300.png 267w\" sizes=\"(max-width: 432px) 100vw, 432px\" \/><figcaption class=\"wp-element-caption\">drd. Anik\u00f3 Kopacz<\/figcaption><\/figure>\n\n\n\n<figure class=\"wp-block-image size-full\"><img decoding=\"async\" loading=\"lazy\" width=\"600\" height=\"600\" data-id=\"43\"  src=\"https:\/\/www.cs.ubbcluj.ro\/~meco\/wp-content\/uploads\/avatar-placeholder-generic-1.jpg\" alt=\"\" class=\"wp-image-43\" srcset=\"https:\/\/www.cs.ubbcluj.ro\/~meco\/wp-content\/uploads\/avatar-placeholder-generic-1.jpg 600w, https:\/\/www.cs.ubbcluj.ro\/~meco\/wp-content\/uploads\/avatar-placeholder-generic-1-150x150.jpg 150w, https:\/\/www.cs.ubbcluj.ro\/~meco\/wp-content\/uploads\/avatar-placeholder-generic-1-300x300.jpg 300w\" sizes=\"(max-width: 600px) 100vw, 600px\" \/><figcaption class=\"wp-element-caption\">drd. Roxana Sipos<\/figcaption><\/figure>\n\n\n\n<figure class=\"wp-block-image size-full\"><img decoding=\"async\" loading=\"lazy\" width=\"600\" height=\"600\" data-id=\"1306\"  src=\"https:\/\/www.cs.ubbcluj.ro\/~meco\/wp-content\/uploads\/23.jpg\" alt=\"\" class=\"wp-image-1306\" srcset=\"https:\/\/www.cs.ubbcluj.ro\/~meco\/wp-content\/uploads\/23.jpg 600w, https:\/\/www.cs.ubbcluj.ro\/~meco\/wp-content\/uploads\/23-300x300.jpg 300w, https:\/\/www.cs.ubbcluj.ro\/~meco\/wp-content\/uploads\/23-150x150.jpg 150w\" sizes=\"(max-width: 600px) 100vw, 600px\" \/><figcaption class=\"wp-element-caption\">drd. George Stoia<\/figcaption><\/figure>\n\n\n\n<figure class=\"wp-block-image size-full\"><img decoding=\"async\" loading=\"lazy\" width=\"328\" height=\"372\" data-id=\"1360\"  src=\"http:\/\/www.cs.ubbcluj.ro\/~meco\/wp-content\/uploads\/MatyasKutiKreszacs_2026.png\" alt=\"\" class=\"wp-image-1360\" srcset=\"https:\/\/www.cs.ubbcluj.ro\/~meco\/wp-content\/uploads\/MatyasKutiKreszacs_2026.png 328w, https:\/\/www.cs.ubbcluj.ro\/~meco\/wp-content\/uploads\/MatyasKutiKreszacs_2026-265x300.png 265w\" sizes=\"(max-width: 328px) 100vw, 328px\" \/><figcaption class=\"wp-element-caption\">drd. M\u00e1ty\u00e1s Kuti-Kresz\u00e1cs<\/figcaption><\/figure>\n\n\n\n<figure class=\"wp-block-image size-full\"><img decoding=\"async\" loading=\"lazy\" width=\"600\" height=\"600\" data-id=\"1290\"  src=\"https:\/\/www.cs.ubbcluj.ro\/~meco\/wp-content\/uploads\/7.jpg\" alt=\"\" class=\"wp-image-1290\" srcset=\"https:\/\/www.cs.ubbcluj.ro\/~meco\/wp-content\/uploads\/7.jpg 600w, https:\/\/www.cs.ubbcluj.ro\/~meco\/wp-content\/uploads\/7-300x300.jpg 300w, https:\/\/www.cs.ubbcluj.ro\/~meco\/wp-content\/uploads\/7-150x150.jpg 150w\" sizes=\"(max-width: 600px) 100vw, 600px\" \/><figcaption class=\"wp-element-caption\">drd. Andrei Olar<\/figcaption><\/figure>\n\n\n\n<figure class=\"wp-block-image size-full\"><img decoding=\"async\" loading=\"lazy\" width=\"600\" height=\"600\" data-id=\"1298\"  src=\"https:\/\/www.cs.ubbcluj.ro\/~meco\/wp-content\/uploads\/15.jpg\" alt=\"\" class=\"wp-image-1298\" srcset=\"https:\/\/www.cs.ubbcluj.ro\/~meco\/wp-content\/uploads\/15.jpg 600w, https:\/\/www.cs.ubbcluj.ro\/~meco\/wp-content\/uploads\/15-300x300.jpg 300w, https:\/\/www.cs.ubbcluj.ro\/~meco\/wp-content\/uploads\/15-150x150.jpg 150w\" sizes=\"(max-width: 600px) 100vw, 600px\" \/><figcaption class=\"wp-element-caption\">drd. Mihai N\u0103da\u0219<\/figcaption><\/figure>\n\n\n\n<figure class=\"wp-block-image size-full\"><img decoding=\"async\" loading=\"lazy\" width=\"600\" height=\"600\" data-id=\"1294\"  src=\"https:\/\/www.cs.ubbcluj.ro\/~meco\/wp-content\/uploads\/11.jpg\" alt=\"\" class=\"wp-image-1294\" srcset=\"https:\/\/www.cs.ubbcluj.ro\/~meco\/wp-content\/uploads\/11.jpg 600w, https:\/\/www.cs.ubbcluj.ro\/~meco\/wp-content\/uploads\/11-300x300.jpg 300w, https:\/\/www.cs.ubbcluj.ro\/~meco\/wp-content\/uploads\/11-150x150.jpg 150w\" sizes=\"(max-width: 600px) 100vw, 600px\" \/><figcaption class=\"wp-element-caption\">drd. Bianca Andreea Lixandru (Iacob)<\/figcaption><\/figure>\n\n\n\n<figure class=\"wp-block-image size-full\"><img decoding=\"async\" loading=\"lazy\" width=\"600\" height=\"600\" data-id=\"1287\"  src=\"https:\/\/www.cs.ubbcluj.ro\/~meco\/wp-content\/uploads\/4.jpg\" alt=\"\" class=\"wp-image-1287\" srcset=\"https:\/\/www.cs.ubbcluj.ro\/~meco\/wp-content\/uploads\/4.jpg 600w, https:\/\/www.cs.ubbcluj.ro\/~meco\/wp-content\/uploads\/4-300x300.jpg 300w, https:\/\/www.cs.ubbcluj.ro\/~meco\/wp-content\/uploads\/4-150x150.jpg 150w\" sizes=\"(max-width: 600px) 100vw, 600px\" \/><figcaption class=\"wp-element-caption\">drd. Georgian Anghelescu<\/figcaption><\/figure>\n\n\n\n<figure class=\"wp-block-image size-full\"><img decoding=\"async\" loading=\"lazy\" width=\"433\" height=\"577\" data-id=\"1357\"  src=\"http:\/\/www.cs.ubbcluj.ro\/~meco\/wp-content\/uploads\/ChisRalucaDiana_2026.png\" alt=\"\" class=\"wp-image-1357\" srcset=\"https:\/\/www.cs.ubbcluj.ro\/~meco\/wp-content\/uploads\/ChisRalucaDiana_2026.png 433w, https:\/\/www.cs.ubbcluj.ro\/~meco\/wp-content\/uploads\/ChisRalucaDiana_2026-225x300.png 225w\" sizes=\"(max-width: 433px) 100vw, 433px\" \/><figcaption class=\"wp-element-caption\">drd. Raluca Chi\u0219<\/figcaption><\/figure>\n\n\n\n<figure class=\"wp-block-image size-full\"><img decoding=\"async\" loading=\"lazy\" width=\"600\" height=\"600\" data-id=\"1297\"  src=\"https:\/\/www.cs.ubbcluj.ro\/~meco\/wp-content\/uploads\/14.jpg\" alt=\"\" class=\"wp-image-1297\" srcset=\"https:\/\/www.cs.ubbcluj.ro\/~meco\/wp-content\/uploads\/14.jpg 600w, https:\/\/www.cs.ubbcluj.ro\/~meco\/wp-content\/uploads\/14-300x300.jpg 300w, https:\/\/www.cs.ubbcluj.ro\/~meco\/wp-content\/uploads\/14-150x150.jpg 150w\" sizes=\"(max-width: 600px) 100vw, 600px\" \/><figcaption class=\"wp-element-caption\">drd. Alexandru Manole<\/figcaption><\/figure>\n\n\n\n<figure class=\"wp-block-image size-full\"><img decoding=\"async\" loading=\"lazy\" width=\"433\" height=\"577\" data-id=\"1372\"  src=\"https:\/\/www.cs.ubbcluj.ro\/~meco\/wp-content\/uploads\/IuliaIon_2016.png\" alt=\"\" class=\"wp-image-1372\" srcset=\"https:\/\/www.cs.ubbcluj.ro\/~meco\/wp-content\/uploads\/IuliaIon_2016.png 433w, https:\/\/www.cs.ubbcluj.ro\/~meco\/wp-content\/uploads\/IuliaIon_2016-225x300.png 225w\" sizes=\"(max-width: 433px) 100vw, 433px\" \/><figcaption class=\"wp-element-caption\">drd. Iulia Ion<\/figcaption><\/figure>\n\n\n\n<figure class=\"wp-block-image size-full\"><img decoding=\"async\" loading=\"lazy\" width=\"600\" height=\"600\" data-id=\"1285\"  src=\"https:\/\/www.cs.ubbcluj.ro\/~meco\/wp-content\/uploads\/2.jpg\" alt=\"\" class=\"wp-image-1285\" srcset=\"https:\/\/www.cs.ubbcluj.ro\/~meco\/wp-content\/uploads\/2.jpg 600w, https:\/\/www.cs.ubbcluj.ro\/~meco\/wp-content\/uploads\/2-300x300.jpg 300w, https:\/\/www.cs.ubbcluj.ro\/~meco\/wp-content\/uploads\/2-150x150.jpg 150w\" sizes=\"(max-width: 600px) 100vw, 600px\" \/><figcaption class=\"wp-element-caption\">drd. Bogdan Putinica<\/figcaption><\/figure>\n\n\n\n<figure class=\"wp-block-image size-large\"><img decoding=\"async\" loading=\"lazy\" width=\"768\" height=\"1024\" data-id=\"1371\"  src=\"https:\/\/www.cs.ubbcluj.ro\/~meco\/wp-content\/uploads\/YingkaiXu_2026-768x1024.jpg\" alt=\"\" class=\"wp-image-1371\" srcset=\"https:\/\/www.cs.ubbcluj.ro\/~meco\/wp-content\/uploads\/YingkaiXu_2026-768x1024.jpg 768w, https:\/\/www.cs.ubbcluj.ro\/~meco\/wp-content\/uploads\/YingkaiXu_2026-225x300.jpg 225w, https:\/\/www.cs.ubbcluj.ro\/~meco\/wp-content\/uploads\/YingkaiXu_2026-1152x1536.jpg 1152w, https:\/\/www.cs.ubbcluj.ro\/~meco\/wp-content\/uploads\/YingkaiXu_2026-1536x2048.jpg 1536w, https:\/\/www.cs.ubbcluj.ro\/~meco\/wp-content\/uploads\/YingkaiXu_2026.jpg 1800w\" sizes=\"(max-width: 768px) 100vw, 768px\" \/><figcaption class=\"wp-element-caption\">drd. Yingkai Xu<\/figcaption><\/figure>\n\n\n\n<figure class=\"wp-block-image size-full\"><img decoding=\"async\" loading=\"lazy\" width=\"600\" height=\"600\" data-id=\"1302\"  src=\"https:\/\/www.cs.ubbcluj.ro\/~meco\/wp-content\/uploads\/19.jpg\" alt=\"\" class=\"wp-image-1302\" srcset=\"https:\/\/www.cs.ubbcluj.ro\/~meco\/wp-content\/uploads\/19.jpg 600w, https:\/\/www.cs.ubbcluj.ro\/~meco\/wp-content\/uploads\/19-300x300.jpg 300w, https:\/\/www.cs.ubbcluj.ro\/~meco\/wp-content\/uploads\/19-150x150.jpg 150w\" sizes=\"(max-width: 600px) 100vw, 600px\" \/><figcaption class=\"wp-element-caption\">drd. R\u0103zvan Atanasov<\/figcaption><\/figure>\n\n\n\n<figure class=\"wp-block-image size-full\"><img decoding=\"async\" loading=\"lazy\" width=\"600\" height=\"600\" data-id=\"1295\"  src=\"https:\/\/www.cs.ubbcluj.ro\/~meco\/wp-content\/uploads\/12.jpg\" alt=\"\" class=\"wp-image-1295\" srcset=\"https:\/\/www.cs.ubbcluj.ro\/~meco\/wp-content\/uploads\/12.jpg 600w, https:\/\/www.cs.ubbcluj.ro\/~meco\/wp-content\/uploads\/12-300x300.jpg 300w, https:\/\/www.cs.ubbcluj.ro\/~meco\/wp-content\/uploads\/12-150x150.jpg 150w\" sizes=\"(max-width: 600px) 100vw, 600px\" \/><figcaption class=\"wp-element-caption\">drd. Mihai Grebl\u0103<\/figcaption><\/figure>\n\n\n\n<figure class=\"wp-block-image size-full\"><img decoding=\"async\" loading=\"lazy\" width=\"433\" height=\"577\" data-id=\"1368\"  src=\"https:\/\/www.cs.ubbcluj.ro\/~meco\/wp-content\/uploads\/UrsuTeodoraMaria_2026.png\" alt=\"\" class=\"wp-image-1368\" srcset=\"https:\/\/www.cs.ubbcluj.ro\/~meco\/wp-content\/uploads\/UrsuTeodoraMaria_2026.png 433w, https:\/\/www.cs.ubbcluj.ro\/~meco\/wp-content\/uploads\/UrsuTeodoraMaria_2026-225x300.png 225w\" sizes=\"(max-width: 433px) 100vw, 433px\" \/><figcaption class=\"wp-element-caption\">drd. Teodora Ursu<\/figcaption><\/figure>\n\n\n\n<figure class=\"wp-block-image size-full\"><img decoding=\"async\" loading=\"lazy\" width=\"600\" height=\"600\" data-id=\"1291\"  src=\"https:\/\/www.cs.ubbcluj.ro\/~meco\/wp-content\/uploads\/8.jpg\" alt=\"\" class=\"wp-image-1291\" srcset=\"https:\/\/www.cs.ubbcluj.ro\/~meco\/wp-content\/uploads\/8.jpg 600w, https:\/\/www.cs.ubbcluj.ro\/~meco\/wp-content\/uploads\/8-300x300.jpg 300w, https:\/\/www.cs.ubbcluj.ro\/~meco\/wp-content\/uploads\/8-150x150.jpg 150w\" sizes=\"(max-width: 600px) 100vw, 600px\" \/><figcaption class=\"wp-element-caption\">drd. Raul-Octav Munteanu-Bardan<\/figcaption><\/figure>\n\n\n\n<figure class=\"wp-block-image size-full\"><img decoding=\"async\" loading=\"lazy\" width=\"600\" height=\"600\" data-id=\"1301\"  src=\"https:\/\/www.cs.ubbcluj.ro\/~meco\/wp-content\/uploads\/18.jpg\" alt=\"\" class=\"wp-image-1301\" srcset=\"https:\/\/www.cs.ubbcluj.ro\/~meco\/wp-content\/uploads\/18.jpg 600w, https:\/\/www.cs.ubbcluj.ro\/~meco\/wp-content\/uploads\/18-300x300.jpg 300w, https:\/\/www.cs.ubbcluj.ro\/~meco\/wp-content\/uploads\/18-150x150.jpg 150w\" sizes=\"(max-width: 600px) 100vw, 600px\" \/><figcaption class=\"wp-element-caption\">drd. Flavia Andron<\/figcaption><\/figure>\n\n\n\n<figure class=\"wp-block-image size-full is-style-default\"><img decoding=\"async\" loading=\"lazy\" width=\"602\" height=\"738\" data-id=\"882\"  src=\"http:\/\/www.cs.ubbcluj.ro\/~meco\/wp-content\/uploads\/Alexandru-Barbu.png\" alt=\"\" class=\"wp-image-882\" srcset=\"https:\/\/www.cs.ubbcluj.ro\/~meco\/wp-content\/uploads\/Alexandru-Barbu.png 602w, https:\/\/www.cs.ubbcluj.ro\/~meco\/wp-content\/uploads\/Alexandru-Barbu-245x300.png 245w\" sizes=\"(max-width: 602px) 100vw, 602px\" \/><figcaption class=\"wp-element-caption\">drd. Alexandru Barbu<\/figcaption><\/figure>\n\n\n\n<figure class=\"wp-block-image size-full\"><img decoding=\"async\" loading=\"lazy\" width=\"367\" height=\"489\" data-id=\"1366\"  src=\"https:\/\/www.cs.ubbcluj.ro\/~meco\/wp-content\/uploads\/CarinaBidasca_2026-edited-1.png\" alt=\"\" class=\"wp-image-1366\" srcset=\"https:\/\/www.cs.ubbcluj.ro\/~meco\/wp-content\/uploads\/CarinaBidasca_2026-edited-1.png 367w, https:\/\/www.cs.ubbcluj.ro\/~meco\/wp-content\/uploads\/CarinaBidasca_2026-edited-1-225x300.png 225w\" sizes=\"(max-width: 367px) 100vw, 367px\" \/><figcaption class=\"wp-element-caption\">drd. Carina Bida\u0219c\u0103<\/figcaption><\/figure>\n\n\n\n<figure class=\"wp-block-image size-full\"><img decoding=\"async\" loading=\"lazy\" width=\"600\" height=\"600\" data-id=\"1296\"  src=\"https:\/\/www.cs.ubbcluj.ro\/~meco\/wp-content\/uploads\/13.jpg\" alt=\"\" class=\"wp-image-1296\" srcset=\"https:\/\/www.cs.ubbcluj.ro\/~meco\/wp-content\/uploads\/13.jpg 600w, https:\/\/www.cs.ubbcluj.ro\/~meco\/wp-content\/uploads\/13-300x300.jpg 300w, https:\/\/www.cs.ubbcluj.ro\/~meco\/wp-content\/uploads\/13-150x150.jpg 150w\" sizes=\"(max-width: 600px) 100vw, 600px\" \/><figcaption class=\"wp-element-caption\">drd. M\u0103rioara Nichi\u021bean<\/figcaption><\/figure>\n\n\n\n<figure class=\"wp-block-image size-full\"><img decoding=\"async\" loading=\"lazy\" width=\"600\" height=\"600\" data-id=\"1300\"  src=\"https:\/\/www.cs.ubbcluj.ro\/~meco\/wp-content\/uploads\/17.jpg\" alt=\"\" class=\"wp-image-1300\" srcset=\"https:\/\/www.cs.ubbcluj.ro\/~meco\/wp-content\/uploads\/17.jpg 600w, https:\/\/www.cs.ubbcluj.ro\/~meco\/wp-content\/uploads\/17-300x300.jpg 300w, https:\/\/www.cs.ubbcluj.ro\/~meco\/wp-content\/uploads\/17-150x150.jpg 150w\" sizes=\"(max-width: 600px) 100vw, 600px\" \/><figcaption class=\"wp-element-caption\">colab. Akan Ali<\/figcaption><\/figure>\n\n\n\n<figure class=\"wp-block-image size-large\"><img decoding=\"async\" loading=\"lazy\" width=\"768\" height=\"1024\" data-id=\"1358\"  src=\"http:\/\/www.cs.ubbcluj.ro\/~meco\/wp-content\/uploads\/PuscasuMarioOctavian_2026-768x1024.jpg\" alt=\"\" class=\"wp-image-1358\" srcset=\"https:\/\/www.cs.ubbcluj.ro\/~meco\/wp-content\/uploads\/PuscasuMarioOctavian_2026-768x1024.jpg 768w, https:\/\/www.cs.ubbcluj.ro\/~meco\/wp-content\/uploads\/PuscasuMarioOctavian_2026-225x300.jpg 225w, https:\/\/www.cs.ubbcluj.ro\/~meco\/wp-content\/uploads\/PuscasuMarioOctavian_2026-1152x1536.jpg 1152w, https:\/\/www.cs.ubbcluj.ro\/~meco\/wp-content\/uploads\/PuscasuMarioOctavian_2026.jpg 1316w\" sizes=\"(max-width: 768px) 100vw, 768px\" \/><figcaption class=\"wp-element-caption\">stud. Mario Pu\u0219ca\u0219u<\/figcaption><\/figure>\n\n\n\n<figure class=\"wp-block-image size-full\"><img decoding=\"async\" loading=\"lazy\" width=\"600\" height=\"600\" data-id=\"1304\"  src=\"https:\/\/www.cs.ubbcluj.ro\/~meco\/wp-content\/uploads\/21.jpg\" alt=\"\" class=\"wp-image-1304\" srcset=\"https:\/\/www.cs.ubbcluj.ro\/~meco\/wp-content\/uploads\/21.jpg 600w, https:\/\/www.cs.ubbcluj.ro\/~meco\/wp-content\/uploads\/21-300x300.jpg 300w, https:\/\/www.cs.ubbcluj.ro\/~meco\/wp-content\/uploads\/21-150x150.jpg 150w\" sizes=\"(max-width: 600px) 100vw, 600px\" \/><figcaption class=\"wp-element-caption\">stud. Mircea-Florin Ceobanu<\/figcaption><\/figure>\n\n\n\n<figure class=\"wp-block-image alignleft size-full\"><img decoding=\"async\" loading=\"lazy\" width=\"600\" height=\"600\" data-id=\"1307\"  src=\"https:\/\/www.cs.ubbcluj.ro\/~meco\/wp-content\/uploads\/24.jpg\" alt=\"\" class=\"wp-image-1307\" srcset=\"https:\/\/www.cs.ubbcluj.ro\/~meco\/wp-content\/uploads\/24.jpg 600w, https:\/\/www.cs.ubbcluj.ro\/~meco\/wp-content\/uploads\/24-300x300.jpg 300w, https:\/\/www.cs.ubbcluj.ro\/~meco\/wp-content\/uploads\/24-150x150.jpg 150w\" sizes=\"(max-width: 600px) 100vw, 600px\" \/><figcaption class=\"wp-element-caption\">stud. Drago\u0219 Trandafir<\/figcaption><\/figure>\n<\/figure>\n\n\n\n<p><\/p>\n","protected":false},"excerpt":{"rendered":"","protected":false},"author":1,"featured_media":0,"parent":0,"menu_order":0,"comment_status":"closed","ping_status":"closed","template":"","meta":[],"_links":{"self":[{"href":"https:\/\/www.cs.ubbcluj.ro\/~meco\/wp-json\/wp\/v2\/pages\/29"}],"collection":[{"href":"https:\/\/www.cs.ubbcluj.ro\/~meco\/wp-json\/wp\/v2\/pages"}],"about":[{"href":"https:\/\/www.cs.ubbcluj.ro\/~meco\/wp-json\/wp\/v2\/types\/page"}],"author":[{"embeddable":true,"href":"https:\/\/www.cs.ubbcluj.ro\/~meco\/wp-json\/wp\/v2\/users\/1"}],"replies":[{"embeddable":true,"href":"https:\/\/www.cs.ubbcluj.ro\/~meco\/wp-json\/wp\/v2\/comments?post=29"}],"version-history":[{"count":48,"href":"https:\/\/www.cs.ubbcluj.ro\/~meco\/wp-json\/wp\/v2\/pages\/29\/revisions"}],"predecessor-version":[{"id":1590,"href":"https:\/\/www.cs.ubbcluj.ro\/~meco\/wp-json\/wp\/v2\/pages\/29\/revisions\/1590"}],"wp:attachment":[{"href":"https:\/\/www.cs.ubbcluj.ro\/~meco\/wp-json\/wp\/v2\/media?parent=29"}],"curies":[{"name":"wp","href":"https:\/\/api.w.org\/{rel}","templated":true}]}}