{"id":325,"date":"2020-12-03T07:24:51","date_gmt":"2020-12-03T07:24:51","guid":{"rendered":"http:\/\/www.cs.ubbcluj.ro\/~meco\/ped2607\/?page_id=325"},"modified":"2022-11-08T08:31:52","modified_gmt":"2022-11-08T08:31:52","slug":"results","status":"publish","type":"page","link":"https:\/\/www.cs.ubbcluj.ro\/~meco\/ped2607\/results\/","title":{"rendered":"Results"},"content":{"rendered":"\n<p><strong>Prezentare succint\u0103 a rezultatelor ob\u021binute:<\/strong><\/p>\n\n\n\n<p>\u00cen urma derul\u0103rii proiectului a fost construit un model func\u021bional inovativ, bazat pe standardele UE, pentru sprijinirea deciziilor \u00een procesul de asigurare a calit\u0103\u021bii programelor organizate de screening al cancerului de s\u00e2n. S-a ob\u021binut \u00een \u00eentregime rezultatul scontat, \u0219i anume un sistem integrat de suport decizional pentru asigurarea calit\u0103\u021bii \u00een screening-ul cancerului de s\u00e2n, bazat pe ghidurile europene care include:<\/p>\n\n\n\n<ul><li>Un sistem de evaluare pentru programele de screening pentru cancerul de s\u00e2n, bazat pe tehnicile de calcul a indicatorilor recomanda\u021bi de UE \u0219i de inteligen\u021b\u0103 artificial\u0103 pentru analiza datelor;<\/li><li>Un sistem de suport decizional pentru asistarea medicilor speciali\u0219ti \u00een interpretarea mamografiilor \u00een cadrul programelor de screening pentru cancerul de s\u00e2n bazat pe tehnici de procesare a imaginilor;<\/li><li>Un sistem de business intelligence pentru minimizarea costurilor aferente procesului de depistare a cancerului de s\u00e2n bazat pe tehnici inteligente de optimizare.<\/li><\/ul>\n\n\n\n<figure class=\"wp-block-image size-large\"><img loading=\"lazy\" width=\"639\" height=\"323\" src=\"http:\/\/www.cs.ubbcluj.ro\/~meco\/ped2607\/wp-content\/uploads\/4.jpg\" alt=\"\" class=\"wp-image-354\" srcset=\"https:\/\/www.cs.ubbcluj.ro\/~meco\/ped2607\/wp-content\/uploads\/4.jpg 639w, https:\/\/www.cs.ubbcluj.ro\/~meco\/ped2607\/wp-content\/uploads\/4-300x152.jpg 300w\" sizes=\"(max-width: 639px) 100vw, 639px\" \/><\/figure>\n\n\n\n<figure class=\"wp-block-image size-large\"><img loading=\"lazy\" width=\"608\" height=\"212\" src=\"http:\/\/www.cs.ubbcluj.ro\/~meco\/ped2607\/wp-content\/uploads\/3.jpg\" alt=\"\" class=\"wp-image-355\" srcset=\"https:\/\/www.cs.ubbcluj.ro\/~meco\/ped2607\/wp-content\/uploads\/3.jpg 608w, https:\/\/www.cs.ubbcluj.ro\/~meco\/ped2607\/wp-content\/uploads\/3-300x105.jpg 300w\" sizes=\"(max-width: 608px) 100vw, 608px\" \/><\/figure>\n\n\n\n<figure class=\"wp-block-image size-large\"><img loading=\"lazy\" width=\"602\" height=\"349\" src=\"http:\/\/www.cs.ubbcluj.ro\/~meco\/ped2607\/wp-content\/uploads\/2.jpg\" alt=\"\" class=\"wp-image-356\" srcset=\"https:\/\/www.cs.ubbcluj.ro\/~meco\/ped2607\/wp-content\/uploads\/2.jpg 602w, https:\/\/www.cs.ubbcluj.ro\/~meco\/ped2607\/wp-content\/uploads\/2-300x174.jpg 300w\" sizes=\"(max-width: 602px) 100vw, 602px\" \/><\/figure>\n\n\n\n<figure class=\"wp-block-image size-large\"><img loading=\"lazy\" width=\"593\" height=\"236\" src=\"http:\/\/www.cs.ubbcluj.ro\/~meco\/ped2607\/wp-content\/uploads\/1.jpg\" alt=\"\" class=\"wp-image-357\" srcset=\"https:\/\/www.cs.ubbcluj.ro\/~meco\/ped2607\/wp-content\/uploads\/1.jpg 593w, https:\/\/www.cs.ubbcluj.ro\/~meco\/ped2607\/wp-content\/uploads\/1-300x119.jpg 300w\" sizes=\"(max-width: 593px) 100vw, 593px\" \/><\/figure>\n\n\n\n<p>The QAScreen project general objective was to build a&nbsp;<strong>functional innovative model<\/strong>, based on EU standards, for&nbsp;<strong>supporting decision making in the quality assurance process of organized breast cancer screening programmes.&nbsp;<\/strong>Following this main objective, the research and development work of the project resulted in an integrated decision support system for quality assurance in breast cancer screening based on European guidelines enclosing:<\/p>\n\n\n\n<ul><li>An assessment system for the breast cancer screening programmes, based on EU recommended indicators computation and artificial intelligence techniques for data analysis;<\/li><li>A decision support system for assisting mammography readers within the breast cancer screening programmes based on image processing techniques;<\/li><li>A business intelligence system for minimizing breast cancer screening process costs based on artificial intelligence optimization techniques.<\/li><\/ul>\n\n\n\n<p>The tools and the obtained results allow real-time adjustments within the breast cancer screening process. The proposed model has been developed to reach TRL3. For this purpose, analytical and experimental studies have been carried out to validate the predictions and assumptions regarding the efficiency of artificial intelligence techniques, image processing methods and business intelligence to obtain a functional innovative model for quality assurance in breast cancer screening.<\/p>\n\n\n\n<p><strong><a rel=\"noreferrer noopener\" href=\"http:\/\/www.cs.ubbcluj.ro\/~meco\/ped2607\/wp-content\/uploads\/raportareQASCREEN-2020.pdf\" target=\"_blank\">Raport 2020<\/a><br><a rel=\"noreferrer noopener\" href=\"http:\/\/www.cs.ubbcluj.ro\/~meco\/ped2607\/wp-content\/uploads\/raportareQASCREEN-2021.pdf\" target=\"_blank\">Raport 2021<\/a><\/strong><br><strong><a rel=\"noreferrer noopener\" href=\"http:\/\/www.cs.ubbcluj.ro\/~meco\/ped2607\/wp-content\/uploads\/raportareQASCREEN-2022.pdf\" data-type=\"URL\" data-id=\"http:\/\/www.cs.ubbcluj.ro\/~meco\/ped2607\/wp-content\/uploads\/raportareQASCREEN-2022.pdf\" target=\"_blank\">Raport 2022<\/a><\/strong><\/p>\n","protected":false},"excerpt":{"rendered":"<p>Prezentare succint\u0103 a rezultatelor ob\u021binute: \u00cen urma derul\u0103rii proiectului a fost construit un model func\u021bional inovativ, bazat pe standardele UE, pentru sprijinirea deciziilor \u00een procesul de asigurare a calit\u0103\u021bii programelor [&hellip;]<\/p>\n","protected":false},"author":1,"featured_media":0,"parent":0,"menu_order":0,"comment_status":"closed","ping_status":"closed","template":"","meta":[],"_links":{"self":[{"href":"https:\/\/www.cs.ubbcluj.ro\/~meco\/ped2607\/wp-json\/wp\/v2\/pages\/325"}],"collection":[{"href":"https:\/\/www.cs.ubbcluj.ro\/~meco\/ped2607\/wp-json\/wp\/v2\/pages"}],"about":[{"href":"https:\/\/www.cs.ubbcluj.ro\/~meco\/ped2607\/wp-json\/wp\/v2\/types\/page"}],"author":[{"embeddable":true,"href":"https:\/\/www.cs.ubbcluj.ro\/~meco\/ped2607\/wp-json\/wp\/v2\/users\/1"}],"replies":[{"embeddable":true,"href":"https:\/\/www.cs.ubbcluj.ro\/~meco\/ped2607\/wp-json\/wp\/v2\/comments?post=325"}],"version-history":[{"count":8,"href":"https:\/\/www.cs.ubbcluj.ro\/~meco\/ped2607\/wp-json\/wp\/v2\/pages\/325\/revisions"}],"predecessor-version":[{"id":359,"href":"https:\/\/www.cs.ubbcluj.ro\/~meco\/ped2607\/wp-json\/wp\/v2\/pages\/325\/revisions\/359"}],"wp:attachment":[{"href":"https:\/\/www.cs.ubbcluj.ro\/~meco\/ped2607\/wp-json\/wp\/v2\/media?parent=325"}],"curies":[{"name":"wp","href":"https:\/\/api.w.org\/{rel}","templated":true}]}}