{"id":4,"date":"2013-06-13T12:42:52","date_gmt":"2013-06-13T12:42:52","guid":{"rendered":"http:\/\/www.cs.ubbcluj.ro\/~lauras\/test\/?page_id=4"},"modified":"2026-02-12T16:30:33","modified_gmt":"2026-02-12T16:30:33","slug":"about","status":"publish","type":"page","link":"https:\/\/www.cs.ubbcluj.ro\/~lauras\/about\/","title":{"rendered":"About"},"content":{"rendered":"<p><b><i>Curriculum vitae <a href=\"http:\/\/www.cs.ubbcluj.ro\/~lauras\/docs\/LauraDiosan_CV_ro.pdf\">link<\/a><\/i><\/b><\/p>\n<table border=\"1\" width=\"667\" cellspacing=\"0\" cellpadding=\"0\">\n<tbody>\n<tr>\n<td valign=\"top\" width=\"183\">Numele \u015fi prenumele<\/td>\n<td colspan=\"4\" valign=\"top\" width=\"484\"><b>Diosan Laura Silvia<\/b><\/td>\n<\/tr>\n<tr>\n<td valign=\"top\" width=\"183\">Func\u0163ia didactic\u0103 actual\u0103<\/td>\n<td colspan=\"4\" valign=\"top\" width=\"484\">Profesor universitar<\/td>\n<\/tr>\n<tr>\n<td valign=\"top\" width=\"183\">Institu\u0163ia la care este titular<\/td>\n<td colspan=\"4\" valign=\"top\" width=\"484\">Universitatea Babes Bolyai<\/td>\n<\/tr>\n<tr>\n<td valign=\"top\" width=\"183\">Adresa de coresponden\u0163\u0103<\/td>\n<td colspan=\"4\" valign=\"top\" width=\"484\">Str. Kogalniceanu, nr 1, Cluj Napoca, 400 084<\/td>\n<\/tr>\n<tr>\n<td valign=\"top\" width=\"183\">E-mail<\/td>\n<td colspan=\"4\" valign=\"top\" width=\"484\"><a href=\"mailto:lauras@cs.ubbcluj.ro\">laura.diosan@ubbcluj.ro<\/a><\/td>\n<\/tr>\n<tr>\n<td colspan=\"5\" valign=\"top\" width=\"667\">&nbsp;<\/td>\n<\/tr>\n<tr>\n<td valign=\"top\" width=\"183\"><b>Studii<\/b><\/td>\n<td colspan=\"2\" valign=\"top\" width=\"275\"><b>Data absolvirii<\/b><\/td>\n<td colspan=\"2\" valign=\"top\" width=\"209\"><b>Institu\u0163ia<\/b><\/td>\n<\/tr>\n<tr>\n<td valign=\"top\" width=\"183\">Studii doctorale<\/td>\n<td colspan=\"2\" valign=\"top\" width=\"275\">16 octobrie 2008<\/td>\n<td colspan=\"2\" valign=\"top\" width=\"209\">Laboratoire Informatique, Traitement de l&#8217;Information et Systemes, Institute National des Sciences Appliquees si Facultatea de Matematica si Informatica, Universitatea Babes Bolyai, Cluj Napoca, Romania<\/td>\n<\/tr>\n<tr>\n<td valign=\"top\" width=\"183\">Studii de master<\/td>\n<td colspan=\"2\" valign=\"top\" width=\"275\">Iunie 2004<\/td>\n<td colspan=\"2\" valign=\"top\" width=\"209\">Facultatea de Stiinte Economice, Universitatea Babes Bolyai, Cluj Napoca, Romania<\/td>\n<\/tr>\n<tr>\n<td valign=\"top\" width=\"183\">Studii de licenta<\/td>\n<td colspan=\"2\" valign=\"top\" width=\"275\">Iunie 2004<\/td>\n<td colspan=\"2\" valign=\"top\" width=\"209\">Facultatea de Matematica si Informatica, Universitatea Babes Bolyai, Cluj Napoca, Romania<\/td>\n<\/tr>\n<tr>\n<td valign=\"top\" width=\"183\">Studii de licenta<\/td>\n<td colspan=\"2\" valign=\"top\" width=\"275\">Iunie 2003<\/td>\n<td colspan=\"2\" valign=\"top\" width=\"209\">Facultatea de Stiinte Economice, Universitatea Babes Bolyai, Cluj Napoca, Romania<\/td>\n<\/tr>\n<tr>\n<td valign=\"top\" width=\"183\"><b>Cariera didactic\u0103 \u2013Denumirea func\u0163iei didactice<\/b><\/td>\n<td valign=\"top\" width=\"105\"><b>Perioada<\/b><\/td>\n<td valign=\"top\" width=\"170\"><b>CalitateaTitular\/asociat<\/b><\/td>\n<td colspan=\"2\" valign=\"top\" width=\"209\"><b>Institu\u0163ia de \u00eenv\u0103\u0163\u0103m\u00e2nt<\/b><\/td>\n<\/tr>\n<tr>\n<td valign=\"top\" width=\"183\">profesor<\/td>\n<td valign=\"top\" width=\"105\">1 martie 2017 \u2013 present<\/td>\n<td valign=\"top\" width=\"170\">titular<\/td>\n<td colspan=\"2\" valign=\"top\" width=\"209\">Facultatea de Matematica si Informatica, Universitatea<\/td>\n<\/tr>\n<tr>\n<td valign=\"top\" width=\"183\">conferen\u0163iar<\/td>\n<td valign=\"top\" width=\"105\">1 aprilie 2013 \u2013 28 februarie 2017<\/td>\n<td valign=\"top\" width=\"170\">titular<\/td>\n<td colspan=\"2\" valign=\"top\" width=\"209\">Facultatea de Matematica si Informatica, Universitatea Babes Bolyai, Cluj Napoca, Romania<\/td>\n<\/tr>\n<tr>\n<td valign=\"top\" width=\"183\">lector<\/td>\n<td valign=\"top\" width=\"105\">1 octombrie 2009 \u2013 31 martie 2013<\/td>\n<td valign=\"top\" width=\"170\">titular<\/td>\n<td colspan=\"2\" valign=\"top\" width=\"209\">Facultatea de Matematica si Informatica, Universitatea Babes Bolyai, Cluj Napoca, Romania<\/td>\n<\/tr>\n<tr>\n<td valign=\"top\" width=\"183\">asistent<\/td>\n<td valign=\"top\" width=\"105\">1 octombrie 2007 \u2013 1 octombrie 2009<\/td>\n<td valign=\"top\" width=\"170\">titular<\/td>\n<td colspan=\"2\" valign=\"top\" width=\"209\">Facultatea de Matematica si Informatica, Universitatea Babes Bolyai, Cluj Napoca, Romania<\/td>\n<\/tr>\n<tr>\n<td valign=\"top\" width=\"183\">doctorand<\/td>\n<td valign=\"top\" width=\"105\">1 octombrie 2004 \u2013 30 septembrie 2007<\/td>\n<td valign=\"top\" width=\"170\">titular<\/td>\n<td colspan=\"2\" valign=\"top\" width=\"209\">Facultatea de Matematica si Informatica, Universitatea Babes Bolyai, Cluj Napoca, Romania<\/td>\n<\/tr>\n<\/tbody>\n<\/table>\n","protected":false},"excerpt":{"rendered":"<p>Curriculum vitae link Numele \u015fi prenumele Diosan Laura Silvia Func\u0163ia didactic\u0103 actual\u0103 Profesor universitar Institu\u0163ia la care este titular Universitatea Babes Bolyai Adresa de coresponden\u0163\u0103 Str. Kogalniceanu, nr 1, Cluj Napoca, 400 084 E-mail laura.diosan@ubbcluj.ro &nbsp; Studii Data absolvirii Institu\u0163ia Studii doctorale 16 octobrie 2008 Laboratoire Informatique, Traitement de l&#8217;Information et Systemes, Institute National des [&hellip;]<\/p>\n","protected":false},"author":1,"featured_media":0,"parent":0,"menu_order":1,"comment_status":"closed","ping_status":"closed","template":"","meta":[],"_links":{"self":[{"href":"https:\/\/www.cs.ubbcluj.ro\/~lauras\/wp-json\/wp\/v2\/pages\/4"}],"collection":[{"href":"https:\/\/www.cs.ubbcluj.ro\/~lauras\/wp-json\/wp\/v2\/pages"}],"about":[{"href":"https:\/\/www.cs.ubbcluj.ro\/~lauras\/wp-json\/wp\/v2\/types\/page"}],"author":[{"embeddable":true,"href":"https:\/\/www.cs.ubbcluj.ro\/~lauras\/wp-json\/wp\/v2\/users\/1"}],"replies":[{"embeddable":true,"href":"https:\/\/www.cs.ubbcluj.ro\/~lauras\/wp-json\/wp\/v2\/comments?post=4"}],"version-history":[{"count":19,"href":"https:\/\/www.cs.ubbcluj.ro\/~lauras\/wp-json\/wp\/v2\/pages\/4\/revisions"}],"predecessor-version":[{"id":1777,"href":"https:\/\/www.cs.ubbcluj.ro\/~lauras\/wp-json\/wp\/v2\/pages\/4\/revisions\/1777"}],"wp:attachment":[{"href":"https:\/\/www.cs.ubbcluj.ro\/~lauras\/wp-json\/wp\/v2\/media?parent=4"}],"curies":[{"name":"wp","href":"https:\/\/api.w.org\/{rel}","templated":true}]}}