{"id":32,"date":"2013-06-13T19:39:12","date_gmt":"2013-06-13T19:39:12","guid":{"rendered":"http:\/\/www.cs.ubbcluj.ro\/~lauras\/test\/?page_id=32"},"modified":"2015-09-28T07:33:28","modified_gmt":"2015-09-28T07:33:28","slug":"all-years","status":"publish","type":"page","link":"https:\/\/www.cs.ubbcluj.ro\/~lauras\/research\/all-years\/","title":{"rendered":"All years"},"content":{"rendered":"<p>2014-2015<\/p>\n<ul>\n<li><span style=\"line-height: 13px;\">sem 1<\/span><\/li>\n<li>sem 2\n<ul>\n<li>Inteligenta artificiala &#8211; <a href=\"http:\/\/www.cs.ubbcluj.ro\/~lauras\/test\/docs\/school\/IA\/2014-2015\/\" target=\"_blank\">link<\/a><\/li>\n<\/ul>\n<\/li>\n<\/ul>\n<p>2013-2014<\/p>\n<ul>\n<li><span style=\"line-height: 13px;\">sem 1<\/span>\n<ul>\n<li>Fundamentele programarii &#8211;\u00a0<a href=\"http:\/\/www.cs.ubbcluj.ro\/~lauras\/test\/docs\/school\/FP\/2013-2014\/\" target=\"_blank\">link<\/a><\/li>\n<\/ul>\n<\/li>\n<li>sem 2\n<ul>\n<li>Inteligenta artificiala &#8211; <a href=\"http:\/\/www.cs.ubbcluj.ro\/~lauras\/test\/docs\/school\/IA\/2013-2014\/\" target=\"_blank\">link<\/a><\/li>\n<li>Metode inteligente de rezolvare a problemelor reale\u00a0&#8211;\u00a0<a href=\"http:\/\/www.cs.ubbcluj.ro\/~lauras\/test\/docs\/school\/MIRPR\/2013-2014\/\" target=\"_blank\">link<\/a><\/li>\n<\/ul>\n<\/li>\n<\/ul>\n<p>2012-2013<\/p>\n<ul>\n<li>sem 2\n<ul>\n<li>Inteligen\u0163\u0103 artificial\u0103 &#8211; <a href=\"http:\/\/www.cs.ubbcluj.ro\/~lauras\/test\/docs\/school\/IA\/default.html\" target=\"_blank\">link<\/a><\/li>\n<li>Metode inteligente de rezolvare a problemelor reale\u00a0\u00a0&#8211;\u00a0<a href=\"http:\/\/www.cs.ubbcluj.ro\/~lauras\/test\/docs\/school\/MIRPR\/mirpr2013.htm\" target=\"_blank\">link<\/a><\/li>\n<li>Programare orientat\u0103 obiect &#8211; <a href=\"http:\/\/www.cs.ubbcluj.ro\/~lauras\/test\/docs\/school\/oop\/2013\/\" target=\"_blank\">link<\/a><\/li>\n<li>Proiect colectiv\u00a0&#8211;\u00a0<a href=\"http:\/\/www.cs.ubbcluj.ro\/~lauras\/test\/docs\/school\/ProiectColectiv\/pc2013.htm\" target=\"_blank\">link<\/a><\/li>\n<\/ul>\n<\/li>\n<li>sem 1\n<ul>\n<li>Fundamentele programarii<\/li>\n<li>Metode avansate de programare<\/li>\n<li>Proiect individual<\/li>\n<\/ul>\n<\/li>\n<\/ul>\n","protected":false},"excerpt":{"rendered":"<p>2014-2015 sem 1 sem 2 Inteligenta artificiala &#8211; link 2013-2014 sem 1 Fundamentele programarii &#8211;\u00a0link sem 2 Inteligenta artificiala &#8211; link Metode inteligente de rezolvare a problemelor reale\u00a0&#8211;\u00a0link 2012-2013 sem 2 Inteligen\u0163\u0103 artificial\u0103 &#8211; link Metode inteligente de rezolvare a problemelor reale\u00a0\u00a0&#8211;\u00a0link Programare orientat\u0103 obiect &#8211; link Proiect colectiv\u00a0&#8211;\u00a0link sem 1 Fundamentele programarii Metode avansate [&hellip;]<\/p>\n","protected":false},"author":1,"featured_media":0,"parent":11,"menu_order":1,"comment_status":"closed","ping_status":"closed","template":"","meta":[],"_links":{"self":[{"href":"https:\/\/www.cs.ubbcluj.ro\/~lauras\/wp-json\/wp\/v2\/pages\/32"}],"collection":[{"href":"https:\/\/www.cs.ubbcluj.ro\/~lauras\/wp-json\/wp\/v2\/pages"}],"about":[{"href":"https:\/\/www.cs.ubbcluj.ro\/~lauras\/wp-json\/wp\/v2\/types\/page"}],"author":[{"embeddable":true,"href":"https:\/\/www.cs.ubbcluj.ro\/~lauras\/wp-json\/wp\/v2\/users\/1"}],"replies":[{"embeddable":true,"href":"https:\/\/www.cs.ubbcluj.ro\/~lauras\/wp-json\/wp\/v2\/comments?post=32"}],"version-history":[{"count":11,"href":"https:\/\/www.cs.ubbcluj.ro\/~lauras\/wp-json\/wp\/v2\/pages\/32\/revisions"}],"predecessor-version":[{"id":595,"href":"https:\/\/www.cs.ubbcluj.ro\/~lauras\/wp-json\/wp\/v2\/pages\/32\/revisions\/595"}],"up":[{"embeddable":true,"href":"https:\/\/www.cs.ubbcluj.ro\/~lauras\/wp-json\/wp\/v2\/pages\/11"}],"wp:attachment":[{"href":"https:\/\/www.cs.ubbcluj.ro\/~lauras\/wp-json\/wp\/v2\/media?parent=32"}],"curies":[{"name":"wp","href":"https:\/\/api.w.org\/{rel}","templated":true}]}}