{"id":1083,"date":"2019-02-18T12:37:24","date_gmt":"2019-02-18T12:37:24","guid":{"rendered":"http:\/\/www.cs.ubbcluj.ro\/~lauras\/test\/?page_id=1083"},"modified":"2019-09-25T07:59:34","modified_gmt":"2019-09-25T07:59:34","slug":"programare-orientata-obiect-2","status":"publish","type":"page","link":"https:\/\/www.cs.ubbcluj.ro\/~lauras\/research\/all-years\/programare-orientata-obiect-2\/","title":{"rendered":"Programare orientat\u0103 obiect 2018-2019"},"content":{"rendered":"<p><span style=\"color: #ff0000;\"><strong>Anunturi:<\/strong><\/span><\/p>\n<p><span style=\"color: #ff0000;\"><strong>Examenul in sesiunea de restante se desfasoara miercuri, 10 iulie, astfel:<\/strong><\/span><\/p>\n<ul>\n<li>scris: ora 8, sala C335<\/li>\n<li>practic: ora 10, sala C308<\/li>\n<\/ul>\n<p><strong><span style=\"color: #ff0000;\">Examenul scris se va desfasura in <\/span><\/strong><\/p>\n<ul>\n<li><strong><span style=\"color: #ff0000;\">10 iunie 2019 ora 8 in sala C335<\/span><\/strong><\/li>\n<li><strong><span style=\"color: #ff0000;\">11 iunie 2019 ora 11 in sala C335 (atentie ca toate grupele MI sunt planificate de la ora 11)<\/span><\/strong><\/li>\n<\/ul>\n<p><span style=\"color: #ff0000;\"><strong>Studentii restantieri pot participa la activitatile de laborator (cu grupele studentilor de anul 1) in limita a maxim 7 studenti\/semigrupa.<\/strong><\/span><\/p>\n<p><span style=\"color: #ff0000;\"><strong>\u00cen sesiunea de restan\u021be se vor putea (re)sus\u021bine proba scris\u0103 \u0219i proba practic\u0103 (chiar \u0219i \u00een cazul unei medii mai mici decat 5 pentru laboratoarele predate de-a lungul semestrului &#8211; Labor \u00een formula de calcul a notei finale). \u00cen sesiunea de restan\u021be nu se pot preda laboratoare.<\/strong><\/span><\/p>\n<p><strong><span style=\"color: #ff0000;\">Studen\u021bii restan\u021bieri de anul 3 vor sus\u021bine proba practic\u0103 \u00een s\u0103pt\u0103m\u00e2na 14 de \u0219coal\u0103 (laboratorul 14, 3-7 iunie 2019).<\/span><\/strong><\/p>\n<p>&nbsp;<\/p>\n<div style=\"display: none;\">\n<p><strong><span style=\"color: #ff0000;\">Laboratorul de OOP al semigrupei 313\/1 de vineri 26 aprilie (optional\u00a0fiind Vinerea Mare zi libera) orele 8-10 sala Phi se va desfasura in data\u00a0de marti 7 mai orele 10-12 in sala 338.<\/span><\/strong><strong><span style=\"color: #ff0000;\">Laboratorul de OOP al semigrupei 314\/1 de joi 25 aprilie orele 8-10 sala\u00a0Lambda se va desfasura marti 7 mai orele 12-14 in sala 339.<\/span><\/strong><\/p>\n<p><strong><span style=\"color: #ff0000;\">Laboratorul de OOP al semigrupei 314\/2 de joi 25 aprilie orele 10-12 sala\u00a0Lambda se va desfasura miercuri 8 mai orele 16-18 in sala Gamma.<\/span><\/strong><\/p>\n<p><strong><span style=\"color: #ff0000;\">Laboratorul semi-grupei 314\/1 de joi 18 aprilie orele 8-10 sala Lambda se va desfasura\u00a0<\/span><\/strong><strong><span style=\"color: #ff0000;\">joi 18 aprilie orele 14-16 in sala Theta.<\/span><\/strong><span style=\"color: #ff0000;\"><strong>Laboratorul semigrupei 311\/1 de marti, 16 aprilie orele 12-14 se va desfasura marti, 16 aprilie orele 10-12 in sala L402.<\/strong><\/span><span style=\"color: #ff0000;\"><strong>Laboratorul semigrupei 313\/1 de vineri 12 aprilie orele 8-10 sala phi se\u00a0va desfasura joi 4 aprilie orele 17-19 in sala A323<\/strong><\/span><span style=\"color: #ff0000;\"><strong>Laboratorul semigrupei 314\/2 de joi 11 aprilie orele 10-12 sala Lambda se va desfasura\u00a0miercuri 3 aprilie orele 16-18 in sala Gamma.<\/strong><\/span><\/p>\n<p><span style=\"color: #ff0000;\"><strong>Laboratorul semigrupei 314\/1 de joi 11 aprilie orele 8-10 sala Lambda se va desfasura\u00a0joi 4 aprilie orele 14-16 in sala Theta.<\/strong><\/span><\/p>\n<p><span style=\"color: #ff0000;\"><strong>Seminarul grupei 312 de luni 8 aprilie orele 16-18 sala A312 se va desfasura marti 2 aprilie orele 10-12 sala C310.<\/strong><\/span><span style=\"color: #ff0000;\">Laboratorul grupei 313\/1 de vineri 22 martie orele 8-10 sala phi se\u00a0va desfasura joi 21 martie orele 18-20 in sala Lambda<\/span><span style=\"color: #ff0000;\"><strong>Laboratorul grupei 312\/2 din data de 28 martie se va desfasura in 25 martie\u00a0 de la 18 la 20 in sala L001<\/strong><\/span><\/p>\n<p><span style=\"color: #ff0000;\"><strong>Laboratorul grupei 313\/2 din data de 28 martie se va desfasura in 29 martie\u00a0 de la 16 la 18 in sala L306<\/strong><\/span><\/p>\n<\/div>\n<p><strong>Echipa<\/strong>: Iulian Benta, Laura Diosan, Vlad Ionescu, Liliana Moldovan, Mircea Suceveanu<\/p>\n<p><strong>Reguli\u00a0<\/strong><a href=\"http:\/\/www.cs.ubbcluj.ro\/~lauras\/test\/docs\/school\/oop\/2018-2019\/rules.pdf\" target=\"_blank\" rel=\"noopener\">pdf<\/a><\/p>\n<p><strong>Proiecte\u00a0<\/strong><a href=\"http:\/\/www.cs.ubbcluj.ro\/~lauras\/test\/docs\/school\/oop\/2018-2019\/labs\/projects.pdf\" target=\"_blank\" rel=\"noopener\">pdf\u00a0<\/a><a href=\"http:\/\/www.cs.ubbcluj.ro\/~lauras\/test\/docs\/school\/oop\/2018-2019\/labs\/projectGuide.pdf\" target=\"_blank\" rel=\"noopener\">projectGuide<\/a><\/p>\n<p><strong>Situatie<\/strong> <a href=\"https:\/\/docs.google.com\/spreadsheets\/d\/17noxnr_HQDp5ak7IHEWn3O3t62t2mresoNHc2VrB3qA\/edit?usp=sharing\" target=\"_blank\" rel=\"noopener\">link<\/a><\/p>\n<table border=\"1\" cellspacing=\"0\" cellpadding=\"0\">\n<tbody>\n<tr>\n<td valign=\"center\" width=\"83\">\n<p align=\"center\">Saptamana<\/p>\n<\/td>\n<td valign=\"center\" width=\"300\">\n<p align=\"center\">Curs<\/p>\n<\/td>\n<td valign=\"center\" width=\"100\">\n<p align=\"center\">Seminar<\/p>\n<\/td>\n<td valign=\"center\" width=\"154\">\n<p align=\"center\">Laborator<\/p>\n<\/td>\n<\/tr>\n<tr>\n<td valign=\"center\" width=\"83\">\n<p align=\"center\">S1<\/p>\n<\/td>\n<td valign=\"center\" width=\"142\">Introducere\u00a0<a href=\"http:\/\/www.cs.ubbcluj.ro\/~lauras\/test\/docs\/school\/oop\/2018-2019\/lectures\/curs00.pdf\" target=\"_blank\" rel=\"noopener\">pdf<\/a><br \/>\nC++\u00a0<a href=\"http:\/\/www.cs.ubbcluj.ro\/~lauras\/test\/docs\/school\/oop\/2018-2019\/lectures\/curs01.pdf\" target=\"_blank\" rel=\"noopener\">pdf<\/a><\/td>\n<td rowspan=\"2\" width=\"227\">\n<p align=\"center\">Seminar 1\u00a0<a href=\"http:\/\/www.cs.ubbcluj.ro\/~lauras\/test\/docs\/school\/oop\/2018-2019\/sems\/sem01.pdf\" target=\"_blank\" rel=\"noopener\">pdf<\/a><\/p>\n<\/td>\n<td valign=\"center\" width=\"154\">Lab 1\u00a0<a href=\"http:\/\/www.cs.ubbcluj.ro\/~lauras\/test\/docs\/school\/oop\/2018-2019\/labs\/lab01.pdf\" target=\"_blank\" rel=\"noopener\">pdf<\/a><\/td>\n<\/tr>\n<tr>\n<td valign=\"center\" width=\"83\">\n<p align=\"center\">S2<\/p>\n<\/td>\n<td valign=\"center\" width=\"142\">C++ <a href=\"http:\/\/www.cs.ubbcluj.ro\/~lauras\/test\/docs\/school\/oop\/2018-2019\/lectures\/curs02.pdf\" target=\"_blank\" rel=\"noopener\">pdf<\/a>\u00a0\u00a0<a href=\"http:\/\/www.cs.ubbcluj.ro\/~lauras\/test\/docs\/school\/oop\/2018-2019\/lectures\/02.ZIP\" target=\"_blank\" rel=\"noopener\">ex<\/a><\/p>\n<p>Fisiere &amp; Clase\u00a0<a href=\"http:\/\/www.cs.ubbcluj.ro\/~lauras\/test\/docs\/school\/oop\/2018-2019\/lectures\/curs03.pdf\" target=\"_blank\" rel=\"noopener\">pdf<\/a>\u00a0\u00a0<a href=\"http:\/\/www.cs.ubbcluj.ro\/~lauras\/test\/docs\/school\/oop\/2018-2019\/lectures\/03.ZIP\" target=\"_blank\" rel=\"noopener\">ex<\/a><\/td>\n<td rowspan=\"2\" valign=\"center\" width=\"154\">Lab 2 &#8211; 3\u00a0<a href=\"http:\/\/www.cs.ubbcluj.ro\/~lauras\/test\/docs\/school\/oop\/2018-2019\/labs\/lab02.pdf\" target=\"_blank\" rel=\"noopener\">pdf<\/a><\/td>\n<\/tr>\n<tr>\n<td valign=\"center\" width=\"83\">\n<p align=\"center\">S3<\/p>\n<\/td>\n<td valign=\"center\" width=\"142\">\n<p style=\"text-align: left;\" align=\"center\"><span style=\"font-family: inherit; font-size: inherit;\">Friend &amp; Overloading\u00a0<\/span><a style=\"font-family: inherit; font-size: inherit;\" href=\"http:\/\/www.cs.ubbcluj.ro\/~lauras\/test\/docs\/school\/oop\/2018-2019\/lectures\/curs04.pdf\" target=\"_blank\" rel=\"noopener\">pdf<\/a><span style=\"font-family: inherit; font-size: inherit;\">\u00a0\u00a0<\/span><a style=\"font-family: inherit; font-size: inherit;\" href=\"http:\/\/www.cs.ubbcluj.ro\/~lauras\/test\/docs\/school\/oop\/2018-2019\/lectures\/04.ZIP\" target=\"_blank\" rel=\"noopener\">ex<\/a><\/p>\n<\/td>\n<td rowspan=\"2\" width=\"227\">\n<p align=\"center\">Seminar 2\u00a0<a href=\"http:\/\/www.cs.ubbcluj.ro\/~lauras\/test\/docs\/school\/oop\/2018-2019\/sems\/sem02.pdf\" target=\"_blank\" rel=\"noopener\">pdf<\/a><\/p>\n<\/td>\n<\/tr>\n<tr>\n<td style=\"text-align: center;\" valign=\"center\" width=\"83\">S4<\/td>\n<td valign=\"center\" width=\"142\">Template\u00a0<a href=\"http:\/\/www.cs.ubbcluj.ro\/~lauras\/test\/docs\/school\/oop\/2018-2019\/lectures\/curs05.pdf\" target=\"_blank\" rel=\"noopener\">pdf<\/a>\u00a0\u00a0<a href=\"http:\/\/www.cs.ubbcluj.ro\/~lauras\/test\/docs\/school\/oop\/2018-2019\/lectures\/05.ZIP\" target=\"_blank\" rel=\"noopener\">ex<\/a><\/td>\n<td valign=\"center\" width=\"154\">Test 1<\/td>\n<\/tr>\n<tr>\n<td valign=\"center\" width=\"83\">\n<p align=\"center\">S5<\/p>\n<\/td>\n<td valign=\"center\" width=\"142\">STL\u00a0<a href=\"http:\/\/www.cs.ubbcluj.ro\/~lauras\/test\/docs\/school\/oop\/2018-2019\/lectures\/curs06.pdf\" target=\"_blank\" rel=\"noopener\">pdf<\/a>\u00a0\u00a0<a href=\"http:\/\/www.cs.ubbcluj.ro\/~lauras\/test\/docs\/school\/oop\/2018-2019\/lectures\/06.ZIP\" target=\"_blank\" rel=\"noopener\">ex<\/a><\/td>\n<td rowspan=\"2\" valign=\"bottom\" width=\"227\">\n<p align=\"center\">Seminar 3\u00a0<a href=\"http:\/\/www.cs.ubbcluj.ro\/~lauras\/test\/docs\/school\/oop\/2018-2019\/sems\/sem03.pdf\" target=\"_blank\" rel=\"noopener\">pdf<\/a><\/p>\n<\/td>\n<td rowspan=\"2\" valign=\"center\" width=\"154\">Lab 5 &#8211; 6\u00a0<a href=\"http:\/\/www.cs.ubbcluj.ro\/~lauras\/test\/docs\/school\/oop\/2018-2019\/labs\/lab05.pdf\" target=\"_blank\" rel=\"noopener\">pdf<\/a><\/td>\n<\/tr>\n<tr>\n<td valign=\"center\" width=\"83\">\n<p align=\"center\">S6<\/p>\n<\/td>\n<td valign=\"center\" width=\"142\">\u00a0Mostenire\u00a0<a href=\"http:\/\/www.cs.ubbcluj.ro\/~lauras\/test\/docs\/school\/oop\/2018-2019\/lectures\/curs07.pdf\" target=\"_blank\" rel=\"noopener\">pdf\u00a0\u00a0\u00a0<\/a><a href=\"http:\/\/www.cs.ubbcluj.ro\/~lauras\/test\/docs\/school\/oop\/2018-2019\/lectures\/07.ZIP\" target=\"_blank\" rel=\"noopener\">ex<\/a><\/td>\n<\/tr>\n<tr>\n<td valign=\"center\" width=\"83\">\n<p align=\"center\">S7<\/p>\n<\/td>\n<td valign=\"center\" width=\"142\">Clase abstracte\u00a0\u00a0<a href=\"http:\/\/www.cs.ubbcluj.ro\/~lauras\/test\/docs\/school\/oop\/2018-2019\/lectures\/curs08.pdf\" target=\"_blank\" rel=\"noopener\">pdf\u00a0\u00a0\u00a0<\/a><a href=\"http:\/\/www.cs.ubbcluj.ro\/~lauras\/test\/docs\/school\/oop\/2018-2019\/lectures\/08.ZIP\" target=\"_blank\" rel=\"noopener\">ex<\/a><\/td>\n<td rowspan=\"2\" width=\"227\">\n<p align=\"center\">Seminar 4\u00a0<a href=\"http:\/\/www.cs.ubbcluj.ro\/~lauras\/test\/docs\/school\/oop\/2018-2019\/sems\/sem04.pdf\" target=\"_blank\" rel=\"noopener\">pdf<\/a><\/p>\n<\/td>\n<td rowspan=\"2\" valign=\"center\" width=\"154\">Lab 7 &#8211; 8\u00a0\u00a0<a href=\"http:\/\/www.cs.ubbcluj.ro\/~lauras\/test\/docs\/school\/oop\/2018-2019\/labs\/lab07.pdf\" target=\"_blank\" rel=\"noopener\">pdf<\/a><\/td>\n<\/tr>\n<tr>\n<td valign=\"center\" width=\"83\">\n<p align=\"center\">S8<\/p>\n<\/td>\n<td valign=\"center\" width=\"142\">\u00a0Interfete, Exceptii, Spatii de nume\u00a0\u00a0\u00a0<a href=\"http:\/\/www.cs.ubbcluj.ro\/~lauras\/test\/docs\/school\/oop\/2018-2019\/lectures\/curs09.pdf\" target=\"_blank\" rel=\"noopener\">pdf\u00a0\u00a0\u00a0<\/a><a href=\"http:\/\/www.cs.ubbcluj.ro\/~lauras\/test\/docs\/school\/oop\/2018-2019\/lectures\/09.ZIP\" target=\"_blank\" rel=\"noopener\">ex<\/a><\/td>\n<\/tr>\n<tr>\n<td valign=\"center\" width=\"83\">\n<p align=\"center\">S9<\/p>\n<\/td>\n<td valign=\"center\" width=\"142\">\u00a0\u00a0\u00a0<a href=\"http:\/\/www.cs.ubbcluj.ro\/~lauras\/test\/docs\/school\/oop\/2018-2019\/lectures\/10.ZIP\" target=\"_blank\" rel=\"noopener\">ex<\/a><\/td>\n<td rowspan=\"2\" width=\"227\">\n<p align=\"center\">Seminar 5\u00a0<a href=\"http:\/\/www.cs.ubbcluj.ro\/~lauras\/test\/docs\/school\/oop\/2018-2019\/sems\/sem05.pdf\" target=\"_blank\" rel=\"noopener\">pdf<\/a><\/p>\n<\/td>\n<td valign=\"center\" width=\"154\">\u00a0Lab 9 &#8211; 10\u00a0<a href=\"http:\/\/www.cs.ubbcluj.ro\/~lauras\/test\/docs\/school\/oop\/2018-2019\/labs\/lab09.pdf\" target=\"_blank\" rel=\"noopener\">pdf<\/a><\/td>\n<\/tr>\n<tr>\n<td valign=\"center\" width=\"83\">\n<p align=\"center\">S10<\/p>\n<\/td>\n<td valign=\"center\" width=\"142\">\u00a0\u00a0\u00a0<a href=\"http:\/\/www.cs.ubbcluj.ro\/~lauras\/test\/docs\/school\/oop\/2018-2019\/lectures\/10_doctor.zip\" target=\"_blank\" rel=\"noopener\">ex<\/a><\/td>\n<td valign=\"center\" width=\"154\">Test 2<\/td>\n<\/tr>\n<tr>\n<td valign=\"center\" width=\"83\">\n<p align=\"center\">S11<\/p>\n<\/td>\n<td valign=\"center\" width=\"142\">Design Patterns\u00a0\u00a0<a href=\"http:\/\/www.cs.ubbcluj.ro\/~lauras\/test\/docs\/school\/oop\/2018-2019\/lectures\/curs10.pdf\" target=\"_blank\" rel=\"noopener\">pdf<\/a><\/td>\n<td rowspan=\"2\" width=\"227\">\n<p align=\"center\">Seminar 6\u00a0<a href=\"http:\/\/www.cs.ubbcluj.ro\/~lauras\/test\/docs\/school\/oop\/2018-2019\/sems\/sem06.pdf\" target=\"_blank\" rel=\"noopener\">pdf<\/a><\/p>\n<\/td>\n<td valign=\"center\" width=\"154\"><\/td>\n<\/tr>\n<tr>\n<td valign=\"center\" width=\"83\">\n<p align=\"center\">S12<\/p>\n<\/td>\n<td valign=\"center\" width=\"142\">GUI\u00a0\u00a0\u00a0<a href=\"http:\/\/www.cs.ubbcluj.ro\/~lauras\/test\/docs\/school\/oop\/2018-2019\/lectures\/curs11.pdf\" target=\"_blank\" rel=\"noopener\">pdf\u00a0 \u00a0<\/a><a href=\"http:\/\/www.cs.ubbcluj.ro\/~lauras\/test\/docs\/school\/oop\/2018-2019\/lectures\/curs11.pdf\" target=\"_blank\" rel=\"noopener\">\u00a0<\/a><a href=\"http:\/\/www.cs.ubbcluj.ro\/~lauras\/test\/docs\/school\/oop\/2018-2019\/lectures\/polyClassifier.zip\" target=\"_blank\" rel=\"noopener\">ex<\/a><a href=\"http:\/\/www.cs.ubbcluj.ro\/~lauras\/test\/docs\/school\/oop\/2018-2019\/lectures\/curs11.pdf\" target=\"_blank\" rel=\"noopener\">\u00a0 \u00a0\u00a0<\/a><a href=\"http:\/\/www.cs.ubbcluj.ro\/~lauras\/test\/docs\/school\/oop\/2018-2019\/lectures\/exQT.zip\" target=\"_blank\" rel=\"noopener\">ex<\/a><\/td>\n<td valign=\"center\" width=\"154\">\u00a0Lab 12\u00a0<a href=\"http:\/\/www.cs.ubbcluj.ro\/~lauras\/test\/docs\/school\/oop\/2018-2019\/labs\/lab12.pdf\" target=\"_blank\" rel=\"noopener\">pdf<\/a><\/td>\n<\/tr>\n<tr>\n<td valign=\"center\" width=\"83\">\n<p align=\"center\">S13<\/p>\n<\/td>\n<td valign=\"center\" width=\"142\">IO streams\u00a0\u00a0\u00a0<a href=\"http:\/\/www.cs.ubbcluj.ro\/~lauras\/test\/docs\/school\/oop\/2018-2019\/lectures\/curs12.pdf\" target=\"_blank\" rel=\"noopener\">pdf<\/a><\/td>\n<td rowspan=\"2\" width=\"227\">\n<p align=\"center\">Seminar 7\u00a0<a href=\"http:\/\/www.cs.ubbcluj.ro\/~lauras\/test\/docs\/school\/oop\/2018-2019\/sems\/sem07.pdf\" target=\"_blank\" rel=\"noopener\">pdf<\/a><\/p>\n<\/td>\n<td valign=\"center\" width=\"154\"><\/td>\n<\/tr>\n<tr>\n<td valign=\"center\" width=\"83\">\n<p align=\"center\">S14<\/p>\n<\/td>\n<td valign=\"center\" width=\"142\">\u00a0Recapitulare &amp; Prezentare proiecte<\/td>\n<td valign=\"center\" width=\"154\">Examen practic<\/td>\n<\/tr>\n<\/tbody>\n<\/table>\n<p>&nbsp;<\/p>\n<p>&nbsp;<\/p>\n<p>&nbsp;<\/p>\n","protected":false},"excerpt":{"rendered":"<p>Anunturi: Examenul in sesiunea de restante se desfasoara miercuri, 10 iulie, astfel: scris: ora 8, sala C335 practic: ora 10, sala C308 Examenul scris se va desfasura in 10 iunie 2019 ora 8 in sala C335 11 iunie 2019 ora 11 in sala C335 (atentie ca toate grupele MI sunt planificate de la ora 11) [&hellip;]<\/p>\n","protected":false},"author":1,"featured_media":0,"parent":32,"menu_order":8,"comment_status":"closed","ping_status":"closed","template":"","meta":[],"_links":{"self":[{"href":"https:\/\/www.cs.ubbcluj.ro\/~lauras\/wp-json\/wp\/v2\/pages\/1083"}],"collection":[{"href":"https:\/\/www.cs.ubbcluj.ro\/~lauras\/wp-json\/wp\/v2\/pages"}],"about":[{"href":"https:\/\/www.cs.ubbcluj.ro\/~lauras\/wp-json\/wp\/v2\/types\/page"}],"author":[{"embeddable":true,"href":"https:\/\/www.cs.ubbcluj.ro\/~lauras\/wp-json\/wp\/v2\/users\/1"}],"replies":[{"embeddable":true,"href":"https:\/\/www.cs.ubbcluj.ro\/~lauras\/wp-json\/wp\/v2\/comments?post=1083"}],"version-history":[{"count":42,"href":"https:\/\/www.cs.ubbcluj.ro\/~lauras\/wp-json\/wp\/v2\/pages\/1083\/revisions"}],"predecessor-version":[{"id":1189,"href":"https:\/\/www.cs.ubbcluj.ro\/~lauras\/wp-json\/wp\/v2\/pages\/1083\/revisions\/1189"}],"up":[{"embeddable":true,"href":"https:\/\/www.cs.ubbcluj.ro\/~lauras\/wp-json\/wp\/v2\/pages\/32"}],"wp:attachment":[{"href":"https:\/\/www.cs.ubbcluj.ro\/~lauras\/wp-json\/wp\/v2\/media?parent=1083"}],"curies":[{"name":"wp","href":"https:\/\/api.w.org\/{rel}","templated":true}]}}