{"id":9,"date":"2015-03-17T00:05:16","date_gmt":"2015-03-16T22:05:16","guid":{"rendered":"http:\/\/www.cs.ubbcluj.ro\/~hpcrg\/?page_id=9"},"modified":"2021-03-07T12:30:46","modified_gmt":"2021-03-07T10:30:46","slug":"colaborari","status":"publish","type":"page","link":"https:\/\/www.cs.ubbcluj.ro\/~hpcrg\/colaborari\/","title":{"rendered":"Colaborari"},"content":{"rendered":"<ul>\n<li>Prof. dr. Titus Beu , Facultatea de Fizica, UBB<\/li>\n<li>Prof. dr. Vasile Chis, Facultatea de Fizica, UBB<\/li>\n<li>Conf. dr. Horia Banciu, Facultatea de Biologie, UBB<\/li>\n<li>Prof. dr.  Fr\u00e9d\u00e9ric Loulergue, Laboratoire d&#8217;Informatique Fondamentale d&#8217;Orl\u00e9ans (LIFO)<br \/>\nD\u00e9partement Informatique, Facult\u00e9 des Sciences, Universit\u00e9 d&#8217;Orl\u00e9ans<\/li>\n<\/ul>\n","protected":false},"excerpt":{"rendered":"<p>Prof. dr. Titus Beu , Facultatea de Fizica, UBB Prof. dr. Vasile Chis, Facultatea de Fizica, UBB Conf. dr. Horia Banciu, Facultatea de Biologie, UBB Prof. dr. Fr\u00e9d\u00e9ric Loulergue, Laboratoire d&#8217;Informatique Fondamentale d&#8217;Orl\u00e9ans (LIFO) D\u00e9partement Informatique, Facult\u00e9 des Sciences, Universit\u00e9 d&#8217;Orl\u00e9ans<\/p>\n","protected":false},"author":2,"featured_media":0,"parent":0,"menu_order":0,"comment_status":"closed","ping_status":"closed","template":"","meta":[],"_links":{"self":[{"href":"https:\/\/www.cs.ubbcluj.ro\/~hpcrg\/wp-json\/wp\/v2\/pages\/9"}],"collection":[{"href":"https:\/\/www.cs.ubbcluj.ro\/~hpcrg\/wp-json\/wp\/v2\/pages"}],"about":[{"href":"https:\/\/www.cs.ubbcluj.ro\/~hpcrg\/wp-json\/wp\/v2\/types\/page"}],"author":[{"embeddable":true,"href":"https:\/\/www.cs.ubbcluj.ro\/~hpcrg\/wp-json\/wp\/v2\/users\/2"}],"replies":[{"embeddable":true,"href":"https:\/\/www.cs.ubbcluj.ro\/~hpcrg\/wp-json\/wp\/v2\/comments?post=9"}],"version-history":[{"count":6,"href":"https:\/\/www.cs.ubbcluj.ro\/~hpcrg\/wp-json\/wp\/v2\/pages\/9\/revisions"}],"predecessor-version":[{"id":60,"href":"https:\/\/www.cs.ubbcluj.ro\/~hpcrg\/wp-json\/wp\/v2\/pages\/9\/revisions\/60"}],"wp:attachment":[{"href":"https:\/\/www.cs.ubbcluj.ro\/~hpcrg\/wp-json\/wp\/v2\/media?parent=9"}],"curies":[{"name":"wp","href":"https:\/\/api.w.org\/{rel}","templated":true}]}}