{"id":6,"date":"2015-03-16T21:08:52","date_gmt":"2015-03-16T21:08:52","guid":{"rendered":"http:\/\/www.cs.ubbcluj.ro\/~hpcrg\/?page_id=6"},"modified":"2021-11-14T10:57:28","modified_gmt":"2021-11-14T08:57:28","slug":"membri","status":"publish","type":"page","link":"https:\/\/www.cs.ubbcluj.ro\/~hpcrg\/membri\/","title":{"rendered":"Membri"},"content":{"rendered":"<ul>\n<li>Conf. dr. Niculescu Virginia &#8211; coordonator<\/li>\n<li>Prof. dr. Gro\u015fan Teodor<\/li>\n<li>Prof. dr. P\u00e2rv Bazil<\/li>\n<li>Conf. dr. D\u0103r\u0103bant Adrian<\/li>\n<li>Conf. dr. Gro\u015fan Teodor<\/li>\n<li>Conf. dr. S\u0103carea Christian<\/li>\n<li>Conf. dr. Sterca Adrian<\/li>\n<li>Lect. dr. B\u0103dar\u00eenz\u0103 Ioan<\/li>\n<li>Lect. dr. Bufnea Darius<\/li>\n<li>Lect. dr. Ciuciu Ioana<\/li>\n<\/ul>\n","protected":false},"excerpt":{"rendered":"<p>Conf. dr. Niculescu Virginia &#8211; coordonator Prof. dr. Gro\u015fan Teodor Prof. dr. P\u00e2rv Bazil Conf. dr. D\u0103r\u0103bant Adrian Conf. dr. Gro\u015fan Teodor Conf. dr. S\u0103carea Christian Conf. dr. Sterca Adrian Lect. dr. B\u0103dar\u00eenz\u0103 Ioan Lect. dr. Bufnea Darius Lect. dr. Ciuciu Ioana<\/p>\n","protected":false},"author":2,"featured_media":0,"parent":0,"menu_order":0,"comment_status":"closed","ping_status":"closed","template":"","meta":[],"_links":{"self":[{"href":"https:\/\/www.cs.ubbcluj.ro\/~hpcrg\/wp-json\/wp\/v2\/pages\/6"}],"collection":[{"href":"https:\/\/www.cs.ubbcluj.ro\/~hpcrg\/wp-json\/wp\/v2\/pages"}],"about":[{"href":"https:\/\/www.cs.ubbcluj.ro\/~hpcrg\/wp-json\/wp\/v2\/types\/page"}],"author":[{"embeddable":true,"href":"https:\/\/www.cs.ubbcluj.ro\/~hpcrg\/wp-json\/wp\/v2\/users\/2"}],"replies":[{"embeddable":true,"href":"https:\/\/www.cs.ubbcluj.ro\/~hpcrg\/wp-json\/wp\/v2\/comments?post=6"}],"version-history":[{"count":7,"href":"https:\/\/www.cs.ubbcluj.ro\/~hpcrg\/wp-json\/wp\/v2\/pages\/6\/revisions"}],"predecessor-version":[{"id":63,"href":"https:\/\/www.cs.ubbcluj.ro\/~hpcrg\/wp-json\/wp\/v2\/pages\/6\/revisions\/63"}],"wp:attachment":[{"href":"https:\/\/www.cs.ubbcluj.ro\/~hpcrg\/wp-json\/wp\/v2\/media?parent=6"}],"curies":[{"name":"wp","href":"https:\/\/api.w.org\/{rel}","templated":true}]}}