{"id":18,"date":"2015-03-17T12:39:26","date_gmt":"2015-03-17T10:39:26","guid":{"rendered":"http:\/\/www.cs.ubbcluj.ro\/~hpcrg\/?page_id=18"},"modified":"2015-03-17T12:39:26","modified_gmt":"2015-03-17T10:39:26","slug":"directii-de-cercetare","status":"publish","type":"page","link":"https:\/\/www.cs.ubbcluj.ro\/~hpcrg\/","title":{"rendered":"Directii de cercetare"},"content":{"rendered":"<h2>Programare paralel\u0103 fundamental\u0103<\/h2>\n<p>Pentru asigurarea productivit\u0103\u0163ii \u015fi a fiabilit\u0103\u0163ii \u00een dezvoltarea aplica\u0163iilor paralele se impune folosirea unor modele cu nivel de abstractizare \u00eenalt, care s\u0103 asigure o dezvoltare simpl\u0103 \u015fi corect\u0103 prin construc\u0163ie a programelor paralele. Se are \u00een vedere realizarea unor framework-uri specifice care s\u0103 deserveasc\u0103 realiz\u0103rii unor implement\u0103ri eficiente \u015fi robuste ale unor modele rezultate din analiza unor domenii aplicative specifice. Merg\u00e2nd mai departe se va studia definirea \u015fi realizarea unor limbaje specifice (<em>Domain Specific Languages)<\/em> pentru domeniile eviden\u0163iate.<\/p>\n<h2>Optimizarea modelelor<\/h2>\n<p>At\u00e2t modelele matematice, dar mai ales modelele numerice \u015fi algoritmii de calcul paralel \u015fi distribuit necesit\u0103 optimizare pentru minimizarea resurselor folosite \u015fi diminuarea timpului de execu\u0163ie.<\/p>\n<h2>Simulare \u015fi Vizualizare<\/h2>\n<p>Simularea proceselor \u015fi fenomenelor necesit\u0103 rezolvarea unor calcule matematice complexe, ale c\u0103ror durat\u0103 se poate m\u0103sura uneori \u00een zile. Unele simul\u0103ri \u015fi mai ales vizualizarea rezultatelor, implic\u0103 \u015fi ele calcule algebrice masive care pot fi accelerate semnificativ rul\u00e2ndu-le pe platforme GPU. Simularea fenomenelor naturale poate impune \u015fi folosirea unor tehnici de <em>realitate virtuala, <\/em>direc\u0163ie de cercetare pe care grupul o prevede, de asemenea.<\/p>\n<h2>Procesare de imagini \u015fi realitate virtuala<\/h2>\n<p>Simul\u0103rile performante impun vizualiz\u0103ri cu grad ridicat de acurate\u0163e care presupun proces\u0103ri de imagine \u015fi de semnal (<em>multimedia streaming, multimedia processing<\/em>). Preluarea inputurilor \u00een timp real necesit\u0103 un control eficient al traficului \u00een re\u0163elele implicate (<em>network traffic control<\/em>).<\/p>\n<h2>Big Data Analytics<\/h2>\n<p>Se urm\u0103re\u015fte folosirea tehnicilor de tip data mining, tehnici din domeniul inteligen\u0163ei artificiale, tehnici de reg\u0103sire \u015fi clasificare a informa\u0163iei. Toate acestea se impun a fi \u00eembinate cu tehnici de procesare paralel\u0103 pentru st\u0103p\u00e2nirea complexit\u0103\u0163ii \u015fi ob\u0163inerea unui grad ridicat de performan\u0163\u0103.<\/p>\n<p>Pe aceste direc\u0163ii eviden\u0163iem urm\u0103toarele teme cercetare considerate:<\/p>\n<ul>\n<li>modelarea volumelor mari de date necesit\u0103 abord\u0103ri statistice, dar \u015fi abord\u0103ri ce privesc stocarea, accesarea \u015fi c\u0103utare rapid\u0103 a datelor. Acestea impun modele speciale de organizare a datelor stocate, algoritmi de c\u0103utare rapid\u0103, tehnici de analiza \u0219tiin\u021bific\u0103 a datelor \u015fi data mining.<\/li>\n<li>problema determin\u0103rii, proces\u0103rii \u015fi reprezent\u0103rii cuno\u015ftin\u0163elor din re\u0163ele de mare \u00eentindere; acestea necesit\u0103 capacit\u0103\u0163i computa\u0163ionale apreciabile precum \u015fi algoritmi eficien\u0163i, de \u00eenalt\u0103 performan\u0163\u0103.<\/li>\n<li>paralelizarea algoritmilor deja existen\u0163i, respectiv g\u0103sirea unor algoritmi noi pentru eficientizarea c\u0103ut\u0103rii \u015fi extragerii automate a cuno\u015ftin\u0163elor Ace\u015ftia sunt impu\u015fi de volumul extrem de mare de cuno\u015ftin\u0163e stocat \u00eentr-un set oarecare de date \u015fi complexit\u0103\u0163ii structurii acestor cuno\u015ftin\u0163e.<\/li>\n<li>\u00eembun\u0103t\u0103\u0163irea metodelor existente de reprezentare a cuno\u015ftin\u0163elor care s\u0103 devin\u0103 un suport pentru achizi\u021bionarea de noi cuno\u015ftin\u0163e, de luare a deciziilor sau de ra\u0163ionament \u00een cazul unui utilizator uman. \u00cen cazul seturilor foarte mari de date, conexiunile care se pot stabili intre cuno\u015ftin\u0163e este de asemenea foarte mare.<\/li>\n<\/ul>\n","protected":false},"excerpt":{"rendered":"<p>Programare paralel\u0103 fundamental\u0103 Pentru asigurarea productivit\u0103\u0163ii \u015fi a fiabilit\u0103\u0163ii \u00een dezvoltarea aplica\u0163iilor paralele se impune folosirea unor modele cu nivel de abstractizare \u00eenalt, care s\u0103 asigure o dezvoltare simpl\u0103 \u015fi corect\u0103 prin construc\u0163ie a programelor paralele. Se are \u00een vedere realizarea unor framework-uri specifice care s\u0103 deserveasc\u0103 realiz\u0103rii unor implement\u0103ri eficiente \u015fi robuste ale unor [&hellip;]<\/p>\n","protected":false},"author":2,"featured_media":0,"parent":0,"menu_order":0,"comment_status":"closed","ping_status":"closed","template":"","meta":[],"_links":{"self":[{"href":"https:\/\/www.cs.ubbcluj.ro\/~hpcrg\/wp-json\/wp\/v2\/pages\/18"}],"collection":[{"href":"https:\/\/www.cs.ubbcluj.ro\/~hpcrg\/wp-json\/wp\/v2\/pages"}],"about":[{"href":"https:\/\/www.cs.ubbcluj.ro\/~hpcrg\/wp-json\/wp\/v2\/types\/page"}],"author":[{"embeddable":true,"href":"https:\/\/www.cs.ubbcluj.ro\/~hpcrg\/wp-json\/wp\/v2\/users\/2"}],"replies":[{"embeddable":true,"href":"https:\/\/www.cs.ubbcluj.ro\/~hpcrg\/wp-json\/wp\/v2\/comments?post=18"}],"version-history":[{"count":1,"href":"https:\/\/www.cs.ubbcluj.ro\/~hpcrg\/wp-json\/wp\/v2\/pages\/18\/revisions"}],"predecessor-version":[{"id":19,"href":"https:\/\/www.cs.ubbcluj.ro\/~hpcrg\/wp-json\/wp\/v2\/pages\/18\/revisions\/19"}],"wp:attachment":[{"href":"https:\/\/www.cs.ubbcluj.ro\/~hpcrg\/wp-json\/wp\/v2\/media?parent=18"}],"curies":[{"name":"wp","href":"https:\/\/api.w.org\/{rel}","templated":true}]}}