{"id":339,"date":"2015-03-11T00:32:39","date_gmt":"2015-03-10T22:32:39","guid":{"rendered":"https:\/\/www.cs.ubbcluj.ro\/~bufny\/?page_id=339"},"modified":"2026-04-20T08:08:00","modified_gmt":"2026-04-20T05:08:00","slug":"laborator-jquery","status":"publish","type":"page","link":"https:\/\/www.cs.ubbcluj.ro\/~bufny\/programare-web\/laborator-jquery\/","title":{"rendered":"Programare Web: jQuery"},"content":{"rendered":"<h2>Lectura obligatorie<\/h2>\n<p>Lectur\u0103 obligatorie pentru s\u0103pt\u0103m\u00e2na 8 de \u015fcoala: <a href=\"http:\/\/www.w3schools.com\/jquery\/default.asp\" target=\"_blank\" rel=\"nofollow noopener noreferrer\">http:\/\/www.w3schools.com\/jquery\/default.asp<\/a>, toate sec\u0163iunile din st\u00e2nga, mai pu\u0163in sec\u0163iunea jQuery AJAX.<\/p>\n<h2>Cerinta de implementare<\/h2>\n<p>Enun\u0163ul laboratorului de jQuery este acelea\u015fi ca cel al laboratorului de JavaScript. Nu se vor folosi alte biblioteci de func\u0163ii, plugin-uri, etc \u00een afara de jQuery (jquery.min.js). Se cere o rezolvare a problemelor de la laboratorul de JavaScript \u00eens\u0103 c\u00e2t mai \u201ejQuery oriented\u201d (observa\u021bie: simpla \u00eenlocuire a func\u021biei Java Script <code>getElementById()<\/code> cu selectorul jQuery corespunz\u0103tor nu presupune rezolvarea laboratorului).<\/p>\n<p>\u00cen cadrul orelor de laborator pot fi enun\u021bate \u0219i cerin\u021be suplimentare fa\u021b\u0103 de cele enumerate mai sus. Pentru fiecare \u00eentrebare adresat\u0103 de cadrul didactic referitoare la codul surs\u0103 al rezolv\u0103rii la care studentul nu \u0219tie s\u0103 r\u0103spund\u0103, se vor sc\u0103dea 2 puncte din nota laboratorului.<\/p>\n","protected":false},"excerpt":{"rendered":"<p>Lectura obligatorie Lectur\u0103 obligatorie pentru s\u0103pt\u0103m\u00e2na 8 de \u015fcoala: http:\/\/www.w3schools.com\/jquery\/default.asp, toate sec\u0163iunile din st\u00e2nga, mai pu\u0163in sec\u0163iunea jQuery AJAX. Cerinta de implementare Enun\u0163ul laboratorului de jQuery este acelea\u015fi ca cel al laboratorului de JavaScript. Nu se vor folosi alte biblioteci&hellip; <a href=\"https:\/\/www.cs.ubbcluj.ro\/~bufny\/programare-web\/laborator-jquery\/\" class=\"more-link\">Continue Reading <span class=\"meta-nav\">&rarr;<\/span><\/a><\/p>\n","protected":false},"author":1,"featured_media":0,"parent":267,"menu_order":0,"comment_status":"closed","ping_status":"closed","template":"","meta":[],"_links":{"self":[{"href":"https:\/\/www.cs.ubbcluj.ro\/~bufny\/wp-json\/wp\/v2\/pages\/339"}],"collection":[{"href":"https:\/\/www.cs.ubbcluj.ro\/~bufny\/wp-json\/wp\/v2\/pages"}],"about":[{"href":"https:\/\/www.cs.ubbcluj.ro\/~bufny\/wp-json\/wp\/v2\/types\/page"}],"author":[{"embeddable":true,"href":"https:\/\/www.cs.ubbcluj.ro\/~bufny\/wp-json\/wp\/v2\/users\/1"}],"replies":[{"embeddable":true,"href":"https:\/\/www.cs.ubbcluj.ro\/~bufny\/wp-json\/wp\/v2\/comments?post=339"}],"version-history":[{"count":22,"href":"https:\/\/www.cs.ubbcluj.ro\/~bufny\/wp-json\/wp\/v2\/pages\/339\/revisions"}],"predecessor-version":[{"id":2620,"href":"https:\/\/www.cs.ubbcluj.ro\/~bufny\/wp-json\/wp\/v2\/pages\/339\/revisions\/2620"}],"up":[{"embeddable":true,"href":"https:\/\/www.cs.ubbcluj.ro\/~bufny\/wp-json\/wp\/v2\/pages\/267"}],"wp:attachment":[{"href":"https:\/\/www.cs.ubbcluj.ro\/~bufny\/wp-json\/wp\/v2\/media?parent=339"}],"curies":[{"name":"wp","href":"https:\/\/api.w.org\/{rel}","templated":true}]}}