{"id":2432,"date":"2023-11-01T09:56:15","date_gmt":"2023-11-01T07:56:15","guid":{"rendered":"https:\/\/www.cs.ubbcluj.ro\/~bufny\/?page_id=2432"},"modified":"2024-11-01T00:05:34","modified_gmt":"2024-10-31T22:05:34","slug":"lucrari-de-licenta-si-disertatie","status":"publish","type":"page","link":"https:\/\/www.cs.ubbcluj.ro\/~bufny\/lucrari-de-licenta-si-disertatie\/","title":{"rendered":"Lucr\u0103ri de licen\u021b\u0103 \u0219i diserta\u021bie"},"content":{"rendered":"<p>\u00cen principiu coordonez lucr\u0103ri din zona securit\u0103\u021bii cibernetice, re\u021belelor de calculatoare, sistemelor distribuite \u0219i a calculului de \u00eenalt\u0103 performan\u021b\u0103 (rog s\u0103 nu fiu contact pentru lucr\u0103ri din zona program\u0103rii\/tehnologiilor web). Studen\u021bii interesa\u021bi s\u0103 elaboreze o lucrare \u00een unul dintre aceste domenii sunt ruga\u021bi s\u0103-mi trimit\u0103 de pe adresele de e-mail oferite de facultate (@scs.ubbcluj.ro) sau universitate (@stud.ubbcluj.ro) un e-mail de inten\u021bie \u00een care s\u0103 motiveze interesul pentru domeniul \u00een care doresc s\u0103-\u0219i realizeze lucrarea de licen\u021b\u0103 \/ diserta\u021bie. Vor fi luate \u00een considerare e-mail-urile care respect\u0103 cerin\u021bele de mai sus, trimise \u00een fiecare an universitar dup\u0103 data ini\u021bial\u0103 de deschidere a platformei de lucr\u0103ri de licen\u021b\u0103 sau diserta\u021bie (a se consulta pagina facult\u0103\u021bii sau tutorele de grup\u0103 \/ specializare \u00een acest sens) \u00een limita locurilor stabilite de conducerea Departamentului de Informatic\u0103. Rog s\u0103 nu fiu contact pentru atribuirea de lucr\u0103ri de licen\u021b\u0103 sau diserta\u021bie pe Microsoft Teams. Disponibilitatea subsemnatului pentru a coordona lucr\u0103ri la o anumit\u0103 promo\u021bie este vizibil\u0103 \u00een <a href=\"https:\/\/www.cs.ubbcluj.ro\/apps\/lucrari\/\" target=\"_blank\" rel=\"noopener\">aplica\u021bia de gestiune a lucr\u0103rilor de licen\u021b\u0103 \u0219i diserta\u021bie<\/a> (autentificarea studen\u021bilor se face cu adresa de e-mail oferit\u0103 de facultate @scs.ubbcluj.ro \u0219i parola aferent\u0103).<\/p>\n<p>Later edit: Rog a nu se folosi ChatGPT sau instrumente similare pentru compunerea e-mail-urilor de inten\u021bie :).<\/p>\n","protected":false},"excerpt":{"rendered":"<p>\u00cen principiu coordonez lucr\u0103ri din zona securit\u0103\u021bii cibernetice, re\u021belelor de calculatoare, sistemelor distribuite \u0219i a calculului de \u00eenalt\u0103 performan\u021b\u0103 (rog s\u0103 nu fiu contact pentru lucr\u0103ri din zona program\u0103rii\/tehnologiilor web). Studen\u021bii interesa\u021bi s\u0103 elaboreze o lucrare \u00een unul dintre aceste&hellip; <a href=\"https:\/\/www.cs.ubbcluj.ro\/~bufny\/lucrari-de-licenta-si-disertatie\/\" class=\"more-link\">Continue Reading <span class=\"meta-nav\">&rarr;<\/span><\/a><\/p>\n","protected":false},"author":1,"featured_media":0,"parent":0,"menu_order":0,"comment_status":"closed","ping_status":"closed","template":"","meta":[],"_links":{"self":[{"href":"https:\/\/www.cs.ubbcluj.ro\/~bufny\/wp-json\/wp\/v2\/pages\/2432"}],"collection":[{"href":"https:\/\/www.cs.ubbcluj.ro\/~bufny\/wp-json\/wp\/v2\/pages"}],"about":[{"href":"https:\/\/www.cs.ubbcluj.ro\/~bufny\/wp-json\/wp\/v2\/types\/page"}],"author":[{"embeddable":true,"href":"https:\/\/www.cs.ubbcluj.ro\/~bufny\/wp-json\/wp\/v2\/users\/1"}],"replies":[{"embeddable":true,"href":"https:\/\/www.cs.ubbcluj.ro\/~bufny\/wp-json\/wp\/v2\/comments?post=2432"}],"version-history":[{"count":7,"href":"https:\/\/www.cs.ubbcluj.ro\/~bufny\/wp-json\/wp\/v2\/pages\/2432\/revisions"}],"predecessor-version":[{"id":2516,"href":"https:\/\/www.cs.ubbcluj.ro\/~bufny\/wp-json\/wp\/v2\/pages\/2432\/revisions\/2516"}],"wp:attachment":[{"href":"https:\/\/www.cs.ubbcluj.ro\/~bufny\/wp-json\/wp\/v2\/media?parent=2432"}],"curies":[{"name":"wp","href":"https:\/\/api.w.org\/{rel}","templated":true}]}}