{"id":1135,"date":"2018-01-02T22:23:33","date_gmt":"2018-01-02T20:23:33","guid":{"rendered":"https:\/\/www.cs.ubbcluj.ro\/~bufny\/?page_id=1135"},"modified":"2024-03-16T08:58:59","modified_gmt":"2024-03-16T06:58:59","slug":"research","status":"publish","type":"page","link":"https:\/\/www.cs.ubbcluj.ro\/~bufny\/research\/","title":{"rendered":"Research Papers"},"content":{"rendered":"<p><strong>2023<\/strong><\/p>\n<ul>\n<li>A. Sterca, V. Niculescu, A. Kiraly, D. Bufnea,<br \/>\n<em>Automatic Mapping of Business Web Applications<\/em>,<br \/>\nin Proceedings of the 19<sup>th<\/sup> International Conference on Web Information Systems and Technologies \u2013 WEBIST 2023; ISBN 978-989-758-672-9; ISSN 2184-3252, SciTePress, pages 437-445, 2023, DOI: <a href=\"https:\/\/doi.org\/10.5220\/0012212700003584\" target=\"_blank\" rel=\"noopener\">10.5220\/0012212700003584<\/a><\/li>\n<li>V. Niculescu, H. Grebla, A. Sterca, D. Bufnea,<br \/>\n<em>Efficient Academic Retrieval System Based on Aggregated Sources<\/em>,<br \/>\nin Proceedings of the 18<sup>th<\/sup> &#8211; ENASE 2023; ISBN 978-989-758-647-7; ISSN 2184-4895, SciTePress, pages 436-443, 2023, DOI: <a href=\"https:\/\/doi.org\/10.5220\/0011850600003464\" target=\"_blank\" rel=\"noopener\">10.5220\/0011850600003464<\/a>.<\/li>\n<\/ul>\n<p><strong>2022<\/strong><\/p>\n<ul>\n<li>H. Grebla, C. V. Rusu, A. Sterca, D. Bufnea, V. Niculescu,<br \/>\n<em>Recommendation System for Student Academic Progress<\/em>,<br \/>\nin ICAART 2022, Proceedings of the 14th International Conference on Agents and Artificial Intelligence, Volume 3, pp. 285-292, February 3-5, 2022, Online, ISBN 978-989-758-547-0, DOI: <a href=\"https:\/\/doi.org\/10.5220\/0010816300003116\" target=\"_blank\" rel=\"noopener\">10.5220\/0010816300003116<\/a>.<\/li>\n<\/ul>\n<p><strong>2021<\/strong><\/p>\n<ul>\n<li>V. Niculescu, D. Suciu, D. Bufnea,<br \/>\n<em>Agile Principles Applied in Learning Contexts<\/em>,<br \/>\nin EASEAI 2021: Proceedings of the 3rd International Workshop on Education through Advanced Software Engineering and Artificial Intelligence, August 2021, pp. 31-38. DOI: <a href=\"https:\/\/doi.org\/10.1145\/3472673.3473963\" target=\"_blank\" rel=\"noopener\">10.1145\/3472673.3473963<\/a>;<\/li>\n<li>C. Coste, D. Bufnea,<br \/>\n<em>Advances in Clickbait and Fake News Detection Using New Language-independent Strategies<\/em>,<br \/>\nin Journal of Communications Software and Systems, Vol. 17 No. 3, 2021, pp. 270-280, DOI: <a href=\"https:\/\/doi.org\/10.24138\/jcomss-2021-0038\" target=\"_blank\" rel=\"noopener\">10.24138\/jcomss-2021-0038<\/a>;<\/li>\n<li>I. B\u0103d\u0103r\u00eenz\u0103, A. Sterca, D. Bufnea, V. Niculescu,<br \/>\n<em>Integration Challenges for a Web-based Personalized Query Suggestions System in Information Retrieval<\/em>,<br \/>\nin Proceedings of 2021 IEEE\/ACIS 19th International Conference on Software Engineering Research, Management and Applications (SERA), pp. 2-9, June 20-22, 2021, Kanazawa, Japan, DOI: <a href=\"https:\/\/doi.org\/10.1109\/SERA51205.2021.9509276\" target=\"_blank\" rel=\"noopener\">10.1109\/SERA51205.2021.9509276<\/a>;<\/li>\n<li>R. Nesa, V. Niculescu, A. Sterca, D. Bufnea,<br \/>\n<em>Domain Interaction in Scientific Academic Communities<\/em>,<br \/>\nin Proceedings of IKE&#8217;21 &#8211; The 20th Int&#8217;l Conf on Information &amp; Knowledge Engineering, July 26-29, 2021, Las Vegas, USA.<\/li>\n<\/ul>\n<p><strong>2020<\/strong><\/p>\n<ul>\n<li>V. Niculescu, A. Sterca, D. Bufnea,<br \/>\n<em><a href=\"https:\/\/www.cs.ubbcluj.ro\/~bufny\/agile-and-cyclic-learning-in-teaching-parallel-and-distributed-computing\/\">Agile and cyclic learning in teaching parallel and distributed computing<\/a><\/em>,<br \/>\nin EASEAI 2020: Proceedings of the 2<sup>nd<\/sup> ACM SIGSOFT International Workshop on Education through Advanced Software Engineering and Artificial Intelligence, November 2020, pp. 27-33, DOI: <a href=\"https:\/\/doi.org\/10.1145\/3412453.3423198\" target=\"_blank\" rel=\"noopener\">10.1145\/3412453.3423198<\/a>;<\/li>\n<li>V. Niculescu, A. Sterca, D. Bufnea,<br \/>\n<a href=\"https:\/\/www.cs.ubbcluj.ro\/~bufny\/should-decorators-preserve-the-component-interface\/\"><em>Should Decorators Preserve the Component Interface?<\/em><\/a>,<br \/>\n<a href=\"https:\/\/arxiv.org\/abs\/2009.06414\" target=\"_blank\" rel=\"noopener noreferrer\">arXiv:2009.06414<\/a> [cs.SE], September 2020;<\/li>\n<li>A. Sterca, D. Bufnea, V. Niculescu,<br \/>\n<a href=\"https:\/\/www.cs.ubbcluj.ro\/~bufny\/bandwidth-aggregation-over-multihoming-links\/\" rel=\"noopener\"><em>Bandwidth Aggregation over Multihoming Links<\/em><\/a>,<br \/>\nin Proceedings of the 2020 IEEE Symposium on Computers and Communications (ISCC), pp. 1-7, DOI: <a href=\"https:\/\/doi.org\/10.1109\/ISCC50000.2020.9219714\" target=\"_blank\" rel=\"noopener\">10.1109\/ISCC50000.2020.9219714<\/a>, July 7-10, 2020, Rennes, France;<\/li>\n<li>A. Sterca, D. Bufnea, V. Niculescu,<br \/>\n<a href=\"https:\/\/www.cs.ubbcluj.ro\/~bufny\/ip-multihoming-throughput-maximization-based-on-passive-rtt-measurements\/\"><em>IP Multihoming Throughput Maximization based on Passive RTT Measurements<\/em><\/a>,<br \/>\nin Proceedings of the 28<sup>th<\/sup> International Conference on Software, Telecommunications and Computer Networks (SoftCOM), pp. 1-6, DOI: <a href=\"https:\/\/doi.org\/10.23919\/SoftCOM50211.2020.9238192\" target=\"_blank\" rel=\"noopener\">10.23919\/SoftCOM50211.2020.9238192<\/a>, September 17-19, 2020, Hvar, Croatia;<\/li>\n<li>C.I. Coste, D. Bufnea, V. Niculescu,<br \/>\n<a href=\"https:\/\/www.cs.ubbcluj.ro\/~bufny\/a-new-language-independent-strategy-for-clickbait-detection\/\"><em>A New Language Independent Strategy for Clickbait Detection<\/em><\/a>,<br \/>\nin Proceedings of the 28<sup>th<\/sup> International Conference on Software, Telecommunications and Computer Networks (SoftCOM), pp. 1-6, DOI: <a href=\"https:\/\/doi.org\/10.23919\/SoftCOM50211.2020.9238342\" target=\"_blank\" rel=\"noopener\">10.23919\/SoftCOM50211.2020.9238342<\/a>, September 17-19, 2020, Hvar, Croatia;<\/li>\n<li>V. Niculescu, D. Bufnea, A. Sterca,<br \/>\n<a href=\"https:\/\/www.cs.ubbcluj.ro\/~bufny\/plist-based-divide-and-conquer-parallel-programming\/\"><em>PList-based Divide and Conquer Parallel Programming<\/em><\/a>,<br \/>\nin Journal of Communications Software and Systems,<br \/>\nVol. 16, No. 2 (2020), pp. 197-206, DOI: <a href=\"http:\/\/dx.doi.org\/10.24138\/jcomss.v16i2.1029\" target=\"_blank\" rel=\"noopener noreferrer\">10.24138\/jcomss.v16i2.1029<\/a>;<\/li>\n<li>V. Niculescu, D. Bufnea, A. Sterca,<br \/>\n<a href=\"https:\/\/www.cs.ubbcluj.ro\/~bufny\/enhancing-java-streams-api-with-powerlist-computation\/\"><em>Enhancing Java Streams API with PowerList Computation<\/em><\/a>,<br \/>\nHIPS 2020, 25th International Workshop on High-Level Parallel Programming Models and Supportive Environments, held in Conjunction With 34th IEEE International Parallel and Distributed Processing Symposium, in Proceedings of the 2020 IEEE International Parallel and Distributed Processing Symposium Workshops (IPDPSW), pp. 375-384, DOI: <a href=\"https:\/\/doi.org\/10.1109\/IPDPSW50202.2020.00072\" target=\"_blank\" rel=\"noopener noreferrer\">10.1109\/IPDPSW50202.2020.00072<\/a>, 18-22 May, 2020, New Orleans, LA, USA;<\/li>\n<li>V. Niculescu, F. Loulergue, D. Bufnea, A. Sterca,<br \/>\n<em><a href=\"https:\/\/www.cs.ubbcluj.ro\/~bufny\/pattern-driven-design-of-a-multiparadigm-parallel-programming-framework\/\">Pattern-driven Design of a Multiparadigm Parallel Programming Framework<\/a><\/em>,<br \/>\nin Proceedings of the 15<sup>th<\/sup> International Conference on Evaluation of Novel Approaches to Software Engineering &#8211; Volume 1: ENASE, pp. 50-61, DOI: <a href=\"https:\/\/doi.org\/10.5220\/0009344100500061\" target=\"_blank\" rel=\"noopener noreferrer\">10.5220\/0009344100500061<\/a>, 2020.<\/li>\n<\/ul>\n<p><strong>2019<\/strong><\/p>\n<ul>\n<li>V. Niculescu, D. Bufnea, A. Sterca and R. Silimon,<br \/>\n<a href=\"https:\/\/www.cs.ubbcluj.ro\/~bufny\/multi-way-divide-and-conquer-parallel-programming-based-on-plists\/\"><em>Multi-way Divide and Conquer Parallel Programming based on PLists<\/em><\/a>,<br \/>\nin Proceedings of the 27<sup>th<\/sup> International Conference on Software, Telecommunications and Computer Networks (SoftCOM), pp. 1-6, DOI: <a href=\"https:\/\/doi.org\/10.23919\/SOFTCOM.2019.8903794\" target=\"_blank\" rel=\"noopener noreferrer\">10.23919\/SOFTCOM.2019.8903794<\/a>, September 19-21, 2019, Split, Croatia;<\/li>\n<li>I. B\u0103d\u0103r\u00eenz\u0103, A. Sterca and D. Bufnea,<br \/>\n<a href=\"https:\/\/www.cs.ubbcluj.ro\/~bufny\/a-dataset-for-evaluating-query-suggestion-algorithms-in-information-retrieval\/\"><em>A Dataset for Evaluating Query Suggestion Algorithms in Information Retrieval<\/em><\/a>,<br \/>\nin Proceedings of the 27<sup>th<\/sup> International Conference on Software, Telecommunications and Computer Networks (SoftCOM), pp. 1-6, DOI: <a href=\"https:\/\/doi.org\/10.23919\/SOFTCOM.2019.8903906\" target=\"_blank\" rel=\"noopener noreferrer\">10.23919\/SOFTCOM.2019.8903906<\/a>, September 19-21, 2019, Split, Croatia;<\/li>\n<li>V. Niculescu, D. Bufnea, A. Sterca,<br \/>\n<a href=\"https:\/\/www.cs.ubbcluj.ro\/~bufny\/mpi-scaling-up-for-powerlist-based-parallel-programs\/\" rel=\"noopener\"><em>MPI Scaling Up for Powerlist Based Parallel Programs<\/em><\/a>,<br \/>\nin Proceedings of the 27<sup>th<\/sup> Euromicro International Conference on Parallel, Distributed and Network-Based Processing (PDP 2019), pp. 199-204, DOI: <a href=\"https:\/\/doi.org\/10.1109\/EMPDP.2019.8671597\" target=\"_blank\" rel=\"noopener noreferrer\">10.1109\/EMPDP.2019.8671597<\/a>, February 13-15, 2019, Pavia, Italy.<\/li>\n<\/ul>\n<p><strong>2018<\/strong><\/p>\n<ul>\n<li>D. Bufnea, D. \u0218otropa,<br \/>\n<a title=\"Click bait detection research, Click bait scientific papers\" href=\"https:\/\/www.cs.ubbcluj.ro\/~bufny\/a-community-driven-approach-for-click-bait-reporting\/\"><em>A Community Driven Approach for Click Bait Reporting<\/em><\/a>,<br \/>\nin Proceedings of the 26<sup>th<\/sup> International Conference on Software, Telecommunications and Computer Networks (SoftCOM), pp. 1-6, DOI: <a href=\"https:\/\/doi.org\/10.23919\/SOFTCOM.2018.8555759\" target=\"_blank\" rel=\"noopener noreferrer\">10.23919\/SOFTCOM.2018.8555759<\/a>, September 13-15, 2018, Split &#8211; Supetar (Island of Brac), Croatia.<\/li>\n<\/ul>\n<p><strong>2017<\/strong><\/p>\n<ul>\n<li>V. Niculescu, D. Bufnea,<br \/>\n<a title=\"Parallel and Distributed Computing teaching and PDC didactic methods\" href=\"https:\/\/www.cs.ubbcluj.ro\/~bufny\/experience-with-teaching-pdc-topics-into-babes-bolyai-universitys-cs-courses\/\"><em>Experience with Teaching PDC Topics into Babe\u015f-Bolyai University&#8217;s CS Courses<\/em><\/a>,<br \/>\nin Proceedings of the EuroPar 2017: Parallel Processing Workshops, pp. 240-251, DOI: <a href=\"https:\/\/doi.org\/10.1007\/978-3-319-75178-8_20\" target=\"_blank\" rel=\"noopener noreferrer\">10.1007\/978-3-319-75178-8_20<\/a>, Lecture Notes in Computer Science, vol 10659. Springer, Cham;<\/li>\n<li>D. Bufnea, D. \u0218otropa,<br \/>\n<a title=\"Scraper site detection research, Scraper site scientific papers\" href=\"https:\/\/www.cs.ubbcluj.ro\/~bufny\/measuring-and-visualizing-the-scrappiness-level-of-a-website\/\"><em>Measuring and Visualizing the Scrappiness Level of a Website<\/em><\/a>,<br \/>\nin Proceedings of the 19<sup>th<\/sup> International Symposium on Symbolic and Numeric Algorithms for Scientific Computing &#8211; SYNASC 2017, pp. 304-311, DOI: <a href=\"https:\/\/doi.org\/10.1109\/SYNASC.2017.00057\" target=\"_blank\" rel=\"noopener noreferrer\">10.1109\/SYNASC.2017.00057<\/a>, September 21-24, 2017, Timi\u0219oara, Romania;<\/li>\n<li>V. Niculescu, F. Loulergue, D. Bufnea, A. Sterca,<br \/>\n<a title=\"Java Parallel Programming research, Powerlists scientific papers\" href=\"https:\/\/www.cs.ubbcluj.ro\/~bufny\/a-java-framework-for-high-level-parallel-programming-using-powerlists\/\"><em>A Java Framework for High Level Parallel Programming using Powerlists<\/em><\/a>,<br \/>\nin Proceedings of the 18<sup>th<\/sup> International Conference on Parallel and Distributed Computing, Applications and Technologies (PDCAT&#8217;17), pp. 255-262, DOI: <a href=\"https:\/\/doi.org\/10.1109\/PDCAT.2017.00049\" target=\"_blank\" rel=\"noopener noreferrer\">10.1109\/PDCAT.2017.00049<\/a>, December 18-20, 2017, Taipei, Taiwan.<\/li>\n<\/ul>\n<p><strong>2016<\/strong><\/p>\n<ul>\n<li>D. Bufnea, V. Niculescu, Gh. Silaghi, A. Sterca,<br \/>\n<em><a title=\"Babe\u015f-Bolyai University's HPC cluster\" href=\"https:\/\/www.cs.ubbcluj.ro\/~bufny\/babes-bolyai-universitys-high-performance-computing-center\/\" rel=\"noopener\">Babe\u015f-Bolyai University&#8217;s High Performance Computing Center<\/a><\/em>,<br \/>\nin Studia Universitatis Babe\u015f-Bolyai, Seria Informatica, Vol. LXI, No. 2, pp. 54-69, 2016.<\/li>\n<\/ul>\n<p><strong>2014<\/strong><\/p>\n<ul>\n<li>D. Halita, D. Bufnea,<br \/>\n<em><a title=\"Document similarity research, Document similarity scientific papers\" href=\"https:\/\/www.cs.ubbcluj.ro\/~bufny\/a-study-regarding-inter-domain-linked-documents-similarity-and-their-consequent-bounce-rate\/\">A Study Regarding Inter Domain Linked Documents Similarity and their Consequent Bounce Rate<\/a><\/em>,<br \/>\nin Studia Universitatis Babe\u015f-Bolyai, Seria Informatica, Vol. LIX, No. 1, pp. 83-91, 2014.<\/li>\n<\/ul>\n<p><strong>2013<\/strong><\/p>\n<ul>\n<li>D. Bufnea, D. F. Halita,<br \/>\n<a title=\"CMS migration research, Web content migration scientific papers\" href=\"https:\/\/www.cs.ubbcluj.ro\/~bufny\/a-server-side-support-layer-for-client-perspective-transparent-web-content-migration\/\" rel=\"noopener\"><em>A Server-Side Support Layer for Client Perspective Transparent Web Content Migration<\/em><\/a>,<br \/>\nin Proceedings of the KEPT 2013 &#8211; Knowledge Engineering Principles and Techniques Conference, Studia Universitatis Babe\u015f-Bolyai, Volume LVIII, No. 3, pp. 78-89, 2013.<\/li>\n<\/ul>\n<p><strong>2012<\/strong><\/p>\n<ul>\n<li>D. Bufnea,<br \/>\n<em>Tuning User Query to Search Engines<\/em>,<br \/>\nin Proceedings of the National Symposium &#8220;Zilele Academice Clujene 2012&#8221;, pp. 100-104, May 2012;<\/li>\n<li>D. V. Bufnea,<br \/>\n<a title=\"Search engine queries research, Search engine user experience scientific papers\" href=\"https:\/\/www.cs.ubbcluj.ro\/~bufny\/analyzing-and-tuning-user-queries-to-search-engines\/\"><em>Analyzing and Tuning User Queries to Search Engines<\/em><\/a>,<br \/>\nin Studia Universitatis Babe\u015f-Bolyai, Seria Informatica, Vol. LVII, No. 3, pp. 41-48, 2012.<\/li>\n<\/ul>\n<p><strong>2009<\/strong><\/p>\n<ul>\n<li>D. Bufnea,<br \/>\n<a title=\"Congestion control research, Congestion control scientific papers\" href=\"https:\/\/www.cs.ubbcluj.ro\/~bufny\/new-data-mining-techniques-for-macroflows-delimitation-in-congestion-control-management\/\"><em>New Data Mining Techniques for Macroflows Delimitation in Congestion Control Management<\/em><\/a>,<br \/>\nin Proceedings of the KEPT 2009 &#8211; Knowledge Engineering Principles and Techniques, Studia Universitatis Babe\u015f-Bolyai, Special Issue 2009, Volume II, pp. 288-291, July 2009.<\/li>\n<\/ul>\n<p><strong>2008<\/strong><\/p>\n<ul>\n<li>D. Bufnea,<br \/>\n<em><a class=\"legatura\" title=\"Congestion control research, Congestion control scientific papers\" href=\"https:\/\/www.cs.ubbcluj.ro\/~bufny\/a-new-method-for-macroflows-delimitation-from-a-receivers-perspective\/\">A New Method for Macroflows Delimitation from a Receiver&#8217;s Perspective<\/a><\/em>,<br \/>\nin the International Journal of Computer, Communication &amp; Control &#8211; proceedings of the IEEE 2<sup>nd<\/sup><br \/>\nInternational Conference on Computers, Communications &amp; Control (ICCCC 2008), Felix Spa, Romania, Vol. III (2008), ISSN 1841-9836, pp. 201-205;<\/li>\n<li>D. Bufnea, F. Boian,<br \/>\n<em><a title=\"Optimizing web cache research, Optimizing web cache scientific papers\" href=\"https:\/\/www.cs.ubbcluj.ro\/~bufny\/duplicate-transfer-problem-inside-a-proxys-cache\/\">Duplicate Transfer Problem inside a Proxy&#8217;s Cache<\/a><\/em>,<br \/>\nin Proceedings of the 7<sup>th<\/sup> International Conference RoEduNet 2008, pp. 30-33, Cluj-Napoca, Romania;<\/li>\n<li>F. Boian, D. Bufnea,<br \/>\n<a title=\"Optimizing web cache research, Optimizing web cache scientific papers\" href=\"https:\/\/www.cs.ubbcluj.ro\/~bufny\/a-new-mechanism-for-fast-delivery-of-proxy-cache-objects\/\"><em>A New Mechanism for Fast Delivery of Proxy Cache Objects<\/em><\/a>,<br \/>\nAn. Univ. de Vest Timisoara, Seria Matematica-Informatica, Vol. XLVI, No. 2, pp. 27-35, 2008.<\/li>\n<\/ul>\n<p><strong>2007<\/strong><\/p>\n<ul>\n<li>F. Boian, D. Bufnea, Al. Vancea, A. Sterca, D. Cojocar, R. Boian,<br \/>\n<a title=\"Session lifetime research, Session lifetime scientific papers\" href=\"https:\/\/www.cs.ubbcluj.ro\/~bufny\/some-formal-approaches-for-dynamic-life-session-management\/\"><em>Some Formal Approaches for Dynamic Life Session Management<\/em><\/a>,<br \/>\nin Proceedings of the Knowledge Engineering Principles and Techniques Conference, KEPT 2007, Cluj-Napoca, pp. 227-235, June 2007;<\/li>\n<li>A. Sterca, C. Cobarzan, D. Bufnea, F. Boian,<br \/>\n<em>Evaluating Dynamic Client-Driven Adaptation Decision Support in Multimedia Proxy-Caches<\/em>,<br \/>\nin Proceedings of Knowledge Engineering Principles and Techniques, KEPT 2007, Cluj-Napoca, pp. 298-306, June 2007.<\/li>\n<\/ul>\n<p><strong>2006<\/strong><\/p>\n<ul>\n<li>F. Boian, R. Boian, D. Bufnea, D. Cojocar, Al. Vancea,<br \/>\n<em>A Model for Efficient Session Object Management in Web Applications<\/em>,<br \/>\nin Proceedings of the Symposium &#8220;Colocviul Academic Clujean de Informatica&#8221;, pp. 137-142, June 2006;<\/li>\n<li>A. Sterca, D. Bufnea, F. Boian, C. Cobarzan,<br \/>\n<em>Supporting Multimedia Streaming Applications inside the Network<\/em>,<br \/>\nin Studia Universitatis Babe\u015f-Bolyai, Seria Informatica, Vol. LI, No. 1, pp. 37-48, 2006;<\/li>\n<li>D. Bufnea, F. Boian, Al. Vancea,<br \/>\n<em>Shared Bottleneck Detection from the Receiver Point of View<\/em>,<br \/>\nin Proceedings of the Symposium &#8220;Colocviul Academic Clujean de Informatica&#8221;, pp. 125-130, June 2006.<\/li>\n<\/ul>\n<p><strong>2005<\/strong><\/p>\n<ul>\n<li>A. Campan, D. Bufnea,<br \/>\n<em><a class=\"legatura\" title=\"Congestion control research, Congestion control scientific papers\" href=\"https:\/\/www.cs.ubbcluj.ro\/~bufny\/delimitation-of-macroflows-in-congestion-control-management-using-data-mining-techniques\/\">Delimitation of Macroflows in Congestion Control Management Using Data Mining Techniques<\/a><\/em>,<br \/>\nin Proceedings of the 4<sup>th<\/sup> ROEDUNET International Conference, Education\/Training and Information\/Communication Technologies &#8211; ROEDUNET &#8217;05, Romania, pp. 225-234, 2005;<\/li>\n<li>D. Bufnea, A. Campan, A. S. Darabant,<br \/>\n<a title=\"Congestion control research, Congestion control scientific papers\" href=\"https:\/\/www.cs.ubbcluj.ro\/~bufny\/fine-grained-macroflow-granularity-in-congestion-control-management\/\"><em>Fine-Grained Macroflow Granularity in Congestion Control Management<\/em><\/a>,<br \/>\nin Studia Universitatis Babe\u015f-Bolyai, Vol. L(1), pp. 79-88, 2005;<\/li>\n<li>D. Bufnea, A. Campan,<br \/>\n<em>New Aspects in Congestion Control Management<\/em>,<br \/>\nin Proceedings of the Symposium &#8220;Colocviul Academic Clujean de Informatica&#8221;, pp. 123-128, 2005.<\/li>\n<\/ul>\n<p><strong>2004<\/strong><\/p>\n<ul>\n<li>D. Bufnea, A. Sterca, C. Cobarzan, F. Boian,<br \/>\n<em>TCP State Variables Sharing<\/em>,<br \/>\nin Proceedings of the Symposium &#8220;Zilele Academice Clujene&#8221;, pp. 129-133, Cluj-Napoca, 2004;<\/li>\n<li>A. Sterca, D. Bufnea, F. Boian, C. Cobarzan,<br \/>\n<em>Active Queue Management for Multimedia Streams<\/em>,<br \/>\nin Proceedings of the Symposium &#8220;Zilele Academice Clujene&#8221;, pp. 117-122, Cluj-Napoca, 2004;<\/li>\n<li>D. Bufnea, A. Sterca, C. Cobarzan, F. Boian,<br \/>\n<a title=\"Congestion control research, Congestion control scientific papers\" href=\"https:\/\/www.cs.ubbcluj.ro\/~bufny\/improving-the-round-trip-time-estimation-in-internet-routers\/\"><em>Improving the Round Trip Time Estimation in Internet Routers<\/em><\/a>,<br \/>\nCarpathian Journal of Mathematics, ISSN: 1584-2851, Vol. 20, No. 2, pp. 149-154, 2004.<\/li>\n<\/ul>\n<p><strong>2003<\/strong><\/p>\n<ul>\n<li>D. Bufnea, F. Boian,<br \/>\n<em>Challenges in today network routing<\/em>,<br \/>\nin Proceedings of the Symposium Colocviul Academic Clujean de Informatica, pp. 19-24, 2003.<\/li>\n<\/ul>\n<p><strong>2002<\/strong><\/p>\n<ul>\n<li>F. Boian, D. Bufnea,<br \/>\n<em>Filters, a new powerful feature of Java Servlets<\/em>,<br \/>\nin Proceedings of the Symposium &#8220;Zilele Academice Clujene&#8221;, Computer Science Section, pp. 19-25, Cluj-Napoca, 2002.<\/li>\n<\/ul>\n<p><strong>2001<\/strong><\/p>\n<ul>\n<li>A. Campan, D. Bufnea,<br \/>\n<em>A Secure Model, Web-based, for Client\/Server Applications<\/em>,<br \/>\nin Babe\u015f-Bolyai University, Faculty of Mathematics and Computer Science, Seminar on Computer Science, Preprint, Vol. 2001, pp. 33-40, 2001.<\/li>\n<\/ul>\n<p><strong>2000<\/strong><\/p>\n<ul>\n<li>A. Campan, D. Bufnea,<br \/>\n<a title=\"Self organizing websites research, Self organizing websites scientific papers\" href=\"https:\/\/www.cs.ubbcluj.ro\/~bufny\/automatic-support-for-improving-interaction-with-a-web-site\/\"><em>Automatic Support for Improving Interaction with a Web Site<\/em><\/a>,<br \/>\nStudia Universitatis Babe\u015f-Bolyai, Seria Informatica, Vol. XLV, No. 2, pp. 95-103, 2000.<\/li>\n<\/ul>\n","protected":false},"excerpt":{"rendered":"<p>2023 A. Sterca, V. Niculescu, A. Kiraly, D. Bufnea, Automatic Mapping of Business Web Applications, in Proceedings of the 19th International Conference on Web Information Systems and Technologies \u2013 WEBIST 2023; ISBN 978-989-758-672-9; ISSN 2184-3252, SciTePress, pages 437-445, 2023, DOI:&hellip; <a href=\"https:\/\/www.cs.ubbcluj.ro\/~bufny\/research\/\" class=\"more-link\">Continue Reading <span class=\"meta-nav\">&rarr;<\/span><\/a><\/p>\n","protected":false},"author":1,"featured_media":0,"parent":0,"menu_order":0,"comment_status":"closed","ping_status":"closed","template":"","meta":[],"_links":{"self":[{"href":"https:\/\/www.cs.ubbcluj.ro\/~bufny\/wp-json\/wp\/v2\/pages\/1135"}],"collection":[{"href":"https:\/\/www.cs.ubbcluj.ro\/~bufny\/wp-json\/wp\/v2\/pages"}],"about":[{"href":"https:\/\/www.cs.ubbcluj.ro\/~bufny\/wp-json\/wp\/v2\/types\/page"}],"author":[{"embeddable":true,"href":"https:\/\/www.cs.ubbcluj.ro\/~bufny\/wp-json\/wp\/v2\/users\/1"}],"replies":[{"embeddable":true,"href":"https:\/\/www.cs.ubbcluj.ro\/~bufny\/wp-json\/wp\/v2\/comments?post=1135"}],"version-history":[{"count":81,"href":"https:\/\/www.cs.ubbcluj.ro\/~bufny\/wp-json\/wp\/v2\/pages\/1135\/revisions"}],"predecessor-version":[{"id":2483,"href":"https:\/\/www.cs.ubbcluj.ro\/~bufny\/wp-json\/wp\/v2\/pages\/1135\/revisions\/2483"}],"wp:attachment":[{"href":"https:\/\/www.cs.ubbcluj.ro\/~bufny\/wp-json\/wp\/v2\/media?parent=1135"}],"curies":[{"name":"wp","href":"https:\/\/api.w.org\/{rel}","templated":true}]}}