{"id":7,"date":"2022-08-17T18:41:59","date_gmt":"2022-08-17T18:41:59","guid":{"rendered":"https:\/\/www.cs.ubbcluj.ro\/~avescan\/orchestra\/?page_id=7"},"modified":"2022-11-03T19:07:18","modified_gmt":"2022-11-03T19:07:18","slug":"home","status":"publish","type":"page","link":"https:\/\/www.cs.ubbcluj.ro\/~avescan\/orchestra\/","title":{"rendered":"Home"},"content":{"rendered":"<p><strong>Novel approaches based on soft computing for software evolution: change and defect management<\/strong><\/p>\n<p>ORCHESTRA = <strong>nOvel appRoaCHEs based on Soft compuTing for softwaRe evolution: change and defect management<\/strong><\/p>\n<p>&nbsp;<\/p>\n<p><strong>Funding source: Unitatea Executiv\u0103 pentru Finan\u021barea \u00cenv\u0103\u021b\u0103m\u00e2ntului Superior, a Cercet\u0103rii, Dezvolt\u0103rii \u0219i Inov\u0103rii (UEFISCDI),<\/strong><strong><br \/>\n<\/strong><strong>Code: PN-III-P1-1.1-TE2021-0892<\/strong><strong><br \/>\nContract no.: 138\/2022<\/strong><\/p>\n","protected":false},"excerpt":{"rendered":"<p>Novel approaches based on soft computing for software evolution: change and defect management ORCHESTRA = nOvel appRoaCHEs based on Soft compuTing for softwaRe evolution: change and defect management &nbsp; Funding source: Unitatea Executiv\u0103 pentru Finan\u021barea \u00cenv\u0103\u021b\u0103m\u00e2ntului Superior, a Cercet\u0103rii, Dezvolt\u0103rii \u0219i Inov\u0103rii (UEFISCDI), Code: PN-III-P1-1.1-TE2021-0892 Contract no.: 138\/2022<\/p>\n","protected":false},"author":1,"featured_media":0,"parent":0,"menu_order":0,"comment_status":"closed","ping_status":"closed","template":"","meta":[],"_links":{"self":[{"href":"https:\/\/www.cs.ubbcluj.ro\/~avescan\/orchestra\/index.php\/wp-json\/wp\/v2\/pages\/7"}],"collection":[{"href":"https:\/\/www.cs.ubbcluj.ro\/~avescan\/orchestra\/index.php\/wp-json\/wp\/v2\/pages"}],"about":[{"href":"https:\/\/www.cs.ubbcluj.ro\/~avescan\/orchestra\/index.php\/wp-json\/wp\/v2\/types\/page"}],"author":[{"embeddable":true,"href":"https:\/\/www.cs.ubbcluj.ro\/~avescan\/orchestra\/index.php\/wp-json\/wp\/v2\/users\/1"}],"replies":[{"embeddable":true,"href":"https:\/\/www.cs.ubbcluj.ro\/~avescan\/orchestra\/index.php\/wp-json\/wp\/v2\/comments?post=7"}],"version-history":[{"count":4,"href":"https:\/\/www.cs.ubbcluj.ro\/~avescan\/orchestra\/index.php\/wp-json\/wp\/v2\/pages\/7\/revisions"}],"predecessor-version":[{"id":88,"href":"https:\/\/www.cs.ubbcluj.ro\/~avescan\/orchestra\/index.php\/wp-json\/wp\/v2\/pages\/7\/revisions\/88"}],"wp:attachment":[{"href":"https:\/\/www.cs.ubbcluj.ro\/~avescan\/orchestra\/index.php\/wp-json\/wp\/v2\/media?parent=7"}],"curies":[{"name":"wp","href":"https:\/\/api.w.org\/{rel}","templated":true}]}}