{"id":36,"date":"2022-08-17T21:29:47","date_gmt":"2022-08-17T21:29:47","guid":{"rendered":"https:\/\/www.cs.ubbcluj.ro\/~avescan\/orchestra\/?page_id=36"},"modified":"2022-08-17T21:29:47","modified_gmt":"2022-08-17T21:29:47","slug":"obiective","status":"publish","type":"page","link":"https:\/\/www.cs.ubbcluj.ro\/~avescan\/orchestra\/index.php\/ro\/obiective\/","title":{"rendered":"Obiective"},"content":{"rendered":"<p><strong>Obiectivul 1: Clasificare automat\u0103 a priorit\u0103\u021bii erorilor pe baza informa\u021biilor din raportul de erori.<\/strong><\/p>\n<p>A 1.1. Sintetizarea celor mai actuale cuno\u0219tin\u021be \u00een domeniul clasific\u0103rii priorit\u0103\u021bilor erorilor;<\/p>\n<p>A 1.2. Dezvoltarea unui algoritm folosind abord\u0103ri soft computing pentru clasificarea automat\u0103 a priorit\u0103\u021bilor erorilor<\/p>\n<p>A 1.3. Validarea algoritmul propus pentru un set de rapoarte de erori existente<\/p>\n<p><strong>Obiectivul 2. Investigarea Code Smell \u0219i erori software.<\/strong><\/p>\n<p>A 2.1. Sintetizarea celor mai actuale cuno\u0219tin\u021be \u00een domeniul code smell, test smells \u0219i al impactului asupra erorilor<\/p>\n<p>A 2.2. Dezvoltarea unui detector de code smells pentru interog\u0103ri SQL;<\/p>\n<p>A 2.3. Validarea algoritmul propus pentru un sistem software real<\/p>\n<p>&nbsp;<\/p>\n<p><strong>Obiectivul 3. Atribute de calitate \u0219i predic\u021bie de erori<\/strong><\/p>\n<p>A 3.1. Sintetizarea celor mai actuale cuno\u0219tin\u021be \u00een domeniul predic\u021biei erorilor \u0219i al atributelor de calitate;<\/p>\n<p>A 3.2. Dezvoltarea abord\u0103rilor soft computing pentru predic\u021bia defectelor atributelor de calitate<\/p>\n<p>A 3.3. Validarea modelele propuse folosind sisteme software open source.<\/p>\n<p>&nbsp;<\/p>\n<p><strong>Obiectivul 4. Testarea de regresie folosind abord\u0103ri soft computing lu\u00e2nd \u00een considerare predic\u021bia erorilor<\/strong><\/p>\n<p>A 4.1. Sintetizarea celor mai actuale cuno\u0219tin\u021be \u00een domeniul test\u0103rii de regresie (Test Case Prioritization)<\/p>\n<p>A 4.2. Dezvoltarea metodelor de testare optim\u0103 a software-ului av\u00e2nd \u00een vedere modific\u0103rile efectuate asupra codului surs\u0103 \u0219i informa\u021biile de predic\u021bie a erorilor<\/p>\n<p>A 4.3. Validarea modelele propuse folosind sisteme software open source.<\/p>\n<p><strong>Obiectivul 5. Testarea de regresie folosind abord\u0103ri soft computing lu\u00e2nd \u00een considerare cerin\u021bele<\/strong><\/p>\n<p>A 5.1. Sintetizarea celor mai actuale cuno\u0219tin\u021be \u00een domeniul test\u0103rii de regresie (Test Case Prioritization)<\/p>\n<p>A 5.2. Dezvoltarea metodelor de testare optim\u0103 a software-ului av\u00e2nd \u00een vedere matricea de trasabilitate modific\u0103ri \u0219i cerin\u021be-teste-defec\u021biuni<\/p>\n<p>A 5.3. Validarea modelele propuse folosind sisteme software open source.<\/p>\n","protected":false},"excerpt":{"rendered":"<p>Obiectivul 1: Clasificare automat\u0103 a priorit\u0103\u021bii erorilor pe baza informa\u021biilor din raportul de erori. A 1.1. Sintetizarea celor mai actuale cuno\u0219tin\u021be \u00een domeniul clasific\u0103rii priorit\u0103\u021bilor erorilor; A 1.2. Dezvoltarea unui algoritm folosind abord\u0103ri soft computing pentru clasificarea automat\u0103 a priorit\u0103\u021bilor erorilor A 1.3. Validarea algoritmul propus pentru un set de rapoarte de erori existente Obiectivul [&hellip;]<\/p>\n","protected":false},"author":1,"featured_media":0,"parent":0,"menu_order":0,"comment_status":"closed","ping_status":"closed","template":"","meta":[],"_links":{"self":[{"href":"https:\/\/www.cs.ubbcluj.ro\/~avescan\/orchestra\/index.php\/wp-json\/wp\/v2\/pages\/36"}],"collection":[{"href":"https:\/\/www.cs.ubbcluj.ro\/~avescan\/orchestra\/index.php\/wp-json\/wp\/v2\/pages"}],"about":[{"href":"https:\/\/www.cs.ubbcluj.ro\/~avescan\/orchestra\/index.php\/wp-json\/wp\/v2\/types\/page"}],"author":[{"embeddable":true,"href":"https:\/\/www.cs.ubbcluj.ro\/~avescan\/orchestra\/index.php\/wp-json\/wp\/v2\/users\/1"}],"replies":[{"embeddable":true,"href":"https:\/\/www.cs.ubbcluj.ro\/~avescan\/orchestra\/index.php\/wp-json\/wp\/v2\/comments?post=36"}],"version-history":[{"count":1,"href":"https:\/\/www.cs.ubbcluj.ro\/~avescan\/orchestra\/index.php\/wp-json\/wp\/v2\/pages\/36\/revisions"}],"predecessor-version":[{"id":37,"href":"https:\/\/www.cs.ubbcluj.ro\/~avescan\/orchestra\/index.php\/wp-json\/wp\/v2\/pages\/36\/revisions\/37"}],"wp:attachment":[{"href":"https:\/\/www.cs.ubbcluj.ro\/~avescan\/orchestra\/index.php\/wp-json\/wp\/v2\/media?parent=36"}],"curies":[{"name":"wp","href":"https:\/\/api.w.org\/{rel}","templated":true}]}}