{"id":30,"date":"2022-08-17T21:19:14","date_gmt":"2022-08-17T21:19:14","guid":{"rendered":"https:\/\/www.cs.ubbcluj.ro\/~avescan\/orchestra\/?page_id=30"},"modified":"2022-08-17T21:19:14","modified_gmt":"2022-08-17T21:19:14","slug":"rezumat","status":"publish","type":"page","link":"https:\/\/www.cs.ubbcluj.ro\/~avescan\/orchestra\/index.php\/ro\/rezumat\/","title":{"rendered":"Rezumat"},"content":{"rendered":"<p>\u00centre\u021binerea \u0219i evolu\u021bia software-ului joac\u0103 un rol important \u00een ob\u021binerea unui sistem software calitativ, fie \u00een faza de dezvoltare, fie dup\u0103 lansare. Schimb\u0103rile care apar \u00een timpul dezvolt\u0103rii software-ului sunt unul dintre factorii importan\u021bi care amenin\u021b\u0103 calitatea sistemului software, prin urmare sunt necesare metode \u0219i instrumente soft pentru a ob\u021bine o calitate mai bun\u0103 a sistemului.<\/p>\n<p>&nbsp;<\/p>\n<p>Obiectivul principal al proiectului este explorarea \u0219i dezvoltarea unui set inovator de tehnici de calcul soft pentru \u00eentre\u021binerea software-ului \u0219i activit\u0103\u021bi legate de evolu\u021bie \u00een ceea ce prive\u0219te schimb\u0103rile de software. Patru direc\u021bii separate \u00een abordarea acestei probleme vor constitui obiective separate: clasificarea priorit\u0103\u021bii bug-urilor, code smells \u0219i rela\u021bia cu bug-urile, predic\u021bia atributelor de calitate \u0219i in cadrul testarii de regresie, solutii pentru prioritizarea testelor.<\/p>\n<p>&nbsp;<\/p>\n<p>Grupul de cercetare are cuno\u0219tin\u021be importante \u00een evolu\u021bia software-ului \u0219i tehnici de calcul soft, cu experien\u021b\u0103 \u00een coordonarea \u0219i publicarea cercet\u0103rilor \u0219tiin\u021bifice in conferinte de rang superior. Simbioza cuno\u0219tin\u021belor echipei va fi sustinuta de seminarii \u0219tiin\u021bifice organizate \u00een timpul vizitelor de cercetare cu colaboratorii din proiect, in urma carora se vor genera solu\u021bii de cercetare originale, mai impactante.<\/p>\n","protected":false},"excerpt":{"rendered":"<p>\u00centre\u021binerea \u0219i evolu\u021bia software-ului joac\u0103 un rol important \u00een ob\u021binerea unui sistem software calitativ, fie \u00een faza de dezvoltare, fie dup\u0103 lansare. Schimb\u0103rile care apar \u00een timpul dezvolt\u0103rii software-ului sunt unul dintre factorii importan\u021bi care amenin\u021b\u0103 calitatea sistemului software, prin urmare sunt necesare metode \u0219i instrumente soft pentru a ob\u021bine o calitate mai bun\u0103 a [&hellip;]<\/p>\n","protected":false},"author":1,"featured_media":0,"parent":0,"menu_order":0,"comment_status":"closed","ping_status":"closed","template":"","meta":[],"_links":{"self":[{"href":"https:\/\/www.cs.ubbcluj.ro\/~avescan\/orchestra\/index.php\/wp-json\/wp\/v2\/pages\/30"}],"collection":[{"href":"https:\/\/www.cs.ubbcluj.ro\/~avescan\/orchestra\/index.php\/wp-json\/wp\/v2\/pages"}],"about":[{"href":"https:\/\/www.cs.ubbcluj.ro\/~avescan\/orchestra\/index.php\/wp-json\/wp\/v2\/types\/page"}],"author":[{"embeddable":true,"href":"https:\/\/www.cs.ubbcluj.ro\/~avescan\/orchestra\/index.php\/wp-json\/wp\/v2\/users\/1"}],"replies":[{"embeddable":true,"href":"https:\/\/www.cs.ubbcluj.ro\/~avescan\/orchestra\/index.php\/wp-json\/wp\/v2\/comments?post=30"}],"version-history":[{"count":1,"href":"https:\/\/www.cs.ubbcluj.ro\/~avescan\/orchestra\/index.php\/wp-json\/wp\/v2\/pages\/30\/revisions"}],"predecessor-version":[{"id":31,"href":"https:\/\/www.cs.ubbcluj.ro\/~avescan\/orchestra\/index.php\/wp-json\/wp\/v2\/pages\/30\/revisions\/31"}],"wp:attachment":[{"href":"https:\/\/www.cs.ubbcluj.ro\/~avescan\/orchestra\/index.php\/wp-json\/wp\/v2\/media?parent=30"}],"curies":[{"name":"wp","href":"https:\/\/api.w.org\/{rel}","templated":true}]}}