{"id":343,"date":"2021-08-05T14:45:10","date_gmt":"2021-08-05T14:45:10","guid":{"rendered":"http:\/\/www.cs.ubbcluj.ro\/~avescan\/lepontdurable\/?page_id=343"},"modified":"2021-08-05T14:54:43","modified_gmt":"2021-08-05T14:54:43","slug":"ateliers-de-resultats-pour-la-plateforme","status":"publish","type":"page","link":"https:\/\/www.cs.ubbcluj.ro\/~avescan\/lepontdurable\/fr\/ateliers-de-resultats-pour-la-plateforme\/","title":{"rendered":"Ateliers de r\u00e9sultats pour la Plateforme"},"content":{"rendered":"<p>Cr\u00e9er la plateforme Avenir qui contient des informations sur les 3 ODD s\u00e9lectionn\u00e9s par les \u00e9tudiants francophones.<\/p>\n<p><a href=\"http:\/\/www.cs.ubbcluj.ro\/~avescan\/avenir\">www.cs.ubbcluj.ro\/~avescan\/avenir<\/a><\/p>\n<p>&nbsp;<\/p>\n<p><img loading=\"lazy\" class=\"alignnone wp-image-298\" src=\"http:\/\/www.cs.ubbcluj.ro\/~avescan\/lepontdurable\/wp-content\/uploads\/2021\/08\/paltforma-avenir-300x150.jpg\" alt=\"\" width=\"598\" height=\"299\" srcset=\"https:\/\/www.cs.ubbcluj.ro\/~avescan\/lepontdurable\/wp-content\/uploads\/2021\/08\/paltforma-avenir-300x150.jpg 300w, https:\/\/www.cs.ubbcluj.ro\/~avescan\/lepontdurable\/wp-content\/uploads\/2021\/08\/paltforma-avenir-1024x512.jpg 1024w, https:\/\/www.cs.ubbcluj.ro\/~avescan\/lepontdurable\/wp-content\/uploads\/2021\/08\/paltforma-avenir-768x384.jpg 768w, https:\/\/www.cs.ubbcluj.ro\/~avescan\/lepontdurable\/wp-content\/uploads\/2021\/08\/paltforma-avenir-1536x768.jpg 1536w, https:\/\/www.cs.ubbcluj.ro\/~avescan\/lepontdurable\/wp-content\/uploads\/2021\/08\/paltforma-avenir.jpg 1794w\" sizes=\"(max-width: 598px) 100vw, 598px\" \/><\/p>\n<p>&nbsp;<\/p>\n","protected":false},"excerpt":{"rendered":"<p>Cr\u00e9er la plateforme Avenir qui contient des informations sur les 3 ODD s\u00e9lectionn\u00e9s par les \u00e9tudiants francophones. www.cs.ubbcluj.ro\/~avescan\/avenir &nbsp; &nbsp;<\/p>\n","protected":false},"author":1,"featured_media":0,"parent":0,"menu_order":0,"comment_status":"closed","ping_status":"closed","template":"","meta":[],"_links":{"self":[{"href":"https:\/\/www.cs.ubbcluj.ro\/~avescan\/lepontdurable\/wp-json\/wp\/v2\/pages\/343"}],"collection":[{"href":"https:\/\/www.cs.ubbcluj.ro\/~avescan\/lepontdurable\/wp-json\/wp\/v2\/pages"}],"about":[{"href":"https:\/\/www.cs.ubbcluj.ro\/~avescan\/lepontdurable\/wp-json\/wp\/v2\/types\/page"}],"author":[{"embeddable":true,"href":"https:\/\/www.cs.ubbcluj.ro\/~avescan\/lepontdurable\/wp-json\/wp\/v2\/users\/1"}],"replies":[{"embeddable":true,"href":"https:\/\/www.cs.ubbcluj.ro\/~avescan\/lepontdurable\/wp-json\/wp\/v2\/comments?post=343"}],"version-history":[{"count":1,"href":"https:\/\/www.cs.ubbcluj.ro\/~avescan\/lepontdurable\/wp-json\/wp\/v2\/pages\/343\/revisions"}],"predecessor-version":[{"id":344,"href":"https:\/\/www.cs.ubbcluj.ro\/~avescan\/lepontdurable\/wp-json\/wp\/v2\/pages\/343\/revisions\/344"}],"wp:attachment":[{"href":"https:\/\/www.cs.ubbcluj.ro\/~avescan\/lepontdurable\/wp-json\/wp\/v2\/media?parent=343"}],"curies":[{"name":"wp","href":"https:\/\/api.w.org\/{rel}","templated":true}]}}