{"id":330,"date":"2021-08-05T14:38:23","date_gmt":"2021-08-05T14:38:23","guid":{"rendered":"http:\/\/www.cs.ubbcluj.ro\/~avescan\/lepontdurable\/?page_id=330"},"modified":"2021-08-05T14:55:53","modified_gmt":"2021-08-05T14:55:53","slug":"resultats-ateliers-sur-la-durabilite","status":"publish","type":"page","link":"https:\/\/www.cs.ubbcluj.ro\/~avescan\/lepontdurable\/fr\/resultats-ateliers-sur-la-durabilite\/","title":{"rendered":"R\u00e9sultats Ateliers sur la Durabilit\u00e9"},"content":{"rendered":"<p>Le choix de l&#8217;ODD par les \u00e9tudiants francophones qui ont particip\u00e9 aux ateliers Durabilit\u00e9.<\/p>\n<ol>\n<li>Une \u00e9ducation de qualit\u00e9, des opportunit\u00e9s d&#8217;apprentissage pour tous<\/li>\n<li>Assurer une vie saine et bien-\u00eatre<\/li>\n<li>\u00c9radication (disparition) de la faim et assurer la sant\u00e9 alimentaire<\/li>\n<\/ol>\n<p><img loading=\"lazy\" class=\"alignnone wp-image-268\" src=\"http:\/\/www.cs.ubbcluj.ro\/~avescan\/lepontdurable\/wp-content\/uploads\/2021\/08\/Alese_ODD_chart-300x125.png\" alt=\"\" width=\"612\" height=\"255\" srcset=\"https:\/\/www.cs.ubbcluj.ro\/~avescan\/lepontdurable\/wp-content\/uploads\/2021\/08\/Alese_ODD_chart-300x125.png 300w, https:\/\/www.cs.ubbcluj.ro\/~avescan\/lepontdurable\/wp-content\/uploads\/2021\/08\/Alese_ODD_chart-1024x427.png 1024w, https:\/\/www.cs.ubbcluj.ro\/~avescan\/lepontdurable\/wp-content\/uploads\/2021\/08\/Alese_ODD_chart-768x320.png 768w, https:\/\/www.cs.ubbcluj.ro\/~avescan\/lepontdurable\/wp-content\/uploads\/2021\/08\/Alese_ODD_chart.png 1228w\" sizes=\"(max-width: 612px) 100vw, 612px\" \/><\/p>\n<p>&nbsp;<\/p>\n","protected":false},"excerpt":{"rendered":"<p>Le choix de l&#8217;ODD par les \u00e9tudiants francophones qui ont particip\u00e9 aux ateliers Durabilit\u00e9. Une \u00e9ducation de qualit\u00e9, des opportunit\u00e9s d&#8217;apprentissage pour tous Assurer une vie saine et bien-\u00eatre \u00c9radication (disparition) de la faim et assurer la sant\u00e9 alimentaire &nbsp;<\/p>\n","protected":false},"author":1,"featured_media":0,"parent":0,"menu_order":0,"comment_status":"closed","ping_status":"closed","template":"","meta":[],"_links":{"self":[{"href":"https:\/\/www.cs.ubbcluj.ro\/~avescan\/lepontdurable\/wp-json\/wp\/v2\/pages\/330"}],"collection":[{"href":"https:\/\/www.cs.ubbcluj.ro\/~avescan\/lepontdurable\/wp-json\/wp\/v2\/pages"}],"about":[{"href":"https:\/\/www.cs.ubbcluj.ro\/~avescan\/lepontdurable\/wp-json\/wp\/v2\/types\/page"}],"author":[{"embeddable":true,"href":"https:\/\/www.cs.ubbcluj.ro\/~avescan\/lepontdurable\/wp-json\/wp\/v2\/users\/1"}],"replies":[{"embeddable":true,"href":"https:\/\/www.cs.ubbcluj.ro\/~avescan\/lepontdurable\/wp-json\/wp\/v2\/comments?post=330"}],"version-history":[{"count":1,"href":"https:\/\/www.cs.ubbcluj.ro\/~avescan\/lepontdurable\/wp-json\/wp\/v2\/pages\/330\/revisions"}],"predecessor-version":[{"id":332,"href":"https:\/\/www.cs.ubbcluj.ro\/~avescan\/lepontdurable\/wp-json\/wp\/v2\/pages\/330\/revisions\/332"}],"wp:attachment":[{"href":"https:\/\/www.cs.ubbcluj.ro\/~avescan\/lepontdurable\/wp-json\/wp\/v2\/media?parent=330"}],"curies":[{"name":"wp","href":"https:\/\/api.w.org\/{rel}","templated":true}]}}