{"id":267,"date":"2021-08-04T12:58:28","date_gmt":"2021-08-04T12:58:28","guid":{"rendered":"http:\/\/www.cs.ubbcluj.ro\/~avescan\/lepontdurable\/?page_id=267"},"modified":"2021-08-04T13:02:21","modified_gmt":"2021-08-04T13:02:21","slug":"rezultate-ateliere-sustenabilitate","status":"publish","type":"page","link":"https:\/\/www.cs.ubbcluj.ro\/~avescan\/lepontdurable\/rezultate-ateliere-sustenabilitate\/","title":{"rendered":"Rezultate Ateliere Sustenabilitate"},"content":{"rendered":"<p>Alegerea ODD de catre elevii si studentii francofoni care au participat la ateliere de Sustenabilitate.<\/p>\n<ol>\n<li>Educa\u021bie de calitate, oportunit\u0103\u021bi de \u00eenv\u0103\u021bare pentru to\u021bi<\/li>\n<li>Asigurarea unei vie\u021bi s\u0103n\u0103toase \u0219i \u00een bun\u0103stare<\/li>\n<li>Eradicarea (dispari\u021bia) foametei si asigurarea s\u0103n\u0103t\u0103\u021bii alimentare<\/li>\n<\/ol>\n<p><img loading=\"lazy\" class=\"alignnone wp-image-271\" src=\"http:\/\/www.cs.ubbcluj.ro\/~avescan\/lepontdurable\/wp-content\/uploads\/2021\/08\/Alese_ODD_chart_ro-300x127.png\" alt=\"\" width=\"971\" height=\"411\" srcset=\"https:\/\/www.cs.ubbcluj.ro\/~avescan\/lepontdurable\/wp-content\/uploads\/2021\/08\/Alese_ODD_chart_ro-300x127.png 300w, https:\/\/www.cs.ubbcluj.ro\/~avescan\/lepontdurable\/wp-content\/uploads\/2021\/08\/Alese_ODD_chart_ro-1024x435.png 1024w, https:\/\/www.cs.ubbcluj.ro\/~avescan\/lepontdurable\/wp-content\/uploads\/2021\/08\/Alese_ODD_chart_ro-768x326.png 768w, https:\/\/www.cs.ubbcluj.ro\/~avescan\/lepontdurable\/wp-content\/uploads\/2021\/08\/Alese_ODD_chart_ro.png 1079w\" sizes=\"(max-width: 971px) 100vw, 971px\" \/><\/p>\n","protected":false},"excerpt":{"rendered":"<p>Alegerea ODD de catre elevii si studentii francofoni care au participat la ateliere de Sustenabilitate. Educa\u021bie de calitate, oportunit\u0103\u021bi de \u00eenv\u0103\u021bare pentru to\u021bi Asigurarea unei vie\u021bi s\u0103n\u0103toase \u0219i \u00een bun\u0103stare Eradicarea (dispari\u021bia) foametei si asigurarea s\u0103n\u0103t\u0103\u021bii alimentare<\/p>\n","protected":false},"author":1,"featured_media":0,"parent":0,"menu_order":0,"comment_status":"closed","ping_status":"closed","template":"","meta":[],"_links":{"self":[{"href":"https:\/\/www.cs.ubbcluj.ro\/~avescan\/lepontdurable\/wp-json\/wp\/v2\/pages\/267"}],"collection":[{"href":"https:\/\/www.cs.ubbcluj.ro\/~avescan\/lepontdurable\/wp-json\/wp\/v2\/pages"}],"about":[{"href":"https:\/\/www.cs.ubbcluj.ro\/~avescan\/lepontdurable\/wp-json\/wp\/v2\/types\/page"}],"author":[{"embeddable":true,"href":"https:\/\/www.cs.ubbcluj.ro\/~avescan\/lepontdurable\/wp-json\/wp\/v2\/users\/1"}],"replies":[{"embeddable":true,"href":"https:\/\/www.cs.ubbcluj.ro\/~avescan\/lepontdurable\/wp-json\/wp\/v2\/comments?post=267"}],"version-history":[{"count":5,"href":"https:\/\/www.cs.ubbcluj.ro\/~avescan\/lepontdurable\/wp-json\/wp\/v2\/pages\/267\/revisions"}],"predecessor-version":[{"id":275,"href":"https:\/\/www.cs.ubbcluj.ro\/~avescan\/lepontdurable\/wp-json\/wp\/v2\/pages\/267\/revisions\/275"}],"wp:attachment":[{"href":"https:\/\/www.cs.ubbcluj.ro\/~avescan\/lepontdurable\/wp-json\/wp\/v2\/media?parent=267"}],"curies":[{"name":"wp","href":"https:\/\/api.w.org\/{rel}","templated":true}]}}