{"id":230,"date":"2021-02-24T15:59:27","date_gmt":"2021-02-24T15:59:27","guid":{"rendered":"http:\/\/www.cs.ubbcluj.ro\/~avescan\/lepontdurable\/?page_id=230"},"modified":"2021-02-25T05:49:59","modified_gmt":"2021-02-25T05:49:59","slug":"financement","status":"publish","type":"page","link":"https:\/\/www.cs.ubbcluj.ro\/~avescan\/lepontdurable\/fr\/financement\/","title":{"rendered":"Financement"},"content":{"rendered":"<p>Le projet est financ\u00e9 \u00e0 80% par l&#8217;AUF et \u00e0 20% cofinanc\u00e9 par l&#8217;Universit\u00e9 Babe\u0219-Bolyai, l&#8217;Association Beyond et Better Speech Coach.<\/p>\n","protected":false},"excerpt":{"rendered":"<p>Le projet est financ\u00e9 \u00e0 80% par l&#8217;AUF et \u00e0 20% cofinanc\u00e9 par l&#8217;Universit\u00e9 Babe\u0219-Bolyai, l&#8217;Association Beyond et Better Speech Coach.<\/p>\n","protected":false},"author":1,"featured_media":0,"parent":0,"menu_order":0,"comment_status":"closed","ping_status":"closed","template":"","meta":[],"_links":{"self":[{"href":"https:\/\/www.cs.ubbcluj.ro\/~avescan\/lepontdurable\/wp-json\/wp\/v2\/pages\/230"}],"collection":[{"href":"https:\/\/www.cs.ubbcluj.ro\/~avescan\/lepontdurable\/wp-json\/wp\/v2\/pages"}],"about":[{"href":"https:\/\/www.cs.ubbcluj.ro\/~avescan\/lepontdurable\/wp-json\/wp\/v2\/types\/page"}],"author":[{"embeddable":true,"href":"https:\/\/www.cs.ubbcluj.ro\/~avescan\/lepontdurable\/wp-json\/wp\/v2\/users\/1"}],"replies":[{"embeddable":true,"href":"https:\/\/www.cs.ubbcluj.ro\/~avescan\/lepontdurable\/wp-json\/wp\/v2\/comments?post=230"}],"version-history":[{"count":2,"href":"https:\/\/www.cs.ubbcluj.ro\/~avescan\/lepontdurable\/wp-json\/wp\/v2\/pages\/230\/revisions"}],"predecessor-version":[{"id":235,"href":"https:\/\/www.cs.ubbcluj.ro\/~avescan\/lepontdurable\/wp-json\/wp\/v2\/pages\/230\/revisions\/235"}],"wp:attachment":[{"href":"https:\/\/www.cs.ubbcluj.ro\/~avescan\/lepontdurable\/wp-json\/wp\/v2\/media?parent=230"}],"curies":[{"name":"wp","href":"https:\/\/api.w.org\/{rel}","templated":true}]}}