{"id":201,"date":"2021-02-11T06:45:27","date_gmt":"2021-02-11T06:45:27","guid":{"rendered":"http:\/\/www.cs.ubbcluj.ro\/~avescan\/lepontdurable\/?page_id=201"},"modified":"2021-08-05T14:55:36","modified_gmt":"2021-08-05T14:55:36","slug":"evenements","status":"publish","type":"page","link":"https:\/\/www.cs.ubbcluj.ro\/~avescan\/lepontdurable\/fr\/evenements\/","title":{"rendered":"\u00c9v\u00e9nements"},"content":{"rendered":"<p><strong>Le Pont Durable &#8211; atelier sur la durabilit\u00e9<\/strong><\/p>\n<p>\u00cates-vous un lyc\u00e9en ou un \u00e9tudiant? Parlez-vous un peu fran\u00e7ais? Vous souhaitez devenir b\u00e9n\u00e9vole dans des projets nationaux et internationaux? \u00cates-vous curieux et d\u00e9sireux de vous impliquer dans votre communaut\u00e9? Vous souhaitez en savoir plus sur l&#8217;entrepreneuriat social? Si vous avez r\u00e9pondu OUI \u00e0 la plupart de ces questions, cet atelier est pour vous.<\/p>\n<p><em>Qui organise ces \u00e9v\u00e9nements?<\/em><br \/>\nRepr\u00e9sentants de l&#8217;AUF (Agence Universitaire Francophone), de l&#8217;Universit\u00e9 Babe\u0219-Bolyai de Cluj-Napoca, de l&#8217;Association Beyond et de la start-up Better Speech Coach.<\/p>\n<p><em>A qui s&#8217;adressent ces ateliers?<\/em><br \/>\nPour les jeunes courageux qui, comme nous, veulent cr\u00e9er de bons changements autour d&#8217;eux.<\/p>\n<p><em>Que faisons-nous?<\/em><br \/>\nNous promouvons des valeurs telles que la durabilit\u00e9, le d\u00e9veloppement durable et l&#8217;entrepreneuriat social. L&#8217;acquisition de telles valeurs devient de plus en plus importante, et pour cela notre objectif est de stimuler la coop\u00e9ration entre les jeunes afin de cr\u00e9er un avenir meilleur!<\/p>\n<p><em>Comment?<\/em><br \/>\nGr\u00e2ce \u00e0 un atelier en ligne interactif et exp\u00e9rientiel! Vous apprendrez de nouvelles choses, vous interagirez avec des jeunes qui, comme vous, veulent contribuer \u00e0 cr\u00e9er un avenir meilleur pour la plan\u00e8te et, implicitement, pour l&#8217;humanit\u00e9!<br \/>\nLa participation \u00e0 l&#8217;atelier est gratuite et vous recevrez un dipl\u00f4me de participation qui certifiera que vous avez acquis des connaissances sur la durabilit\u00e9 et l&#8217;entrepreneuriat social.<\/p>\n<p><em>Quand?<\/em><br \/>\nSamedi 6 mars (10:30h &#8211; 13:30h)<\/p>\n<p><em>Comment m&#8217;inscrire?<\/em><br \/>\nPour vous inscrire, veuillez choisir la date et l&#8217;atelier auxquels vous souhaitez assister et remplir le formulaire au lien suivant:<br \/>\nhttps:\/\/forms.gle\/uyQwEmdgR8LQoYcF9<\/p>\n","protected":false},"excerpt":{"rendered":"<p>Le Pont Durable &#8211; atelier sur la durabilit\u00e9 \u00cates-vous un lyc\u00e9en ou un \u00e9tudiant? Parlez-vous un peu fran\u00e7ais? Vous souhaitez devenir b\u00e9n\u00e9vole dans des projets nationaux et internationaux? \u00cates-vous curieux et d\u00e9sireux de vous impliquer dans votre communaut\u00e9? Vous souhaitez en savoir plus sur l&#8217;entrepreneuriat social? Si vous avez r\u00e9pondu OUI \u00e0 la plupart de [&hellip;]<\/p>\n","protected":false},"author":1,"featured_media":0,"parent":0,"menu_order":0,"comment_status":"closed","ping_status":"closed","template":"","meta":[],"_links":{"self":[{"href":"https:\/\/www.cs.ubbcluj.ro\/~avescan\/lepontdurable\/wp-json\/wp\/v2\/pages\/201"}],"collection":[{"href":"https:\/\/www.cs.ubbcluj.ro\/~avescan\/lepontdurable\/wp-json\/wp\/v2\/pages"}],"about":[{"href":"https:\/\/www.cs.ubbcluj.ro\/~avescan\/lepontdurable\/wp-json\/wp\/v2\/types\/page"}],"author":[{"embeddable":true,"href":"https:\/\/www.cs.ubbcluj.ro\/~avescan\/lepontdurable\/wp-json\/wp\/v2\/users\/1"}],"replies":[{"embeddable":true,"href":"https:\/\/www.cs.ubbcluj.ro\/~avescan\/lepontdurable\/wp-json\/wp\/v2\/comments?post=201"}],"version-history":[{"count":5,"href":"https:\/\/www.cs.ubbcluj.ro\/~avescan\/lepontdurable\/wp-json\/wp\/v2\/pages\/201\/revisions"}],"predecessor-version":[{"id":227,"href":"https:\/\/www.cs.ubbcluj.ro\/~avescan\/lepontdurable\/wp-json\/wp\/v2\/pages\/201\/revisions\/227"}],"wp:attachment":[{"href":"https:\/\/www.cs.ubbcluj.ro\/~avescan\/lepontdurable\/wp-json\/wp\/v2\/media?parent=201"}],"curies":[{"name":"wp","href":"https:\/\/api.w.org\/{rel}","templated":true}]}}