{"id":194,"date":"2021-02-11T06:41:38","date_gmt":"2021-02-11T06:41:38","guid":{"rendered":"http:\/\/www.cs.ubbcluj.ro\/~avescan\/lepontdurable\/?page_id=194"},"modified":"2021-02-18T11:35:18","modified_gmt":"2021-02-18T11:35:18","slug":"evenimente-2","status":"publish","type":"page","link":"https:\/\/www.cs.ubbcluj.ro\/~avescan\/lepontdurable\/evenimente-2\/","title":{"rendered":"Evenimente"},"content":{"rendered":"<p><strong>Le Pont Durable &#8211; atelier despre sustenabilitate<\/strong><\/p>\n<div class=\"kvgmc6g5 cxmmr5t8 oygrvhab hcukyx3x c1et5uql\">E\u0219ti student sau elev de liceu? Parles-tu francais, un peu? Dore\u0219ti s\u0103 devii voluntar \u00een proiecte na\u021bionale \u0219i interna\u021bionale? E\u0219ti curios \u0219i dornic s\u0103 te implici \u00een comunitatea ta? \u021ai-ar pl\u0103cea s\u0103 aflii mai multe despre antreprenoriat social? Dac\u0103 ai r\u0103spuns DA la majoritatea acestor \u00eentreb\u0103ri, atunci acest atelier este pentru tine.<\/div>\n<div><\/div>\n<div class=\"o9v6fnle cxmmr5t8 oygrvhab hcukyx3x c1et5uql\"><em>Cine organizeaz\u0103 aceste evenimente?<\/em><\/div>\n<div class=\"o9v6fnle cxmmr5t8 oygrvhab hcukyx3x c1et5uql\">Reprezentan\u021bi ai AUF (Agen\u021bia Universitar\u0103 Francofon\u0103), Universit\u0103\u021bii Babe\u0219 Bolyai din Cluj-Napoca, asocia\u021biei Beyond \u0219i ai start-up-ului Better Speech Coach.<\/div>\n<div><\/div>\n<div class=\"o9v6fnle cxmmr5t8 oygrvhab hcukyx3x c1et5uql\"><em>Pentru cine sunt aceste ateliere?<\/em><\/div>\n<div class=\"o9v6fnle cxmmr5t8 oygrvhab hcukyx3x c1et5uql\">Pentru tineri curajo\u0219i care vor, ca \u0219i noi, s\u0103 creeze schimbari in bine in jurul lor.<\/div>\n<div><\/div>\n<div class=\"o9v6fnle cxmmr5t8 oygrvhab hcukyx3x c1et5uql\"><em>Ce facem?<\/em><\/div>\n<div class=\"o9v6fnle cxmmr5t8 oygrvhab hcukyx3x c1et5uql\">Promov\u0103m valori ca sustenabilitate, dezvoltare durabil\u0103 \u0219i antreprenoriat social. \u00censu\u0219irea unor astfel de valori devine din ce \u00een ce mai important\u0103, iar pentru asta scopul nostru este s\u0103 stimul\u0103m cooperarea \u00eentre tineri \u00een vederea cre\u0103rii unui viitor mai bun!<\/div>\n<div><\/div>\n<div class=\"o9v6fnle cxmmr5t8 oygrvhab hcukyx3x c1et5uql\"><em>Cum?<\/em><\/div>\n<div class=\"o9v6fnle cxmmr5t8 oygrvhab hcukyx3x c1et5uql\">Prin intermediul unui atelier online interactiv si experien\u021bial ! Vei afla lucruri noi, vei interactiona cu tineri care, asemeni tie vor s\u0103 contribuie la crearea unui viitor mai bun pentru planet\u0103 \u0219i implicit, pentru umanitate!<\/div>\n<div class=\"o9v6fnle cxmmr5t8 oygrvhab hcukyx3x c1et5uql\">Participarea la atelier este gratuit\u0103 \u0219i vei primi o diploma de participare care va atesta c\u0103 \u021bi-ai \u00eensu\u0219it anumite cuno\u0219tin\u021be cu privire la sustenabilitate \u0219i antreprenoriat social.<\/div>\n<div><\/div>\n<div class=\"o9v6fnle cxmmr5t8 oygrvhab hcukyx3x c1et5uql\"><em>C\u00e2nd?<\/em><\/div>\n<div class=\"o9v6fnle cxmmr5t8 oygrvhab hcukyx3x c1et5uql\">S\u00e2mb\u0103t\u0103, 6 martie (10:30 &#8211; 13:30)<\/div>\n<div class=\"o9v6fnle cxmmr5t8 oygrvhab hcukyx3x c1et5uql\"><em>Cum m\u0103 \u00eenscriu?<\/em><\/div>\n<div class=\"o9v6fnle cxmmr5t8 oygrvhab hcukyx3x c1et5uql\">Pentru \u00eenscriere, te rug\u0103m s\u0103 alegi data \u0219i atelierul la care dore\u0219ti s\u0103 participi \u0219i s\u0103 completezi formularul din link-ul urm\u0103tor:<\/div>\n<div class=\"o9v6fnle cxmmr5t8 oygrvhab hcukyx3x c1et5uql\"><a class=\"oajrlxb2 g5ia77u1 qu0x051f esr5mh6w e9989ue4 r7d6kgcz rq0escxv nhd2j8a9 nc684nl6 p7hjln8o kvgmc6g5 cxmmr5t8 oygrvhab hcukyx3x jb3vyjys rz4wbd8a qt6c0cv9 a8nywdso i1ao9s8h esuyzwwr f1sip0of lzcic4wl py34i1dx gpro0wi8\" tabindex=\"0\" role=\"link\" href=\"https:\/\/forms.gle\/uyQwEmdgR8LQoYcF9?fbclid=IwAR0rPjs9QkhiLh55eh9EDBWdbeE927KzK2y6EJDtBp8QAVJ1FcDFkdKipuM\" target=\"_blank\" rel=\"nofollow noopener\">https:\/\/forms.gle\/uyQwEmdgR8LQoYcF9<\/a><\/div>\n","protected":false},"excerpt":{"rendered":"<p>Le Pont Durable &#8211; atelier despre sustenabilitate E\u0219ti student sau elev de liceu? Parles-tu francais, un peu? Dore\u0219ti s\u0103 devii voluntar \u00een proiecte na\u021bionale \u0219i interna\u021bionale? E\u0219ti curios \u0219i dornic s\u0103 te implici \u00een comunitatea ta? \u021ai-ar pl\u0103cea s\u0103 aflii mai multe despre antreprenoriat social? Dac\u0103 ai r\u0103spuns DA la majoritatea acestor \u00eentreb\u0103ri, atunci acest [&hellip;]<\/p>\n","protected":false},"author":1,"featured_media":0,"parent":0,"menu_order":0,"comment_status":"closed","ping_status":"closed","template":"","meta":[],"_links":{"self":[{"href":"https:\/\/www.cs.ubbcluj.ro\/~avescan\/lepontdurable\/wp-json\/wp\/v2\/pages\/194"}],"collection":[{"href":"https:\/\/www.cs.ubbcluj.ro\/~avescan\/lepontdurable\/wp-json\/wp\/v2\/pages"}],"about":[{"href":"https:\/\/www.cs.ubbcluj.ro\/~avescan\/lepontdurable\/wp-json\/wp\/v2\/types\/page"}],"author":[{"embeddable":true,"href":"https:\/\/www.cs.ubbcluj.ro\/~avescan\/lepontdurable\/wp-json\/wp\/v2\/users\/1"}],"replies":[{"embeddable":true,"href":"https:\/\/www.cs.ubbcluj.ro\/~avescan\/lepontdurable\/wp-json\/wp\/v2\/comments?post=194"}],"version-history":[{"count":5,"href":"https:\/\/www.cs.ubbcluj.ro\/~avescan\/lepontdurable\/wp-json\/wp\/v2\/pages\/194\/revisions"}],"predecessor-version":[{"id":218,"href":"https:\/\/www.cs.ubbcluj.ro\/~avescan\/lepontdurable\/wp-json\/wp\/v2\/pages\/194\/revisions\/218"}],"wp:attachment":[{"href":"https:\/\/www.cs.ubbcluj.ro\/~avescan\/lepontdurable\/wp-json\/wp\/v2\/media?parent=194"}],"curies":[{"name":"wp","href":"https:\/\/api.w.org\/{rel}","templated":true}]}}