{"id":176,"date":"2021-01-25T22:15:40","date_gmt":"2021-01-25T22:15:40","guid":{"rendered":"http:\/\/www.cs.ubbcluj.ro\/~avescan\/lepontdurable\/?page_id=176"},"modified":"2021-01-25T22:28:16","modified_gmt":"2021-01-25T22:28:16","slug":"equipe","status":"publish","type":"page","link":"https:\/\/www.cs.ubbcluj.ro\/~avescan\/lepontdurable\/fr\/equipe\/","title":{"rendered":"\u00c9quipe"},"content":{"rendered":"<p><\/p>\r\n<div class=\"wp-block-group\">\r\n<div class=\"wp-block-group__inner-container\">\r\n<div class=\"tmm tmm_lepontdurableequipe\"><div class=\"tmm_3_columns tmm_wrap tmm_plugin_f\"><span class=\"tmm_two_containers_tablet\"><\/span><div class=\"tmm_container\"><div class=\"tmm_member\" style=\"border-top:#333333 solid 5px;\"><div class=\"tmm_photo tmm_pic_lepontdurableequipe_0\" style=\"background: url(http:\/\/www.cs.ubbcluj.ro\/~avescan\/lepontdurable\/wp-content\/uploads\/2021\/01\/Andreea_Vescan_Nov2020.jpg); margin-left: auto; margin-right:auto; background-size:cover !important;\"><\/div><div class=\"tmm_textblock\"><div class=\"tmm_names\"><span class=\"tmm_fname\">Andreea<\/span> <span class=\"tmm_lname\">Vescan<\/span><\/div><div class=\"tmm_job\">Directeur de projet<\/div><div class=\"tmm_desc\" style=\"text-align:\"><p>Andreea Vescan est Ma\u00eetre de conf\u00e9rences agr\u00e9g\u00e9 \u00e0 la Facult\u00e9 de Math\u00e9matiques et d'Informatique.<\/p><\/div><div class=\"tmm_scblock\"><a target=\"_blank\" class=\"tmm_sociallink\" href=\"https:\/\/www.cs.ubbcluj.ro\/~avescan\/\" title=\"Andreea Homepage\"><img alt=\"Andreea Homepage\" src=\"https:\/\/www.cs.ubbcluj.ro\/~avescan\/lepontdurable\/wp-content\/plugins\/team-members\/inc\/img\/links\/website.png\"\/><\/a><\/div><\/div><\/div><div class=\"tmm_member\" style=\"border-top:#333333 solid 5px;\"><div class=\"tmm_photo tmm_pic_lepontdurableequipe_1\" style=\"background: url(http:\/\/www.cs.ubbcluj.ro\/~avescan\/lepontdurable\/wp-content\/uploads\/2021\/01\/CristinaRosca.jpg); margin-left: auto; margin-right:auto; background-size:cover !important;\"><\/div><div class=\"tmm_textblock\"><div class=\"tmm_names\"><span class=\"tmm_fname\">Delia Cristina<\/span> <span class=\"tmm_lname\">Rosca<\/span><\/div><div class=\"tmm_job\">Facilitateur<\/div><div class=\"tmm_desc\" style=\"text-align:\"><p>Delia Cristina Rosca est une psychologue et psychodramaticienne avec 10 ans d'exp\u00e9rience en entreprise. Elle est \u00e9galement l'un des co-fondateurs de l'Association Beyond<\/p><\/div><div class=\"tmm_scblock\"><\/div><\/div><\/div><span class=\"tmm_two_containers_tablet\"><\/span><div class=\"tmm_member\" style=\"border-top:#333333 solid 5px;\"><div class=\"tmm_photo tmm_pic_lepontdurableequipe_2\" style=\"background: url(http:\/\/www.cs.ubbcluj.ro\/~avescan\/lepontdurable\/wp-content\/uploads\/2021\/01\/TeoPaucean.jpg); margin-left: auto; margin-right:auto; background-size:cover !important;\"><\/div><div class=\"tmm_textblock\"><div class=\"tmm_names\"><span class=\"tmm_fname\">Teodora<\/span> <span class=\"tmm_lname\">Paucean<\/span><\/div><div class=\"tmm_job\">Facilitateur<\/div><div class=\"tmm_desc\" style=\"text-align:\"><p>Teodora Paucean est psychologue et coach. Elle est \u00e9galement partenaire de la start-up Mind Broadcast.<\/p><\/div><div class=\"tmm_scblock\"><\/div><\/div><\/div><\/div><span class=\"tmm_columns_containers_desktop\"><\/span><div class=\"tmm_container\"><div class=\"tmm_member\" style=\"border-top:#333333 solid 5px;\"><div class=\"tmm_photo tmm_pic_lepontdurableequipe_3\" style=\"background: url(http:\/\/www.cs.ubbcluj.ro\/~avescan\/lepontdurable\/wp-content\/uploads\/2021\/01\/CristinaModoi.jpg); margin-left: auto; margin-right:auto; background-size:cover !important;\"><\/div><div class=\"tmm_textblock\"><div class=\"tmm_names\"><span class=\"tmm_fname\">Cristina<\/span> <span class=\"tmm_lname\">Modoi<\/span><\/div><div class=\"tmm_job\">Chercheur<\/div><div class=\"tmm_desc\" style=\"text-align:\"><p>Cristina Modoi est Ma\u00eetre de conf\u00e9rences \u00e0 la Facult\u00e9 des Sciences et de l'Ing\u00e9nierie de l'Environnement<\/p><\/div><div class=\"tmm_scblock\"><\/div><\/div><\/div><span class=\"tmm_two_containers_tablet\"><\/span><div class=\"tmm_member\" style=\"border-top:#333333 solid 5px;\"><div class=\"tmm_photo tmm_pic_lepontdurableequipe_4\" style=\"background: url(http:\/\/www.cs.ubbcluj.ro\/~avescan\/lepontdurable\/wp-content\/uploads\/2021\/01\/anamaria-lazaruc.jpg); margin-left: auto; margin-right:auto; background-size:cover !important;\"><\/div><div class=\"tmm_textblock\"><div class=\"tmm_names\"><span class=\"tmm_fname\">Anamaria<\/span> <span class=\"tmm_lname\">Lazaruc<\/span><\/div><div class=\"tmm_job\">Facilitateur<\/div><div class=\"tmm_desc\" style=\"text-align:\"><p>Anamaria Lazaruc est \u00e9tudiante \u00e0 la Facult\u00e9 de Psychologie et des Sciences de l'Education, de l'Universit\u00e9 Al. I. Cuza Ia\u0219i, Roumanie.<\/p><\/div><div class=\"tmm_scblock\"><\/div><\/div><\/div><div style=\"clear:both;\"><\/div><\/div><\/div><\/div>\r\n<p><\/p>\r\n<\/div>\r\n<\/div>\r\n<p><\/p>","protected":false},"excerpt":{"rendered":"","protected":false},"author":1,"featured_media":0,"parent":0,"menu_order":0,"comment_status":"closed","ping_status":"closed","template":"","meta":[],"_links":{"self":[{"href":"https:\/\/www.cs.ubbcluj.ro\/~avescan\/lepontdurable\/wp-json\/wp\/v2\/pages\/176"}],"collection":[{"href":"https:\/\/www.cs.ubbcluj.ro\/~avescan\/lepontdurable\/wp-json\/wp\/v2\/pages"}],"about":[{"href":"https:\/\/www.cs.ubbcluj.ro\/~avescan\/lepontdurable\/wp-json\/wp\/v2\/types\/page"}],"author":[{"embeddable":true,"href":"https:\/\/www.cs.ubbcluj.ro\/~avescan\/lepontdurable\/wp-json\/wp\/v2\/users\/1"}],"replies":[{"embeddable":true,"href":"https:\/\/www.cs.ubbcluj.ro\/~avescan\/lepontdurable\/wp-json\/wp\/v2\/comments?post=176"}],"version-history":[{"count":3,"href":"https:\/\/www.cs.ubbcluj.ro\/~avescan\/lepontdurable\/wp-json\/wp\/v2\/pages\/176\/revisions"}],"predecessor-version":[{"id":187,"href":"https:\/\/www.cs.ubbcluj.ro\/~avescan\/lepontdurable\/wp-json\/wp\/v2\/pages\/176\/revisions\/187"}],"wp:attachment":[{"href":"https:\/\/www.cs.ubbcluj.ro\/~avescan\/lepontdurable\/wp-json\/wp\/v2\/media?parent=176"}],"curies":[{"name":"wp","href":"https:\/\/api.w.org\/{rel}","templated":true}]}}