{"id":174,"date":"2021-01-25T22:15:11","date_gmt":"2021-01-25T22:15:11","guid":{"rendered":"http:\/\/www.cs.ubbcluj.ro\/~avescan\/lepontdurable\/?page_id=174"},"modified":"2021-10-10T06:12:53","modified_gmt":"2021-10-10T06:12:53","slug":"media","status":"publish","type":"page","link":"https:\/\/www.cs.ubbcluj.ro\/~avescan\/lepontdurable\/fr\/media\/","title":{"rendered":"Media"},"content":{"rendered":"<p>Pr\u00e9sentation du projet &#8220;Le Pont Durable&#8221; &#8211; <a href=\"https:\/\/www.cs.ubbcluj.ro\/~avescan\/lepontdurablevideo\/Le%20pont%20durable%20-%20presentation.mp4\">Le pont durable &#8211; video<\/a><\/p>\n<p>&nbsp;<\/p>\n<p>La Facult\u00e9 de Math\u00e9matiques et Informatique &#8211; <a href=\"https:\/\/www.cs.ubbcluj.ro\/le-pont-durable-o-initiativa-interdisciplinara-si-transectoriala-menita-sa-contribuie-la-incurajarea-antreprenoriatului-social-si-la-promovarea-sustenabilitatii\/\">link<\/a><\/p>\n<p>Facult\u00e9 des Sciences et Ing\u00e9nierie de L\u2019Environnement- <a href=\"https:\/\/enviro.ubbcluj.ro\/le-pont-durable-o-initiativa-interdisciplinara-si-transectoriala-menita-sa-contribuie-la-incurajarea-antreprenoriatului-social-si-la-promovarea-sustenabilitati\/\">link<\/a><\/p>\n<p>&nbsp;<\/p>\n<p>AUF &#8211; AUF Europe Centrale et Orientale <a href=\"https:\/\/www.auf.org\/europe-centrale-orientale\/nos-actions\/toutes-nos-actions\/pont-durable\/\">link<\/a><\/p>\n<p>Universit\u00e9 Bab\u00e8s-Bolyai de Cluj-Napoca, Roumanie &#8211; Communiqu\u00e9 de presse &#8211; <a href=\"https:\/\/news.ubbcluj.ro\/le-pont-durable-cum-construim-un-viitor-sustenabil\/\">link<\/a><\/p>\n<p>&nbsp;<\/p>\n<p>&nbsp;<\/p>\n","protected":false},"excerpt":{"rendered":"<p>Pr\u00e9sentation du projet &#8220;Le Pont Durable&#8221; &#8211; Le pont durable &#8211; video &nbsp; La Facult\u00e9 de Math\u00e9matiques et Informatique &#8211; link Facult\u00e9 des Sciences et Ing\u00e9nierie de L\u2019Environnement- link &nbsp; AUF &#8211; AUF Europe Centrale et Orientale link Universit\u00e9 Bab\u00e8s-Bolyai de Cluj-Napoca, Roumanie &#8211; Communiqu\u00e9 de presse &#8211; link &nbsp; &nbsp;<\/p>\n","protected":false},"author":1,"featured_media":0,"parent":0,"menu_order":0,"comment_status":"closed","ping_status":"closed","template":"","meta":[],"_links":{"self":[{"href":"https:\/\/www.cs.ubbcluj.ro\/~avescan\/lepontdurable\/wp-json\/wp\/v2\/pages\/174"}],"collection":[{"href":"https:\/\/www.cs.ubbcluj.ro\/~avescan\/lepontdurable\/wp-json\/wp\/v2\/pages"}],"about":[{"href":"https:\/\/www.cs.ubbcluj.ro\/~avescan\/lepontdurable\/wp-json\/wp\/v2\/types\/page"}],"author":[{"embeddable":true,"href":"https:\/\/www.cs.ubbcluj.ro\/~avescan\/lepontdurable\/wp-json\/wp\/v2\/users\/1"}],"replies":[{"embeddable":true,"href":"https:\/\/www.cs.ubbcluj.ro\/~avescan\/lepontdurable\/wp-json\/wp\/v2\/comments?post=174"}],"version-history":[{"count":4,"href":"https:\/\/www.cs.ubbcluj.ro\/~avescan\/lepontdurable\/wp-json\/wp\/v2\/pages\/174\/revisions"}],"predecessor-version":[{"id":360,"href":"https:\/\/www.cs.ubbcluj.ro\/~avescan\/lepontdurable\/wp-json\/wp\/v2\/pages\/174\/revisions\/360"}],"wp:attachment":[{"href":"https:\/\/www.cs.ubbcluj.ro\/~avescan\/lepontdurable\/wp-json\/wp\/v2\/media?parent=174"}],"curies":[{"name":"wp","href":"https:\/\/api.w.org\/{rel}","templated":true}]}}