{"id":169,"date":"2021-01-25T22:12:09","date_gmt":"2021-01-25T22:12:09","guid":{"rendered":"http:\/\/www.cs.ubbcluj.ro\/~avescan\/lepontdurable\/?page_id=169"},"modified":"2021-01-25T22:12:09","modified_gmt":"2021-01-25T22:12:09","slug":"sommaire","status":"publish","type":"page","link":"https:\/\/www.cs.ubbcluj.ro\/~avescan\/lepontdurable\/fr\/sommaire\/","title":{"rendered":"Sommaire"},"content":{"rendered":"<p>La durabilit\u00e9 doit \u00eatre abord\u00e9e et soutenue par des actions concr\u00e8tes. La coop\u00e9ration interdisciplinaire et intersectorielle par la mise en \u0153uvre d&#8217;activit\u00e9s est d&#8217;une importance capitale pour atteindre les objectifs de d\u00e9veloppement durable des Nations Unies.<\/p>\n<p>&nbsp;<\/p>\n<p>Augmenter le niveau de connaissance d&#8217;un groupe d&#8217;\u00e9tudiants sur l&#8217;entrepreneuriat social et le d\u00e9veloppement durable, cr\u00e9er une plateforme \u00e9ducative bilingue roumain-fran\u00e7ais sur l&#8217;un des 17 objectifs de l&#8217;ONU et mener des \u00e9tudes empiriques pilotes sur les principaux facteurs qui motiveraient participants, barri\u00e8res possibles et pratiques efficaces dans l&#8217;application des principes et actions de d\u00e9veloppement durable au niveau individuel et \u00e9largi (local ou r\u00e9gional) sont les objectifs de ce projet qui seront atteints par la conception et la mise en \u0153uvre de 7 ateliers exp\u00e9rientiels et d&#8217;une table ronde.<\/p>\n","protected":false},"excerpt":{"rendered":"<p>La durabilit\u00e9 doit \u00eatre abord\u00e9e et soutenue par des actions concr\u00e8tes. La coop\u00e9ration interdisciplinaire et intersectorielle par la mise en \u0153uvre d&#8217;activit\u00e9s est d&#8217;une importance capitale pour atteindre les objectifs de d\u00e9veloppement durable des Nations Unies. &nbsp; Augmenter le niveau de connaissance d&#8217;un groupe d&#8217;\u00e9tudiants sur l&#8217;entrepreneuriat social et le d\u00e9veloppement durable, cr\u00e9er une plateforme [&hellip;]<\/p>\n","protected":false},"author":1,"featured_media":0,"parent":0,"menu_order":0,"comment_status":"closed","ping_status":"closed","template":"","meta":[],"_links":{"self":[{"href":"https:\/\/www.cs.ubbcluj.ro\/~avescan\/lepontdurable\/wp-json\/wp\/v2\/pages\/169"}],"collection":[{"href":"https:\/\/www.cs.ubbcluj.ro\/~avescan\/lepontdurable\/wp-json\/wp\/v2\/pages"}],"about":[{"href":"https:\/\/www.cs.ubbcluj.ro\/~avescan\/lepontdurable\/wp-json\/wp\/v2\/types\/page"}],"author":[{"embeddable":true,"href":"https:\/\/www.cs.ubbcluj.ro\/~avescan\/lepontdurable\/wp-json\/wp\/v2\/users\/1"}],"replies":[{"embeddable":true,"href":"https:\/\/www.cs.ubbcluj.ro\/~avescan\/lepontdurable\/wp-json\/wp\/v2\/comments?post=169"}],"version-history":[{"count":1,"href":"https:\/\/www.cs.ubbcluj.ro\/~avescan\/lepontdurable\/wp-json\/wp\/v2\/pages\/169\/revisions"}],"predecessor-version":[{"id":170,"href":"https:\/\/www.cs.ubbcluj.ro\/~avescan\/lepontdurable\/wp-json\/wp\/v2\/pages\/169\/revisions\/170"}],"wp:attachment":[{"href":"https:\/\/www.cs.ubbcluj.ro\/~avescan\/lepontdurable\/wp-json\/wp\/v2\/media?parent=169"}],"curies":[{"name":"wp","href":"https:\/\/api.w.org\/{rel}","templated":true}]}}