{"id":166,"date":"2021-01-25T21:21:33","date_gmt":"2021-01-25T21:21:33","guid":{"rendered":"http:\/\/www.cs.ubbcluj.ro\/~avescan\/lepontdurable\/?page_id=166"},"modified":"2021-01-25T22:20:46","modified_gmt":"2021-01-25T22:20:46","slug":"objectifs","status":"publish","type":"page","link":"https:\/\/www.cs.ubbcluj.ro\/~avescan\/lepontdurable\/fr\/objectifs\/","title":{"rendered":"Objectifs"},"content":{"rendered":"<p>Dans ce projet, nous proposons 2 objectifs principaux: un objectif <strong>\u00e9ducatif<\/strong> et un objectif <strong>scientifique<\/strong>.<\/p>\n<p>L&#8217;objectif \u00e9ducatif se r\u00e9f\u00e8re \u00e0:<\/p>\n<ul>\n<li>Augmenter le niveau de connaissance pour minimum 30 \u00e9tudiants sur l&#8217;entrepreneuriat social et le d\u00e9veloppement durable lors de 7 ateliers organis\u00e9s pendant le projet.<\/li>\n<li>Cr\u00e9ation d&#8217;une plateforme \u00e9ducative bilingue roumain-fran\u00e7ais sur l&#8217;un des 17 objectifs de d\u00e9veloppement durable de l&#8217;ONU et d&#8217;entrepreneuriat social et de d\u00e9veloppement durable (offrant \u00e0 toute partie prenante int\u00e9ress\u00e9e diverses m\u00e9thodes et informations et actions qui renforce la durabilit\u00e9).<\/li>\n<li>Susciter l&#8217;int\u00e9r\u00eat pour les activit\u00e9s men\u00e9es en fran\u00e7ais pour minimum 30 \u00e9tudiants pendant l&#8217;intervalle de la projet.<\/li>\n<\/ul>\n<p>&nbsp;<\/p>\n<p>Du point de vue de l&#8217;objectif scientifique, nous proposons:<\/p>\n<ul>\n<li>R\u00e9alisation d&#8217;\u00e9tudes empiriques pilotes sur:\n<ul>\n<li>Les connaissances, les informations acquises, respectivement la prise de conscience des participants sur l&#8217;entrepreneuriat social et son r\u00f4le dans le d\u00e9veloppement durable au niveau local ou r\u00e9gional avant et apr\u00e8s la participation aux ateliers du pr\u00e9sent projet.<\/li>\n<\/ul>\n<\/li>\n<li>Etudier les principaux facteurs qui motiveraient les participants (moteurs), les obstacles possibles et les pratiques efficaces dans l&#8217;application des principes et des actions de d\u00e9veloppement durable des participants au niveau individuel et \u00e9tendu, comme au niveau local ou r\u00e9gional.<\/li>\n<li>Conception et mise en \u0153uvre de la plateforme num\u00e9rique p\u00e9dagogique mentionn\u00e9e ci-dessus par 10 \u00e9tudiants de la Facult\u00e9 de Math\u00e9matiques et d&#8217;Informatique de l&#8217;Universit\u00e9 Babes-Bolyai lors de 3 ateliers entre avril et mai 2021 pendant le projet.<\/li>\n<\/ul>\n","protected":false},"excerpt":{"rendered":"<p>Dans ce projet, nous proposons 2 objectifs principaux: un objectif \u00e9ducatif et un objectif scientifique. L&#8217;objectif \u00e9ducatif se r\u00e9f\u00e8re \u00e0: Augmenter le niveau de connaissance pour minimum 30 \u00e9tudiants sur l&#8217;entrepreneuriat social et le d\u00e9veloppement durable lors de 7 ateliers organis\u00e9s pendant le projet. Cr\u00e9ation d&#8217;une plateforme \u00e9ducative bilingue roumain-fran\u00e7ais sur l&#8217;un des 17 objectifs [&hellip;]<\/p>\n","protected":false},"author":1,"featured_media":0,"parent":0,"menu_order":0,"comment_status":"closed","ping_status":"closed","template":"","meta":[],"_links":{"self":[{"href":"https:\/\/www.cs.ubbcluj.ro\/~avescan\/lepontdurable\/wp-json\/wp\/v2\/pages\/166"}],"collection":[{"href":"https:\/\/www.cs.ubbcluj.ro\/~avescan\/lepontdurable\/wp-json\/wp\/v2\/pages"}],"about":[{"href":"https:\/\/www.cs.ubbcluj.ro\/~avescan\/lepontdurable\/wp-json\/wp\/v2\/types\/page"}],"author":[{"embeddable":true,"href":"https:\/\/www.cs.ubbcluj.ro\/~avescan\/lepontdurable\/wp-json\/wp\/v2\/users\/1"}],"replies":[{"embeddable":true,"href":"https:\/\/www.cs.ubbcluj.ro\/~avescan\/lepontdurable\/wp-json\/wp\/v2\/comments?post=166"}],"version-history":[{"count":4,"href":"https:\/\/www.cs.ubbcluj.ro\/~avescan\/lepontdurable\/wp-json\/wp\/v2\/pages\/166\/revisions"}],"predecessor-version":[{"id":184,"href":"https:\/\/www.cs.ubbcluj.ro\/~avescan\/lepontdurable\/wp-json\/wp\/v2\/pages\/166\/revisions\/184"}],"wp:attachment":[{"href":"https:\/\/www.cs.ubbcluj.ro\/~avescan\/lepontdurable\/wp-json\/wp\/v2\/media?parent=166"}],"curies":[{"name":"wp","href":"https:\/\/api.w.org\/{rel}","templated":true}]}}