{"id":13,"date":"2021-05-08T07:22:51","date_gmt":"2021-05-08T07:22:51","guid":{"rendered":"https:\/\/www.cs.ubbcluj.ro\/~avescan\/elevator\/?page_id=13"},"modified":"2021-08-31T22:10:21","modified_gmt":"2021-08-31T22:10:21","slug":"obiective","status":"publish","type":"page","link":"https:\/\/www.cs.ubbcluj.ro\/~avescan\/elevator\/index.php\/ro\/obiective\/","title":{"rendered":"Obiective"},"content":{"rendered":"\r\n<p><strong>Obiectivul 1<\/strong><strong>: Solu\u021bii \u0219i abord\u0103ri investigate legate de activit\u0103\u021bi eficiente de proiectare a \u00eenv\u0103\u021b\u0103rii<\/strong><\/p>\r\n\r\n\r\n\r\n<p><strong>Activitatea 1.<\/strong> Analiza problemelor practice de c\u0103tre cercet\u0103tori \u0219i practicieni (profesori \u0219i studen\u021bi) \u00een colaborare &#8211; Proiectarea instrumentelor calitative de colectare a datelor: grila de observare, interviuri \u0219i orient\u0103ri ale grupurilor de focus &#8211; Colectarea datelor de la practicieni<\/p>\r\n\r\n\r\n\r\n<p><strong>Activitatea 2. <\/strong>Dezvoltarea de noi solu\u021bii (de exemplu, tehnologice) informate de principiile de proiectare existente \u0219i bazate pe date calitative colectate \u00een timpul activit\u0103\u021bii 1 &#8211; Proiectarea instrumentelor cantitative \u0219i calitative de colectare a datelor pentru a m\u0103sura impactul noilor solu\u021bii: pre-post-teste, gril\u0103 de observare, ghid de interviu.<\/p>\r\n\r\n\r\n\r\n<p><strong>Activitatea 3.<\/strong> Cicluri iterative de testare \u0219i perfec\u021bionare a solu\u021biilor \u00een practic\u0103. Efectuarea studiului &#8211; prin aplicarea la diferite discipline predate la Universitatea Babes-Bolyai \u0219i Universitatea Namur &#8211; Colectarea datelor de la practicieni (impactul noilor solu\u021bii).<\/p>\r\n\r\n\r\n\r\n<p><strong>Activitatea 4. <\/strong>Reflec\u021bie pentru a produce principii de proiectare \u0219i pentru a spori implementarea solu\u021biei.<\/p>\r\n\r\n\r\n\r\n<p><strong>Obiectivul 2: Investigarea unor solu\u021bii \u0219i abord\u0103ri referitoare la metodele de diagnosticare ale ne\u00een\u021belegerilor timpurii<\/strong><\/p>\r\n\r\n\r\n\r\n<p><strong>Activitatea 1.<\/strong> Analiza problemelor practice de c\u0103tre cercet\u0103tori \u0219i practicieni \u00een colaborare &#8211; Proiectarea instrumentelor calitative de colectare a datelor: gril\u0103 de observare, interviuri \u0219i orient\u0103ri ale grupurilor de focus (studiu fenomenologic) &#8211; Colectarea datelor de la practicieni. Identificarea concep\u021biilor gre\u0219ite frecvente pe baza discursurilor practicianului. <br \/><strong>Activitatea 2. <\/strong>Dezvoltarea inventarelor conceptuale pe baza datelor colectate \u00een Activitatea 1. <br \/><strong>Activitatea 3. <\/strong>Trecerea inventarului conceptului \u0219i perfec\u021bionarea materialului didactic \u00een practic\u0103 conform datelor colectate. Desf\u0103\u0219urarea studiului &#8211; prin aplicarea la diferite discipline predate la Universitatea Babes-Bolyai \u0219i Universitatea Namur. <br \/><strong>Activitatea 4. <\/strong>Reflec\u021bie pentru a produce principii de proiectare pentru materiale didactice \u00een conformitate cu concep\u021biile gre\u0219ite identificate.<\/p>\r\n","protected":false},"excerpt":{"rendered":"<p>Obiectivul 1: Solu\u021bii \u0219i abord\u0103ri investigate legate de activit\u0103\u021bi eficiente de proiectare a \u00eenv\u0103\u021b\u0103rii Activitatea 1. Analiza problemelor practice de c\u0103tre cercet\u0103tori \u0219i practicieni (profesori \u0219i studen\u021bi) \u00een colaborare &#8211; Proiectarea instrumentelor calitative de colectare a datelor: grila de observare, interviuri \u0219i orient\u0103ri ale grupurilor de focus &#8211; Colectarea datelor de la practicieni Activitatea 2. [&hellip;]<\/p>\n","protected":false},"author":1,"featured_media":0,"parent":0,"menu_order":0,"comment_status":"closed","ping_status":"closed","template":"","meta":[],"_links":{"self":[{"href":"https:\/\/www.cs.ubbcluj.ro\/~avescan\/elevator\/index.php\/wp-json\/wp\/v2\/pages\/13"}],"collection":[{"href":"https:\/\/www.cs.ubbcluj.ro\/~avescan\/elevator\/index.php\/wp-json\/wp\/v2\/pages"}],"about":[{"href":"https:\/\/www.cs.ubbcluj.ro\/~avescan\/elevator\/index.php\/wp-json\/wp\/v2\/types\/page"}],"author":[{"embeddable":true,"href":"https:\/\/www.cs.ubbcluj.ro\/~avescan\/elevator\/index.php\/wp-json\/wp\/v2\/users\/1"}],"replies":[{"embeddable":true,"href":"https:\/\/www.cs.ubbcluj.ro\/~avescan\/elevator\/index.php\/wp-json\/wp\/v2\/comments?post=13"}],"version-history":[{"count":3,"href":"https:\/\/www.cs.ubbcluj.ro\/~avescan\/elevator\/index.php\/wp-json\/wp\/v2\/pages\/13\/revisions"}],"predecessor-version":[{"id":63,"href":"https:\/\/www.cs.ubbcluj.ro\/~avescan\/elevator\/index.php\/wp-json\/wp\/v2\/pages\/13\/revisions\/63"}],"wp:attachment":[{"href":"https:\/\/www.cs.ubbcluj.ro\/~avescan\/elevator\/index.php\/wp-json\/wp\/v2\/media?parent=13"}],"curies":[{"name":"wp","href":"https:\/\/api.w.org\/{rel}","templated":true}]}}