{"id":75,"date":"2021-04-16T15:53:17","date_gmt":"2021-04-16T15:53:17","guid":{"rendered":"https:\/\/www.cs.ubbcluj.ro\/~avescan\/avenir\/?page_id=75"},"modified":"2021-05-26T05:08:56","modified_gmt":"2021-05-26T05:08:56","slug":"informatii","status":"publish","type":"page","link":"https:\/\/www.cs.ubbcluj.ro\/~avescan\/avenir\/index.php\/sanatate-si-stare-de-bine\/informatii\/","title":{"rendered":"Informations"},"content":{"rendered":"<p>Cette page contiendra des informations sur diff\u00e9rentes maladies<\/p>\n<ul>\n<li>Grippe:\n<ul>\n<li>Les causes:<br \/>\nLa grippe vient des virus de la grippe<\/li>\n<li>La transmission:<br \/>\nde personne \u00e0 personne gr\u00e2ce aux a\u00e9rosols (air expir\u00e9)<\/li>\n<li>Sympt\u00f4mes:\n<ul>\n<li>Fi\u00e8vre<\/li>\n<li>Frissons<\/li>\n<li>Toux<\/li>\n<li>Nez qui coule<\/li>\n<li>Gorge irrit\u00e9e<\/li>\n<li>Mal de cr\u00e2ne<\/li>\n<\/ul>\n<\/li>\n<li>Traitement:\n<ul>\n<li>Analg\u00e9siques<\/li>\n<\/ul>\n<\/li>\n<li>Pr\u00e9ventions:\n<ul>\n<li>apport en vitamine C<\/li>\n<li>une bonne hygi\u00e8ne<\/li>\n<li>bonne alimentation<\/li>\n<\/ul>\n<\/li>\n<li>Les mythes\n<ul>\n<li>La grippe est caus\u00e9e par le froid<br \/>\nLa grippe n&#8217;est pas caus\u00e9e par le rhume, elle est transmise par des virus. Le rhume ne cause aucune maladie, mais le passage d&#8217;une temp\u00e9rature \u00e0 une autre peut provoquer des sympt\u00f4mes pseudo-grippaux (nez bouch\u00e9, mal de gorge, toux).<\/li>\n<\/ul>\n<\/li>\n<\/ul>\n<\/li>\n<\/ul>\n","protected":false},"excerpt":{"rendered":"<p>Cette page contiendra des informations sur diff\u00e9rentes maladies Grippe: Les causes: La grippe vient des virus de la grippe La transmission: de personne \u00e0 personne gr\u00e2ce aux a\u00e9rosols (air expir\u00e9) Sympt\u00f4mes: Fi\u00e8vre Frissons Toux Nez qui coule Gorge irrit\u00e9e Mal de cr\u00e2ne Traitement: Analg\u00e9siques Pr\u00e9ventions: apport en vitamine C une bonne hygi\u00e8ne bonne alimentation Les [&hellip;]<\/p>\n","protected":false},"author":4,"featured_media":0,"parent":14,"menu_order":0,"comment_status":"closed","ping_status":"closed","template":"","meta":[],"_links":{"self":[{"href":"https:\/\/www.cs.ubbcluj.ro\/~avescan\/avenir\/index.php\/wp-json\/wp\/v2\/pages\/75"}],"collection":[{"href":"https:\/\/www.cs.ubbcluj.ro\/~avescan\/avenir\/index.php\/wp-json\/wp\/v2\/pages"}],"about":[{"href":"https:\/\/www.cs.ubbcluj.ro\/~avescan\/avenir\/index.php\/wp-json\/wp\/v2\/types\/page"}],"author":[{"embeddable":true,"href":"https:\/\/www.cs.ubbcluj.ro\/~avescan\/avenir\/index.php\/wp-json\/wp\/v2\/users\/4"}],"replies":[{"embeddable":true,"href":"https:\/\/www.cs.ubbcluj.ro\/~avescan\/avenir\/index.php\/wp-json\/wp\/v2\/comments?post=75"}],"version-history":[{"count":13,"href":"https:\/\/www.cs.ubbcluj.ro\/~avescan\/avenir\/index.php\/wp-json\/wp\/v2\/pages\/75\/revisions"}],"predecessor-version":[{"id":279,"href":"https:\/\/www.cs.ubbcluj.ro\/~avescan\/avenir\/index.php\/wp-json\/wp\/v2\/pages\/75\/revisions\/279"}],"up":[{"embeddable":true,"href":"https:\/\/www.cs.ubbcluj.ro\/~avescan\/avenir\/index.php\/wp-json\/wp\/v2\/pages\/14"}],"wp:attachment":[{"href":"https:\/\/www.cs.ubbcluj.ro\/~avescan\/avenir\/index.php\/wp-json\/wp\/v2\/media?parent=75"}],"curies":[{"name":"wp","href":"https:\/\/api.w.org\/{rel}","templated":true}]}}