{"id":64,"date":"2021-04-16T15:50:53","date_gmt":"2021-04-16T15:50:53","guid":{"rendered":"https:\/\/www.cs.ubbcluj.ro\/~avescan\/avenir\/?page_id=64"},"modified":"2021-05-28T12:38:16","modified_gmt":"2021-05-28T12:38:16","slug":"nutritie","status":"publish","type":"page","link":"https:\/\/www.cs.ubbcluj.ro\/~avescan\/avenir\/index.php\/nutritie\/","title":{"rendered":"Nutrition"},"content":{"rendered":"<div class=\"FFpbKc\"><\/div>\n<h2><span style=\"font-size: 16px;\">Nutrition<\/span><\/h2>\n<div class=\"dePhmb\">\n<div class=\"eyKpYb\" data-language=\"fr\" data-original-language=\"ro\" data-result-index=\"0\">\n<div class=\"J0lOec\"><span class=\"VIiyi\" lang=\"fr\"><span class=\"JLqJ4b ChMk0b\" data-language-for-alternatives=\"fr\" data-language-to-translate-into=\"ro\" data-phrase-index=\"2\">La nutrition est la science qui interpr\u00e8te les interactions entre <a href=\"https:\/\/ro.wikipedia.org\/wiki\/Nutrient\">les nutriment<\/a>s et d&#8217;autres substances dans les aliments (par exemple, <a href=\"https:\/\/ro.wikipedia.org\/wiki\/Fitonutrient\">phytonutriments<\/a>, <a href=\"https:\/\/ro.wikipedia.org\/wiki\/Antocianin%C4%83\">anthocyanes<\/a>, <a href=\"https:\/\/ro.wikipedia.org\/wiki\/Tanin\">tanins<\/a>, etc.) en relation avec le maintien, le d\u00e9veloppement, la reproduction, la sant\u00e9 et la maladie d&#8217;un organisme.<\/span> <span class=\"JLqJ4b ChMk0b\" data-language-for-alternatives=\"fr\" data-language-to-translate-into=\"ro\" data-phrase-index=\"3\">Comprend l&#8217;apport alimentaire, l&#8217;absorption, la digestion, la <a href=\"https:\/\/ro.wikipedia.org\/w\/index.php?title=Biosinteza&amp;action=edit&amp;redlink=1\">biosynth\u00e8se<\/a>, le <a href=\"https:\/\/ro.wikipedia.org\/wiki\/Catabolism\">catabolisme<\/a> et l&#8217;excr\u00e9tion.<\/span><\/span><\/div>\n<\/div>\n<\/div>\n<p><img loading=\"lazy\" class=\"alignright\" src=\"https:\/\/blog.ciat.cgiar.org\/wp-content\/uploads\/map-malnutrition-africa.jpg\" width=\"405\" height=\"279\" \/><\/p>\n<h4>Malnutrition<\/h4>\n<p>-Malnutrition, par d\u00e9finition il est entendu qu&#8217;il s&#8217;agit d&#8217;un trouble chronique de l&#8217;\u00e9tat nutritionnel, provoqu\u00e9 par un apport nutritionnel insuffisant ou parfois inexistant, en r\u00e9f\u00e9rence \u00e0 la consommation d&#8217;eau, des carences en vitamines, prot\u00e9ines, calories, sels min\u00e9raux provoquant ainsi une an\u00e9mie par carence ou rachitisme.<br \/>\n&#8211; Malheureusement, la malnutrition est la principale cause de mortalit\u00e9 dans les pays en d\u00e9veloppement, mais aussi dans les pays o\u00f9 il y a eu des guerres, des s\u00e9cheresses, des migrations ou des calamit\u00e9s au fil du temps.<br \/>\n-La plupart des personnes touch\u00e9es sont des enfants, plus de la moiti\u00e9 des cas de malnutrition sont install\u00e9s dans les 6 premiers mois de la vie.<br \/>\n-Il y avait une l\u00e9g\u00e8re tendance \u00e0 augmenter l&#8217;incidence de la malnutrition dans les pays d\u00e9velopp\u00e9s, un cas particulier aux \u00c9tats-Unis.<br \/>\n-Les carences et le manque des apports n\u00e9cessaires pour un d\u00e9veloppement normal des populations, favorisent une sensibilit\u00e9 accrue aux infections, de tous type, et celles-ci \u00e9tant souvent la cause de d\u00e9c\u00e8s.<\/p>\n<h4>Blog<\/h4>\n<h6>Nutrition pour la sant\u00e9<\/h6>\n<p><a href=\"https:\/\/nutritie-pentru-sanatate.ro\/\">https:\/\/nutritie-pentru-sanatate.ro\/<\/a><\/p>\n","protected":false},"excerpt":{"rendered":"<p>Nutrition La nutrition est la science qui interpr\u00e8te les interactions entre les nutriments et d&#8217;autres substances dans les aliments (par exemple, phytonutriments, anthocyanes, tanins, etc.) en relation avec le maintien, le d\u00e9veloppement, la reproduction, la sant\u00e9 et la maladie d&#8217;un organisme. Comprend l&#8217;apport alimentaire, l&#8217;absorption, la digestion, la biosynth\u00e8se, le catabolisme et l&#8217;excr\u00e9tion. Malnutrition -Malnutrition, [&hellip;]<\/p>\n","protected":false},"author":5,"featured_media":0,"parent":0,"menu_order":0,"comment_status":"closed","ping_status":"closed","template":"","meta":[],"_links":{"self":[{"href":"https:\/\/www.cs.ubbcluj.ro\/~avescan\/avenir\/index.php\/wp-json\/wp\/v2\/pages\/64"}],"collection":[{"href":"https:\/\/www.cs.ubbcluj.ro\/~avescan\/avenir\/index.php\/wp-json\/wp\/v2\/pages"}],"about":[{"href":"https:\/\/www.cs.ubbcluj.ro\/~avescan\/avenir\/index.php\/wp-json\/wp\/v2\/types\/page"}],"author":[{"embeddable":true,"href":"https:\/\/www.cs.ubbcluj.ro\/~avescan\/avenir\/index.php\/wp-json\/wp\/v2\/users\/5"}],"replies":[{"embeddable":true,"href":"https:\/\/www.cs.ubbcluj.ro\/~avescan\/avenir\/index.php\/wp-json\/wp\/v2\/comments?post=64"}],"version-history":[{"count":17,"href":"https:\/\/www.cs.ubbcluj.ro\/~avescan\/avenir\/index.php\/wp-json\/wp\/v2\/pages\/64\/revisions"}],"predecessor-version":[{"id":293,"href":"https:\/\/www.cs.ubbcluj.ro\/~avescan\/avenir\/index.php\/wp-json\/wp\/v2\/pages\/64\/revisions\/293"}],"wp:attachment":[{"href":"https:\/\/www.cs.ubbcluj.ro\/~avescan\/avenir\/index.php\/wp-json\/wp\/v2\/media?parent=64"}],"curies":[{"name":"wp","href":"https:\/\/api.w.org\/{rel}","templated":true}]}}