{"id":61,"date":"2021-04-16T15:48:08","date_gmt":"2021-04-16T15:48:08","guid":{"rendered":"https:\/\/www.cs.ubbcluj.ro\/~avescan\/avenir\/?page_id=61"},"modified":"2021-05-26T05:13:28","modified_gmt":"2021-05-26T05:13:28","slug":"noutati","status":"publish","type":"page","link":"https:\/\/www.cs.ubbcluj.ro\/~avescan\/avenir\/index.php\/noutati\/","title":{"rendered":"Nouvelles"},"content":{"rendered":"<h3>UNDP<\/h3>\n<p><a href=\"https:\/\/www.undp.org\/content\/undp\/en\/home\/sustainable-development-goals\/goal-2-zero-hunger.html\">https:\/\/www.undp.org\/content\/undp\/en\/home\/sustainable-development-goals\/goal-2-zero-hunger.html<\/a><\/p>\n<h3>R\u00e9partition des solariums \u00e0 Valea Viilor et Moti\u0219<\/h3>\n<p><img loading=\"lazy\" class=\"post_list_image_fit\" src=\"http:\/\/impreunaplantam.ro\/blogimageuploads\/Solarii_1.jpg\" alt=\"Solarii_1.jpg\" width=\"280\" height=\"280\" \/><\/p>\n<p>Le 5 mars 2021, l&#8217;Open Fields Foundation a organis\u00e9 avec la mairie de la commune de Valea Viilor la premi\u00e8re distribution de 10 solariums de l\u00e9gumes et de fleurs pour la communaut\u00e9 rom dans le cadre du projet \u00abEnsemble, nous plantons le d\u00e9veloppement et l&#8217;harmonie \u00e0 Valea Viilor\u00bb. Les solariums ont \u00e9t\u00e9 distribu\u00e9s aux b\u00e9n\u00e9ficiaires de la commune de Valea Viilor et ont \u00e9t\u00e9 bien accueillis par toute la communaut\u00e9.<\/p>\n<p><a href=\"http:\/\/impreunaplantam.ro\/noutati--impreuna-plantam--ro.html#!\/posts\/Distribuie-de-solarii-in-Valea-Viilor-i-Moti\/1\">http:\/\/impreunaplantam.ro\/noutati&#8211;impreuna-plantam&#8211;ro.html#!\/posts\/Distribuie-de-solarii-in-Valea-Viilor-i-Moti\/1<\/a><\/p>\n<h3>La premi\u00e8re distribution d&#8217;incubateurs d&#8217;\u0153ufs dans la commune de Mo\u015fna<\/h3>\n<p><img loading=\"lazy\" class=\"post_page_image\" src=\"http:\/\/cetateniactivi.ro\/blogimageuploads\/Incubatoare_1.jpg\" width=\"326\" height=\"245\" \/><\/p>\n<p>Le mercredi 23 mars 2021, la premi\u00e8re distribution de 20 incubateurs d&#8217;\u0153ufs pour la communaut\u00e9 rom a eu lieu dans la commune de Mo\u0219na, comt\u00e9 de Sibiu, dans le cadre du projet \u00abCitoyens actifs sur le plateau de Media\u0219\u00bb, un projet mis en \u0153uvre par la Fondation Open Fields.<\/p>\n<div class=\"container\">\n<div class=\"row project-title\">\n<div class=\"container\">\n<div class=\"col span_6 section-title \">\n<div class=\"inner-wrap\">\n<h3>CoopNet 2.0: nous apprenons et grandissons ensemble<\/h3>\n<\/div>\n<\/div>\n<\/div>\n<\/div>\n<\/div>\n<p>\u00abCoopNet 2.0: Apprendre et grandir ensemble\u00bb vise \u00e0 \u00e9duquer et \u00e0 former un groupe de leaders qui dirigent les coop\u00e9ratives agricoles existantes (directeurs ex\u00e9cutifs et pr\u00e9sidents) afin qu&#8217;ils puissent disposer des outils dont ils ont besoin pour accomplir leurs t\u00e2ches. CoopNet 2.0 est une extension naturelle du projet CoopNet, qui a d\u00e9but\u00e9 il y a deux ans et a r\u00e9uni un groupe d&#8217;experts dans le domaine de la formation et de l&#8217;activit\u00e9 des coop\u00e9ratives agricoles pour soutenir l&#8217;association et la coop\u00e9ration des agriculteurs en Roumanie, ainsi que pour contribuer \u00e0 la d\u00e9veloppement de structures associatives. Notre exp\u00e9rience a pris au moins 2-3 ans pour qu&#8217;une coop\u00e9rative agricole devienne op\u00e9rationnelle, avec le temps suppl\u00e9mentaire n\u00e9cessaire pour passer par les diff\u00e9rentes \u00e9tapes de l&#8217;\u00e9volution. Nous esp\u00e9rons \u00e9largir le groupe de dirigeants gr\u00e2ce \u00e0 des s\u00e9ances de mentorat, des visites d&#8217;\u00e9tude internationales, un programme de formation pour les directeurs de coop\u00e9ratives agricoles, des activit\u00e9s de recherche et de plaidoyer, dans le cadre du nouveau projet. L&#8217;organisation des activit\u00e9s et le rapprochement de divers acteurs importants &#8211; entreprises partenaires, autorit\u00e9s locales, membres de coop\u00e9ratives et communaut\u00e9 &#8211; sont \u00e9galement au premier plan de CoopNet 2.0.<\/p>\n<p><a href=\"https:\/\/civitas.ro\/proiecte\/coopnet2-0\/\">https:\/\/civitas.ro\/proiecte\/coopnet2-0\/<\/a><\/p>\n","protected":false},"excerpt":{"rendered":"<p>UNDP https:\/\/www.undp.org\/content\/undp\/en\/home\/sustainable-development-goals\/goal-2-zero-hunger.html R\u00e9partition des solariums \u00e0 Valea Viilor et Moti\u0219 Le 5 mars 2021, l&#8217;Open Fields Foundation a organis\u00e9 avec la mairie de la commune de Valea Viilor la premi\u00e8re distribution de 10 solariums de l\u00e9gumes et de fleurs pour la communaut\u00e9 rom dans le cadre du projet \u00abEnsemble, nous plantons le d\u00e9veloppement et l&#8217;harmonie [&hellip;]<\/p>\n","protected":false},"author":5,"featured_media":0,"parent":0,"menu_order":0,"comment_status":"closed","ping_status":"closed","template":"","meta":[],"_links":{"self":[{"href":"https:\/\/www.cs.ubbcluj.ro\/~avescan\/avenir\/index.php\/wp-json\/wp\/v2\/pages\/61"}],"collection":[{"href":"https:\/\/www.cs.ubbcluj.ro\/~avescan\/avenir\/index.php\/wp-json\/wp\/v2\/pages"}],"about":[{"href":"https:\/\/www.cs.ubbcluj.ro\/~avescan\/avenir\/index.php\/wp-json\/wp\/v2\/types\/page"}],"author":[{"embeddable":true,"href":"https:\/\/www.cs.ubbcluj.ro\/~avescan\/avenir\/index.php\/wp-json\/wp\/v2\/users\/5"}],"replies":[{"embeddable":true,"href":"https:\/\/www.cs.ubbcluj.ro\/~avescan\/avenir\/index.php\/wp-json\/wp\/v2\/comments?post=61"}],"version-history":[{"count":10,"href":"https:\/\/www.cs.ubbcluj.ro\/~avescan\/avenir\/index.php\/wp-json\/wp\/v2\/pages\/61\/revisions"}],"predecessor-version":[{"id":284,"href":"https:\/\/www.cs.ubbcluj.ro\/~avescan\/avenir\/index.php\/wp-json\/wp\/v2\/pages\/61\/revisions\/284"}],"wp:attachment":[{"href":"https:\/\/www.cs.ubbcluj.ro\/~avescan\/avenir\/index.php\/wp-json\/wp\/v2\/media?parent=61"}],"curies":[{"name":"wp","href":"https:\/\/api.w.org\/{rel}","templated":true}]}}