{"id":59,"date":"2021-04-16T15:50:14","date_gmt":"2021-04-16T15:50:14","guid":{"rendered":"https:\/\/www.cs.ubbcluj.ro\/~avescan\/avenir\/?page_id=59"},"modified":"2021-05-28T12:36:32","modified_gmt":"2021-05-28T12:36:32","slug":"investeste-in-reteaua-de-hub-uri","status":"publish","type":"page","link":"https:\/\/www.cs.ubbcluj.ro\/~avescan\/avenir\/index.php\/investeste-in-reteaua-de-hub-uri\/","title":{"rendered":"Utiliser et investir dans le r\u00e9seau des HUB"},"content":{"rendered":"<p>L&#8217; Hub est un espace commun pour les travailleurs de diff\u00e9rentes entreprises. Il permet de r\u00e9duire les co\u00fbts en utilisant des infrastructures communes, telles que les \u00e9quipements et les services publics, dans certains cas, les services de boissons gazeuses et l&#8217;acceptation des colis. Un autre avantage est la socialisation et la facilitation de l&#8217;\u00e9change d&#8217;informations.<\/p>\n<p>&nbsp;<\/p>\n<table style=\"width: 100%;\">\n<tbody>\n<tr>\n<th>Nom du hub<\/th>\n<th>Prix \u200b\u200b\/ jour (RON)<\/th>\n<th>Emplacement<\/th>\n<th>Link<\/th>\n<\/tr>\n<tr>\n<td>Cluj Cowork<\/td>\n<td>50<\/td>\n<td>Cluj-Napoca<\/td>\n<td><a href=\"https:\/\/clujcowork.ro\/ro\/\">https:\/\/clujcowork.ro\/<\/a><\/td>\n<\/tr>\n<tr>\n<td>Silicon Forest<\/td>\n<td>50<\/td>\n<td>Cluj-Napoca<\/td>\n<td><a href=\"https:\/\/siliconforest.ro\/\">https:\/\/siliconforest.ro\/<\/a><\/td>\n<\/tr>\n<tr>\n<td>Cluj-Hub<\/td>\n<td>55<\/td>\n<td>Cluj-Napoca<\/td>\n<td><a href=\"https:\/\/clujhub.ro\/\">https:\/\/clujhub.ro\/<\/a><\/td>\n<\/tr>\n<\/tbody>\n<\/table>\n<p>Contribuez d\u00e8s maintenant \u00e0 l&#8217;enrichissement du r\u00e9seau des hubs en Roumanie!<br \/>\nRapport 2020 pour les hubs roumains: <a href=\"https:\/\/www.crosspoint.com.ro\/wp-content\/uploads\/2020\/02\/Coworking-Report-2020s.pdf\">Lire le rapport<\/a><br \/>\nCliquez ici: <a href=\"#\">Je veux contribuer!<\/a><\/p>\n<p><img loading=\"lazy\" class=\"alignnone wp-image-152\" src=\"https:\/\/www.cs.ubbcluj.ro\/~avescan\/avenir\/wp-content\/uploads\/2021\/04\/cowomen-ZKHksse8tUU-unsplash-300x200.jpg\" alt=\"\" width=\"442\" height=\"294\" srcset=\"https:\/\/www.cs.ubbcluj.ro\/~avescan\/avenir\/wp-content\/uploads\/2021\/04\/cowomen-ZKHksse8tUU-unsplash-300x200.jpg 300w, https:\/\/www.cs.ubbcluj.ro\/~avescan\/avenir\/wp-content\/uploads\/2021\/04\/cowomen-ZKHksse8tUU-unsplash-1024x683.jpg 1024w, https:\/\/www.cs.ubbcluj.ro\/~avescan\/avenir\/wp-content\/uploads\/2021\/04\/cowomen-ZKHksse8tUU-unsplash-768x512.jpg 768w, https:\/\/www.cs.ubbcluj.ro\/~avescan\/avenir\/wp-content\/uploads\/2021\/04\/cowomen-ZKHksse8tUU-unsplash-1536x1024.jpg 1536w, https:\/\/www.cs.ubbcluj.ro\/~avescan\/avenir\/wp-content\/uploads\/2021\/04\/cowomen-ZKHksse8tUU-unsplash-2048x1365.jpg 2048w\" sizes=\"(max-width: 442px) 100vw, 442px\" \/><\/p>\n","protected":false},"excerpt":{"rendered":"<p>L&#8217; Hub est un espace commun pour les travailleurs de diff\u00e9rentes entreprises. Il permet de r\u00e9duire les co\u00fbts en utilisant des infrastructures communes, telles que les \u00e9quipements et les services publics, dans certains cas, les services de boissons gazeuses et l&#8217;acceptation des colis. Un autre avantage est la socialisation et la facilitation de l&#8217;\u00e9change d&#8217;informations. [&hellip;]<\/p>\n","protected":false},"author":3,"featured_media":0,"parent":0,"menu_order":0,"comment_status":"closed","ping_status":"closed","template":"","meta":[],"_links":{"self":[{"href":"https:\/\/www.cs.ubbcluj.ro\/~avescan\/avenir\/index.php\/wp-json\/wp\/v2\/pages\/59"}],"collection":[{"href":"https:\/\/www.cs.ubbcluj.ro\/~avescan\/avenir\/index.php\/wp-json\/wp\/v2\/pages"}],"about":[{"href":"https:\/\/www.cs.ubbcluj.ro\/~avescan\/avenir\/index.php\/wp-json\/wp\/v2\/types\/page"}],"author":[{"embeddable":true,"href":"https:\/\/www.cs.ubbcluj.ro\/~avescan\/avenir\/index.php\/wp-json\/wp\/v2\/users\/3"}],"replies":[{"embeddable":true,"href":"https:\/\/www.cs.ubbcluj.ro\/~avescan\/avenir\/index.php\/wp-json\/wp\/v2\/comments?post=59"}],"version-history":[{"count":18,"href":"https:\/\/www.cs.ubbcluj.ro\/~avescan\/avenir\/index.php\/wp-json\/wp\/v2\/pages\/59\/revisions"}],"predecessor-version":[{"id":290,"href":"https:\/\/www.cs.ubbcluj.ro\/~avescan\/avenir\/index.php\/wp-json\/wp\/v2\/pages\/59\/revisions\/290"}],"wp:attachment":[{"href":"https:\/\/www.cs.ubbcluj.ro\/~avescan\/avenir\/index.php\/wp-json\/wp\/v2\/media?parent=59"}],"curies":[{"name":"wp","href":"https:\/\/api.w.org\/{rel}","templated":true}]}}