{"id":57,"date":"2021-04-16T15:44:18","date_gmt":"2021-04-16T15:44:18","guid":{"rendered":"https:\/\/www.cs.ubbcluj.ro\/~avescan\/avenir\/?page_id=57"},"modified":"2021-08-05T16:09:10","modified_gmt":"2021-08-05T16:09:10","slug":"interactiuni-educative","status":"publish","type":"page","link":"https:\/\/www.cs.ubbcluj.ro\/~avescan\/avenir\/index.php\/interactiuni-educative\/","title":{"rendered":"Interaction  \u00e9ducatif"},"content":{"rendered":"<p>\u00c9v\u00e9nements en direct, webinaires et sessions \u00e9ducatives \u00e0 travers lesquels vous pouvez interagir avec des personnes dans votre domaine d&#8217;int\u00e9r\u00eat<\/p>\n<p>Forum o\u00f9 tout le monde peut poser une question, mais seul un enseignant peut y r\u00e9pondre.<\/p>\n<div style=\"border-style: dashed; padding: 30px;\">\n<p>\u00c9changeons des collections<\/p>\n<p>O\u00f9? B\u00e2timent central de l&#8217;UBB<br \/>\nLorsque?<\/p>\n<p>De quoi avez-vous besoin? Une collection que vous n&#8217;utilisez plus et que vous repartez avec une nouvelle \u00e0 la place<\/p>\n<p><a href=\"https:\/\/www.google.com\/maps\/place\/Universitatea+Babe%C5%9F-Bolyai+-+Facultatea+De+Matematic%C4%83+%C5%9Ei+Informatic%C4%83\/@46.7675379,23.5870644,16z\/data=!4m9!1m2!2m1!1smaps+cladirea+centrala+ubb!3m5!1s0x0:0xc25e4a8111c461b7!8m2!3d46.7675377!4d23.5914419!15sChptYXBzIGNsYWRpcmVhIGNlbnRyYWxhIHViYiIDiAEBkgEKdW5pdmVyc2l0eQ\">Emplacemont ici<\/a><\/p>\n<\/div>\n<div style=\"border-style: dashed; padding: 30px; margin-top: 10px;\">\n<p>Dr Ben Lambert, Universit\u00e9 de Derby, Royaume-Uni: Courbure moyenne lagrangienne avec limite<\/p>\n<p>Le Dr Ben Lambert, Universit\u00e9 de Derby, Royaume-Uni, pr\u00e9sente la conf\u00e9rence intitul\u00e9e: Lagrangian Mean Curvature Flow with Boundary La conf\u00e9rence invit\u00e9e aura lieu le vendredi 23 avril, 13: 00-14: 00, sur la plateforme Zoom \u00e0 cette adresse (ID de r\u00e9union: 942 5742 9397, code d&#8217;acc\u00e8s: 863502)<\/p>\n<p><a href=\"https:\/\/arxiv.org\/abs\/1911.04977\">Lire le resume<\/a><\/p>\n<\/div>\n<div style=\"border-style: dashed; padding: 30px; margin-top: 10px;\">\n<p>Tudor Damian &#8211; Certified Ethical Hacker et MVP Microsoft Cloud and Datacenter Management: IaaS, Cloud priv\u00e9 et virtualisation<\/p>\n<p>Mercredi 21.04.2021 lors du cours Grid, Cluster and Cloud Computing organis\u00e9 par le Prof.Assoc.Dr Adrian Sergiu DARABANT au master en Syst\u00e8mes Internet Distribu\u00e9s, Bases de Donn\u00e9es et Calcul Haute Performance, la conf\u00e9rence sera donn\u00e9e par Tudor Damian, Certified Ethical Hacker et MVP Microsoft Cloud and Datacenter Management<\/p>\n<\/div>\n","protected":false},"excerpt":{"rendered":"<p>\u00c9v\u00e9nements en direct, webinaires et sessions \u00e9ducatives \u00e0 travers lesquels vous pouvez interagir avec des personnes dans votre domaine d&#8217;int\u00e9r\u00eat Forum o\u00f9 tout le monde peut poser une question, mais seul un enseignant peut y r\u00e9pondre. \u00c9changeons des collections O\u00f9? B\u00e2timent central de l&#8217;UBB Lorsque? De quoi avez-vous besoin? Une collection que vous n&#8217;utilisez plus [&hellip;]<\/p>\n","protected":false},"author":3,"featured_media":0,"parent":0,"menu_order":0,"comment_status":"closed","ping_status":"closed","template":"","meta":[],"_links":{"self":[{"href":"https:\/\/www.cs.ubbcluj.ro\/~avescan\/avenir\/index.php\/wp-json\/wp\/v2\/pages\/57"}],"collection":[{"href":"https:\/\/www.cs.ubbcluj.ro\/~avescan\/avenir\/index.php\/wp-json\/wp\/v2\/pages"}],"about":[{"href":"https:\/\/www.cs.ubbcluj.ro\/~avescan\/avenir\/index.php\/wp-json\/wp\/v2\/types\/page"}],"author":[{"embeddable":true,"href":"https:\/\/www.cs.ubbcluj.ro\/~avescan\/avenir\/index.php\/wp-json\/wp\/v2\/users\/3"}],"replies":[{"embeddable":true,"href":"https:\/\/www.cs.ubbcluj.ro\/~avescan\/avenir\/index.php\/wp-json\/wp\/v2\/comments?post=57"}],"version-history":[{"count":10,"href":"https:\/\/www.cs.ubbcluj.ro\/~avescan\/avenir\/index.php\/wp-json\/wp\/v2\/pages\/57\/revisions"}],"predecessor-version":[{"id":306,"href":"https:\/\/www.cs.ubbcluj.ro\/~avescan\/avenir\/index.php\/wp-json\/wp\/v2\/pages\/57\/revisions\/306"}],"wp:attachment":[{"href":"https:\/\/www.cs.ubbcluj.ro\/~avescan\/avenir\/index.php\/wp-json\/wp\/v2\/media?parent=57"}],"curies":[{"name":"wp","href":"https:\/\/api.w.org\/{rel}","templated":true}]}}