{"id":199,"date":"2021-05-25T14:30:54","date_gmt":"2021-05-25T14:30:54","guid":{"rendered":"https:\/\/www.cs.ubbcluj.ro\/~avescan\/avenir\/?page_id=199"},"modified":"2021-05-26T05:10:03","modified_gmt":"2021-05-26T05:10:03","slug":"participa-activ-ro","status":"publish","type":"page","link":"https:\/\/www.cs.ubbcluj.ro\/~avescan\/avenir\/index.php\/ro\/participa-activ-ro\/","title":{"rendered":"Participa activ"},"content":{"rendered":"<h2><strong>Share the meal<\/strong><\/h2>\n<p>ShareTheMeal, un proiect al Programului Alimentar Mondial al Organiza\u021biei Na\u021biunilor Unite, este o aplica\u021bie mobil\u0103 care v\u0103 permite s\u0103 \u201e\u00eemp\u0103rt\u0103\u0219i\u021bi masa\u201d cu un copil care are nevoie, contribuind cu o singur\u0103 sum\u0103 de bani cu o singur\u0103 atingere pe telefon. ShareTheMeal este o organiza\u021bie non-profit care str\u00e2nge fonduri pentru a hr\u0103ni oamenii \u0219i pentru a contribui la obiectivul unei lumi f\u0103r\u0103 foame.Utilizatorii pot alege o cauz\u0103 pentru dona\u021bia lor \u0219i pot dona 0,80 USD (sau mai mult) cu o singur\u0103 atingere \u00een aplica\u021bie. Fondurile sunt primite de Programul Alimentar Mondial al Na\u021biunilor Unite, care apoi distribuie mesele.<\/p>\n<p><a href=\"https:\/\/sharethemeal.org\/en\/\">https:\/\/sharethemeal.org\/en\/<\/a><\/p>\n<h2><strong>Every kid fed<\/strong><\/h2>\n<p>Every Kid Fed este o mic\u0103 organiza\u021bie non-profit dedicat\u0103 elimin\u0103rii foametei din copil\u0103rie. Acest lucru se realizeaz\u0103 prin stabilirea c\u0103marilor alimentare \u00een \u0219colile din California, care are o rat\u0103 ridicat\u0103 a s\u0103r\u0103ciei. De la \u00eenfiin\u021barea sa \u00een 2017, platforma a distribuit peste 800.000 de mese. \u00cen plus, ca r\u0103spuns la Covid-19, ei au servit mese familiilor cu venituri mici \u00een fiecare vineri. Le ofer\u0103 acestor familii elementele esen\u021biale pentru hr\u0103nirea unei familii de patru persoane.<\/p>\n<p><a href=\"https:\/\/everykidfed.org\/\">https:\/\/everykidfed.org\/<\/a><\/p>\n<h2>O masa calda<\/h2>\n<p>\u201eO Mas\u0103 Cald\u0103\u201d func\u021bioneaz\u0103 din iunie 2013, c\u00e2nd un grup de oameni din Cluj-Napoca a str\u00e2ns 100 de lei, care au fost folosi\u021bi pentru a prepara 50 de mese calde la Cantina Social\u0103 a Prim\u0103riei Cluj-Napoca din Pia\u021ba Muzeului. Activit\u0103\u021bile noastre s-au r\u0103sp\u00e2ndit treptat \u00een alte ora\u0219e, inclusiv Adjud, Bucure\u0219ti, Bistri\u021ba, Constan\u021ba, Satu Mare \u0219i Zal\u0103u. Mesele noastre calde sunt livrate copiilor la un centru de zi operat de alte agen\u021bii neguvernamentale specializate \u00een asigurarea de locuin\u021be pentru adul\u021bi, dar \u0219i pentru persoanele vulnerabile care sunt f\u0103r\u0103 ad\u0103post.<\/p>\n<p><a href=\"https:\/\/omasacalda.ro\/\">https:\/\/omasacalda.ro\/<\/a><\/p>\n<h2>Heifer international<\/h2>\n<p>\u00cen colaborare cu comunit\u0103\u021bile pe care le reprezent\u0103m, ne str\u0103duim s\u0103 punem cap\u0103t foametei \u0219i s\u0103r\u0103ciei. Serviciile noastre ajut\u0103 antreprenorii din \u00eentreaga lume s\u0103 fac\u0103 diferen\u021ba de la zero. \u00cencepe cu o investi\u021bie pentru animale sau semin\u021be agricole, apoi prin mentorat pentru a ajuta participan\u021bii la proiect s\u0103 dezvolte o companie \u0219i, \u00een cele din urm\u0103, accesul la lan\u021burile de aprovizionare \u0219i pie\u021be. Aceste familii sunt capabile s\u0103 se \u00eentre\u021bin\u0103 pe ele \u00eensele \u0219i pe cartierele lor, \u00een timp ce formeaz\u0103 \u00een continuare urm\u0103toarea genera\u021bie de lideri. Investim \u00eentr-o nou\u0103 ras\u0103 de succes, ajut\u00e2nd \u0219i educ\u00e2nd fermierii, fermierii \u0219i proprietarii de afaceri din lume.<\/p>\n<p><a href=\"https:\/\/www.heifer.org\/\">https:\/\/www.heifer.org\/<\/a><\/p>\n","protected":false},"excerpt":{"rendered":"<p>Share the meal ShareTheMeal, un proiect al Programului Alimentar Mondial al Organiza\u021biei Na\u021biunilor Unite, este o aplica\u021bie mobil\u0103 care v\u0103 permite s\u0103 \u201e\u00eemp\u0103rt\u0103\u0219i\u021bi masa\u201d cu un copil care are nevoie, contribuind cu o singur\u0103 sum\u0103 de bani cu o singur\u0103 atingere pe telefon. ShareTheMeal este o organiza\u021bie non-profit care str\u00e2nge fonduri pentru a hr\u0103ni oamenii [&hellip;]<\/p>\n","protected":false},"author":1,"featured_media":0,"parent":0,"menu_order":0,"comment_status":"closed","ping_status":"closed","template":"","meta":[],"_links":{"self":[{"href":"https:\/\/www.cs.ubbcluj.ro\/~avescan\/avenir\/index.php\/wp-json\/wp\/v2\/pages\/199"}],"collection":[{"href":"https:\/\/www.cs.ubbcluj.ro\/~avescan\/avenir\/index.php\/wp-json\/wp\/v2\/pages"}],"about":[{"href":"https:\/\/www.cs.ubbcluj.ro\/~avescan\/avenir\/index.php\/wp-json\/wp\/v2\/types\/page"}],"author":[{"embeddable":true,"href":"https:\/\/www.cs.ubbcluj.ro\/~avescan\/avenir\/index.php\/wp-json\/wp\/v2\/users\/1"}],"replies":[{"embeddable":true,"href":"https:\/\/www.cs.ubbcluj.ro\/~avescan\/avenir\/index.php\/wp-json\/wp\/v2\/comments?post=199"}],"version-history":[{"count":4,"href":"https:\/\/www.cs.ubbcluj.ro\/~avescan\/avenir\/index.php\/wp-json\/wp\/v2\/pages\/199\/revisions"}],"predecessor-version":[{"id":280,"href":"https:\/\/www.cs.ubbcluj.ro\/~avescan\/avenir\/index.php\/wp-json\/wp\/v2\/pages\/199\/revisions\/280"}],"wp:attachment":[{"href":"https:\/\/www.cs.ubbcluj.ro\/~avescan\/avenir\/index.php\/wp-json\/wp\/v2\/media?parent=199"}],"curies":[{"name":"wp","href":"https:\/\/api.w.org\/{rel}","templated":true}]}}