{"id":188,"date":"2021-05-25T14:22:54","date_gmt":"2021-05-25T14:22:54","guid":{"rendered":"https:\/\/www.cs.ubbcluj.ro\/~avescan\/avenir\/?page_id=188"},"modified":"2021-05-25T15:28:31","modified_gmt":"2021-05-25T15:28:31","slug":"foloseste-si-investeste-in-reteaua-de-hub-uri-ro","status":"publish","type":"page","link":"https:\/\/www.cs.ubbcluj.ro\/~avescan\/avenir\/index.php\/ro\/foloseste-si-investeste-in-reteaua-de-hub-uri-ro\/","title":{"rendered":"Folose\u0219te \u0219i investe\u0219te \u00een re\u021beaua de HUB-uri"},"content":{"rendered":"<p><strong>Hub<\/strong>-ul este un spatiu comun pentru lucr\u0103torii diferitelor companii. Permite reducerea costurilor prin utilizarea infrastructurilor comune, cum ar fi echipamente si utilit\u0103\u021bi, \u00een unele cazuri, servicii de b\u0103uturi r\u0103coritoare \u0219i de acceptare a coletelor. Un alt beneficiu este socializarea si facilitarea schimbului de informatii.<\/p>\n<p>&nbsp;<\/p>\n<table style=\"width: 100%;\">\n<tbody>\n<tr>\n<th>Nume Hub<\/th>\n<th>Pret\/zi (RON)<\/th>\n<th>Locatie<\/th>\n<th>Link<\/th>\n<\/tr>\n<tr>\n<td>Cluj Cowork<\/td>\n<td>50<\/td>\n<td>Cluj-Napoca<\/td>\n<td><a href=\"https:\/\/clujcowork.ro\/ro\/\">https:\/\/clujcowork.ro\/<\/a><\/td>\n<\/tr>\n<tr>\n<td>Silicon Forest<\/td>\n<td>50<\/td>\n<td>Cluj-Napoca<\/td>\n<td><a href=\"https:\/\/siliconforest.ro\/\">https:\/\/siliconforest.ro\/<\/a><\/td>\n<\/tr>\n<tr>\n<td>Cluj-Hub<\/td>\n<td>55<\/td>\n<td>Cluj-Napoca<\/td>\n<td><a href=\"https:\/\/clujhub.ro\/\">https:\/\/clujhub.ro\/<\/a><\/td>\n<\/tr>\n<\/tbody>\n<\/table>\n<p>Contribuie acum la \u00eembog\u0103\u021birea re\u021belei de hub-uri din Rom\u00e2nia!<br \/>\nRaportul 2020 pentru hub-urile din Romania: <a href=\"https:\/\/www.crosspoint.com.ro\/wp-content\/uploads\/2020\/02\/Coworking-Report-2020s.pdf\">Citeste raportul<\/a><br \/>\nApasa aici: <a href=\"#\">Vreau sa contribui!<\/a><\/p>\n<p><img loading=\"lazy\" class=\"alignnone wp-image-152\" src=\"https:\/\/www.cs.ubbcluj.ro\/~avescan\/avenir\/wp-content\/uploads\/2021\/04\/cowomen-ZKHksse8tUU-unsplash-300x200.jpg\" alt=\"\" width=\"442\" height=\"294\" srcset=\"https:\/\/www.cs.ubbcluj.ro\/~avescan\/avenir\/wp-content\/uploads\/2021\/04\/cowomen-ZKHksse8tUU-unsplash-300x200.jpg 300w, https:\/\/www.cs.ubbcluj.ro\/~avescan\/avenir\/wp-content\/uploads\/2021\/04\/cowomen-ZKHksse8tUU-unsplash-1024x683.jpg 1024w, https:\/\/www.cs.ubbcluj.ro\/~avescan\/avenir\/wp-content\/uploads\/2021\/04\/cowomen-ZKHksse8tUU-unsplash-768x512.jpg 768w, https:\/\/www.cs.ubbcluj.ro\/~avescan\/avenir\/wp-content\/uploads\/2021\/04\/cowomen-ZKHksse8tUU-unsplash-1536x1024.jpg 1536w, https:\/\/www.cs.ubbcluj.ro\/~avescan\/avenir\/wp-content\/uploads\/2021\/04\/cowomen-ZKHksse8tUU-unsplash-2048x1365.jpg 2048w\" sizes=\"(max-width: 442px) 100vw, 442px\" \/><\/p>\n","protected":false},"excerpt":{"rendered":"<p>Hub-ul este un spatiu comun pentru lucr\u0103torii diferitelor companii. Permite reducerea costurilor prin utilizarea infrastructurilor comune, cum ar fi echipamente si utilit\u0103\u021bi, \u00een unele cazuri, servicii de b\u0103uturi r\u0103coritoare \u0219i de acceptare a coletelor. Un alt beneficiu este socializarea si facilitarea schimbului de informatii. &nbsp; Nume Hub Pret\/zi (RON) Locatie Link Cluj Cowork 50 Cluj-Napoca [&hellip;]<\/p>\n","protected":false},"author":1,"featured_media":0,"parent":0,"menu_order":0,"comment_status":"closed","ping_status":"closed","template":"","meta":[],"_links":{"self":[{"href":"https:\/\/www.cs.ubbcluj.ro\/~avescan\/avenir\/index.php\/wp-json\/wp\/v2\/pages\/188"}],"collection":[{"href":"https:\/\/www.cs.ubbcluj.ro\/~avescan\/avenir\/index.php\/wp-json\/wp\/v2\/pages"}],"about":[{"href":"https:\/\/www.cs.ubbcluj.ro\/~avescan\/avenir\/index.php\/wp-json\/wp\/v2\/types\/page"}],"author":[{"embeddable":true,"href":"https:\/\/www.cs.ubbcluj.ro\/~avescan\/avenir\/index.php\/wp-json\/wp\/v2\/users\/1"}],"replies":[{"embeddable":true,"href":"https:\/\/www.cs.ubbcluj.ro\/~avescan\/avenir\/index.php\/wp-json\/wp\/v2\/comments?post=188"}],"version-history":[{"count":3,"href":"https:\/\/www.cs.ubbcluj.ro\/~avescan\/avenir\/index.php\/wp-json\/wp\/v2\/pages\/188\/revisions"}],"predecessor-version":[{"id":257,"href":"https:\/\/www.cs.ubbcluj.ro\/~avescan\/avenir\/index.php\/wp-json\/wp\/v2\/pages\/188\/revisions\/257"}],"wp:attachment":[{"href":"https:\/\/www.cs.ubbcluj.ro\/~avescan\/avenir\/index.php\/wp-json\/wp\/v2\/media?parent=188"}],"curies":[{"name":"wp","href":"https:\/\/api.w.org\/{rel}","templated":true}]}}