{"id":178,"date":"2021-05-25T14:06:36","date_gmt":"2021-05-25T14:06:36","guid":{"rendered":"https:\/\/www.cs.ubbcluj.ro\/~avescan\/avenir\/?page_id=178"},"modified":"2021-05-25T15:30:34","modified_gmt":"2021-05-25T15:30:34","slug":"resurse-educative-ro","status":"publish","type":"page","link":"https:\/\/www.cs.ubbcluj.ro\/~avescan\/avenir\/index.php\/ro\/resurse-educative-ro\/","title":{"rendered":"Resurse educative"},"content":{"rendered":"<p>Pe aceast\u0103 pagin\u0103 pute\u021bi reg\u0103si resurse folositoare pentru a v\u0103 \u00eemboga\u021bii cuno\u0219tin\u021bele \u00een diverse domenii<\/p>\n<p>Cauta : _________<\/p>\n<ul>\n<li>Matematic\u0103\n<ul>\n<li><a href=\"https:\/\/www.youtube.com\/channel\/UCQDDBadB5WF6THj-f3tKhlw\">https:\/\/www.youtube.com\/channel\/UCQDDBadB5WF6THj-f3tKhlw<\/a><\/li>\n<li><a href=\"https:\/\/prepi.ro\">https:\/\/prepi.ro<\/a>\/<\/li>\n<li><a href=\"https:\/\/www.youtube.com\/channel\/UCBmJENTOtkK0zCZbdYpq9Xw\">https:\/\/www.youtube.com\/channel\/UCBmJENTOtkK0zCZbdYpq9Xw<\/a><\/li>\n<li><a href=\"https:\/\/www.youtube.com\/channel\/UCPuLSJu_APEEDie43Zwa6lg\">https:\/\/www.youtube.com\/channel\/UCPuLSJu_APEEDie43Zwa6lg<\/a><\/li>\n<\/ul>\n<\/li>\n<li>Informatic\u0103\n<ul>\n<li><a href=\"https:\/\/wellcode.ro\/\">https:\/\/wellcode.ro\/<\/a><\/li>\n<li><a href=\"https:\/\/www.youtube.com\/watch?v=6SXjneWrmIA&amp;list=PLaVvoy9BZeZr-E-PWLvk7uoM1r6SxU0W-&amp;ab_channel=%C8%98coalaDigital%C4%83\">https:\/\/www.youtube.com\/watch?v=6SXjneWrmIA&amp;list=PLaVvoy9BZeZr-E-PWLvk7uoM1r6SxU0W-&amp;ab_channel=%C8%98coalaDigital%C4%83<\/a><\/li>\n<li><a href=\"https:\/\/manuale.edu.ro\/manuale\/Clasa%20a%20V-a\/Informatica%20si%20TIC\/Corint\/A455.pdf\">https:\/\/manuale.edu.ro\/manuale\/Clasa%20a%20V-a\/Informatica%20si%20TIC\/Corint\/A455.pdf<\/a><\/li>\n<li><a href=\"https:\/\/manuale.edu.ro\/manuale\/Clasa%20a%20V-a\/Informatica%20si%20TIC\/Litera\/A458.pdf\">https:\/\/manuale.edu.ro\/manuale\/Clasa%20a%20V-a\/Informatica%20si%20TIC\/Litera\/A458.pdf<\/a><\/li>\n<\/ul>\n<\/li>\n<li>Limba rom\u00e2n\u0103\n<ul>\n<li><a href=\"https:\/\/www.youtube.com\/watch?v=fqQFaGJz-No&amp;list=PLoLxdWb-0TaJ69-pzUQ-12lddQJmR7SWL&amp;ab_channel=%C8%98coala%C8%99icomunitatea\">https:\/\/www.youtube.com\/watch?v=fqQFaGJz-No&amp;list=PLoLxdWb-0TaJ69-pzUQ-12lddQJmR7SWL&amp;ab_channel=%C8%98coala%C8%99icomunitatea<\/a><\/li>\n<li><a href=\"https:\/\/manuale.edu.ro\/manuale\/Clasa%20a%20III-a\/Limba%20si%20literatura%20romana\/Intuitext\/Partea%20I\/\">https:\/\/manuale.edu.ro\/manuale\/Clasa%20a%20III-a\/Limba%20si%20literatura%20romana\/Intuitext\/Partea%20I\/<\/a><\/li>\n<li><a href=\"https:\/\/manuale.edu.ro\/manuale\/Clasa%20a%20VIII-a\/Limba%20si%20literatura%20romana\/Uy5DLiBBUkFNSVMgUFJJ\/A907.pdf\">https:\/\/manuale.edu.ro\/manuale\/Clasa%20a%20VIII-a\/Limba%20si%20literatura%20romana\/Uy5DLiBBUkFNSVMgUFJJ\/A907.pdf<\/a><\/li>\n<li><a href=\"https:\/\/edituradp.ro\/site_img\/downloads\/2017\/10\/limba-romana-5-pdf.pdf\">https:\/\/edituradp.ro\/site_img\/downloads\/2017\/10\/limba-romana-5-pdf.pdf<\/a><\/li>\n<\/ul>\n<\/li>\n<li>Fizic\u0103\n<ul>\n<li><a href=\"https:\/\/www.youtube.com\/watch?v=IAizWhy-oJ4&amp;ab_channel=CristianPresur%C4%83\">https:\/\/www.youtube.com\/watch?v=IAizWhy-oJ4&amp;ab_channel=CristianPresur%C4%83<\/a><\/li>\n<li><a href=\"https:\/\/manuale.edu.ro\/manuale\/Clasa%20a%20VI-a\/Fizica\/EDP\/A538.pdf\">https:\/\/manuale.edu.ro\/manuale\/Clasa%20a%20VI-a\/Fizica\/EDP\/A538.pdf<\/a><\/li>\n<li><a href=\"http:\/\/library.upt.ro\/pub.edocs\/69406\/index.pdf\">http:\/\/library.upt.ro\/pub.edocs\/69406\/index.pdf<\/a><\/li>\n<li><a href=\"https:\/\/www.youtube.com\/playlist?list=PLcod69NUBSYjf1JwNThewIt9VvsKiRVqg\">https:\/\/www.youtube.com\/playlist?list=PLcod69NUBSYjf1JwNThewIt9VvsKiRVqg<\/a><\/li>\n<\/ul>\n<\/li>\n<li>Chimie<\/li>\n<li>Biologie<\/li>\n<li>Limba englez\u0103<\/li>\n<li>Limba francez\u0103<\/li>\n<li>Limba spaniol\u0103<\/li>\n<li>Limba german\u0103<\/li>\n<li>Istoria religiilor<\/li>\n<li>Istorie<\/li>\n<li>Geografie<\/li>\n<li>Educa\u021bie antreprenorial\u0103<\/li>\n<li>Educa\u021bie financiar\u0103<\/li>\n<li>Comunicare<\/li>\n<li>Psihologie<\/li>\n<li>Educa\u021bie civic\u0103<\/li>\n<li>Art\u0103<\/li>\n<li>Teatru<\/li>\n<li>Muzic\u0103<\/li>\n<li>Prim ajutor<\/li>\n<li>Teorie rutier\u0103<\/li>\n<\/ul>\n","protected":false},"excerpt":{"rendered":"<p>Pe aceast\u0103 pagin\u0103 pute\u021bi reg\u0103si resurse folositoare pentru a v\u0103 \u00eemboga\u021bii cuno\u0219tin\u021bele \u00een diverse domenii Cauta : _________ Matematic\u0103 https:\/\/www.youtube.com\/channel\/UCQDDBadB5WF6THj-f3tKhlw https:\/\/prepi.ro\/ https:\/\/www.youtube.com\/channel\/UCBmJENTOtkK0zCZbdYpq9Xw https:\/\/www.youtube.com\/channel\/UCPuLSJu_APEEDie43Zwa6lg Informatic\u0103 https:\/\/wellcode.ro\/ https:\/\/www.youtube.com\/watch?v=6SXjneWrmIA&amp;list=PLaVvoy9BZeZr-E-PWLvk7uoM1r6SxU0W-&amp;ab_channel=%C8%98coalaDigital%C4%83 https:\/\/manuale.edu.ro\/manuale\/Clasa%20a%20V-a\/Informatica%20si%20TIC\/Corint\/A455.pdf https:\/\/manuale.edu.ro\/manuale\/Clasa%20a%20V-a\/Informatica%20si%20TIC\/Litera\/A458.pdf Limba rom\u00e2n\u0103 https:\/\/www.youtube.com\/watch?v=fqQFaGJz-No&amp;list=PLoLxdWb-0TaJ69-pzUQ-12lddQJmR7SWL&amp;ab_channel=%C8%98coala%C8%99icomunitatea https:\/\/manuale.edu.ro\/manuale\/Clasa%20a%20III-a\/Limba%20si%20literatura%20romana\/Intuitext\/Partea%20I\/ https:\/\/manuale.edu.ro\/manuale\/Clasa%20a%20VIII-a\/Limba%20si%20literatura%20romana\/Uy5DLiBBUkFNSVMgUFJJ\/A907.pdf https:\/\/edituradp.ro\/site_img\/downloads\/2017\/10\/limba-romana-5-pdf.pdf Fizic\u0103 https:\/\/www.youtube.com\/watch?v=IAizWhy-oJ4&amp;ab_channel=CristianPresur%C4%83 https:\/\/manuale.edu.ro\/manuale\/Clasa%20a%20VI-a\/Fizica\/EDP\/A538.pdf http:\/\/library.upt.ro\/pub.edocs\/69406\/index.pdf https:\/\/www.youtube.com\/playlist?list=PLcod69NUBSYjf1JwNThewIt9VvsKiRVqg Chimie Biologie Limba englez\u0103 Limba francez\u0103 Limba spaniol\u0103 Limba german\u0103 Istoria religiilor Istorie Geografie Educa\u021bie antreprenorial\u0103 [&hellip;]<\/p>\n","protected":false},"author":1,"featured_media":0,"parent":0,"menu_order":0,"comment_status":"closed","ping_status":"closed","template":"","meta":[],"_links":{"self":[{"href":"https:\/\/www.cs.ubbcluj.ro\/~avescan\/avenir\/index.php\/wp-json\/wp\/v2\/pages\/178"}],"collection":[{"href":"https:\/\/www.cs.ubbcluj.ro\/~avescan\/avenir\/index.php\/wp-json\/wp\/v2\/pages"}],"about":[{"href":"https:\/\/www.cs.ubbcluj.ro\/~avescan\/avenir\/index.php\/wp-json\/wp\/v2\/types\/page"}],"author":[{"embeddable":true,"href":"https:\/\/www.cs.ubbcluj.ro\/~avescan\/avenir\/index.php\/wp-json\/wp\/v2\/users\/1"}],"replies":[{"embeddable":true,"href":"https:\/\/www.cs.ubbcluj.ro\/~avescan\/avenir\/index.php\/wp-json\/wp\/v2\/comments?post=178"}],"version-history":[{"count":3,"href":"https:\/\/www.cs.ubbcluj.ro\/~avescan\/avenir\/index.php\/wp-json\/wp\/v2\/pages\/178\/revisions"}],"predecessor-version":[{"id":265,"href":"https:\/\/www.cs.ubbcluj.ro\/~avescan\/avenir\/index.php\/wp-json\/wp\/v2\/pages\/178\/revisions\/265"}],"wp:attachment":[{"href":"https:\/\/www.cs.ubbcluj.ro\/~avescan\/avenir\/index.php\/wp-json\/wp\/v2\/media?parent=178"}],"curies":[{"name":"wp","href":"https:\/\/api.w.org\/{rel}","templated":true}]}}