{"id":94,"date":"2021-02-10T08:28:14","date_gmt":"2021-02-10T08:28:14","guid":{"rendered":"http:\/\/www.cs.ubbcluj.ro\/quadeep\/about-romana\/"},"modified":"2021-11-19T17:29:23","modified_gmt":"2021-11-19T17:29:23","slug":"about-romana","status":"publish","type":"page","link":"https:\/\/www.cs.ubbcluj.ro\/quadeep\/ro\/about-romana\/","title":{"rendered":"Despre"},"content":{"rendered":"\n<p>Proiectul QuaDeeP (\u00cembun\u0103t\u0103\u021birea calit\u0103\u021bii sistemelor software folosind  modele de \u00eenv\u0103\u021bare profund\u0103 pentru predic\u021bia \u0219i detec\u021bia defectelor) se concentreaz\u0103 pe dezvoltarea tehnicilor de \u00eenv\u0103\u021bare profund\u0103 pentru predic\u021bia defectelor software, o problem\u0103 de importan\u021b\u0103 major\u0103 \u00een ingineria software \u0219i \u00een special \u00een ingineria software bazat\u0103 pe c\u0103utare. Scopul principal al proiectului este \u00eembun\u0103t\u0103\u021birea calit\u0103\u021bii sistemelor software prin identificarea timpurie \u0219i precis\u0103 a modulelor software defecte, utiliz\u00e2nd modele \u0219i tehnici de \u00eenv\u0103\u021bare profund\u0103. Tema proiectului prezint\u0103 un interes interna\u021bional major, fiind extrem de relevant\u0103 \u00een timpul dezvolt\u0103rii, test\u0103rii \u0219i \u00eentre\u021binerii sistemelor software. Predic\u021bia cu acurate\u021be a defectelor software \u00een noile versiuni de software ar \u00eembun\u0103t\u0103\u021bi semnificativ performan\u021ba procesului de dezvoltare software \u00een ceea ce prive\u0219te costul, timpul \u0219i calitatea software-ului. <\/p>\n\n\n\n<h2>Rezultatele proiectului<\/h2>\n\n\n\n<p>Principalul rezultat a\u0219teptat al proiectului va fi solu\u021bia software QuaDeeP,  care va integra metode originale de \u00eenv\u0103\u021bare profund\u0103 pentru identificarea defectelor software. Pentru cre\u0219terea specificit\u0103\u021bii modelelor, metodele de \u00eenv\u0103\u021bare vizate vor fi adaptate \u00een mod special pentru anumite tipuri de defecte. QuaDeeP va fi util pentru asistarea dezvoltatorilor de software \u00een predic\u021bia cu acurate\u021be a defectelor software, contribuind astfel la \u00eembun\u0103t\u0103\u021birea calit\u0103\u021bii software-ului \u0219i la facilitarea \u00eentre\u021binerii \u0219i evolu\u021biei acestuia.<\/p>\n\n\n\n<h2>Obiective<\/h2>\n\n\n\n<h3 class=\"has-background\" style=\"background-color:#e0e0e0\">O1. &nbsp;Dezvoltarea \u0219i validarea \u0219tiin\u021bific\u0103 a unor metode originale bazate pe \u00eenv\u0103\u021barea profund\u0103 pentru determinarea caracteristicilor relevante pentru predic\u021bia defectelor software<\/h3>\n\n\n\n<p>Vom folosi taxonomii existente de tipuri de defecte, cum ar fi ODC, CWE sau CVE, pentru a identifica caracteristicile relevante pentru anumite clase de defecte. Modele de \u00eenv\u0103\u021bare automat\u0103 precum sisteme cu autosupervizare sau re\u021bele de tip CNN \u0219i LSTM vor fi vizate pentru a \u00eenv\u0103\u021ba automat caracteristici semantice \u0219i sintactice din reprezent\u0103rile codului surs\u0103. Noi metrici software pentru predic\u021bia defectelor, bazate pe coeziune \u0219i cuplare,  vor fi exprimate pe baza metricilor software existente \u0219i a reprezent\u0103rilor semantice ale codului surs\u0103.<\/p>\n\n\n\n<h3 class=\"has-background\" style=\"background-color:#e0e0e0\">O2. Dezvoltarea \u0219i validarea \u0219tiin\u021bific\u0103 a unor modele \u0219i tehnici originale de \u00eenv\u0103\u021bare automat\u0103 pentru predic\u021bia defectelor software<\/h3>\n\n\n\n<p>Modelele de \u00eenv\u0103\u021bare automat\u0103 vor fi adaptate pentru anumite tipuri de defecte, cresc\u00e2nd astfel specificitatea modelului \u00een predic\u021bia claselor de defecte. Avem \u00een vedere utilizarea clasificatorilor baza\u021bi pe o clas\u0103 \u0219i abord\u0103ri de tip one-shot learning pentru a trata problema principal\u0103 a dezechilibrului de date.<\/p>\n\n\n\n<h3 class=\"has-background\" style=\"background-color:#e0e0e0\">O3. Dezvoltarea \u0219i validarea modulelor software QuaDeeP<\/h3>\n\n\n\n<p>Furnizat sub form\u0103 de module software, QuaDeeP va oferi o solu\u021bie pentru a asista dezvoltatorii, testerii \u0219i managerii de software \u00een activit\u0103\u021bile legate de \u00eentre\u021binerea \u0219i evolu\u021bia software-ului, oferind informa\u021bii care permit p\u0103r\u021bilor interesate s\u0103 identifice posibilele defecte ale software-ului.<\/p>\n\n\n\n<h3 class=\"has-background\" style=\"background-color:#e0e0e0\">O4. Contribu\u0163ii la dezvoltarea cunoa\u0219terii \u0219tiin\u021bifice prin diseminarea rezultatelor ob\u021binute \u00een publica\u021bii \u0219tiin\u021bifice \u0219i pe site-ul web al proiectului<\/h3>\n\n\n\n<p class=\"has-background\" style=\"background-color:#e0e0e0\">Proiect finan\u021bat sub PN-III-P4-ID-PCE-2020-0800, contract nr. PCE 92\/2021<\/p>\n","protected":false},"excerpt":{"rendered":"<p>Proiectul QuaDeeP (\u00cembun\u0103t\u0103\u021birea calit\u0103\u021bii sistemelor software folosind modele de \u00eenv\u0103\u021bare profund\u0103 pentru predic\u021bia \u0219i detec\u021bia defectelor) se concentreaz\u0103 pe dezvoltarea&hellip; <\/p>\n","protected":false},"author":1,"featured_media":0,"parent":0,"menu_order":0,"comment_status":"closed","ping_status":"closed","template":"","meta":[],"_links":{"self":[{"href":"https:\/\/www.cs.ubbcluj.ro\/quadeep\/wp-json\/wp\/v2\/pages\/94"}],"collection":[{"href":"https:\/\/www.cs.ubbcluj.ro\/quadeep\/wp-json\/wp\/v2\/pages"}],"about":[{"href":"https:\/\/www.cs.ubbcluj.ro\/quadeep\/wp-json\/wp\/v2\/types\/page"}],"author":[{"embeddable":true,"href":"https:\/\/www.cs.ubbcluj.ro\/quadeep\/wp-json\/wp\/v2\/users\/1"}],"replies":[{"embeddable":true,"href":"https:\/\/www.cs.ubbcluj.ro\/quadeep\/wp-json\/wp\/v2\/comments?post=94"}],"version-history":[{"count":6,"href":"https:\/\/www.cs.ubbcluj.ro\/quadeep\/wp-json\/wp\/v2\/pages\/94\/revisions"}],"predecessor-version":[{"id":229,"href":"https:\/\/www.cs.ubbcluj.ro\/quadeep\/wp-json\/wp\/v2\/pages\/94\/revisions\/229"}],"wp:attachment":[{"href":"https:\/\/www.cs.ubbcluj.ro\/quadeep\/wp-json\/wp\/v2\/media?parent=94"}],"curies":[{"name":"wp","href":"https:\/\/api.w.org\/{rel}","templated":true}]}}