{"id":354,"date":"2023-11-12T09:29:39","date_gmt":"2023-11-12T09:29:39","guid":{"rendered":"https:\/\/www.cs.ubbcluj.ro\/quadeep\/?page_id=354"},"modified":"2023-11-20T10:59:29","modified_gmt":"2023-11-20T10:59:29","slug":"rezultatele-proiectului","status":"publish","type":"page","link":"https:\/\/www.cs.ubbcluj.ro\/quadeep\/ro\/rezultatele-proiectului\/","title":{"rendered":"Rezultatele Proiectului"},"content":{"rendered":"\n<p class=\"has-text-align-left\"><strong>Scopul <\/strong>principal al proiectului QuaDeep a fost de a ajuta dezvoltatorii de software, testerii \u0219i personalul de asigurare a calit\u0103\u021bii s\u0103 \u00eembun\u0103t\u0103\u021beasc\u0103 calitatea sistemelor software la care lucreaz\u0103, oferindu-le instrumente software avansate bazate pe cele mai recente rezultate din cercetarea \u00een domeniul inteligen\u021bei artificiale (IA).<\/p>\n\n\n\n<p class=\"has-text-align-left\">\u00cen prezent, cercet\u0103torii au la dispozi\u021bie cantit\u0103\u021bi mari de cod surs\u0103 cu care s\u0103 lucreze, \u0219i metode \u0219i modele avansate de IA. Un caz de utilizare pentru astfel de modele se refer\u0103 la \u00eencercarea de a prezice care module ale unui produs software sunt defecte. Un sistem IA care are capacitatea de a identifica modulele defecte cu mare precizie ar reduce costurile de dezvoltare a sistemelor software \u0219i ar permite echipelor s\u0103 produc\u0103 produse de bun\u0103 calitate mult mai rapid dec\u00e2t este posibil \u00een prezent. \u00cen consecin\u021b\u0103, \u00een cadrul proiectului QuaDeep, am investigat relevan\u021ba unor caracteristici semantice \u0219i a unor caracteristici bazate pe coeziune \u0219i cuplare pentru aceast\u0103 sarcin\u0103. Am folosit instrumente pentru a automatiza extragerea acestor informa\u021bii din codul surs\u0103 existent \u00een programele de mari dimensiuni disponibile public \u0219i am aplicat algoritmi de \u00eenv\u0103\u021bare profund\u0103 performan\u021bi pentru a procesa datele.<\/p>\n\n\n\n<p class=\"has-text-align-left\">Munca noastr\u0103 s-a concretizat \u00een mai multe rezultate semnificative. \u00cen primul r\u00e2nd, am dezvoltat <strong>noi metode de \u00eenv\u0103\u021bare profund\u0103 <\/strong>adaptate \u00een vederea determin\u0103rii caracteristicilor software care sunt asociate cu defecte reale \u0219i le-am integrat \u00een module software care pot prezice modulele defecte. Experimentele au fost realizate pe o serie de programe disponibile public, iar rezultatele aferente au fost prezentate \u00een 19 <strong>lucr\u0103ri \u0219tiin\u021bifice<\/strong> \u00een reviste \u0219i conferin\u021be importante din \u00eentreaga Europ\u0103.<\/p>\n","protected":false},"excerpt":{"rendered":"<p>Scopul principal al proiectului QuaDeep a fost de a ajuta dezvoltatorii de software, testerii \u0219i personalul de asigurare a calit\u0103\u021bii&hellip; <\/p>\n","protected":false},"author":1,"featured_media":0,"parent":0,"menu_order":0,"comment_status":"closed","ping_status":"closed","template":"","meta":[],"_links":{"self":[{"href":"https:\/\/www.cs.ubbcluj.ro\/quadeep\/wp-json\/wp\/v2\/pages\/354"}],"collection":[{"href":"https:\/\/www.cs.ubbcluj.ro\/quadeep\/wp-json\/wp\/v2\/pages"}],"about":[{"href":"https:\/\/www.cs.ubbcluj.ro\/quadeep\/wp-json\/wp\/v2\/types\/page"}],"author":[{"embeddable":true,"href":"https:\/\/www.cs.ubbcluj.ro\/quadeep\/wp-json\/wp\/v2\/users\/1"}],"replies":[{"embeddable":true,"href":"https:\/\/www.cs.ubbcluj.ro\/quadeep\/wp-json\/wp\/v2\/comments?post=354"}],"version-history":[{"count":4,"href":"https:\/\/www.cs.ubbcluj.ro\/quadeep\/wp-json\/wp\/v2\/pages\/354\/revisions"}],"predecessor-version":[{"id":382,"href":"https:\/\/www.cs.ubbcluj.ro\/quadeep\/wp-json\/wp\/v2\/pages\/354\/revisions\/382"}],"wp:attachment":[{"href":"https:\/\/www.cs.ubbcluj.ro\/quadeep\/wp-json\/wp\/v2\/media?parent=354"}],"curies":[{"name":"wp","href":"https:\/\/api.w.org\/{rel}","templated":true}]}}