{"id":104,"date":"2021-02-10T08:50:13","date_gmt":"2021-02-10T08:50:13","guid":{"rendered":"http:\/\/www.cs.ubbcluj.ro\/quadeep\/?page_id=104"},"modified":"2021-11-13T10:28:09","modified_gmt":"2021-11-13T10:28:09","slug":"echipa","status":"publish","type":"page","link":"https:\/\/www.cs.ubbcluj.ro\/quadeep\/ro\/echipa\/","title":{"rendered":"Echipa"},"content":{"rendered":"\n<p><a href=\"https:\/\/www.ubbcluj.ro\/en\/\" data-type=\"URL\" data-id=\"https:\/\/www.ubbcluj.ro\/en\/\">Universitatea Babe\u0219-Bolyai<\/a> este o universitate public\u0103, \u00een prezent cea mai mare universitate din Rom\u00e2nia \u0219i una dintre cele mai bune \u0219i mai reprezentative institu\u021bii de \u00eenv\u0103\u021b\u0103m\u00e2nt superior din \u021bar\u0103. La nivel na\u021bional, Universitatea Babe\u0219-Bolyai a primit titlul de universitate de cercetare intensiv\u0103 \u0219i a fost cea mai bine clasat\u0103 universitate rom\u00e2neasc\u0103 \u00een meta-clasamentul <a href=\"https:\/\/cwur.org\/2019-2020.php\" data-type=\"URL\" data-id=\"https:\/\/cwur.org\/2019-2020.php\">CWUR World University Rankings 2019-2020<\/a>. Echipa de cercetare de la Universitatea Babe\u0219-Bolyai este grupul de cercetare <a href=\"http:\/\/www.cs.ubbcluj.ro\/ml\">MLyRE (Machine Learning Research)<\/a>, grup de cercetare \u00een domeniul \u00eenv\u0103\u021b\u0103rii automate de la <a href=\"http:\/\/www.cs.ubbcluj.ro\/\" data-type=\"URL\" data-id=\"http:\/\/www.cs.ubbcluj.ro\/\">Facultatea de Matematic\u0103 \u0219i Informatic\u0103<\/a>. \u00cen cadrul grupului MLyRe, cercetarea se concentreaz\u0103 at\u00e2t asupra contribu\u021biilor pur teoretice \u0219i algoritmice la \u00eenv\u0103\u021barea automat\u0103 (supervizat\u0103, nesupervizat\u0103, \u00eenv\u0103\u021bare prin \u00eent\u0103rire, reguli de asociere rela\u021bionale, modele hibride), c\u00e2t \u0219i pe aplica\u021bii interdisciplinare ale \u00eenv\u0103\u021b\u0103rii automate \u00een diferite domenii, cum ar fi ingineria software, bioinformatica \u0219i biologia computa\u021bional\u0103, bioarheologia, vederea artificial\u0103, procesarea limbajului natural, re\u021bele sociale \u0219i a\u0219a mai departe.<\/p>\n\n\n\n<p>Echipa proiectului este format\u0103 din membri cu un nivel \u00eenalt de expertiz\u0103 \u0219i <a href=\"http:\/\/www.cs.ubbcluj.ro\/quadeep\/publications\/\">rezultate \u0219tiin\u021bifice valoroase<\/a> \u00een domeniile inteligen\u021bei artificiale, dezvolt\u0103rii software \u0219i \u00eentre\u021binerii \u0219i calit\u0103\u021bii produselor software. Membrii grupului MLyRE implica\u021bi \u00een proiect:<\/p>\n\n\n\n<figure class=\"wp-block-table is-style-stripes\"><table><tbody><tr><td><a rel=\"noreferrer noopener\" href=\"http:\/\/www.cs.ubbcluj.ro\/~gabis\/\" data-type=\"URL\" data-id=\"http:\/\/www.cs.ubbcluj.ro\/~gabis\/\" target=\"_blank\"><strong>Prof. dr. Czibula Gabriela<\/strong><\/a><br><br>Gabriela Czibula este profesor \u00een cadrul Departamentului de Informatic\u0103 al Facult\u0103\u021bii de Matematic\u0103 \u0219i Informatic\u0103, Universitatea Babe\u0219-Bolyai Cluj-Napoca, Rom\u00e2nia. A ob\u021binut titlul de doctor \u00een Informatic\u0103 \u00een anul 2003. A publicat peste 200 de lucr\u0103ri \u00een reviste \u0219i la conferin\u021be de prestigiu. Domeniile sale de cercetare includ Inteligen\u021ba computa\u021bional\u0103, \u00cenv\u0103\u021barea automat\u0103, Inteligen\u021ba artificial\u0103 \u0219i Sisteme multiagent distribuite, Bioinformatica.<br><a rel=\"noreferrer noopener\" href=\"https:\/\/scholar.google.com\/citations?user=0_ybi_oAAAAJ&amp;hl=ro\" data-type=\"URL\" data-id=\"https:\/\/scholar.google.com\/citations?user=0_ybi_oAAAAJ&amp;hl=ro\" target=\"_blank\">Google Scholar<\/a><\/td><\/tr><tr><td><a rel=\"noreferrer noopener\" href=\"http:\/\/www.cs.ubbcluj.ro\/~istvanc\/\" data-type=\"URL\" data-id=\"http:\/\/www.cs.ubbcluj.ro\/~istvanc\/\" target=\"_blank\"><strong>Prof. dr. Czibula Istvan<\/strong><\/a><br><br>Istvan Gergely Czibula este profesor \u00een cadrul Departamentului de Informatic\u0103 al Facult\u0103\u021bii de Matematic\u0103 \u0219i Informatic\u0103, Universitatea Babe\u0219-Bolyai Cluj-Napoca, Rom\u00e2nia. A ob\u021binut titlul de doctor \u00een Informatic\u0103 \u00een anul 2009. A publicat peste 95 de lucr\u0103ri \u00een diferite reviste \u0219i conferin\u021be. Principalele domenii de cercetare sunt Ingineria soft bazat\u0103 pe c\u0103utare, Ingineria software, Paradigme de programare, Design orientat obiect \u0219i \u00cenv\u0103\u021bare automat\u0103.<br><a rel=\"noreferrer noopener\" href=\"https:\/\/scholar.google.com\/citations?user=eSWofb8AAAAJ&amp;hl=ro&amp;oi=sra\" data-type=\"URL\" data-id=\"https:\/\/scholar.google.com\/citations?user=eSWofb8AAAAJ&amp;hl=ro&amp;oi=sra\" target=\"_blank\">Google Scholar<\/a><\/td><\/tr><tr><td><a rel=\"noreferrer noopener\" href=\"https:\/\/arthur486.wordpress.com\/\" data-type=\"URL\" data-id=\"https:\/\/arthur486.wordpress.com\/\" target=\"_blank\"><strong>Lect. dr. Molnar Arthur<\/strong><\/a><br><br>Molnar Arthur este lector \u00een Informatic\u0103 la Universitatea Babe\u0219-Bolyai Cluj-Napoca. Teza sa de doctorat a urm\u0103rit vizualizarea \u0219i testarea aplica\u021biilor GUI-driven \u0219i a fost prezentat\u0103 cu succes \u00een 2012. Cercetarea lui s-a extins la metrici de acoperire \u0219i rela\u021bia lor cu calitatea software, \u00eempreun\u0103 cu aplica\u021bii ale informaticii \u00een eHealth \u0219i domenii adiacente. A coordonat echipele din Rom\u00e2nia \u00een cadrul a 2 proiecte interna\u021bionale de cercetare \u00een eHealth \u0219i a lucrat ca cercet\u0103tor \u00een alte c\u00e2teva, inclusiv la nivel FP7 \u0219i Horizon 2020.<br><a rel=\"noreferrer noopener\" href=\"https:\/\/scholar.google.com\/citations?user=aPimZycAAAAJ&amp;hl=en\" data-type=\"URL\" data-id=\"https:\/\/scholar.google.com\/citations?user=aPimZycAAAAJ&amp;hl=en\" target=\"_blank\">Google Scholar<\/a><\/td><\/tr><tr><td><a rel=\"noreferrer noopener\" href=\"http:\/\/www.cs.ubbcluj.ro\/~marianzsu\/\" data-type=\"URL\" data-id=\"http:\/\/www.cs.ubbcluj.ro\/~marianzsu\/\" target=\"_blank\"><strong>Lect. dr. Onet-Marian Zsuzsanna<\/strong><\/a><br><br>Zsuzsanna Onet-Marian este lector \u00een cadrul Departamentului de Informatic\u0103 al Facult\u0103\u021bii de Matematic\u0103 \u0219i Informatic\u0103, Universitatea Babe\u0219-Bolyai Cluj-Napoca, Rom\u00e2nia. A publicat peste 25 de lucr\u0103ri \u00een reviste \u0219i conferin\u021be de prestigiu. Domeniile principale de cercetare sunt \u00cenv\u0103\u021barea automat\u0103 \u0219i Inginerie soft bazat\u0103 pe c\u0103utare.<br><a href=\"https:\/\/scholar.google.com\/citations?user=U_dLunYAAAAJ&amp;hl=en\" data-type=\"URL\" data-id=\"https:\/\/scholar.google.com\/citations?user=U_dLunYAAAAJ&amp;hl=en\" target=\"_blank\" rel=\"noreferrer noopener\">Google Scholar<\/a><\/td><\/tr><tr><td><a rel=\"noreferrer noopener\" href=\"https:\/\/scholar.google.com\/citations?user=_jxh8acAAAAJ&amp;hl=en\" target=\"_blank\"><strong>Lect. dr. Lup<\/strong><\/a><a rel=\"noreferrer noopener\" href=\"http:\/\/www.cs.ubbcluj.ro\/~lupea\/\" data-type=\"URL\" data-id=\"http:\/\/www.cs.ubbcluj.ro\/~lupea\/\" target=\"_blank\"><strong>e<\/strong><\/a><a rel=\"noreferrer noopener\" href=\"https:\/\/scholar.google.com\/citations?user=_jxh8acAAAAJ&amp;hl=en\" target=\"_blank\"><strong>a Mihaiela<\/strong><\/a><br><br>Mihaiela Lupea este lector \u00een cadrul Departamentului de Informatic\u0103 al Facult\u0103\u021bii de Matematic\u0103 \u0219i Informatic\u0103, Universitatea Babe\u0219-Bolyai Cluj-Napoca, Rom\u00e2nia. A ob\u021binut titlul de doctor \u00een Informatic\u0103 \u00een 2002, cercetarea sa centr\u00e2ndu-se pe domeniul Logici nemonotone. Este autor sau co-autor a 8 c\u0103r\u021bi \u00een limbile rom\u00e2n\u0103, englez\u0103 \u0219i german\u0103, care abordeaz\u0103 subiecte din diferite domenii: Logic\u0103 computa\u021bional\u0103, Lingvistic\u0103 cantitativ\u0103, Ra\u021bionament nemonoton, Limbaje formale \u0219i limbaje de programare. A publicat mai mult de 60 de lucr\u0103ri \u00een reviste \u0219i la conferin\u021be de prestigiu. Principalele domenii de interes sunt Inteligen\u021ba artificial\u0103, Procesarea limbajului natural, \u00cenv\u0103\u021bare automat\u0103 \u0219i Logici \u0219i demonstrare automat\u0103. <br><a rel=\"noreferrer noopener\" href=\"https:\/\/scholar.google.com\/citations?user=_jxh8acAAAAJ&amp;hl=ro\" target=\"_blank\">Google Scholar<\/a><\/td><\/tr><tr><td><strong>Lect. dr. Ionescu Vlad-Sebastian<\/strong><br><br>Vlad-Sebastian Ionescu este lector la Universitatea Babe\u0219-Bolyai Cluj-Napoca, Romania. Principalele sale domenii de cercetare sunt \u00cenv\u0103\u021barea automat\u0103 \u0219i Deep Learning aplicate \u00een diferite domenii de studiu pentru identificarea de solu\u021bii la problemele existente din aceste domenii. De asemenea, el este interesat de ingineria software \u0219i practic\u0103 freelancing \u00een proiecte de programare.<br><a rel=\"noreferrer noopener\" href=\"https:\/\/scholar.google.ro\/citations?user=iUuFgp0AAAAJ&amp;hl=en\" data-type=\"URL\" data-id=\"https:\/\/scholar.google.ro\/citations?user=iUuFgp0AAAAJ&amp;hl=en\" target=\"_blank\">Google Scholar<br><\/a><\/td><\/tr><tr><td><strong>Asist. dr. Miholca Diana<\/strong><br><br>Diana-Lucia Miholca este asistent \u00een cadrul Departamentului de Informatic\u0103 al Facult\u0103\u021bii de Matematic\u0103 \u0219i Informatic\u0103, Universitatea Babe\u0219-Bolyai Cluj-Napoca, Rom\u00e2nia. A ob\u021binut titlul de doctor \u00een Informatic\u0103 \u00een anul 2020, la aceea\u0219i universitate. A publicat 17 lucr\u0103ri \u00een reviste \u0219i conferin\u021be interna\u021bionale. Domeniile sale de cercetare cuprind Inteligen\u021ba ccmputa\u021bional\u0103, \u00cenv\u0103\u021barea automat\u0103, Ingineria soft bazat\u0103 pe c\u0103utare \u0219i Data Mining.<br><a rel=\"noreferrer noopener\" href=\"https:\/\/scholar.google.ro\/citations?user=N8WkF18AAAAJ&amp;hl=en\" data-type=\"URL\" data-id=\"https:\/\/scholar.google.ro\/citations?user=N8WkF18AAAAJ&amp;hl=en\" target=\"_blank\">Google Scholar<\/a><\/td><\/tr><tr><td><strong>Asist. dr. Mihai Andrei<br><\/strong><br>Mihai Andrei este asistent \u00een cadrul Departamentului de Informatic\u0103 al Facult\u0103\u021bii de Matematic\u0103 \u0219i Informatic\u0103, Universitatea Babe\u0219-Bolyai Cluj-Napoca, Rom\u00e2nia. A ob\u021binut titlul de doctor \u00een Informatic\u0103 \u00een anul 2021, cercetarea sa centr\u00e2ndu-se pe modelele de \u00eenv\u0103\u021bare automat\u0103 \u00een prognoza vremii. A publicat 10 lucr\u0103ri \u00een reviste \u0219i conferin\u021be interna\u021bionale. Principalele sale domenii de interes sunt \u00cenv\u0103\u021barea automat\u0103 \u0219i Inteligen\u021ba computa\u021bional\u0103.<br><a rel=\"noreferrer noopener\" href=\"https:\/\/scholar.google.com\/citations?user=1krQvyoAAAAJ&amp;hl=en\" data-type=\"URL\" data-id=\"https:\/\/scholar.google.com\/citations?user=1krQvyoAAAAJ&amp;hl=en\" target=\"_blank\">Google Scholar<\/a><\/td><\/tr><tr><td><strong>drd. Anamaria Briciu<br><\/strong><br>Anamaria Briciu este doctorand la Facultatea de Matematic\u0103 \u0219i Informatic\u0103 a Universit\u0103\u021bii Babe\u0219-Bolyai Cluj-Napoca, Rom\u00e2nia. Principalele sale domenii de interes sunt \u00cenv\u0103\u021barea automat\u0103, Procesarea limbajului natural \u0219i Calculul Afectiv. <br><a rel=\"noreferrer noopener\" href=\"https:\/\/scholar.google.com\/citations?user=b_F_AA0AAAAJ&amp;hl=en\" data-type=\"URL\" data-id=\"https:\/\/scholar.google.com\/citations?user=b_F_AA0AAAAJ&amp;hl=en\" target=\"_blank\">Google Scholar<\/a><\/td><\/tr><tr><td><strong>drd. Albu Alexandra<br><\/strong><br>Alexandra Albu este doctorand la Facultatea de Matematic\u0103 \u0219i Informatic\u0103 a Universit\u0103\u021bii Babe\u0219-Bolyai Cluj-Napoca, Rom\u00e2nia. Domeniile sale de cercetare cuprind Representation Learning, Deep Generative Models \u0219i Variational Inference.<br><a rel=\"noreferrer noopener\" href=\"https:\/\/scholar.google.ro\/citations?user=ULzTj-UAAAAJ&amp;hl=en\" data-type=\"URL\" data-id=\"https:\/\/scholar.google.ro\/citations?user=ULzTj-UAAAAJ&amp;hl=en\" target=\"_blank\">Google Scholar<\/a><\/td><\/tr><\/tbody><\/table><\/figure>\n","protected":false},"excerpt":{"rendered":"<p>Universitatea Babe\u0219-Bolyai este o universitate public\u0103, \u00een prezent cea mai mare universitate din Rom\u00e2nia \u0219i una dintre cele mai bune&hellip; <\/p>\n","protected":false},"author":1,"featured_media":71,"parent":0,"menu_order":0,"comment_status":"closed","ping_status":"closed","template":"","meta":[],"_links":{"self":[{"href":"https:\/\/www.cs.ubbcluj.ro\/quadeep\/wp-json\/wp\/v2\/pages\/104"}],"collection":[{"href":"https:\/\/www.cs.ubbcluj.ro\/quadeep\/wp-json\/wp\/v2\/pages"}],"about":[{"href":"https:\/\/www.cs.ubbcluj.ro\/quadeep\/wp-json\/wp\/v2\/types\/page"}],"author":[{"embeddable":true,"href":"https:\/\/www.cs.ubbcluj.ro\/quadeep\/wp-json\/wp\/v2\/users\/1"}],"replies":[{"embeddable":true,"href":"https:\/\/www.cs.ubbcluj.ro\/quadeep\/wp-json\/wp\/v2\/comments?post=104"}],"version-history":[{"count":11,"href":"https:\/\/www.cs.ubbcluj.ro\/quadeep\/wp-json\/wp\/v2\/pages\/104\/revisions"}],"predecessor-version":[{"id":214,"href":"https:\/\/www.cs.ubbcluj.ro\/quadeep\/wp-json\/wp\/v2\/pages\/104\/revisions\/214"}],"wp:featuredmedia":[{"embeddable":true,"href":"https:\/\/www.cs.ubbcluj.ro\/quadeep\/wp-json\/wp\/v2\/media\/71"}],"wp:attachment":[{"href":"https:\/\/www.cs.ubbcluj.ro\/quadeep\/wp-json\/wp\/v2\/media?parent=104"}],"curies":[{"name":"wp","href":"https:\/\/api.w.org\/{rel}","templated":true}]}}