{"id":101,"date":"2021-02-10T08:49:26","date_gmt":"2021-02-10T08:49:26","guid":{"rendered":"http:\/\/www.cs.ubbcluj.ro\/quadeep\/?page_id=101"},"modified":"2021-02-13T15:01:13","modified_gmt":"2021-02-13T15:01:13","slug":"planul-proiectului","status":"publish","type":"page","link":"https:\/\/www.cs.ubbcluj.ro\/quadeep\/ro\/planul-proiectului\/","title":{"rendered":"Planul Proiectului"},"content":{"rendered":"\n<p>Planul de lucru este \u00eemp\u0103r\u021bit \u00een cinci pachete de lucru cu dependen\u021be \u0219i interac\u021biuni preconizate \u00eentre ele, urm\u00e2nd etapele obi\u0219nuite necesare pentru atingerea obiectivelor proiectului.<\/p>\n\n\n\n<h3 class=\"has-background\" style=\"background-color:#f0f0f0\"><strong>WP1<\/strong>\u00a0Determinarea unei taxonomii\u00a0a tipurilor de defecte \u0219i preg\u0103tirea studiilor de caz pentru predic\u021bia defectelor software<\/h3>\n\n\n\n<ul><li><strong>T1.1<\/strong> &#8211; Studiul literaturii \u00een sensul identific\u0103rii\u00a0taxonomiilor\u00a0de tipuri de defecte existente\u00a0\u0219i abord\u0103rile curente pentru analiza lor<\/li><li><strong>T1.2<\/strong> &#8211; Determinarea\u00a0unei\u00a0taxonomii\u00a0a tipurilor de defecte folosind \u00eenv\u0103\u021barea nesupervizat\u0103 aplicat\u0103 pe seturi de date open-source\/sisteme software<\/li><li><strong>T1.3<\/strong> &#8211; Efectuarea\u00a0unei\u00a0analize\u00a0a calit\u0103\u021bii software-ului pe sistemele identificate la T1.2<\/li><li><strong>T1.4<\/strong> &#8211; Preg\u0103tirea unor\u00a0studii de caz adecvate care vor fi utilizate pentru predic\u021bia defectelor, \u00een conformitate cu taxonomia stabilit\u0103<\/li><\/ul>\n\n\n\n<h3 class=\"has-background\" style=\"background-color:#f0f0f0\"><strong>WP2<\/strong> Stabilirea\u00a0metodelor\u00a0pentru \u00eenv\u0103\u021barea automat\u0103\u00a0a caracteristicilor \u00een predic\u021bia defectelor software<\/h3>\n\n\n\n<ul><li><strong>T2.1 <\/strong>&#8211; Studiul literaturii privind metodele existente pentru \u00eenv\u0103\u021barea automat\u0103 a caracteristicilor, \u0219i caracteristici bazate pe cuplare \u0219i coeziune pentru predic\u021bia defectelor software<\/li><li><strong>T2.2<\/strong> &#8211; Dezvoltarea metodelor de \u00eenv\u0103\u021bare profund\u0103 pentru \u00eenv\u0103\u021barea caracteristicilor semantice din artefacte software<\/li><li><strong>T2.3<\/strong> &#8211; Evaluare  experimental\u0103 \u0219i analiz\u0103 a performan\u021bei caracteristicilor \u00eenv\u0103\u021bate<\/li><li><strong>T2.4<\/strong> &#8211; Definirea unor metrici\u00a0software bazate pe\u00a0cuplare \u0219i coeziune pentru predic\u021bia defectelor software<\/li><li><strong>T2.5<\/strong> &#8211; Evaluare experimental\u0103 \u0219i analiz\u0103 a metricilor software bazate pe cuplare \u0219i coeziune<\/li><\/ul>\n\n\n\n<h3 class=\"has-background\" style=\"background-color:#f0f0f0\"><strong>WP3<\/strong> Dezvoltarea de\u00a0noi algoritmi de \u00eenv\u0103\u021bare profund\u0103 pentru predic\u021bia defectelor software<\/h3>\n\n\n\n<ul><li><strong>T3.1 <\/strong>&#8211; Studiul literaturii pentru identificarea solu\u021biilor actuale bazate pe \u00eenv\u0103\u021bare automat\u0103 pentru predic\u021bia defectelor software<\/li><li><strong>T3.2<\/strong> &#8211; Elaborarea\u00a0abord\u0103rilor\u00a0de clasificare\u00a0bazate pe\u00a0o clas\u0103 pentru predic\u021bia defectelor<\/li><li><strong>T3.3<\/strong> &#8211; Elaborarea\u00a0abord\u0103rilor\u00a0de tip one-shot learning pentru predic\u021bia defectelor<\/li><li><strong>T3.4<\/strong> &#8211; Evaluarea performan\u021bei tehnicilor de \u00eenv\u0103\u021bare profund\u0103 dezvoltate \u0219i analiza comparativ\u0103 a acestora cu abord\u0103ri existente<\/li><\/ul>\n\n\n\n<h3 class=\"has-background\" style=\"background-color:#f0f0f0\"><strong>WP4<\/strong> Dezvoltarea QuaDeeP<\/h3>\n\n\n\n<ul><li><strong>T4.1<\/strong> &#8211; Proiectarea\u00a0sistemului\u00a0QuaDeeP utiliz\u00e2nd un proces incremental de dezvoltare<\/li><li><strong>T4.2<\/strong> &#8211; Dezvoltarea func\u021bionalit\u0103\u021bii de predic\u021bie a defectelor<\/li><li><strong>T4.3<\/strong> &#8211; Testarea \u0219i validarea final\u0103 a prototipului QuaDeeP<\/li><\/ul>\n\n\n\n<h3 class=\"has-background\" style=\"background-color:#f0f0f0\"><strong>WP5<\/strong> Managementul proiectului<\/h3>\n\n\n\n<ul><li><strong>T5.1<\/strong> &#8211; Coordonarea proiectului<\/li><li><strong>T5.2<\/strong> &#8211; Diseminare<\/li><\/ul>\n\n\n\n<p><\/p>\n","protected":false},"excerpt":{"rendered":"<p>Planul de lucru este \u00eemp\u0103r\u021bit \u00een cinci pachete de lucru cu dependen\u021be \u0219i interac\u021biuni preconizate \u00eentre ele, urm\u00e2nd etapele obi\u0219nuite&hellip; <\/p>\n","protected":false},"author":1,"featured_media":0,"parent":0,"menu_order":0,"comment_status":"closed","ping_status":"closed","template":"","meta":[],"_links":{"self":[{"href":"https:\/\/www.cs.ubbcluj.ro\/quadeep\/wp-json\/wp\/v2\/pages\/101"}],"collection":[{"href":"https:\/\/www.cs.ubbcluj.ro\/quadeep\/wp-json\/wp\/v2\/pages"}],"about":[{"href":"https:\/\/www.cs.ubbcluj.ro\/quadeep\/wp-json\/wp\/v2\/types\/page"}],"author":[{"embeddable":true,"href":"https:\/\/www.cs.ubbcluj.ro\/quadeep\/wp-json\/wp\/v2\/users\/1"}],"replies":[{"embeddable":true,"href":"https:\/\/www.cs.ubbcluj.ro\/quadeep\/wp-json\/wp\/v2\/comments?post=101"}],"version-history":[{"count":2,"href":"https:\/\/www.cs.ubbcluj.ro\/quadeep\/wp-json\/wp\/v2\/pages\/101\/revisions"}],"predecessor-version":[{"id":134,"href":"https:\/\/www.cs.ubbcluj.ro\/quadeep\/wp-json\/wp\/v2\/pages\/101\/revisions\/134"}],"wp:attachment":[{"href":"https:\/\/www.cs.ubbcluj.ro\/quadeep\/wp-json\/wp\/v2\/media?parent=101"}],"curies":[{"name":"wp","href":"https:\/\/api.w.org\/{rel}","templated":true}]}}