{"id":23,"date":"2021-03-09T07:15:02","date_gmt":"2021-03-09T07:15:02","guid":{"rendered":"https:\/\/www.cs.ubbcluj.ro\/hlpp2023\/?page_id=23"},"modified":"2023-06-28T19:35:16","modified_gmt":"2023-06-28T17:35:16","slug":"organization","status":"publish","type":"page","link":"https:\/\/www.cs.ubbcluj.ro\/hlpp2023\/organization\/","title":{"rendered":"Organization"},"content":{"rendered":"<h3 id=\"chairs\">Chairs<\/h3>\n<ul>\n<li><a href=\"https:\/\/www.cs.ubbcluj.ro\/~vniculescu\/\" target=\"_blank\" rel=\"noopener\">Virginia Niculescu<\/a>, Babe\u0219-Bolyai University of Cluj-Napoca, Romania<\/li>\n<li><a href=\"https:\/\/www.cs.ubbcluj.ro\/~forest\/\" target=\"_blank\" rel=\"noopener\">Adrian Sterca<\/a>, Babe\u0219-Bolyai University of Cluj-Napoca, Romania<\/li>\n<li><a href=\"https:\/\/www.cs.ubbcluj.ro\/~bufny\/\" target=\"_blank\" rel=\"noopener\">Darius Bufnea<\/a>, Babe\u0219-Bolyai University of Cluj-Napoca, Romania<\/li>\n<\/ul>\n<h3 id=\"program-committee-members\">Program Committee Members<\/h3>\n<ul>\n<li>Miguel Areias, University of Porto<\/li>\n<li>Jost Berthold, Runtime-Verification<\/li>\n<li>Murray Cole, The University of Edinburgh<\/li>\n<li>Iacopo Colonnelli, University of Torino<\/li>\n<li>Fr\u00e9d\u00e9ric Dabrowski, LIFO &#8211; Universit\u00e9 d&#8217;Orl\u00e9ans<\/li>\n<li>Marco Danelutto, Dept. Computer Science &#8211; Univ. Pisa &#8211; Italy<\/li>\n<li>In\u00eas Dutra, University of Porto<\/li>\n<li>Jose Daniel Garcia, University Carlos III of Madrid<\/li>\n<li>Fr\u00e9d\u00e9ric Gava, University of Paris-East<\/li>\n<li>Alex Gerbessiotis, NJIT<\/li>\n<li>Sergei Gorlatch, University of Muenster<\/li>\n<li>Clemens Grelck, University of Amsterdam<\/li>\n<li>Dalvan Griebler, PUCRS\/SETREM<\/li>\n<li>Ga\u00e9tan Hains, University of Paris-Est<\/li>\n<li>Christoph Kessler, Link\u00f6ping University<\/li>\n<li>Peter Kilpatrick, Queen&#8217;s University Belfast<\/li>\n<li>Herbert Kuchen, University of Muenster<\/li>\n<li>Kiminori Matsuzaki, Kochi University of Technology<\/li>\n<li>Gianluca Mittone, University of Torino<\/li>\n<li>Virginia Niculescu, Babes-Bolyai University<\/li>\n<li>Dana Petcu, West University of Timisoara<\/li>\n<li>Aleksandar Prokopec, Ecole Polytechnique F\u00e9d\u00e9rale de Lausanne<\/li>\n<li>Kostis Sagonas, Uppsala University<\/li>\n<li>Massimo Torquati, University of Pisa<\/li>\n<li>Jesper-Larsson Tr\u00e4ff, TU Wien Informatics<\/li>\n<li>Ana Lucia Varbanescu, University of Amsterdam<\/li>\n<\/ul>\n<h3 id=\"program-committee-members\">Steering Committee<\/h3>\n<ul>\n<li>Ga\u00e9tan Hains (Universit\u00e9 Paris-Est Cr\u00e9teil, France)<\/li>\n<li>Clemens Grelck (Universiteit van Amsterdam, Netherlands)<\/li>\n<li>Kiminori Matsuzaki (Kochi University of Technology, Japan)<\/li>\n<li>Christoph W. Kessler (Link\u00f6ping University, Sweden)<\/li>\n<li>Herbert Kuchen (University of M\u00fcnster, Germany)<\/li>\n<li>Marco Danelutto (University of Pisa, Italy)<\/li>\n<li>Ines Dutra (University of Porto, Portugal)<\/li>\n<li>Arturo Gonzalez-Escribano (Universidad de Valladolid, Spain)<\/li>\n<li>Fr\u00e9d\u00e9ric Dabrowski (Universit\u00e9 d&#8217;Orl\u00e9ans, France)<\/li>\n<li>Virginia Niculescu (Babe\u0219-Bolyai University, Romania)<\/li>\n<\/ul>\n<h3>Local Organization Committee<\/h3>\n<ul>\n<li>Alexandru Kiraly<\/li>\n<li>Alexandrina Col\u021b<\/li>\n<li>Claudia Coste<\/li>\n<\/ul>\n","protected":false},"excerpt":{"rendered":"<p>Chairs Virginia Niculescu, Babe\u0219-Bolyai University of Cluj-Napoca, Romania Adrian Sterca, Babe\u0219-Bolyai University of Cluj-Napoca, Romania Darius Bufnea, Babe\u0219-Bolyai University of Cluj-Napoca, Romania Program Committee Members&#8230;<\/p>\n","protected":false},"author":1,"featured_media":0,"parent":0,"menu_order":0,"comment_status":"closed","ping_status":"closed","template":"page-template-fullwidth.php","meta":{"_links_to":"","_links_to_target":""},"_links":{"self":[{"href":"https:\/\/www.cs.ubbcluj.ro\/hlpp2023\/wp-json\/wp\/v2\/pages\/23"}],"collection":[{"href":"https:\/\/www.cs.ubbcluj.ro\/hlpp2023\/wp-json\/wp\/v2\/pages"}],"about":[{"href":"https:\/\/www.cs.ubbcluj.ro\/hlpp2023\/wp-json\/wp\/v2\/types\/page"}],"author":[{"embeddable":true,"href":"https:\/\/www.cs.ubbcluj.ro\/hlpp2023\/wp-json\/wp\/v2\/users\/1"}],"replies":[{"embeddable":true,"href":"https:\/\/www.cs.ubbcluj.ro\/hlpp2023\/wp-json\/wp\/v2\/comments?post=23"}],"version-history":[{"count":18,"href":"https:\/\/www.cs.ubbcluj.ro\/hlpp2023\/wp-json\/wp\/v2\/pages\/23\/revisions"}],"predecessor-version":[{"id":483,"href":"https:\/\/www.cs.ubbcluj.ro\/hlpp2023\/wp-json\/wp\/v2\/pages\/23\/revisions\/483"}],"wp:attachment":[{"href":"https:\/\/www.cs.ubbcluj.ro\/hlpp2023\/wp-json\/wp\/v2\/media?parent=23"}],"curies":[{"name":"wp","href":"https:\/\/api.w.org\/{rel}","templated":true}]}}