{"id":122,"date":"2021-06-22T14:36:55","date_gmt":"2021-06-22T12:36:55","guid":{"rendered":"https:\/\/www.cs.ubbcluj.ro\/hlpp2023\/?page_id=122"},"modified":"2023-06-28T23:17:59","modified_gmt":"2023-06-28T21:17:59","slug":"program","status":"publish","type":"page","link":"https:\/\/www.cs.ubbcluj.ro\/hlpp2023\/program\/","title":{"rendered":"Program"},"content":{"rendered":"<p><strong>29 June 2023<\/strong><\/p>\n<ul>\n<li>technical presentations<\/li>\n<li>city tour<\/li>\n<li>conference dinner<\/li>\n<\/ul>\n<p><strong>30 June 2023<\/strong><\/p>\n<ul>\n<li>first-half of the day: technical presentations;<\/li>\n<li>second half of the day: trip to <a href=\"https:\/\/www.salinaturda.eu\/en\/\" target=\"_blank\" rel=\"noopener nofollow\">Turda Salt Mine<\/a> and dinner to <a href=\"https:\/\/www.huntercastle.ro\/en\/\" target=\"_blank\" rel=\"noopener nofollow\">Hunter Prince Castle<\/a>.<\/li>\n<\/ul>\n<h2 style=\"margin-top: 1em;\">Invited Keynotes<\/h2>\n<h3>Dana Petcu, West University of Timi\u0219oara, Romania<\/h3>\n<h4><a href=\"https:\/\/www.cs.ubbcluj.ro\/hlpp2023\/wp-content\/uploads\/Dana-Petcu-HLPP-2023-keynote-abstract.pdf\" target=\"_blank\" rel=\"noopener\">Extreme Data Processing in Exascale Systems<\/a><\/h4>\n<p align=\"justify\"><strong>Abstract.<\/strong> Extreme data refers to massive amounts of data that must be queried, communicated and analyzed in near real-time. Analyzing massive scientific data gathered in each second, mining huge sets of images in crisis management, or dealing with millions of social data posts for are few examples. Processing them on exascale systems requires new programming models. Data-aware basic operations for data-intensive applications supporting the scale use of a massive number of processing elements were introduced recently (a bird-view of these proposals will be presented in the talk). As follow ups, solutions for anomaly and event detections and monitoring in data processing were proposed (a focused view of these proposals will be provided in the talk). However, moving part of the data (pre-)processing out of the exascale system towards the edge of the network is another solution and techniques like transprecision computation or machine learning to adapt to the device capabilities are able to reduce the load for the exascale system.<\/p>\n<p><img decoding=\"async\" style=\"border: none; vertical-align: text-bottom;\" src=\"https:\/\/www.cs.ubbcluj.ro\/wp-content\/themes\/CSUBB\/images\/pdf.png\" alt=\"\" \/> <a href=\"https:\/\/www.cs.ubbcluj.ro\/hlpp2023\/wp-content\/uploads\/Dana-Petcu-HLPP-2023-keynote-abstract.pdf\" target=\"_blank\" rel=\"noopener\">Extreme Data Processing in Exascale Systems &#8211; extended abstract, pdf version<\/a><\/p>\n<h2 style=\"margin-top: 1em;\">Zoom link for virtual participants<\/h2>\n<p>All the conference sessions will be streamed live on Zoom on the following link (available from June 29<sup>th<\/sup>, 9a.m., Romanian time): <a href=\"https:\/\/zoom.us\/j\/94294950372?pwd=Zjd1eWNIZnhjaE1CbTZJWnEyeVJIUT09\" target=\"_blank\" rel=\"noopener\">https:\/\/zoom.us\/j\/94294950372?pwd=Zjd1eWNIZnhjaE1CbTZJWnEyeVJIUT09<\/a><\/p>\n<h2 style=\"margin-top: 1em;\">HLPP 2023 Proceedings<\/h2>\n<p><img decoding=\"async\" style=\"border: none; vertical-align: text-bottom;\" src=\"https:\/\/www.cs.ubbcluj.ro\/wp-content\/themes\/CSUBB\/images\/pdf.png\" alt=\"\"> The draft proceedings of the HLPP 2023 Symposium is available for download <a href=\"https:\/\/www.cs.ubbcluj.ro\/hlpp2023\/wp-content\/uploads\/HLPP 2023 Proceedings.pdf\" rel=\"noopener\" target=\"_blank\">here<\/a>.<\/p>\n<h2 style=\"margin-top: 1em;\">Programme of the conference<\/h2>\n<p>The main conference room is the Tiberiu Popoviciu amphitheater located on the 1<sup>st<\/sup> floor of the main building of the <a href=\"https:\/\/www.google.com\/maps\/search\/Babe%C8%99-Bolyai+University\/@46.7674904,23.590258,17.46z?entry=ttu\" target=\"_blank\" rel=\"noopener\">Babe\u0219-Bolyai University, <em>Mihail Kogalniceanu Street<\/em>, no 1<\/a>. The room is located just across from the Faculty of Mathematics and Computer Science Dean\u2019s office.<\/p>\n<table>\n<tbody>\n<tr>\n<th colspan=\"2\">29.06.2023<\/th>\n<\/tr>\n<tr>\n<td>09:00-09:30<\/td>\n<td>Registration<\/td>\n<\/tr>\n<tr>\n<th colspan=\"2\">Opening Session &#8211; Chair Virginia Niculescu<\/th>\n<\/tr>\n<tr>\n<td>09:30-09:40<\/td>\n<td>Welcome speech<\/td>\n<\/tr>\n<tr>\n<td>09:40-09:50<\/td>\n<td>HLLP 2023 program presentation<\/td>\n<\/tr>\n<tr>\n<td>09:50-10:40<\/td>\n<td>Keynote Dana Petcu: Extreme Data Processing in Exascale Systems<\/td>\n<\/tr>\n<tr>\n<td>10:40-11:00<\/td>\n<td>Coffee break<\/td>\n<\/tr>\n<tr>\n<th colspan=\"2\">Session I &#8211; Chair Ga\u00e9tan Hains<\/th>\n<\/tr>\n<tr>\n<td>11:00-11:40<\/td>\n<td>Fabian Knorr, Philip Salzmann, Peter Thoman and Thomas Fahringer:<br \/>\nAutomatic Discovery of Collective Communication Patterns in Parallelized Task Graphs<\/td>\n<\/tr>\n<tr>\n<td>11:40-12:20<\/td>\n<td>Bj\u00f6rn Birath, August Ernstsson, John Tinnerholm and Christoph Kessler:<br \/>\nHigh-Level Programming of FPGA-Accelerated Systems with Parallel Patterns<\/td>\n<\/tr>\n<tr>\n<td>12:20-13:30<\/td>\n<td>Lunch Piramida restaurant<\/td>\n<\/tr>\n<tr>\n<th colspan=\"2\">Session II &#8211; Chair Dana Petcu<\/th>\n<\/tr>\n<tr>\n<td>13:30-14:10<\/td>\n<td>August Ernstsson, Sehrish Qummar, Christoph Kessler and Oleg Sysoev:<br \/>\nA Single-source Algorithmic Skeleton Programming Framework for Deep Learning on Heterogeneous Parallel Systems<\/td>\n<\/tr>\n<tr>\n<td>14:10-14:50<\/td>\n<td>Nicol\u00f2 Tonci, S\u00e9bastien Rivault, Mostafa Bamha, S\u00e9bastien Limet, Sophie Robert and Massimo Torquati:<br \/>\nLSH SimilarityJoin pattern in FastFlow<\/td>\n<\/tr>\n<tr>\n<td>14:50-15:10<\/td>\n<td>Coffee break<\/td>\n<\/tr>\n<tr>\n<td>15:10-15:50<\/td>\n<td>Nina Herrmann, Justus Dieckmann and Herbert Kuchen:<br \/>\nOptimizing Three-Dimensional Stencil Operations on Heterogeneous Computing Environments<\/td>\n<\/tr>\n<tr>\n<td>15:50-16:30<\/td>\n<td>SC meeting<\/td>\n<\/tr>\n<tr>\n<td><\/td>\n<td><\/td>\n<\/tr>\n<tr>\n<td>16:45-18:45<\/td>\n<td>Cluj-Napoca City Guided Tour.<br \/>\nHost: prof. Andrei M\u0103rcu\u0219, Head of Department of Mathematics, Babe\u0219-Bolyai University<br \/>\nMeeting point: main conference room<\/td>\n<\/tr>\n<tr>\n<td><\/td>\n<td><\/td>\n<\/tr>\n<tr>\n<td>19:00-22:00<\/td>\n<td>Conference dinner &#8211; Panoramic restaurant<\/td>\n<\/tr>\n<\/tbody>\n<\/table>\n<table>\n<tbody>\n<tr>\n<th colspan=\"2\">30.06.2023<\/th>\n<\/tr>\n<tr>\n<td>9:00-9:30<\/td>\n<td>Registration<\/td>\n<\/tr>\n<tr>\n<th colspan=\"2\">Session III &#8211; Chair Massimo Torquati<\/th>\n<\/tr>\n<tr>\n<td>9:30-10:10<\/td>\n<td>Pedro Moreno, Miguel Areias, Ricardo Rocha and V\u00edtor Santos Costa:<br \/>\nOn the Implementation of a Lock-Free Atom Table in a Prolog System<\/td>\n<\/tr>\n<tr>\n<td>10:10-10:50<\/td>\n<td>Hector Buffiere, Pierre Leca and Chong Li:<br \/>\nAccelerating DNN Communications by Hierarchical Resharding<\/td>\n<\/tr>\n<tr>\n<td>10:50-11:10<\/td>\n<td>Coffee break<\/td>\n<\/tr>\n<tr>\n<td>11:10-11:30<\/td>\n<td>Lenore Mullin\/Gaetan Hains:<br \/>\nFrom array algebra to energy efficiency on GPUs<\/td>\n<\/tr>\n<tr>\n<td>12:00-12:20<\/td>\n<td>Closing, HLPP 2024 presentation<\/td>\n<\/tr>\n<tr>\n<td>12:20-14:00<\/td>\n<td>Lunch Piramida restaurant<\/td>\n<\/tr>\n<tr>\n<td>14:00-20:00<\/td>\n<td>Trip to Turda Salt Mine and dinner at The Hunter Prince Castle restaurant<\/td>\n<\/tr>\n<\/tbody>\n<\/table>\n","protected":false},"excerpt":{"rendered":"<p>29 June 2023 technical presentations city tour conference dinner 30 June 2023 first-half of the day: technical presentations; second half of the day: trip to&#8230;<\/p>\n","protected":false},"author":2,"featured_media":0,"parent":0,"menu_order":0,"comment_status":"closed","ping_status":"closed","template":"page-template-fullwidth.php","meta":{"_links_to":"","_links_to_target":""},"_links":{"self":[{"href":"https:\/\/www.cs.ubbcluj.ro\/hlpp2023\/wp-json\/wp\/v2\/pages\/122"}],"collection":[{"href":"https:\/\/www.cs.ubbcluj.ro\/hlpp2023\/wp-json\/wp\/v2\/pages"}],"about":[{"href":"https:\/\/www.cs.ubbcluj.ro\/hlpp2023\/wp-json\/wp\/v2\/types\/page"}],"author":[{"embeddable":true,"href":"https:\/\/www.cs.ubbcluj.ro\/hlpp2023\/wp-json\/wp\/v2\/users\/2"}],"replies":[{"embeddable":true,"href":"https:\/\/www.cs.ubbcluj.ro\/hlpp2023\/wp-json\/wp\/v2\/comments?post=122"}],"version-history":[{"count":157,"href":"https:\/\/www.cs.ubbcluj.ro\/hlpp2023\/wp-json\/wp\/v2\/pages\/122\/revisions"}],"predecessor-version":[{"id":492,"href":"https:\/\/www.cs.ubbcluj.ro\/hlpp2023\/wp-json\/wp\/v2\/pages\/122\/revisions\/492"}],"wp:attachment":[{"href":"https:\/\/www.cs.ubbcluj.ro\/hlpp2023\/wp-json\/wp\/v2\/media?parent=122"}],"curies":[{"name":"wp","href":"https:\/\/api.w.org\/{rel}","templated":true}]}}