{"id":20,"date":"2020-05-09T17:16:31","date_gmt":"2020-05-09T17:16:31","guid":{"rendered":"http:\/\/www.cs.ubbcluj.ro\/from2020\/?page_id=20"},"modified":"2020-07-02T14:26:05","modified_gmt":"2020-07-02T14:26:05","slug":"committees","status":"publish","type":"page","link":"https:\/\/www.cs.ubbcluj.ro\/from2020\/committees\/","title":{"rendered":"Program Committees"},"content":{"rendered":"\n<hr class=\"wp-block-separator has-text-color has-background has-vivid-red-background-color has-vivid-red-color\"\/>\n\n\n\n<ul><li>Zalan Bodo (Babe\u0219-Bolyai University, Romania )<\/li><li>Xin Chen (Nanjing University, China)<\/li><li>Christine Choppy (Universit\u00e9 Paris Nord, France) <\/li><li>\u0218tefan Ciobaca (Alexandru Ioan Cuza University of Ia\u0219i, Romania)<\/li><li>Florin Cr\u0103ciun (Babe\u0219-Bolyai University, Romania, <strong>co-chair<\/strong>)<\/li><li>Septimiu Crivei (Babe\u0219-Bolyai University, Romania)<\/li><li>Mengda He (Teesside University, UK)<\/li><li>Zolt\u00e1n Horv\u00e1th (E\u00f6tv\u00f6s Lor\u00e1nd University, Hungary)<\/li><li>Yanhong Huang (East China Normal University, China)<\/li><li>Mehdi Jazayeri (University of Lugano, Switzerland)<\/li><li>Alexandra Jimborean (Uppsala University, Sweden)<\/li><li>Temur Kutsia (Johannes Kepler University Linz, Austria)<\/li><li>Ton Chanh Le (Stevens Institute of Technology, US)<\/li><li>Lauren\u021biu Leu\u0219tean (University of Bucharest, Romania)<\/li><li> Yi Li (Nanyang Technological University)  <\/li><li> David Lo ( Singapore Management University, Singapore ) <\/li><li>Dorel Lucanu (Alexandru Ioan Cuza University of Ia\u0219i, Romania)<\/li><li>Mircea Marin (West University of Timi\u0219oara, Romania)<\/li><li>Victor Mitrana (University of Bucharest, Romania)<\/li><li>Simona Motogna (Babe\u0219-Bolyai University, Romania, <strong>co-chair<\/strong>)<\/li><li>Chunyan Mu (Teesside University, United Kingdom)<\/li><li>Iulian Ober (Universit\u00e9  Paul Sabatier, France)<\/li><li>P\u00e9ter Csaba Olveczky (University of Oslo, Norway)<\/li><li>Ion Petre (University of Turku, Finland)<\/li><li>Shengchao Qin (Teesside University, United Kingdom, <strong>co-chair<\/strong>)<\/li><li>Vlad Rusu (INRIA, France)<\/li><li>Christian Sacarea (Babe\u0219-Bolyai University, Romania)  <\/li><li>Iulian Simion  (Babe\u0219-Bolyai University, Romania) <\/li><li>Viorica Sofronie-Stokkermans (University Koblenz-Landau, Germany)<\/li><li>Anna Soos (Babes-Bolyai University, Romania)<\/li><li>Gheorghe \u0218tef\u0103nescu (University of Bucharest, Romania)<\/li><li>Alin \u0218tef\u0103nescu (University of Bucharest, Romania)<\/li><li>Sorin Stratulat (Universite de Lorraine, France)<\/li><li>Zhiwu Xu (Shenzhen University, China)<\/li><li>Keming Wang (Southwest Jiaotong University, China)<\/li><li>Meng Wang (Bristol University, United Kingdom)<\/li><li>Hengjun Zhao (Southwest University, China)<\/li><li>Huibiao\u00a0Zhu (East China Normal University, China) <\/li><\/ul>\n","protected":false},"excerpt":{"rendered":"<p>Zalan Bodo (Babe\u0219-Bolyai University, Romania ) Xin Chen (Nanjing University, China) Christine Choppy (Universit\u00e9 Paris Nord, France) \u0218tefan Ciobaca (Alexandru&hellip; <\/p>\n","protected":false},"author":1,"featured_media":0,"parent":0,"menu_order":0,"comment_status":"closed","ping_status":"closed","template":"","meta":[],"_links":{"self":[{"href":"https:\/\/www.cs.ubbcluj.ro\/from2020\/wp-json\/wp\/v2\/pages\/20"}],"collection":[{"href":"https:\/\/www.cs.ubbcluj.ro\/from2020\/wp-json\/wp\/v2\/pages"}],"about":[{"href":"https:\/\/www.cs.ubbcluj.ro\/from2020\/wp-json\/wp\/v2\/types\/page"}],"author":[{"embeddable":true,"href":"https:\/\/www.cs.ubbcluj.ro\/from2020\/wp-json\/wp\/v2\/users\/1"}],"replies":[{"embeddable":true,"href":"https:\/\/www.cs.ubbcluj.ro\/from2020\/wp-json\/wp\/v2\/comments?post=20"}],"version-history":[{"count":38,"href":"https:\/\/www.cs.ubbcluj.ro\/from2020\/wp-json\/wp\/v2\/pages\/20\/revisions"}],"predecessor-version":[{"id":386,"href":"https:\/\/www.cs.ubbcluj.ro\/from2020\/wp-json\/wp\/v2\/pages\/20\/revisions\/386"}],"wp:attachment":[{"href":"https:\/\/www.cs.ubbcluj.ro\/from2020\/wp-json\/wp\/v2\/media?parent=20"}],"curies":[{"name":"wp","href":"https:\/\/api.w.org\/{rel}","templated":true}]}}